{"id":794,"date":"2017-03-18T18:16:07","date_gmt":"2017-03-18T23:16:07","guid":{"rendered":"https:\/\/enjoymiamibeach.com\/espanol\/?page_id=794"},"modified":"2019-12-27T10:40:35","modified_gmt":"2019-12-27T15:40:35","slug":"restaurants","status":"publish","type":"page","link":"https:\/\/enjoymiamibeach.com\/espanol\/restaurants\/","title":{"rendered":"Restaurantes"},"content":{"rendered":"<p><a href=\"http:\/\/www.kqzyfj.com\/click-8368810-10867459?url=https%3A%2F%2Fwww.yelp.com%2Fsearch%3Ffind_desc%3DRestaurants%26find_loc%3D33139\" target=\"_blank\" rel=\"noopener noreferrer\">Estos son los restaurantes de South Beach con mejores rese\u00f1as en Yelp<\/a><\/p>\n<p>*** Recomendaciones m\u00e1s detalladas pr\u00f3ximamente ***<\/p>\n","protected":false},"excerpt":{"rendered":"<p>Estos son los restaurantes de South Beach con mejores rese\u00f1as en Yelp *** Recomendaciones m\u00e1s detalladas pr\u00f3ximamente ***<\/p>\n","protected":false},"author":1,"featured_media":0,"parent":0,"menu_order":0,"comment_status":"closed","ping_status":"closed","template":"","meta":[],"yoast_head":"<!-- This site is optimized with the Yoast SEO plugin v18.8 - https:\/\/yoast.com\/wordpress\/plugins\/seo\/ -->\n<title>Restaurantes - ENJOY MIAMI BEACH<\/title>\n<meta name=\"robots\" content=\"index, follow, max-snippet:-1, max-image-preview:large, max-video-preview:-1\" \/>\n<link rel=\"canonical\" href=\"https:\/\/enjoymiamibeach.com\/espanol\/restaurants\/\" \/>\n<meta property=\"og:locale\" content=\"es_ES\" \/>\n<meta property=\"og:type\" content=\"article\" \/>\n<meta property=\"og:title\" content=\"Restaurantes - ENJOY MIAMI BEACH\" \/>\n<meta property=\"og:description\" content=\"Estos son los restaurantes de South Beach con mejores rese\u00f1as en Yelp *** Recomendaciones m\u00e1s detalladas pr\u00f3ximamente ***\" \/>\n<meta property=\"og:url\" content=\"https:\/\/enjoymiamibeach.com\/espanol\/restaurants\/\" \/>\n<meta property=\"og:site_name\" content=\"ENJOY MIAMI BEACH\" \/>\n<meta property=\"article:modified_time\" content=\"2019-12-27T15:40:35+00:00\" \/>\n<meta name=\"twitter:card\" content=\"summary\" \/>\n<script type=\"application\/ld+json\" class=\"yoast-schema-graph\">{\"@context\":\"https:\/\/schema.org\",\"@graph\":[{\"@type\":\"WebSite\",\"@id\":\"https:\/\/enjoymiamibeach.com\/espanol\/#website\",\"url\":\"https:\/\/enjoymiamibeach.com\/espanol\/\",\"name\":\"ENJOY MIAMI BEACH\",\"description\":\"Miami Beach informaci\u00f3n para el turista - precios de taxi - Ocean DR - Lincoln RD\",\"potentialAction\":[{\"@type\":\"SearchAction\",\"target\":{\"@type\":\"EntryPoint\",\"urlTemplate\":\"https:\/\/enjoymiamibeach.com\/espanol\/?s={search_term_string}\"},\"query-input\":\"required name=search_term_string\"}],\"inLanguage\":\"es\"},{\"@type\":\"WebPage\",\"@id\":\"https:\/\/enjoymiamibeach.com\/espanol\/restaurants\/#webpage\",\"url\":\"https:\/\/enjoymiamibeach.com\/espanol\/restaurants\/\",\"name\":\"Restaurantes - ENJOY MIAMI BEACH\",\"isPartOf\":{\"@id\":\"https:\/\/enjoymiamibeach.com\/espanol\/#website\"},\"datePublished\":\"2017-03-18T23:16:07+00:00\",\"dateModified\":\"2019-12-27T15:40:35+00:00\",\"breadcrumb\":{\"@id\":\"https:\/\/enjoymiamibeach.com\/espanol\/restaurants\/#breadcrumb\"},\"inLanguage\":\"es\",\"potentialAction\":[{\"@type\":\"ReadAction\",\"target\":[\"https:\/\/enjoymiamibeach.com\/espanol\/restaurants\/\"]}]},{\"@type\":\"BreadcrumbList\",\"@id\":\"https:\/\/enjoymiamibeach.com\/espanol\/restaurants\/#breadcrumb\",\"itemListElement\":[{\"@type\":\"ListItem\",\"position\":1,\"name\":\"Home\",\"item\":\"https:\/\/enjoymiamibeach.com\/espanol\/\"},{\"@type\":\"ListItem\",\"position\":2,\"name\":\"Restaurantes\"}]}]}<\/script>\n<!-- \/ Yoast SEO plugin. -->","yoast_head_json":{"title":"Restaurantes - ENJOY MIAMI BEACH","robots":{"index":"index","follow":"follow","max-snippet":"max-snippet:-1","max-image-preview":"max-image-preview:large","max-video-preview":"max-video-preview:-1"},"canonical":"https:\/\/enjoymiamibeach.com\/espanol\/restaurants\/","og_locale":"es_ES","og_type":"article","og_title":"Restaurantes - ENJOY MIAMI BEACH","og_description":"Estos son los restaurantes de South Beach con mejores rese\u00f1as en Yelp *** Recomendaciones m\u00e1s detalladas pr\u00f3ximamente ***","og_url":"https:\/\/enjoymiamibeach.com\/espanol\/restaurants\/","og_site_name":"ENJOY MIAMI BEACH","article_modified_time":"2019-12-27T15:40:35+00:00","twitter_card":"summary","schema":{"@context":"https:\/\/schema.org","@graph":[{"@type":"WebSite","@id":"https:\/\/enjoymiamibeach.com\/espanol\/#website","url":"https:\/\/enjoymiamibeach.com\/espanol\/","name":"ENJOY MIAMI BEACH","description":"Miami Beach informaci\u00f3n para el turista - precios de taxi - Ocean DR - Lincoln RD","potentialAction":[{"@type":"SearchAction","target":{"@type":"EntryPoint","urlTemplate":"https:\/\/enjoymiamibeach.com\/espanol\/?s={search_term_string}"},"query-input":"required name=search_term_string"}],"inLanguage":"es"},{"@type":"WebPage","@id":"https:\/\/enjoymiamibeach.com\/espanol\/restaurants\/#webpage","url":"https:\/\/enjoymiamibeach.com\/espanol\/restaurants\/","name":"Restaurantes - ENJOY MIAMI BEACH","isPartOf":{"@id":"https:\/\/enjoymiamibeach.com\/espanol\/#website"},"datePublished":"2017-03-18T23:16:07+00:00","dateModified":"2019-12-27T15:40:35+00:00","breadcrumb":{"@id":"https:\/\/enjoymiamibeach.com\/espanol\/restaurants\/#breadcrumb"},"inLanguage":"es","potentialAction":[{"@type":"ReadAction","target":["https:\/\/enjoymiamibeach.com\/espanol\/restaurants\/"]}]},{"@type":"BreadcrumbList","@id":"https:\/\/enjoymiamibeach.com\/espanol\/restaurants\/#breadcrumb","itemListElement":[{"@type":"ListItem","position":1,"name":"Home","item":"https:\/\/enjoymiamibeach.com\/espanol\/"},{"@type":"ListItem","position":2,"name":"Restaurantes"}]}]}},"_links":{"self":[{"href":"https:\/\/enjoymiamibeach.com\/espanol\/wp-json\/wp\/v2\/pages\/794"}],"collection":[{"href":"https:\/\/enjoymiamibeach.com\/espanol\/wp-json\/wp\/v2\/pages"}],"about":[{"href":"https:\/\/enjoymiamibeach.com\/espanol\/wp-json\/wp\/v2\/types\/page"}],"author":[{"embeddable":true,"href":"https:\/\/enjoymiamibeach.com\/espanol\/wp-json\/wp\/v2\/users\/1"}],"replies":[{"embeddable":true,"href":"https:\/\/enjoymiamibeach.com\/espanol\/wp-json\/wp\/v2\/comments?post=794"}],"version-history":[{"count":4,"href":"https:\/\/enjoymiamibeach.com\/espanol\/wp-json\/wp\/v2\/pages\/794\/revisions"}],"predecessor-version":[{"id":1401,"href":"https:\/\/enjoymiamibeach.com\/espanol\/wp-json\/wp\/v2\/pages\/794\/revisions\/1401"}],"wp:attachment":[{"href":"https:\/\/enjoymiamibeach.com\/espanol\/wp-json\/wp\/v2\/media?parent=794"}],"curies":[{"name":"wp","href":"https:\/\/api.w.org\/{rel}","templated":true}]}}