{"id":785,"date":"2016-09-26T18:42:11","date_gmt":"2016-09-26T23:42:11","guid":{"rendered":"https:\/\/enjoymiamibeach.com\/espanol\/?page_id=785"},"modified":"2019-08-18T18:37:02","modified_gmt":"2019-08-18T23:37:02","slug":"wynwood-paseo-de-las-artes","status":"publish","type":"page","link":"https:\/\/enjoymiamibeach.com\/espanol\/activities\/wynwood-paseo-de-las-artes\/","title":{"rendered":"Wynwood &#8211; Paseo de las Artes"},"content":{"rendered":"<p>Wynwood es un vecindario en Miami que est\u00e1 creciendo a pasos agigantados y que llam\u00f3 la atenci\u00f3n de todos cuando las paredes de sus edificios se convirtieron en lienzos para artistas de todo el mundo.<\/p>\n<p>Anteriormente una zona poco interesante de dep\u00f3sitos de almacenamiento, ahora Wynwood se ha convertido en uno de los lugares m\u00e1s vibrantes de Miami.<\/p>\n<p>Si te gusta la buena comida, la cerveza artesanal, el arte callejero y un<br \/>\nambiente relajado, te encantar\u00e1 Wynwood.<\/p>\n<p style=\"text-align: center;\"><iframe loading=\"lazy\" style=\"border: 0;\" src=\"https:\/\/www.google.com\/maps\/embed?pb=!1m18!1m12!1m3!1d14368.01524484986!2d-80.20729721222295!3d25.80344833788388!2m3!1f0!2f0!3f0!3m2!1i1024!2i768!4f13.1!3m3!1m2!1s0x88d9b6ad484cd171%3A0x473f056dc3e10be9!2sWynwood%2C+Miami%2C+FL!5e0!3m2!1sen!2sus!4v1496094740770\" width=\"600\" height=\"450\" frameborder=\"0\" allowfullscreen=\"allowfullscreen\"><\/iframe><\/p>\n","protected":false},"excerpt":{"rendered":"<p>Wynwood es un vecindario en Miami que est\u00e1 creciendo a pasos agigantados y que llam\u00f3 la atenci\u00f3n de todos cuando las paredes de sus edificios se convirtieron en lienzos para artistas de todo el mundo. Anteriormente una zona poco interesante de dep\u00f3sitos de almacenamiento, ahora <a class=\"more-link\" href=\"https:\/\/enjoymiamibeach.com\/espanol\/activities\/wynwood-paseo-de-las-artes\/\">Read More &#8230;<\/a><\/p>\n","protected":false},"author":2,"featured_media":0,"parent":69,"menu_order":0,"comment_status":"closed","ping_status":"closed","template":"","meta":[],"yoast_head":"<!-- This site is optimized with the Yoast SEO plugin v18.8 - https:\/\/yoast.com\/wordpress\/plugins\/seo\/ -->\n<title>Wynwood - Paseo de las Artes - ENJOY MIAMI BEACH<\/title>\n<meta name=\"robots\" content=\"index, follow, max-snippet:-1, max-image-preview:large, max-video-preview:-1\" \/>\n<link rel=\"canonical\" href=\"https:\/\/enjoymiamibeach.com\/espanol\/activities\/wynwood-paseo-de-las-artes\/\" \/>\n<meta property=\"og:locale\" content=\"es_ES\" \/>\n<meta property=\"og:type\" content=\"article\" \/>\n<meta property=\"og:title\" content=\"Wynwood - Paseo de las Artes - ENJOY MIAMI BEACH\" \/>\n<meta property=\"og:description\" content=\"Wynwood es un vecindario en Miami que est\u00e1 creciendo a pasos agigantados y que llam\u00f3 la atenci\u00f3n de todos cuando las paredes de sus edificios se convirtieron en lienzos para artistas de todo el mundo. Anteriormente una zona poco interesante de dep\u00f3sitos de almacenamiento, ahora Read More ...\" \/>\n<meta property=\"og:url\" content=\"https:\/\/enjoymiamibeach.com\/espanol\/activities\/wynwood-paseo-de-las-artes\/\" \/>\n<meta property=\"og:site_name\" content=\"ENJOY MIAMI BEACH\" \/>\n<meta property=\"article:modified_time\" content=\"2019-08-18T23:37:02+00:00\" \/>\n<meta name=\"twitter:card\" content=\"summary\" \/>\n<script type=\"application\/ld+json\" class=\"yoast-schema-graph\">{\"@context\":\"https:\/\/schema.org\",\"@graph\":[{\"@type\":\"WebSite\",\"@id\":\"https:\/\/enjoymiamibeach.com\/espanol\/#website\",\"url\":\"https:\/\/enjoymiamibeach.com\/espanol\/\",\"name\":\"ENJOY MIAMI BEACH\",\"description\":\"Miami Beach informaci\u00f3n para el turista - precios de taxi - Ocean DR - Lincoln RD\",\"potentialAction\":[{\"@type\":\"SearchAction\",\"target\":{\"@type\":\"EntryPoint\",\"urlTemplate\":\"https:\/\/enjoymiamibeach.com\/espanol\/?s={search_term_string}\"},\"query-input\":\"required name=search_term_string\"}],\"inLanguage\":\"es\"},{\"@type\":\"WebPage\",\"@id\":\"https:\/\/enjoymiamibeach.com\/espanol\/activities\/wynwood-paseo-de-las-artes\/#webpage\",\"url\":\"https:\/\/enjoymiamibeach.com\/espanol\/activities\/wynwood-paseo-de-las-artes\/\",\"name\":\"Wynwood - Paseo de las Artes - ENJOY MIAMI BEACH\",\"isPartOf\":{\"@id\":\"https:\/\/enjoymiamibeach.com\/espanol\/#website\"},\"datePublished\":\"2016-09-26T23:42:11+00:00\",\"dateModified\":\"2019-08-18T23:37:02+00:00\",\"breadcrumb\":{\"@id\":\"https:\/\/enjoymiamibeach.com\/espanol\/activities\/wynwood-paseo-de-las-artes\/#breadcrumb\"},\"inLanguage\":\"es\",\"potentialAction\":[{\"@type\":\"ReadAction\",\"target\":[\"https:\/\/enjoymiamibeach.com\/espanol\/activities\/wynwood-paseo-de-las-artes\/\"]}]},{\"@type\":\"BreadcrumbList\",\"@id\":\"https:\/\/enjoymiamibeach.com\/espanol\/activities\/wynwood-paseo-de-las-artes\/#breadcrumb\",\"itemListElement\":[{\"@type\":\"ListItem\",\"position\":1,\"name\":\"Home\",\"item\":\"https:\/\/enjoymiamibeach.com\/espanol\/\"},{\"@type\":\"ListItem\",\"position\":2,\"name\":\"Actividades\",\"item\":\"https:\/\/enjoymiamibeach.com\/espanol\/activities\/\"},{\"@type\":\"ListItem\",\"position\":3,\"name\":\"Wynwood &#8211; Paseo de las Artes\"}]}]}<\/script>\n<!-- \/ Yoast SEO plugin. -->","yoast_head_json":{"title":"Wynwood - Paseo de las Artes - ENJOY MIAMI BEACH","robots":{"index":"index","follow":"follow","max-snippet":"max-snippet:-1","max-image-preview":"max-image-preview:large","max-video-preview":"max-video-preview:-1"},"canonical":"https:\/\/enjoymiamibeach.com\/espanol\/activities\/wynwood-paseo-de-las-artes\/","og_locale":"es_ES","og_type":"article","og_title":"Wynwood - Paseo de las Artes - ENJOY MIAMI BEACH","og_description":"Wynwood es un vecindario en Miami que est\u00e1 creciendo a pasos agigantados y que llam\u00f3 la atenci\u00f3n de todos cuando las paredes de sus edificios se convirtieron en lienzos para artistas de todo el mundo. Anteriormente una zona poco interesante de dep\u00f3sitos de almacenamiento, ahora Read More ...","og_url":"https:\/\/enjoymiamibeach.com\/espanol\/activities\/wynwood-paseo-de-las-artes\/","og_site_name":"ENJOY MIAMI BEACH","article_modified_time":"2019-08-18T23:37:02+00:00","twitter_card":"summary","schema":{"@context":"https:\/\/schema.org","@graph":[{"@type":"WebSite","@id":"https:\/\/enjoymiamibeach.com\/espanol\/#website","url":"https:\/\/enjoymiamibeach.com\/espanol\/","name":"ENJOY MIAMI BEACH","description":"Miami Beach informaci\u00f3n para el turista - precios de taxi - Ocean DR - Lincoln RD","potentialAction":[{"@type":"SearchAction","target":{"@type":"EntryPoint","urlTemplate":"https:\/\/enjoymiamibeach.com\/espanol\/?s={search_term_string}"},"query-input":"required name=search_term_string"}],"inLanguage":"es"},{"@type":"WebPage","@id":"https:\/\/enjoymiamibeach.com\/espanol\/activities\/wynwood-paseo-de-las-artes\/#webpage","url":"https:\/\/enjoymiamibeach.com\/espanol\/activities\/wynwood-paseo-de-las-artes\/","name":"Wynwood - Paseo de las Artes - ENJOY MIAMI BEACH","isPartOf":{"@id":"https:\/\/enjoymiamibeach.com\/espanol\/#website"},"datePublished":"2016-09-26T23:42:11+00:00","dateModified":"2019-08-18T23:37:02+00:00","breadcrumb":{"@id":"https:\/\/enjoymiamibeach.com\/espanol\/activities\/wynwood-paseo-de-las-artes\/#breadcrumb"},"inLanguage":"es","potentialAction":[{"@type":"ReadAction","target":["https:\/\/enjoymiamibeach.com\/espanol\/activities\/wynwood-paseo-de-las-artes\/"]}]},{"@type":"BreadcrumbList","@id":"https:\/\/enjoymiamibeach.com\/espanol\/activities\/wynwood-paseo-de-las-artes\/#breadcrumb","itemListElement":[{"@type":"ListItem","position":1,"name":"Home","item":"https:\/\/enjoymiamibeach.com\/espanol\/"},{"@type":"ListItem","position":2,"name":"Actividades","item":"https:\/\/enjoymiamibeach.com\/espanol\/activities\/"},{"@type":"ListItem","position":3,"name":"Wynwood &#8211; Paseo de las Artes"}]}]}},"_links":{"self":[{"href":"https:\/\/enjoymiamibeach.com\/espanol\/wp-json\/wp\/v2\/pages\/785"}],"collection":[{"href":"https:\/\/enjoymiamibeach.com\/espanol\/wp-json\/wp\/v2\/pages"}],"about":[{"href":"https:\/\/enjoymiamibeach.com\/espanol\/wp-json\/wp\/v2\/types\/page"}],"author":[{"embeddable":true,"href":"https:\/\/enjoymiamibeach.com\/espanol\/wp-json\/wp\/v2\/users\/2"}],"replies":[{"embeddable":true,"href":"https:\/\/enjoymiamibeach.com\/espanol\/wp-json\/wp\/v2\/comments?post=785"}],"version-history":[{"count":8,"href":"https:\/\/enjoymiamibeach.com\/espanol\/wp-json\/wp\/v2\/pages\/785\/revisions"}],"predecessor-version":[{"id":1314,"href":"https:\/\/enjoymiamibeach.com\/espanol\/wp-json\/wp\/v2\/pages\/785\/revisions\/1314"}],"up":[{"embeddable":true,"href":"https:\/\/enjoymiamibeach.com\/espanol\/wp-json\/wp\/v2\/pages\/69"}],"wp:attachment":[{"href":"https:\/\/enjoymiamibeach.com\/espanol\/wp-json\/wp\/v2\/media?parent=785"}],"curies":[{"name":"wp","href":"https:\/\/api.w.org\/{rel}","templated":true}]}}