{"id":770,"date":"2016-09-23T05:16:10","date_gmt":"2016-09-23T10:16:10","guid":{"rendered":"https:\/\/enjoymiamibeach.com\/espanol\/?page_id=770"},"modified":"2018-12-07T13:25:01","modified_gmt":"2018-12-07T18:25:01","slug":"lincoln-rd","status":"publish","type":"page","link":"https:\/\/enjoymiamibeach.com\/espanol\/activities\/lincoln-rd\/","title":{"rendered":"Lincoln Rd"},"content":{"rendered":"<h3>Esta calle peatonal es m\u00e1gica. No importa a qu\u00e9 hora del d\u00eda la visites, tiene una experiencia \u00fanica que ofrecer.<\/h3>\n\n\t\t<style type=\"text\/css\">\n\t\t\t#gallery-1 {\n\t\t\t\tmargin: auto;\n\t\t\t}\n\t\t\t#gallery-1 .gallery-item {\n\t\t\t\tfloat: left;\n\t\t\t\tmargin-top: 10px;\n\t\t\t\ttext-align: center;\n\t\t\t\twidth: 33%;\n\t\t\t}\n\t\t\t#gallery-1 img {\n\t\t\t\tborder: 2px solid #cfcfcf;\n\t\t\t}\n\t\t\t#gallery-1 .gallery-caption {\n\t\t\t\tmargin-left: 0;\n\t\t\t}\n\t\t\t\/* see gallery_shortcode() in wp-includes\/media.php *\/\n\t\t<\/style>\n\t\t<div id='gallery-1' class='gallery galleryid-770 gallery-columns-3 gallery-size-medium'><dl class='gallery-item'>\n\t\t\t<dt class='gallery-icon landscape'>\n\t\t\t\t<a href='https:\/\/enjoymiamibeach.com\/espanol\/wp-content\/uploads\/2016\/09\/Shopping-In-South-Beach-Miami-Lincoln-Road-Mall.jpg'><img width=\"300\" height=\"200\" src=\"https:\/\/enjoymiamibeach.com\/espanol\/wp-content\/uploads\/2016\/09\/Shopping-In-South-Beach-Miami-Lincoln-Road-Mall-300x200.jpg\" class=\"attachment-medium size-medium\" alt=\"Shopping In South Beach Miami Lincoln Road Mall\" loading=\"lazy\" srcset=\"https:\/\/enjoymiamibeach.com\/espanol\/wp-content\/uploads\/2016\/09\/Shopping-In-South-Beach-Miami-Lincoln-Road-Mall-300x200.jpg 300w, https:\/\/enjoymiamibeach.com\/espanol\/wp-content\/uploads\/2016\/09\/Shopping-In-South-Beach-Miami-Lincoln-Road-Mall-768x512.jpg 768w, https:\/\/enjoymiamibeach.com\/espanol\/wp-content\/uploads\/2016\/09\/Shopping-In-South-Beach-Miami-Lincoln-Road-Mall-1024x682.jpg 1024w, https:\/\/enjoymiamibeach.com\/espanol\/wp-content\/uploads\/2016\/09\/Shopping-In-South-Beach-Miami-Lincoln-Road-Mall-480x320.jpg 480w, https:\/\/enjoymiamibeach.com\/espanol\/wp-content\/uploads\/2016\/09\/Shopping-In-South-Beach-Miami-Lincoln-Road-Mall-880x586.jpg 880w, https:\/\/enjoymiamibeach.com\/espanol\/wp-content\/uploads\/2016\/09\/Shopping-In-South-Beach-Miami-Lincoln-Road-Mall-385x257.jpg 385w, https:\/\/enjoymiamibeach.com\/espanol\/wp-content\/uploads\/2016\/09\/Shopping-In-South-Beach-Miami-Lincoln-Road-Mall-272x182.jpg 272w, https:\/\/enjoymiamibeach.com\/espanol\/wp-content\/uploads\/2016\/09\/Shopping-In-South-Beach-Miami-Lincoln-Road-Mall.jpg 2000w\" sizes=\"(max-width: 300px) 100vw, 300px\" \/><\/a>\n\t\t\t<\/dt><\/dl><dl class='gallery-item'>\n\t\t\t<dt class='gallery-icon landscape'>\n\t\t\t\t<a href='https:\/\/enjoymiamibeach.com\/espanol\/wp-content\/uploads\/2016\/09\/Shopping-In-South-Beach-Miami-Lincoln-Road-Mall-7.jpg'><img width=\"300\" height=\"200\" src=\"https:\/\/enjoymiamibeach.com\/espanol\/wp-content\/uploads\/2016\/09\/Shopping-In-South-Beach-Miami-Lincoln-Road-Mall-7-300x200.jpg\" class=\"attachment-medium size-medium\" alt=\"Shopping In South Beach Miami Lincoln Road Mall\" loading=\"lazy\" srcset=\"https:\/\/enjoymiamibeach.com\/espanol\/wp-content\/uploads\/2016\/09\/Shopping-In-South-Beach-Miami-Lincoln-Road-Mall-7-300x200.jpg 300w, https:\/\/enjoymiamibeach.com\/espanol\/wp-content\/uploads\/2016\/09\/Shopping-In-South-Beach-Miami-Lincoln-Road-Mall-7-768x512.jpg 768w, https:\/\/enjoymiamibeach.com\/espanol\/wp-content\/uploads\/2016\/09\/Shopping-In-South-Beach-Miami-Lincoln-Road-Mall-7-1024x682.jpg 1024w, https:\/\/enjoymiamibeach.com\/espanol\/wp-content\/uploads\/2016\/09\/Shopping-In-South-Beach-Miami-Lincoln-Road-Mall-7-480x320.jpg 480w, https:\/\/enjoymiamibeach.com\/espanol\/wp-content\/uploads\/2016\/09\/Shopping-In-South-Beach-Miami-Lincoln-Road-Mall-7-880x586.jpg 880w, https:\/\/enjoymiamibeach.com\/espanol\/wp-content\/uploads\/2016\/09\/Shopping-In-South-Beach-Miami-Lincoln-Road-Mall-7-385x257.jpg 385w, https:\/\/enjoymiamibeach.com\/espanol\/wp-content\/uploads\/2016\/09\/Shopping-In-South-Beach-Miami-Lincoln-Road-Mall-7-272x182.jpg 272w, https:\/\/enjoymiamibeach.com\/espanol\/wp-content\/uploads\/2016\/09\/Shopping-In-South-Beach-Miami-Lincoln-Road-Mall-7.jpg 2000w\" sizes=\"(max-width: 300px) 100vw, 300px\" \/><\/a>\n\t\t\t<\/dt><\/dl><dl class='gallery-item'>\n\t\t\t<dt class='gallery-icon landscape'>\n\t\t\t\t<a href='https:\/\/enjoymiamibeach.com\/espanol\/wp-content\/uploads\/2016\/09\/Shopping-In-South-Beach-Miami-Lincoln-Road-Mall-6.jpg'><img width=\"300\" height=\"200\" src=\"https:\/\/enjoymiamibeach.com\/espanol\/wp-content\/uploads\/2016\/09\/Shopping-In-South-Beach-Miami-Lincoln-Road-Mall-6-300x200.jpg\" class=\"attachment-medium size-medium\" alt=\"Shopping In South Beach Miami Lincoln Road Mall\" loading=\"lazy\" srcset=\"https:\/\/enjoymiamibeach.com\/espanol\/wp-content\/uploads\/2016\/09\/Shopping-In-South-Beach-Miami-Lincoln-Road-Mall-6-300x200.jpg 300w, https:\/\/enjoymiamibeach.com\/espanol\/wp-content\/uploads\/2016\/09\/Shopping-In-South-Beach-Miami-Lincoln-Road-Mall-6-768x512.jpg 768w, https:\/\/enjoymiamibeach.com\/espanol\/wp-content\/uploads\/2016\/09\/Shopping-In-South-Beach-Miami-Lincoln-Road-Mall-6-1024x682.jpg 1024w, https:\/\/enjoymiamibeach.com\/espanol\/wp-content\/uploads\/2016\/09\/Shopping-In-South-Beach-Miami-Lincoln-Road-Mall-6-480x320.jpg 480w, https:\/\/enjoymiamibeach.com\/espanol\/wp-content\/uploads\/2016\/09\/Shopping-In-South-Beach-Miami-Lincoln-Road-Mall-6-880x586.jpg 880w, https:\/\/enjoymiamibeach.com\/espanol\/wp-content\/uploads\/2016\/09\/Shopping-In-South-Beach-Miami-Lincoln-Road-Mall-6-385x257.jpg 385w, https:\/\/enjoymiamibeach.com\/espanol\/wp-content\/uploads\/2016\/09\/Shopping-In-South-Beach-Miami-Lincoln-Road-Mall-6-272x182.jpg 272w, https:\/\/enjoymiamibeach.com\/espanol\/wp-content\/uploads\/2016\/09\/Shopping-In-South-Beach-Miami-Lincoln-Road-Mall-6.jpg 2000w\" sizes=\"(max-width: 300px) 100vw, 300px\" \/><\/a>\n\t\t\t<\/dt><\/dl><br style=\"clear: both\" \/><dl class='gallery-item'>\n\t\t\t<dt class='gallery-icon landscape'>\n\t\t\t\t<a href='https:\/\/enjoymiamibeach.com\/espanol\/wp-content\/uploads\/2016\/09\/Shopping-In-South-Beach-Miami-Lincoln-Road-Mall-5.jpg'><img width=\"300\" height=\"200\" src=\"https:\/\/enjoymiamibeach.com\/espanol\/wp-content\/uploads\/2016\/09\/Shopping-In-South-Beach-Miami-Lincoln-Road-Mall-5-300x200.jpg\" class=\"attachment-medium size-medium\" alt=\"Shopping In South Beach Miami Lincoln Road Mall\" loading=\"lazy\" srcset=\"https:\/\/enjoymiamibeach.com\/espanol\/wp-content\/uploads\/2016\/09\/Shopping-In-South-Beach-Miami-Lincoln-Road-Mall-5-300x200.jpg 300w, https:\/\/enjoymiamibeach.com\/espanol\/wp-content\/uploads\/2016\/09\/Shopping-In-South-Beach-Miami-Lincoln-Road-Mall-5-768x512.jpg 768w, https:\/\/enjoymiamibeach.com\/espanol\/wp-content\/uploads\/2016\/09\/Shopping-In-South-Beach-Miami-Lincoln-Road-Mall-5-1024x683.jpg 1024w, https:\/\/enjoymiamibeach.com\/espanol\/wp-content\/uploads\/2016\/09\/Shopping-In-South-Beach-Miami-Lincoln-Road-Mall-5-480x320.jpg 480w, https:\/\/enjoymiamibeach.com\/espanol\/wp-content\/uploads\/2016\/09\/Shopping-In-South-Beach-Miami-Lincoln-Road-Mall-5-880x586.jpg 880w, https:\/\/enjoymiamibeach.com\/espanol\/wp-content\/uploads\/2016\/09\/Shopping-In-South-Beach-Miami-Lincoln-Road-Mall-5-385x257.jpg 385w, https:\/\/enjoymiamibeach.com\/espanol\/wp-content\/uploads\/2016\/09\/Shopping-In-South-Beach-Miami-Lincoln-Road-Mall-5-272x182.jpg 272w, https:\/\/enjoymiamibeach.com\/espanol\/wp-content\/uploads\/2016\/09\/Shopping-In-South-Beach-Miami-Lincoln-Road-Mall-5.jpg 1500w\" sizes=\"(max-width: 300px) 100vw, 300px\" \/><\/a>\n\t\t\t<\/dt><\/dl><dl class='gallery-item'>\n\t\t\t<dt class='gallery-icon landscape'>\n\t\t\t\t<a href='https:\/\/enjoymiamibeach.com\/espanol\/wp-content\/uploads\/2016\/09\/Shopping-In-South-Beach-Miami-Lincoln-Road-Mall-4.jpg'><img width=\"300\" height=\"200\" src=\"https:\/\/enjoymiamibeach.com\/espanol\/wp-content\/uploads\/2016\/09\/Shopping-In-South-Beach-Miami-Lincoln-Road-Mall-4-300x200.jpg\" class=\"attachment-medium size-medium\" alt=\"Shopping In South Beach Miami Lincoln Road Mall\" loading=\"lazy\" srcset=\"https:\/\/enjoymiamibeach.com\/espanol\/wp-content\/uploads\/2016\/09\/Shopping-In-South-Beach-Miami-Lincoln-Road-Mall-4-300x200.jpg 300w, https:\/\/enjoymiamibeach.com\/espanol\/wp-content\/uploads\/2016\/09\/Shopping-In-South-Beach-Miami-Lincoln-Road-Mall-4-768x512.jpg 768w, https:\/\/enjoymiamibeach.com\/espanol\/wp-content\/uploads\/2016\/09\/Shopping-In-South-Beach-Miami-Lincoln-Road-Mall-4-1024x682.jpg 1024w, https:\/\/enjoymiamibeach.com\/espanol\/wp-content\/uploads\/2016\/09\/Shopping-In-South-Beach-Miami-Lincoln-Road-Mall-4-480x320.jpg 480w, https:\/\/enjoymiamibeach.com\/espanol\/wp-content\/uploads\/2016\/09\/Shopping-In-South-Beach-Miami-Lincoln-Road-Mall-4-880x586.jpg 880w, https:\/\/enjoymiamibeach.com\/espanol\/wp-content\/uploads\/2016\/09\/Shopping-In-South-Beach-Miami-Lincoln-Road-Mall-4-385x257.jpg 385w, https:\/\/enjoymiamibeach.com\/espanol\/wp-content\/uploads\/2016\/09\/Shopping-In-South-Beach-Miami-Lincoln-Road-Mall-4-272x182.jpg 272w, https:\/\/enjoymiamibeach.com\/espanol\/wp-content\/uploads\/2016\/09\/Shopping-In-South-Beach-Miami-Lincoln-Road-Mall-4.jpg 2000w\" sizes=\"(max-width: 300px) 100vw, 300px\" \/><\/a>\n\t\t\t<\/dt><\/dl><dl class='gallery-item'>\n\t\t\t<dt class='gallery-icon landscape'>\n\t\t\t\t<a href='https:\/\/enjoymiamibeach.com\/espanol\/wp-content\/uploads\/2016\/09\/Shopping-In-South-Beach-Miami-Lincoln-Road-Mall-2.jpg'><img width=\"300\" height=\"200\" src=\"https:\/\/enjoymiamibeach.com\/espanol\/wp-content\/uploads\/2016\/09\/Shopping-In-South-Beach-Miami-Lincoln-Road-Mall-2-300x200.jpg\" class=\"attachment-medium size-medium\" alt=\"Shopping In South Beach Miami Lincoln Road Mall\" loading=\"lazy\" srcset=\"https:\/\/enjoymiamibeach.com\/espanol\/wp-content\/uploads\/2016\/09\/Shopping-In-South-Beach-Miami-Lincoln-Road-Mall-2-300x200.jpg 300w, https:\/\/enjoymiamibeach.com\/espanol\/wp-content\/uploads\/2016\/09\/Shopping-In-South-Beach-Miami-Lincoln-Road-Mall-2-768x512.jpg 768w, https:\/\/enjoymiamibeach.com\/espanol\/wp-content\/uploads\/2016\/09\/Shopping-In-South-Beach-Miami-Lincoln-Road-Mall-2-1024x683.jpg 1024w, https:\/\/enjoymiamibeach.com\/espanol\/wp-content\/uploads\/2016\/09\/Shopping-In-South-Beach-Miami-Lincoln-Road-Mall-2-480x320.jpg 480w, https:\/\/enjoymiamibeach.com\/espanol\/wp-content\/uploads\/2016\/09\/Shopping-In-South-Beach-Miami-Lincoln-Road-Mall-2-880x586.jpg 880w, https:\/\/enjoymiamibeach.com\/espanol\/wp-content\/uploads\/2016\/09\/Shopping-In-South-Beach-Miami-Lincoln-Road-Mall-2-385x257.jpg 385w, https:\/\/enjoymiamibeach.com\/espanol\/wp-content\/uploads\/2016\/09\/Shopping-In-South-Beach-Miami-Lincoln-Road-Mall-2-272x182.jpg 272w, https:\/\/enjoymiamibeach.com\/espanol\/wp-content\/uploads\/2016\/09\/Shopping-In-South-Beach-Miami-Lincoln-Road-Mall-2.jpg 1500w\" sizes=\"(max-width: 300px) 100vw, 300px\" \/><\/a>\n\t\t\t<\/dt><\/dl><br style=\"clear: both\" \/>\n\t\t<\/div>\n\n<p>V\u00e9 por la ma\u00f1ana, alrededor de las 10 am, cuando la mayor\u00eda de sus tiendas comienzan a abrir y tendr\u00e1s el lugar solo para ti. No habr\u00e1 mucha gente y la cercan\u00eda a la playa le dar\u00e1 al aire algo especial que te relajar\u00e1 y despertar\u00e1 tus sentidos. Desayuna en uno de los restaurantes y si\u00e9ntate afuera para observar a la gente.<\/p>\n<p>A mediod\u00eda o por la tarde, es probablemente cuando la calle est\u00e1 m\u00e1s llena de energ\u00eda y ver\u00e1s a la gente hacer compras, pasear, reunirse con amigos, comer o tomar un caf\u00e9. Es tan vibrante que ser\u00e1 contagioso.<\/p>\n<p>Por las noches, la energ\u00eda se suaviza un poco, pero la magia permanece. La gente no parece querer irse a dormir, y por esa raz\u00f3n la mayor\u00eda de las tiendas permanecen abiertas hasta las 10 pm o despu\u00e9s. Es probable que encuentres artistas callejeros, desde estatuas vivientes hasta imitadores de Michael Jackson, haciendo lo suyo.<\/p>\n<p>Te encantar\u00e1.<\/p>\n","protected":false},"excerpt":{"rendered":"<p>Esta calle peatonal es m\u00e1gica. No importa a qu\u00e9 hora del d\u00eda la visites, tiene una experiencia \u00fanica que ofrecer. V\u00e9 por la ma\u00f1ana, alrededor de las 10 am, cuando la mayor\u00eda de sus tiendas comienzan a abrir y tendr\u00e1s el lugar solo para ti. <a class=\"more-link\" href=\"https:\/\/enjoymiamibeach.com\/espanol\/activities\/lincoln-rd\/\">Read More &#8230;<\/a><\/p>\n","protected":false},"author":2,"featured_media":0,"parent":69,"menu_order":0,"comment_status":"closed","ping_status":"closed","template":"","meta":[],"yoast_head":"<!-- This site is optimized with the Yoast SEO plugin v18.8 - https:\/\/yoast.com\/wordpress\/plugins\/seo\/ -->\n<title>Lincoln Rd - ENJOY MIAMI BEACH<\/title>\n<meta name=\"robots\" content=\"index, follow, max-snippet:-1, max-image-preview:large, max-video-preview:-1\" \/>\n<link rel=\"canonical\" href=\"https:\/\/enjoymiamibeach.com\/espanol\/activities\/lincoln-rd\/\" \/>\n<meta property=\"og:locale\" content=\"es_ES\" \/>\n<meta property=\"og:type\" content=\"article\" \/>\n<meta property=\"og:title\" content=\"Lincoln Rd - ENJOY MIAMI BEACH\" \/>\n<meta property=\"og:description\" content=\"Esta calle peatonal es m\u00e1gica. No importa a qu\u00e9 hora del d\u00eda la visites, tiene una experiencia \u00fanica que ofrecer. V\u00e9 por la ma\u00f1ana, alrededor de las 10 am, cuando la mayor\u00eda de sus tiendas comienzan a abrir y tendr\u00e1s el lugar solo para ti. Read More ...\" \/>\n<meta property=\"og:url\" content=\"https:\/\/enjoymiamibeach.com\/espanol\/activities\/lincoln-rd\/\" \/>\n<meta property=\"og:site_name\" content=\"ENJOY MIAMI BEACH\" \/>\n<meta property=\"article:modified_time\" content=\"2018-12-07T18:25:01+00:00\" \/>\n<meta property=\"og:image\" content=\"https:\/\/enjoymiamibeach.com\/espanol\/wp-content\/uploads\/2016\/09\/Shopping-In-South-Beach-Miami-Lincoln-Road-Mall-300x200.jpg\" \/>\n<meta name=\"twitter:card\" content=\"summary\" \/>\n<meta name=\"twitter:label1\" content=\"Tiempo de lectura\" \/>\n\t<meta name=\"twitter:data1\" content=\"1 minuto\" \/>\n<script type=\"application\/ld+json\" class=\"yoast-schema-graph\">{\"@context\":\"https:\/\/schema.org\",\"@graph\":[{\"@type\":\"WebSite\",\"@id\":\"https:\/\/enjoymiamibeach.com\/espanol\/#website\",\"url\":\"https:\/\/enjoymiamibeach.com\/espanol\/\",\"name\":\"ENJOY MIAMI BEACH\",\"description\":\"Miami Beach informaci\u00f3n para el turista - precios de taxi - Ocean DR - Lincoln RD\",\"potentialAction\":[{\"@type\":\"SearchAction\",\"target\":{\"@type\":\"EntryPoint\",\"urlTemplate\":\"https:\/\/enjoymiamibeach.com\/espanol\/?s={search_term_string}\"},\"query-input\":\"required name=search_term_string\"}],\"inLanguage\":\"es\"},{\"@type\":\"WebPage\",\"@id\":\"https:\/\/enjoymiamibeach.com\/espanol\/activities\/lincoln-rd\/#webpage\",\"url\":\"https:\/\/enjoymiamibeach.com\/espanol\/activities\/lincoln-rd\/\",\"name\":\"Lincoln Rd - ENJOY MIAMI BEACH\",\"isPartOf\":{\"@id\":\"https:\/\/enjoymiamibeach.com\/espanol\/#website\"},\"datePublished\":\"2016-09-23T10:16:10+00:00\",\"dateModified\":\"2018-12-07T18:25:01+00:00\",\"breadcrumb\":{\"@id\":\"https:\/\/enjoymiamibeach.com\/espanol\/activities\/lincoln-rd\/#breadcrumb\"},\"inLanguage\":\"es\",\"potentialAction\":[{\"@type\":\"ReadAction\",\"target\":[\"https:\/\/enjoymiamibeach.com\/espanol\/activities\/lincoln-rd\/\"]}]},{\"@type\":\"BreadcrumbList\",\"@id\":\"https:\/\/enjoymiamibeach.com\/espanol\/activities\/lincoln-rd\/#breadcrumb\",\"itemListElement\":[{\"@type\":\"ListItem\",\"position\":1,\"name\":\"Home\",\"item\":\"https:\/\/enjoymiamibeach.com\/espanol\/\"},{\"@type\":\"ListItem\",\"position\":2,\"name\":\"Actividades\",\"item\":\"https:\/\/enjoymiamibeach.com\/espanol\/activities\/\"},{\"@type\":\"ListItem\",\"position\":3,\"name\":\"Lincoln Rd\"}]}]}<\/script>\n<!-- \/ Yoast SEO plugin. -->","yoast_head_json":{"title":"Lincoln Rd - ENJOY MIAMI BEACH","robots":{"index":"index","follow":"follow","max-snippet":"max-snippet:-1","max-image-preview":"max-image-preview:large","max-video-preview":"max-video-preview:-1"},"canonical":"https:\/\/enjoymiamibeach.com\/espanol\/activities\/lincoln-rd\/","og_locale":"es_ES","og_type":"article","og_title":"Lincoln Rd - ENJOY MIAMI BEACH","og_description":"Esta calle peatonal es m\u00e1gica. No importa a qu\u00e9 hora del d\u00eda la visites, tiene una experiencia \u00fanica que ofrecer. V\u00e9 por la ma\u00f1ana, alrededor de las 10 am, cuando la mayor\u00eda de sus tiendas comienzan a abrir y tendr\u00e1s el lugar solo para ti. Read More ...","og_url":"https:\/\/enjoymiamibeach.com\/espanol\/activities\/lincoln-rd\/","og_site_name":"ENJOY MIAMI BEACH","article_modified_time":"2018-12-07T18:25:01+00:00","og_image":[{"url":"https:\/\/enjoymiamibeach.com\/espanol\/wp-content\/uploads\/2016\/09\/Shopping-In-South-Beach-Miami-Lincoln-Road-Mall-300x200.jpg"}],"twitter_card":"summary","twitter_misc":{"Tiempo de lectura":"1 minuto"},"schema":{"@context":"https:\/\/schema.org","@graph":[{"@type":"WebSite","@id":"https:\/\/enjoymiamibeach.com\/espanol\/#website","url":"https:\/\/enjoymiamibeach.com\/espanol\/","name":"ENJOY MIAMI BEACH","description":"Miami Beach informaci\u00f3n para el turista - precios de taxi - Ocean DR - Lincoln RD","potentialAction":[{"@type":"SearchAction","target":{"@type":"EntryPoint","urlTemplate":"https:\/\/enjoymiamibeach.com\/espanol\/?s={search_term_string}"},"query-input":"required name=search_term_string"}],"inLanguage":"es"},{"@type":"WebPage","@id":"https:\/\/enjoymiamibeach.com\/espanol\/activities\/lincoln-rd\/#webpage","url":"https:\/\/enjoymiamibeach.com\/espanol\/activities\/lincoln-rd\/","name":"Lincoln Rd - ENJOY MIAMI BEACH","isPartOf":{"@id":"https:\/\/enjoymiamibeach.com\/espanol\/#website"},"datePublished":"2016-09-23T10:16:10+00:00","dateModified":"2018-12-07T18:25:01+00:00","breadcrumb":{"@id":"https:\/\/enjoymiamibeach.com\/espanol\/activities\/lincoln-rd\/#breadcrumb"},"inLanguage":"es","potentialAction":[{"@type":"ReadAction","target":["https:\/\/enjoymiamibeach.com\/espanol\/activities\/lincoln-rd\/"]}]},{"@type":"BreadcrumbList","@id":"https:\/\/enjoymiamibeach.com\/espanol\/activities\/lincoln-rd\/#breadcrumb","itemListElement":[{"@type":"ListItem","position":1,"name":"Home","item":"https:\/\/enjoymiamibeach.com\/espanol\/"},{"@type":"ListItem","position":2,"name":"Actividades","item":"https:\/\/enjoymiamibeach.com\/espanol\/activities\/"},{"@type":"ListItem","position":3,"name":"Lincoln Rd"}]}]}},"_links":{"self":[{"href":"https:\/\/enjoymiamibeach.com\/espanol\/wp-json\/wp\/v2\/pages\/770"}],"collection":[{"href":"https:\/\/enjoymiamibeach.com\/espanol\/wp-json\/wp\/v2\/pages"}],"about":[{"href":"https:\/\/enjoymiamibeach.com\/espanol\/wp-json\/wp\/v2\/types\/page"}],"author":[{"embeddable":true,"href":"https:\/\/enjoymiamibeach.com\/espanol\/wp-json\/wp\/v2\/users\/2"}],"replies":[{"embeddable":true,"href":"https:\/\/enjoymiamibeach.com\/espanol\/wp-json\/wp\/v2\/comments?post=770"}],"version-history":[{"count":9,"href":"https:\/\/enjoymiamibeach.com\/espanol\/wp-json\/wp\/v2\/pages\/770\/revisions"}],"predecessor-version":[{"id":1265,"href":"https:\/\/enjoymiamibeach.com\/espanol\/wp-json\/wp\/v2\/pages\/770\/revisions\/1265"}],"up":[{"embeddable":true,"href":"https:\/\/enjoymiamibeach.com\/espanol\/wp-json\/wp\/v2\/pages\/69"}],"wp:attachment":[{"href":"https:\/\/enjoymiamibeach.com\/espanol\/wp-json\/wp\/v2\/media?parent=770"}],"curies":[{"name":"wp","href":"https:\/\/api.w.org\/{rel}","templated":true}]}}