{"id":71,"date":"2016-03-05T16:42:30","date_gmt":"2016-03-05T21:42:30","guid":{"rendered":"https:\/\/enjoymiamibeach.com\/espanol\/?page_id=71"},"modified":"2019-12-27T12:00:48","modified_gmt":"2019-12-27T17:00:48","slug":"services","status":"publish","type":"page","link":"https:\/\/enjoymiamibeach.com\/espanol\/services\/","title":{"rendered":"Servicios"},"content":{"rendered":"<h4 id=\"bike-rental\">Alquiler de bicicletas:<\/h4>\n<ul>\n<li><strong>Citi Bike<\/strong>: este es un excelente sistema para compartir bicicletas. Pagas por hora y tienes la opci\u00f3n de recoger tu bicicleta en un lugar y dejarla en otro. Es posible que hayas visto las estaciones por toda la ciudad.<br \/>\n\u00bfQuieres m\u00e1s informaci\u00f3n?\u00a0<a href=\"https:\/\/enjoymiamibeach.com\/espanol\/citi-bike\/\">Has click aqu\u00ed<\/a>.<\/li>\n<\/ul>\n<ul>\n<li><strong>Fritz&#8217;s Skate Bike &amp; Surf<\/strong>: Esta es probablemente la tienda de bicicletas m\u00e1s famosa de la zona. Venden y alquilan bicicletas, patines, patinetas, tablas de paddle y ropa para Surf.<br \/>\n<a href=\"http:\/\/www.fritzsmiamibeach.com\/\" target=\"_blank\" rel=\"noopener noreferrer\">Sitio web<\/a> | Direcci\u00f3n: <span class=\"_Xbe\">1014 Lincoln Rd, Miami Beach, FL 33139 | Tel\u00e9fono: 305-532-1954<br \/>\n<\/span><\/li>\n<\/ul>\n<ul>\n<li><strong>South Florida Trikke Segway Tours y Alquiler de Bicicletas<\/strong>: No s\u00f3lo te alquilar\u00e1n bicicletas regulares y el\u00e9ctricas, sino tambi\u00e9n patines, long boards y m\u00e1s. Adem\u00e1s, ofrecen algunos de los tours m\u00e1s populares como el de la ciudad, la excursi\u00f3n en bote y&#8230;. lo adivinaste: recorridos en segway.<br \/>\n<a href=\"http:\/\/www.southfloridatrikke.com\/\" target=\"_blank\" rel=\"noopener noreferrer\">Sitio web<\/a> | Direcci\u00f3n: 1401 Washington Ave, Miami Beach, Fl 33139 | <span class=\"_Xbe\">Tel\u00e9fono<\/span>: 305-830-9440<\/li>\n<\/ul>\n<h4>Alquiler de Botes:<\/h4>\n<ul>\n<li><a href=\"http:\/\/boatrentmiami.com\/\" target=\"_blank\" rel=\"noopener noreferrer\">Beach Boat Rental<\/a> &#8211; Direcci\u00f3n: 2400 Collins Ave, Miami Beach, FL 33140<\/li>\n<\/ul>\n<h4>Alquiler de autos \/ carros:<\/h4>\n<ul>\n<li><a href=\"https:\/\/enjoymiamibeach.com\/espanol\/services\/car-rentals-miami-beach\/\">Encuentra aqu\u00ed las mejores opciones para alquilar carros \/ autos<\/a>.<\/li>\n<\/ul>\n<h4 id=\"scooter-rental\">Alquiler de scooters:<\/h4>\n<ul>\n<li><strong>Scooter Style<\/strong>: 1676 Collins Ave, Miami Beach, FL 33139 | Tel\u00e9fono: <span class=\"_Xbe kno-fv\"><span data-dtype=\"d3ph\">305-904-8085<\/span><\/span><\/li>\n<li><strong>Scooters South Beach<\/strong>: 1520 Collins Ave, Miami Beach, FL 33139 | Tel\u00e9fono: <span class=\"_Xbe kno-fv\"><span data-dtype=\"d3ph\">305-672-4346<\/span><\/span><\/li>\n<li><strong>Hot Wheels Rentals &amp; Tours<\/strong>:\u00a0<span class=\"_Xbe\">233 14 street, Miami Beach, FL 33139<\/span> | Tel\u00e9fono: <span class=\"_Xbe kno-fv\"><span data-dtype=\"d3ph\">305-673-3322<\/span><\/span><\/li>\n<li><strong>Scooter Style South Beach<\/strong>:\u00a0 <span class=\"_Xbe\">233 11th St, Miami Beach, FL 33139<\/span> | Tel\u00e9fono: <span class=\"_Xbe kno-fv\"><span data-dtype=\"d3ph\">305-532-0019<\/span><\/span><\/li>\n<li><strong>VIP Miami Rentals<\/strong>:\u00a0<span class=\"_Xbe\">900 Washington Ave, Miami Beach, FL 33139 | Tel\u00e9fono: <span class=\"_Xbe kno-fv\"><span data-dtype=\"d3ph\">305-673-5121<\/span><\/span><\/span><\/li>\n<li><strong>Miami Beach Scooter<\/strong>:\u00a0<span class=\"_Xbe\">213 6th St, Miami Beach, FL 33139 | Tel\u00e9fono: <span class=\"_Xbe kno-fv\"><span data-dtype=\"d3ph\">305-604-1718<\/span><\/span><\/span><\/li>\n<\/ul>\n<h4>Deportes acu\u00e1ticos \/ alquiler de Jet Skis:<\/h4>\n<ul>\n<li><a href=\"http:\/\/www.watersportsmiamibeach.com\/\" target=\"_blank\" rel=\"noopener noreferrer\">Jet Ski Miami Beach<\/a><\/li>\n<\/ul>\n","protected":false},"excerpt":{"rendered":"<p>Alquiler de bicicletas: Citi Bike: este es un excelente sistema para compartir bicicletas. Pagas por hora y tienes la opci\u00f3n de recoger tu bicicleta en un lugar y dejarla en otro. Es posible que hayas visto las estaciones por toda la ciudad. \u00bfQuieres m\u00e1s informaci\u00f3n?\u00a0Has <a class=\"more-link\" href=\"https:\/\/enjoymiamibeach.com\/espanol\/services\/\">Read More &#8230;<\/a><\/p>\n","protected":false},"author":2,"featured_media":0,"parent":0,"menu_order":0,"comment_status":"closed","ping_status":"closed","template":"","meta":[],"yoast_head":"<!-- This site is optimized with the Yoast SEO plugin v18.8 - https:\/\/yoast.com\/wordpress\/plugins\/seo\/ -->\n<title>Servicios - ENJOY MIAMI BEACH<\/title>\n<meta name=\"robots\" content=\"index, follow, max-snippet:-1, max-image-preview:large, max-video-preview:-1\" \/>\n<link rel=\"canonical\" href=\"https:\/\/enjoymiamibeach.com\/espanol\/services\/\" \/>\n<meta property=\"og:locale\" content=\"es_ES\" \/>\n<meta property=\"og:type\" content=\"article\" \/>\n<meta property=\"og:title\" content=\"Servicios - ENJOY MIAMI BEACH\" \/>\n<meta property=\"og:description\" content=\"Alquiler de bicicletas: Citi Bike: este es un excelente sistema para compartir bicicletas. Pagas por hora y tienes la opci\u00f3n de recoger tu bicicleta en un lugar y dejarla en otro. Es posible que hayas visto las estaciones por toda la ciudad. \u00bfQuieres m\u00e1s informaci\u00f3n?\u00a0Has Read More ...\" \/>\n<meta property=\"og:url\" content=\"https:\/\/enjoymiamibeach.com\/espanol\/services\/\" \/>\n<meta property=\"og:site_name\" content=\"ENJOY MIAMI BEACH\" \/>\n<meta property=\"article:modified_time\" content=\"2019-12-27T17:00:48+00:00\" \/>\n<meta name=\"twitter:card\" content=\"summary\" \/>\n<meta name=\"twitter:label1\" content=\"Tiempo de lectura\" \/>\n\t<meta name=\"twitter:data1\" content=\"1 minuto\" \/>\n<script type=\"application\/ld+json\" class=\"yoast-schema-graph\">{\"@context\":\"https:\/\/schema.org\",\"@graph\":[{\"@type\":\"WebSite\",\"@id\":\"https:\/\/enjoymiamibeach.com\/espanol\/#website\",\"url\":\"https:\/\/enjoymiamibeach.com\/espanol\/\",\"name\":\"ENJOY MIAMI BEACH\",\"description\":\"Miami Beach informaci\u00f3n para el turista - precios de taxi - Ocean DR - Lincoln RD\",\"potentialAction\":[{\"@type\":\"SearchAction\",\"target\":{\"@type\":\"EntryPoint\",\"urlTemplate\":\"https:\/\/enjoymiamibeach.com\/espanol\/?s={search_term_string}\"},\"query-input\":\"required name=search_term_string\"}],\"inLanguage\":\"es\"},{\"@type\":\"WebPage\",\"@id\":\"https:\/\/enjoymiamibeach.com\/espanol\/services\/#webpage\",\"url\":\"https:\/\/enjoymiamibeach.com\/espanol\/services\/\",\"name\":\"Servicios - ENJOY MIAMI BEACH\",\"isPartOf\":{\"@id\":\"https:\/\/enjoymiamibeach.com\/espanol\/#website\"},\"datePublished\":\"2016-03-05T21:42:30+00:00\",\"dateModified\":\"2019-12-27T17:00:48+00:00\",\"breadcrumb\":{\"@id\":\"https:\/\/enjoymiamibeach.com\/espanol\/services\/#breadcrumb\"},\"inLanguage\":\"es\",\"potentialAction\":[{\"@type\":\"ReadAction\",\"target\":[\"https:\/\/enjoymiamibeach.com\/espanol\/services\/\"]}]},{\"@type\":\"BreadcrumbList\",\"@id\":\"https:\/\/enjoymiamibeach.com\/espanol\/services\/#breadcrumb\",\"itemListElement\":[{\"@type\":\"ListItem\",\"position\":1,\"name\":\"Home\",\"item\":\"https:\/\/enjoymiamibeach.com\/espanol\/\"},{\"@type\":\"ListItem\",\"position\":2,\"name\":\"Servicios\"}]}]}<\/script>\n<!-- \/ Yoast SEO plugin. -->","yoast_head_json":{"title":"Servicios - ENJOY MIAMI BEACH","robots":{"index":"index","follow":"follow","max-snippet":"max-snippet:-1","max-image-preview":"max-image-preview:large","max-video-preview":"max-video-preview:-1"},"canonical":"https:\/\/enjoymiamibeach.com\/espanol\/services\/","og_locale":"es_ES","og_type":"article","og_title":"Servicios - ENJOY MIAMI BEACH","og_description":"Alquiler de bicicletas: Citi Bike: este es un excelente sistema para compartir bicicletas. Pagas por hora y tienes la opci\u00f3n de recoger tu bicicleta en un lugar y dejarla en otro. Es posible que hayas visto las estaciones por toda la ciudad. \u00bfQuieres m\u00e1s informaci\u00f3n?\u00a0Has Read More ...","og_url":"https:\/\/enjoymiamibeach.com\/espanol\/services\/","og_site_name":"ENJOY MIAMI BEACH","article_modified_time":"2019-12-27T17:00:48+00:00","twitter_card":"summary","twitter_misc":{"Tiempo de lectura":"1 minuto"},"schema":{"@context":"https:\/\/schema.org","@graph":[{"@type":"WebSite","@id":"https:\/\/enjoymiamibeach.com\/espanol\/#website","url":"https:\/\/enjoymiamibeach.com\/espanol\/","name":"ENJOY MIAMI BEACH","description":"Miami Beach informaci\u00f3n para el turista - precios de taxi - Ocean DR - Lincoln RD","potentialAction":[{"@type":"SearchAction","target":{"@type":"EntryPoint","urlTemplate":"https:\/\/enjoymiamibeach.com\/espanol\/?s={search_term_string}"},"query-input":"required name=search_term_string"}],"inLanguage":"es"},{"@type":"WebPage","@id":"https:\/\/enjoymiamibeach.com\/espanol\/services\/#webpage","url":"https:\/\/enjoymiamibeach.com\/espanol\/services\/","name":"Servicios - ENJOY MIAMI BEACH","isPartOf":{"@id":"https:\/\/enjoymiamibeach.com\/espanol\/#website"},"datePublished":"2016-03-05T21:42:30+00:00","dateModified":"2019-12-27T17:00:48+00:00","breadcrumb":{"@id":"https:\/\/enjoymiamibeach.com\/espanol\/services\/#breadcrumb"},"inLanguage":"es","potentialAction":[{"@type":"ReadAction","target":["https:\/\/enjoymiamibeach.com\/espanol\/services\/"]}]},{"@type":"BreadcrumbList","@id":"https:\/\/enjoymiamibeach.com\/espanol\/services\/#breadcrumb","itemListElement":[{"@type":"ListItem","position":1,"name":"Home","item":"https:\/\/enjoymiamibeach.com\/espanol\/"},{"@type":"ListItem","position":2,"name":"Servicios"}]}]}},"_links":{"self":[{"href":"https:\/\/enjoymiamibeach.com\/espanol\/wp-json\/wp\/v2\/pages\/71"}],"collection":[{"href":"https:\/\/enjoymiamibeach.com\/espanol\/wp-json\/wp\/v2\/pages"}],"about":[{"href":"https:\/\/enjoymiamibeach.com\/espanol\/wp-json\/wp\/v2\/types\/page"}],"author":[{"embeddable":true,"href":"https:\/\/enjoymiamibeach.com\/espanol\/wp-json\/wp\/v2\/users\/2"}],"replies":[{"embeddable":true,"href":"https:\/\/enjoymiamibeach.com\/espanol\/wp-json\/wp\/v2\/comments?post=71"}],"version-history":[{"count":25,"href":"https:\/\/enjoymiamibeach.com\/espanol\/wp-json\/wp\/v2\/pages\/71\/revisions"}],"predecessor-version":[{"id":1410,"href":"https:\/\/enjoymiamibeach.com\/espanol\/wp-json\/wp\/v2\/pages\/71\/revisions\/1410"}],"wp:attachment":[{"href":"https:\/\/enjoymiamibeach.com\/espanol\/wp-json\/wp\/v2\/media?parent=71"}],"curies":[{"name":"wp","href":"https:\/\/api.w.org\/{rel}","templated":true}]}}