{"id":638,"date":"2016-07-05T21:03:19","date_gmt":"2016-07-06T02:03:19","guid":{"rendered":"https:\/\/enjoymiamibeach.com\/espanol\/?page_id=638"},"modified":"2019-12-26T09:00:51","modified_gmt":"2019-12-26T14:00:51","slug":"getting-towed-in-miami-beach-south-beach","status":"publish","type":"page","link":"https:\/\/enjoymiamibeach.com\/espanol\/getting-towed-in-miami-beach-south-beach\/","title":{"rendered":"Cuando la gr\u00faa te lleva el auto en Miami Beach &#8211; South Beach"},"content":{"rendered":"<p>\u00bfAs\u00ed que te remolcaron el auto en South Beach? Esto es lo que debes saber:<\/p>\n<ul>\n<li>Hay dos lugares donde tu autom\u00f3vil podr\u00eda haber sido llevado (y ambos est\u00e1n bastante cerca uno del otro):<br \/>\n&#8211; Tremont Towing &#8211; <span class=\"_Xbe\">1747 Bay Rd, Miami Beach, FL 33139<\/span> &#8211; <span class=\"_Xbe _ZWk kno-fv\"><a class=\"fl r-iO7Qe0TYduVc\" title=\"Call via Hangouts\" data-number=\"+13056722395\" data-pstn-out-call-url=\"\" data-rtid=\"iO7Qe0TYduVc\" data-ved=\"0ahUKEwj7nYSp393NAhVOyGMKHYfyApQQkAgIpAEwFQ\">(305) 672-2395<\/a><\/span><br \/>\n&#8211; Beach Towing Services &#8211; <span class=\"_Xbe\">1349 Dade Blvd, Miami Beach, FL 33139<\/span> &#8211; <span class=\"_Xbe _ZWk kno-fv\"><a class=\"fl r-irBmpiRVCDks\" title=\"Call via Hangouts\" data-number=\"+13055342128\" data-pstn-out-call-url=\"\" data-rtid=\"irBmpiRVCDks\" data-ved=\"0ahUKEwjdj7PM393NAhUN1WMKHXaaAOQQkAgIlgEwEg\">(305) 534-2128<\/a><\/span><\/li>\n<li>Mira alrededor de donde estaba tu coche y ver\u00e1s un cartel que indicar\u00e1 cu\u00e1l de estas compa\u00f1\u00edas es responsable de remolcar en esa \u00e1rea.<\/li>\n<li>Estos lugares est\u00e1n abiertos las 24 horas \/ 7 d\u00edas a la semana.<\/li>\n<li>Lleva efectivo. No aceptan tarjetas de cr\u00e9dito. Tienen cajeros autom\u00e1ticos en el lugar si los necesitas.<\/li>\n<li>A menudo las personas que trabajan en las oficinas de remolque no son muy amigables. Prep\u00e1rate para un servicio brusco.<\/li>\n<li>Cuanto m\u00e1s tiempo est\u00e9 tu autom\u00f3vil en el lote de remolque, m\u00e1s tendr\u00e1s que pagar.<\/li>\n<li>Precios: el promedio es de $250 \/ $300<\/li>\n<\/ul>\n","protected":false},"excerpt":{"rendered":"<p>\u00bfAs\u00ed que te remolcaron el auto en South Beach? Esto es lo que debes saber: Hay dos lugares donde tu autom\u00f3vil podr\u00eda haber sido llevado (y ambos est\u00e1n bastante cerca uno del otro): &#8211; Tremont Towing &#8211; 1747 Bay Rd, Miami Beach, FL 33139 &#8211; <a class=\"more-link\" href=\"https:\/\/enjoymiamibeach.com\/espanol\/getting-towed-in-miami-beach-south-beach\/\">Read More &#8230;<\/a><\/p>\n","protected":false},"author":2,"featured_media":0,"parent":0,"menu_order":0,"comment_status":"closed","ping_status":"closed","template":"","meta":[],"yoast_head":"<!-- This site is optimized with the Yoast SEO plugin v18.8 - https:\/\/yoast.com\/wordpress\/plugins\/seo\/ -->\n<title>Cuando la gr\u00faa te lleva el auto en Miami Beach - South Beach - ENJOY MIAMI BEACH<\/title>\n<meta name=\"robots\" content=\"index, follow, max-snippet:-1, max-image-preview:large, max-video-preview:-1\" \/>\n<link rel=\"canonical\" href=\"https:\/\/enjoymiamibeach.com\/espanol\/getting-towed-in-miami-beach-south-beach\/\" \/>\n<meta property=\"og:locale\" content=\"es_ES\" \/>\n<meta property=\"og:type\" content=\"article\" \/>\n<meta property=\"og:title\" content=\"Cuando la gr\u00faa te lleva el auto en Miami Beach - South Beach - ENJOY MIAMI BEACH\" \/>\n<meta property=\"og:description\" content=\"\u00bfAs\u00ed que te remolcaron el auto en South Beach? Esto es lo que debes saber: Hay dos lugares donde tu autom\u00f3vil podr\u00eda haber sido llevado (y ambos est\u00e1n bastante cerca uno del otro): &#8211; Tremont Towing &#8211; 1747 Bay Rd, Miami Beach, FL 33139 &#8211; Read More ...\" \/>\n<meta property=\"og:url\" content=\"https:\/\/enjoymiamibeach.com\/espanol\/getting-towed-in-miami-beach-south-beach\/\" \/>\n<meta property=\"og:site_name\" content=\"ENJOY MIAMI BEACH\" \/>\n<meta property=\"article:modified_time\" content=\"2019-12-26T14:00:51+00:00\" \/>\n<meta name=\"twitter:card\" content=\"summary\" \/>\n<meta name=\"twitter:label1\" content=\"Tiempo de lectura\" \/>\n\t<meta name=\"twitter:data1\" content=\"1 minuto\" \/>\n<script type=\"application\/ld+json\" class=\"yoast-schema-graph\">{\"@context\":\"https:\/\/schema.org\",\"@graph\":[{\"@type\":\"WebSite\",\"@id\":\"https:\/\/enjoymiamibeach.com\/espanol\/#website\",\"url\":\"https:\/\/enjoymiamibeach.com\/espanol\/\",\"name\":\"ENJOY MIAMI BEACH\",\"description\":\"Miami Beach informaci\u00f3n para el turista - precios de taxi - Ocean DR - Lincoln RD\",\"potentialAction\":[{\"@type\":\"SearchAction\",\"target\":{\"@type\":\"EntryPoint\",\"urlTemplate\":\"https:\/\/enjoymiamibeach.com\/espanol\/?s={search_term_string}\"},\"query-input\":\"required name=search_term_string\"}],\"inLanguage\":\"es\"},{\"@type\":\"WebPage\",\"@id\":\"https:\/\/enjoymiamibeach.com\/espanol\/getting-towed-in-miami-beach-south-beach\/#webpage\",\"url\":\"https:\/\/enjoymiamibeach.com\/espanol\/getting-towed-in-miami-beach-south-beach\/\",\"name\":\"Cuando la gr\u00faa te lleva el auto en Miami Beach - South Beach - ENJOY MIAMI BEACH\",\"isPartOf\":{\"@id\":\"https:\/\/enjoymiamibeach.com\/espanol\/#website\"},\"datePublished\":\"2016-07-06T02:03:19+00:00\",\"dateModified\":\"2019-12-26T14:00:51+00:00\",\"breadcrumb\":{\"@id\":\"https:\/\/enjoymiamibeach.com\/espanol\/getting-towed-in-miami-beach-south-beach\/#breadcrumb\"},\"inLanguage\":\"es\",\"potentialAction\":[{\"@type\":\"ReadAction\",\"target\":[\"https:\/\/enjoymiamibeach.com\/espanol\/getting-towed-in-miami-beach-south-beach\/\"]}]},{\"@type\":\"BreadcrumbList\",\"@id\":\"https:\/\/enjoymiamibeach.com\/espanol\/getting-towed-in-miami-beach-south-beach\/#breadcrumb\",\"itemListElement\":[{\"@type\":\"ListItem\",\"position\":1,\"name\":\"Home\",\"item\":\"https:\/\/enjoymiamibeach.com\/espanol\/\"},{\"@type\":\"ListItem\",\"position\":2,\"name\":\"Cuando la gr\u00faa te lleva el auto en Miami Beach &#8211; South Beach\"}]}]}<\/script>\n<!-- \/ Yoast SEO plugin. -->","yoast_head_json":{"title":"Cuando la gr\u00faa te lleva el auto en Miami Beach - South Beach - ENJOY MIAMI BEACH","robots":{"index":"index","follow":"follow","max-snippet":"max-snippet:-1","max-image-preview":"max-image-preview:large","max-video-preview":"max-video-preview:-1"},"canonical":"https:\/\/enjoymiamibeach.com\/espanol\/getting-towed-in-miami-beach-south-beach\/","og_locale":"es_ES","og_type":"article","og_title":"Cuando la gr\u00faa te lleva el auto en Miami Beach - South Beach - ENJOY MIAMI BEACH","og_description":"\u00bfAs\u00ed que te remolcaron el auto en South Beach? Esto es lo que debes saber: Hay dos lugares donde tu autom\u00f3vil podr\u00eda haber sido llevado (y ambos est\u00e1n bastante cerca uno del otro): &#8211; Tremont Towing &#8211; 1747 Bay Rd, Miami Beach, FL 33139 &#8211; Read More ...","og_url":"https:\/\/enjoymiamibeach.com\/espanol\/getting-towed-in-miami-beach-south-beach\/","og_site_name":"ENJOY MIAMI BEACH","article_modified_time":"2019-12-26T14:00:51+00:00","twitter_card":"summary","twitter_misc":{"Tiempo de lectura":"1 minuto"},"schema":{"@context":"https:\/\/schema.org","@graph":[{"@type":"WebSite","@id":"https:\/\/enjoymiamibeach.com\/espanol\/#website","url":"https:\/\/enjoymiamibeach.com\/espanol\/","name":"ENJOY MIAMI BEACH","description":"Miami Beach informaci\u00f3n para el turista - precios de taxi - Ocean DR - Lincoln RD","potentialAction":[{"@type":"SearchAction","target":{"@type":"EntryPoint","urlTemplate":"https:\/\/enjoymiamibeach.com\/espanol\/?s={search_term_string}"},"query-input":"required name=search_term_string"}],"inLanguage":"es"},{"@type":"WebPage","@id":"https:\/\/enjoymiamibeach.com\/espanol\/getting-towed-in-miami-beach-south-beach\/#webpage","url":"https:\/\/enjoymiamibeach.com\/espanol\/getting-towed-in-miami-beach-south-beach\/","name":"Cuando la gr\u00faa te lleva el auto en Miami Beach - South Beach - ENJOY MIAMI BEACH","isPartOf":{"@id":"https:\/\/enjoymiamibeach.com\/espanol\/#website"},"datePublished":"2016-07-06T02:03:19+00:00","dateModified":"2019-12-26T14:00:51+00:00","breadcrumb":{"@id":"https:\/\/enjoymiamibeach.com\/espanol\/getting-towed-in-miami-beach-south-beach\/#breadcrumb"},"inLanguage":"es","potentialAction":[{"@type":"ReadAction","target":["https:\/\/enjoymiamibeach.com\/espanol\/getting-towed-in-miami-beach-south-beach\/"]}]},{"@type":"BreadcrumbList","@id":"https:\/\/enjoymiamibeach.com\/espanol\/getting-towed-in-miami-beach-south-beach\/#breadcrumb","itemListElement":[{"@type":"ListItem","position":1,"name":"Home","item":"https:\/\/enjoymiamibeach.com\/espanol\/"},{"@type":"ListItem","position":2,"name":"Cuando la gr\u00faa te lleva el auto en Miami Beach &#8211; South Beach"}]}]}},"_links":{"self":[{"href":"https:\/\/enjoymiamibeach.com\/espanol\/wp-json\/wp\/v2\/pages\/638"}],"collection":[{"href":"https:\/\/enjoymiamibeach.com\/espanol\/wp-json\/wp\/v2\/pages"}],"about":[{"href":"https:\/\/enjoymiamibeach.com\/espanol\/wp-json\/wp\/v2\/types\/page"}],"author":[{"embeddable":true,"href":"https:\/\/enjoymiamibeach.com\/espanol\/wp-json\/wp\/v2\/users\/2"}],"replies":[{"embeddable":true,"href":"https:\/\/enjoymiamibeach.com\/espanol\/wp-json\/wp\/v2\/comments?post=638"}],"version-history":[{"count":5,"href":"https:\/\/enjoymiamibeach.com\/espanol\/wp-json\/wp\/v2\/pages\/638\/revisions"}],"predecessor-version":[{"id":1380,"href":"https:\/\/enjoymiamibeach.com\/espanol\/wp-json\/wp\/v2\/pages\/638\/revisions\/1380"}],"wp:attachment":[{"href":"https:\/\/enjoymiamibeach.com\/espanol\/wp-json\/wp\/v2\/media?parent=638"}],"curies":[{"name":"wp","href":"https:\/\/api.w.org\/{rel}","templated":true}]}}