{"id":621,"date":"2016-07-05T18:03:26","date_gmt":"2016-07-05T23:03:26","guid":{"rendered":"https:\/\/enjoymiamibeach.com\/espanol\/?page_id=621"},"modified":"2019-12-22T14:17:11","modified_gmt":"2019-12-22T19:17:11","slug":"citi-bike","status":"publish","type":"page","link":"https:\/\/enjoymiamibeach.com\/espanol\/citi-bike\/","title":{"rendered":"Citi Bike \/ Bicicletas Citi"},"content":{"rendered":"<h4 id=\"tw-target-text\" class=\"tw-data-text tw-text-large tw-ta\" dir=\"ltr\" data-placeholder=\"Translation\"><span lang=\"es\" tabindex=\"0\">Citi Bike (anteriormente conocida como DecoBike, que es la compa\u00f1\u00eda que opera el servicio en Miami) es un gran concepto.<\/span><\/h4>\n<h4><\/h4>\n\n\t\t<style type=\"text\/css\">\n\t\t\t#gallery-1 {\n\t\t\t\tmargin: auto;\n\t\t\t}\n\t\t\t#gallery-1 .gallery-item {\n\t\t\t\tfloat: left;\n\t\t\t\tmargin-top: 10px;\n\t\t\t\ttext-align: center;\n\t\t\t\twidth: 33%;\n\t\t\t}\n\t\t\t#gallery-1 img {\n\t\t\t\tborder: 2px solid #cfcfcf;\n\t\t\t}\n\t\t\t#gallery-1 .gallery-caption {\n\t\t\t\tmargin-left: 0;\n\t\t\t}\n\t\t\t\/* see gallery_shortcode() in wp-includes\/media.php *\/\n\t\t<\/style>\n\t\t<div id='gallery-1' class='gallery galleryid-621 gallery-columns-3 gallery-size-medium'><dl class='gallery-item'>\n\t\t\t<dt class='gallery-icon portrait'>\n\t\t\t\t<a href='https:\/\/enjoymiamibeach.com\/espanol\/wp-content\/uploads\/2016\/07\/citi-bike-rental-miami-beach-3.jpg'><img width=\"200\" height=\"300\" src=\"https:\/\/enjoymiamibeach.com\/espanol\/wp-content\/uploads\/2016\/07\/citi-bike-rental-miami-beach-3-200x300.jpg\" class=\"attachment-medium size-medium\" alt=\"CitiBike bike rentals\" loading=\"lazy\" srcset=\"https:\/\/enjoymiamibeach.com\/espanol\/wp-content\/uploads\/2016\/07\/citi-bike-rental-miami-beach-3-200x300.jpg 200w, https:\/\/enjoymiamibeach.com\/espanol\/wp-content\/uploads\/2016\/07\/citi-bike-rental-miami-beach-3-768x1152.jpg 768w, https:\/\/enjoymiamibeach.com\/espanol\/wp-content\/uploads\/2016\/07\/citi-bike-rental-miami-beach-3-682x1024.jpg 682w, https:\/\/enjoymiamibeach.com\/espanol\/wp-content\/uploads\/2016\/07\/citi-bike-rental-miami-beach-3.jpg 1333w\" sizes=\"(max-width: 200px) 100vw, 200px\" \/><\/a>\n\t\t\t<\/dt><\/dl><dl class='gallery-item'>\n\t\t\t<dt class='gallery-icon landscape'>\n\t\t\t\t<a href='https:\/\/enjoymiamibeach.com\/espanol\/wp-content\/uploads\/2016\/07\/citi-bike-rental-miami-beach-2.jpg'><img width=\"300\" height=\"200\" src=\"https:\/\/enjoymiamibeach.com\/espanol\/wp-content\/uploads\/2016\/07\/citi-bike-rental-miami-beach-2-300x200.jpg\" class=\"attachment-medium size-medium\" alt=\"CitiBike bike rentals\" loading=\"lazy\" srcset=\"https:\/\/enjoymiamibeach.com\/espanol\/wp-content\/uploads\/2016\/07\/citi-bike-rental-miami-beach-2-300x200.jpg 300w, https:\/\/enjoymiamibeach.com\/espanol\/wp-content\/uploads\/2016\/07\/citi-bike-rental-miami-beach-2-768x512.jpg 768w, https:\/\/enjoymiamibeach.com\/espanol\/wp-content\/uploads\/2016\/07\/citi-bike-rental-miami-beach-2-1024x682.jpg 1024w, https:\/\/enjoymiamibeach.com\/espanol\/wp-content\/uploads\/2016\/07\/citi-bike-rental-miami-beach-2-480x320.jpg 480w, https:\/\/enjoymiamibeach.com\/espanol\/wp-content\/uploads\/2016\/07\/citi-bike-rental-miami-beach-2-880x586.jpg 880w, https:\/\/enjoymiamibeach.com\/espanol\/wp-content\/uploads\/2016\/07\/citi-bike-rental-miami-beach-2-385x257.jpg 385w, https:\/\/enjoymiamibeach.com\/espanol\/wp-content\/uploads\/2016\/07\/citi-bike-rental-miami-beach-2-272x182.jpg 272w, https:\/\/enjoymiamibeach.com\/espanol\/wp-content\/uploads\/2016\/07\/citi-bike-rental-miami-beach-2.jpg 2000w\" sizes=\"(max-width: 300px) 100vw, 300px\" \/><\/a>\n\t\t\t<\/dt><\/dl><dl class='gallery-item'>\n\t\t\t<dt class='gallery-icon landscape'>\n\t\t\t\t<a href='https:\/\/enjoymiamibeach.com\/espanol\/wp-content\/uploads\/2016\/07\/citi-bike-rental-miami-beach-1.jpg'><img width=\"300\" height=\"200\" src=\"https:\/\/enjoymiamibeach.com\/espanol\/wp-content\/uploads\/2016\/07\/citi-bike-rental-miami-beach-1-300x200.jpg\" class=\"attachment-medium size-medium\" alt=\"CitiBike bike rentals\" loading=\"lazy\" srcset=\"https:\/\/enjoymiamibeach.com\/espanol\/wp-content\/uploads\/2016\/07\/citi-bike-rental-miami-beach-1-300x200.jpg 300w, https:\/\/enjoymiamibeach.com\/espanol\/wp-content\/uploads\/2016\/07\/citi-bike-rental-miami-beach-1-768x512.jpg 768w, https:\/\/enjoymiamibeach.com\/espanol\/wp-content\/uploads\/2016\/07\/citi-bike-rental-miami-beach-1-1024x682.jpg 1024w, https:\/\/enjoymiamibeach.com\/espanol\/wp-content\/uploads\/2016\/07\/citi-bike-rental-miami-beach-1-480x320.jpg 480w, https:\/\/enjoymiamibeach.com\/espanol\/wp-content\/uploads\/2016\/07\/citi-bike-rental-miami-beach-1-880x586.jpg 880w, https:\/\/enjoymiamibeach.com\/espanol\/wp-content\/uploads\/2016\/07\/citi-bike-rental-miami-beach-1-385x257.jpg 385w, https:\/\/enjoymiamibeach.com\/espanol\/wp-content\/uploads\/2016\/07\/citi-bike-rental-miami-beach-1-272x182.jpg 272w, https:\/\/enjoymiamibeach.com\/espanol\/wp-content\/uploads\/2016\/07\/citi-bike-rental-miami-beach-1.jpg 2000w\" sizes=\"(max-width: 300px) 100vw, 300px\" \/><\/a>\n\t\t\t<\/dt><\/dl><br style=\"clear: both\" \/>\n\t\t<\/div>\n\n<h4><\/h4>\n<h4>Funciona as\u00ed:<\/h4>\n<h4><\/h4>\n<ol>\n<li>Puedes alquilar las bicicletas por 30 minutos, 1 hora, 2 horas, 4 horas o un d\u00eda entero.<\/li>\n<li>Tambi\u00e9n puedes obtener un pase mensual.<\/li>\n<li>Necesitar\u00e1s una tarjeta de cr\u00e9dito para pagar.<\/li>\n<li>Puedes dejar tu bicicleta en cualquier estaci\u00f3n y, mientras te quede tiempo de lo que pagaste, regresar luego para obtener otra.<\/li>\n<li>Tu tarjeta de cr\u00e9dito act\u00faa como llave de acceso para todas las estaciones durante el per\u00edodo de tu alquiler.<\/li>\n<li>Si eliges quedarte con tu bicicleta pasada la sesi\u00f3n de alquiler, s\u00f3lo te costar\u00e1 $ 4 por cada per\u00edodo adicional de 30 minutos (lo debitar\u00e1n de tu tarjeta de cr\u00e9dito).<\/li>\n<\/ol>\n<p><a href=\"http:\/\/citibikemiami.com\/station-map\" target=\"_blank\" rel=\"noopener noreferrer\">Aqu\u00ed hay un mapa con todas las estaciones donde puedes recoger y dejar tu Citi Bike<\/a>.<\/p>\n<h5>Precios:<\/h5>\n<ul>\n<li>30 minutos: $4.50<\/li>\n<li>1 hora: $6.50<\/li>\n<li>2 horas: $10<\/li>\n<li>4 horas: $18<\/li>\n<li>1 d\u00eda: $24<\/li>\n<\/ul>\n<p>Obt\u00e9n m\u00e1s informaci\u00f3n sobre el servicio de alquiler de bicicletas Citi Bike Miami en: <a href=\"http:\/\/citibikemiami.com\/\" target=\"_blank\" rel=\"noopener noreferrer\">citibikemiami.com<\/a><\/p>\n","protected":false},"excerpt":{"rendered":"<p>Citi Bike (anteriormente conocida como DecoBike, que es la compa\u00f1\u00eda que opera el servicio en Miami) es un gran concepto. Funciona as\u00ed: Puedes alquilar las bicicletas por 30 minutos, 1 hora, 2 horas, 4 horas o un d\u00eda entero. Tambi\u00e9n puedes obtener un pase mensual. <a class=\"more-link\" href=\"https:\/\/enjoymiamibeach.com\/espanol\/citi-bike\/\">Read More &#8230;<\/a><\/p>\n","protected":false},"author":2,"featured_media":0,"parent":0,"menu_order":0,"comment_status":"closed","ping_status":"closed","template":"","meta":[],"yoast_head":"<!-- This site is optimized with the Yoast SEO plugin v18.8 - https:\/\/yoast.com\/wordpress\/plugins\/seo\/ -->\n<title>Citi Bike \/ Bicicletas Citi - ENJOY MIAMI BEACH<\/title>\n<meta name=\"robots\" content=\"index, follow, max-snippet:-1, max-image-preview:large, max-video-preview:-1\" \/>\n<link rel=\"canonical\" href=\"https:\/\/enjoymiamibeach.com\/espanol\/citi-bike\/\" \/>\n<meta property=\"og:locale\" content=\"es_ES\" \/>\n<meta property=\"og:type\" content=\"article\" \/>\n<meta property=\"og:title\" content=\"Citi Bike \/ Bicicletas Citi - ENJOY MIAMI BEACH\" \/>\n<meta property=\"og:description\" content=\"Citi Bike (anteriormente conocida como DecoBike, que es la compa\u00f1\u00eda que opera el servicio en Miami) es un gran concepto. Funciona as\u00ed: Puedes alquilar las bicicletas por 30 minutos, 1 hora, 2 horas, 4 horas o un d\u00eda entero. Tambi\u00e9n puedes obtener un pase mensual. Read More ...\" \/>\n<meta property=\"og:url\" content=\"https:\/\/enjoymiamibeach.com\/espanol\/citi-bike\/\" \/>\n<meta property=\"og:site_name\" content=\"ENJOY MIAMI BEACH\" \/>\n<meta property=\"article:modified_time\" content=\"2019-12-22T19:17:11+00:00\" \/>\n<meta property=\"og:image\" content=\"https:\/\/enjoymiamibeach.com\/espanol\/wp-content\/uploads\/2016\/07\/citi-bike-rental-miami-beach-3-200x300.jpg\" \/>\n<meta name=\"twitter:card\" content=\"summary\" \/>\n<meta name=\"twitter:label1\" content=\"Tiempo de lectura\" \/>\n\t<meta name=\"twitter:data1\" content=\"1 minuto\" \/>\n<script type=\"application\/ld+json\" class=\"yoast-schema-graph\">{\"@context\":\"https:\/\/schema.org\",\"@graph\":[{\"@type\":\"WebSite\",\"@id\":\"https:\/\/enjoymiamibeach.com\/espanol\/#website\",\"url\":\"https:\/\/enjoymiamibeach.com\/espanol\/\",\"name\":\"ENJOY MIAMI BEACH\",\"description\":\"Miami Beach informaci\u00f3n para el turista - precios de taxi - Ocean DR - Lincoln RD\",\"potentialAction\":[{\"@type\":\"SearchAction\",\"target\":{\"@type\":\"EntryPoint\",\"urlTemplate\":\"https:\/\/enjoymiamibeach.com\/espanol\/?s={search_term_string}\"},\"query-input\":\"required name=search_term_string\"}],\"inLanguage\":\"es\"},{\"@type\":\"WebPage\",\"@id\":\"https:\/\/enjoymiamibeach.com\/espanol\/citi-bike\/#webpage\",\"url\":\"https:\/\/enjoymiamibeach.com\/espanol\/citi-bike\/\",\"name\":\"Citi Bike \/ Bicicletas Citi - ENJOY MIAMI BEACH\",\"isPartOf\":{\"@id\":\"https:\/\/enjoymiamibeach.com\/espanol\/#website\"},\"datePublished\":\"2016-07-05T23:03:26+00:00\",\"dateModified\":\"2019-12-22T19:17:11+00:00\",\"breadcrumb\":{\"@id\":\"https:\/\/enjoymiamibeach.com\/espanol\/citi-bike\/#breadcrumb\"},\"inLanguage\":\"es\",\"potentialAction\":[{\"@type\":\"ReadAction\",\"target\":[\"https:\/\/enjoymiamibeach.com\/espanol\/citi-bike\/\"]}]},{\"@type\":\"BreadcrumbList\",\"@id\":\"https:\/\/enjoymiamibeach.com\/espanol\/citi-bike\/#breadcrumb\",\"itemListElement\":[{\"@type\":\"ListItem\",\"position\":1,\"name\":\"Home\",\"item\":\"https:\/\/enjoymiamibeach.com\/espanol\/\"},{\"@type\":\"ListItem\",\"position\":2,\"name\":\"Citi Bike \/ Bicicletas Citi\"}]}]}<\/script>\n<!-- \/ Yoast SEO plugin. -->","yoast_head_json":{"title":"Citi Bike \/ Bicicletas Citi - ENJOY MIAMI BEACH","robots":{"index":"index","follow":"follow","max-snippet":"max-snippet:-1","max-image-preview":"max-image-preview:large","max-video-preview":"max-video-preview:-1"},"canonical":"https:\/\/enjoymiamibeach.com\/espanol\/citi-bike\/","og_locale":"es_ES","og_type":"article","og_title":"Citi Bike \/ Bicicletas Citi - ENJOY MIAMI BEACH","og_description":"Citi Bike (anteriormente conocida como DecoBike, que es la compa\u00f1\u00eda que opera el servicio en Miami) es un gran concepto. Funciona as\u00ed: Puedes alquilar las bicicletas por 30 minutos, 1 hora, 2 horas, 4 horas o un d\u00eda entero. Tambi\u00e9n puedes obtener un pase mensual. Read More ...","og_url":"https:\/\/enjoymiamibeach.com\/espanol\/citi-bike\/","og_site_name":"ENJOY MIAMI BEACH","article_modified_time":"2019-12-22T19:17:11+00:00","og_image":[{"url":"https:\/\/enjoymiamibeach.com\/espanol\/wp-content\/uploads\/2016\/07\/citi-bike-rental-miami-beach-3-200x300.jpg"}],"twitter_card":"summary","twitter_misc":{"Tiempo de lectura":"1 minuto"},"schema":{"@context":"https:\/\/schema.org","@graph":[{"@type":"WebSite","@id":"https:\/\/enjoymiamibeach.com\/espanol\/#website","url":"https:\/\/enjoymiamibeach.com\/espanol\/","name":"ENJOY MIAMI BEACH","description":"Miami Beach informaci\u00f3n para el turista - precios de taxi - Ocean DR - Lincoln RD","potentialAction":[{"@type":"SearchAction","target":{"@type":"EntryPoint","urlTemplate":"https:\/\/enjoymiamibeach.com\/espanol\/?s={search_term_string}"},"query-input":"required name=search_term_string"}],"inLanguage":"es"},{"@type":"WebPage","@id":"https:\/\/enjoymiamibeach.com\/espanol\/citi-bike\/#webpage","url":"https:\/\/enjoymiamibeach.com\/espanol\/citi-bike\/","name":"Citi Bike \/ Bicicletas Citi - ENJOY MIAMI BEACH","isPartOf":{"@id":"https:\/\/enjoymiamibeach.com\/espanol\/#website"},"datePublished":"2016-07-05T23:03:26+00:00","dateModified":"2019-12-22T19:17:11+00:00","breadcrumb":{"@id":"https:\/\/enjoymiamibeach.com\/espanol\/citi-bike\/#breadcrumb"},"inLanguage":"es","potentialAction":[{"@type":"ReadAction","target":["https:\/\/enjoymiamibeach.com\/espanol\/citi-bike\/"]}]},{"@type":"BreadcrumbList","@id":"https:\/\/enjoymiamibeach.com\/espanol\/citi-bike\/#breadcrumb","itemListElement":[{"@type":"ListItem","position":1,"name":"Home","item":"https:\/\/enjoymiamibeach.com\/espanol\/"},{"@type":"ListItem","position":2,"name":"Citi Bike \/ Bicicletas Citi"}]}]}},"_links":{"self":[{"href":"https:\/\/enjoymiamibeach.com\/espanol\/wp-json\/wp\/v2\/pages\/621"}],"collection":[{"href":"https:\/\/enjoymiamibeach.com\/espanol\/wp-json\/wp\/v2\/pages"}],"about":[{"href":"https:\/\/enjoymiamibeach.com\/espanol\/wp-json\/wp\/v2\/types\/page"}],"author":[{"embeddable":true,"href":"https:\/\/enjoymiamibeach.com\/espanol\/wp-json\/wp\/v2\/users\/2"}],"replies":[{"embeddable":true,"href":"https:\/\/enjoymiamibeach.com\/espanol\/wp-json\/wp\/v2\/comments?post=621"}],"version-history":[{"count":5,"href":"https:\/\/enjoymiamibeach.com\/espanol\/wp-json\/wp\/v2\/pages\/621\/revisions"}],"predecessor-version":[{"id":1367,"href":"https:\/\/enjoymiamibeach.com\/espanol\/wp-json\/wp\/v2\/pages\/621\/revisions\/1367"}],"wp:attachment":[{"href":"https:\/\/enjoymiamibeach.com\/espanol\/wp-json\/wp\/v2\/media?parent=621"}],"curies":[{"name":"wp","href":"https:\/\/api.w.org\/{rel}","templated":true}]}}