{"id":606,"date":"2016-06-15T19:35:03","date_gmt":"2016-06-16T00:35:03","guid":{"rendered":"https:\/\/enjoymiamibeach.com\/espanol\/?page_id=606"},"modified":"2019-12-29T13:16:49","modified_gmt":"2019-12-29T18:16:49","slug":"car-rentals-miami-beach","status":"publish","type":"page","link":"https:\/\/enjoymiamibeach.com\/espanol\/services\/car-rentals-miami-beach\/","title":{"rendered":"Alquiler de autos en Miami Beach"},"content":{"rendered":"<h3>\u00bfEst\u00e1s pensando en alquilar un auto \/ carro? Antes de darte la lista de empresas recomendadas, aqu\u00ed hay algunas cosas que debes considerar.<\/h3>\n<ol>\n<li>Encontrar un lugar para estacionar en South Beach a veces puede ser dif\u00edcil. Hay mucha gente y lugares limitados. (<a href=\"https:\/\/enjoymiamibeach.com\/espanol\/parking\/\" target=\"_blank\" rel=\"noopener noreferrer\">Mapa de opciones de parqueo en el \u00e1rea<\/a>)<\/li>\n<li>Siempre tienes que pagar. Ya sea parqueando en la calle, en los lotes p\u00fablicos o en garajes, igual te costar\u00e1 dinero. Adem\u00e1s, muchos hoteles no ofrecen estacionamiento. Ten eso en mente.<\/li>\n<li>La calle y los estacionamientos est\u00e1n medidos. Tendr\u00e1s que pagar antes de estacionar y agregar m\u00e1s dinero despu\u00e9s de un tiempo (<a href=\"https:\/\/www.youtube.com\/watch?v=EHPWnuLXbGU\" target=\"_blank\" rel=\"noopener noreferrer\">instrucciones sobre c\u00f3mo usar los parqu\u00edmetros aqu\u00ed<\/a>)<\/li>\n<li>Los garajes suelen ser la opci\u00f3n m\u00e1s barata. Pagas una vez que sacas el auto.<\/li>\n<li>El estacionamiento suele ser gratuito durante la noche (el horario var\u00eda seg\u00fan el \u00e1rea)<\/li>\n<li>Si planeas manejar fuera de Miami Beach, lo m\u00e1s probable es que necesites un <a href=\"https:\/\/www.sunpass.com\/howSunPassWorks\" target=\"_blank\" rel=\"noopener noreferrer\">SunPass<\/a> para pagar por los peajes.<\/li>\n<\/ol>\n<hr \/>\n<h4 id=\"where-to-rent-a-car\">D\u00f3nde alquilar tu auto:<\/h4>\n<p>Una forma econ\u00f3mica de rentar un autom\u00f3vil es hacerlo con una compa\u00f1\u00eda local. Estos son lugares m\u00e1s peque\u00f1os, con oficinas en el \u00e1rea y un n\u00famero limitado de veh\u00edculos. <strong>Las ventajas<\/strong>: los precios suelen ser m\u00e1s bajos y pueden incluso a veces darte un auto mejor por el mismo precio, o darte un descuento en tu GPS o <a href=\"https:\/\/www.sunpass.com\/howSunPassWorks\" target=\"_blank\" rel=\"noopener noreferrer\">SunPass<\/a>. Adem\u00e1s, muchas veces se ofrecen a recogerte en tu hotel para llevarte a su oficina, o traerte el autom\u00f3vil. <strong>Las contras<\/strong>: dado que se trata de empresas m\u00e1s peque\u00f1as, no podr\u00e1s dejar el autom\u00f3vil en el aeropuerto (en algunos casos te permitir\u00e1n hacerlo por un costo adicional)<\/p>\n<p>Nosotros recomendamos:<\/p>\n<p><strong>Miami Vice Sports Cars<\/strong><\/p>\n<p>To reserve call (305) 302-9745<\/p>\n<p>1343 Collins Ave &#8211; Miami Beach, FL 33139 (Clifton Hotel)<\/p>\n<p>miamivicesportscars@gmail.com<\/p>\n<hr \/>\n<h4>Empresas de alquiler de veh\u00edculos m\u00e1s grandes:<\/h4>\n<p><iframe loading=\"lazy\" src=\"https:\/\/www.google.com\/maps\/d\/embed?mid=1ePLQcH1UQj0S0sSAvP6c828rpH4\" width=\"640\" height=\"480\"><\/iframe><\/p>\n","protected":false},"excerpt":{"rendered":"<p>\u00bfEst\u00e1s pensando en alquilar un auto \/ carro? Antes de darte la lista de empresas recomendadas, aqu\u00ed hay algunas cosas que debes considerar. Encontrar un lugar para estacionar en South Beach a veces puede ser dif\u00edcil. Hay mucha gente y lugares limitados. (Mapa de opciones <a class=\"more-link\" href=\"https:\/\/enjoymiamibeach.com\/espanol\/services\/car-rentals-miami-beach\/\">Read More &#8230;<\/a><\/p>\n","protected":false},"author":2,"featured_media":0,"parent":71,"menu_order":0,"comment_status":"closed","ping_status":"closed","template":"","meta":[],"yoast_head":"<!-- This site is optimized with the Yoast SEO plugin v18.8 - https:\/\/yoast.com\/wordpress\/plugins\/seo\/ -->\n<title>Alquiler de autos en Miami Beach - ENJOY MIAMI BEACH<\/title>\n<meta name=\"robots\" content=\"index, follow, max-snippet:-1, max-image-preview:large, max-video-preview:-1\" \/>\n<link rel=\"canonical\" href=\"https:\/\/enjoymiamibeach.com\/espanol\/services\/car-rentals-miami-beach\/\" \/>\n<meta property=\"og:locale\" content=\"es_ES\" \/>\n<meta property=\"og:type\" content=\"article\" \/>\n<meta property=\"og:title\" content=\"Alquiler de autos en Miami Beach - ENJOY MIAMI BEACH\" \/>\n<meta property=\"og:description\" content=\"\u00bfEst\u00e1s pensando en alquilar un auto \/ carro? Antes de darte la lista de empresas recomendadas, aqu\u00ed hay algunas cosas que debes considerar. Encontrar un lugar para estacionar en South Beach a veces puede ser dif\u00edcil. Hay mucha gente y lugares limitados. (Mapa de opciones Read More ...\" \/>\n<meta property=\"og:url\" content=\"https:\/\/enjoymiamibeach.com\/espanol\/services\/car-rentals-miami-beach\/\" \/>\n<meta property=\"og:site_name\" content=\"ENJOY MIAMI BEACH\" \/>\n<meta property=\"article:modified_time\" content=\"2019-12-29T18:16:49+00:00\" \/>\n<meta name=\"twitter:card\" content=\"summary\" \/>\n<meta name=\"twitter:label1\" content=\"Tiempo de lectura\" \/>\n\t<meta name=\"twitter:data1\" content=\"2 minutos\" \/>\n<script type=\"application\/ld+json\" class=\"yoast-schema-graph\">{\"@context\":\"https:\/\/schema.org\",\"@graph\":[{\"@type\":\"WebSite\",\"@id\":\"https:\/\/enjoymiamibeach.com\/espanol\/#website\",\"url\":\"https:\/\/enjoymiamibeach.com\/espanol\/\",\"name\":\"ENJOY MIAMI BEACH\",\"description\":\"Miami Beach informaci\u00f3n para el turista - precios de taxi - Ocean DR - Lincoln RD\",\"potentialAction\":[{\"@type\":\"SearchAction\",\"target\":{\"@type\":\"EntryPoint\",\"urlTemplate\":\"https:\/\/enjoymiamibeach.com\/espanol\/?s={search_term_string}\"},\"query-input\":\"required name=search_term_string\"}],\"inLanguage\":\"es\"},{\"@type\":\"WebPage\",\"@id\":\"https:\/\/enjoymiamibeach.com\/espanol\/services\/car-rentals-miami-beach\/#webpage\",\"url\":\"https:\/\/enjoymiamibeach.com\/espanol\/services\/car-rentals-miami-beach\/\",\"name\":\"Alquiler de autos en Miami Beach - ENJOY MIAMI BEACH\",\"isPartOf\":{\"@id\":\"https:\/\/enjoymiamibeach.com\/espanol\/#website\"},\"datePublished\":\"2016-06-16T00:35:03+00:00\",\"dateModified\":\"2019-12-29T18:16:49+00:00\",\"breadcrumb\":{\"@id\":\"https:\/\/enjoymiamibeach.com\/espanol\/services\/car-rentals-miami-beach\/#breadcrumb\"},\"inLanguage\":\"es\",\"potentialAction\":[{\"@type\":\"ReadAction\",\"target\":[\"https:\/\/enjoymiamibeach.com\/espanol\/services\/car-rentals-miami-beach\/\"]}]},{\"@type\":\"BreadcrumbList\",\"@id\":\"https:\/\/enjoymiamibeach.com\/espanol\/services\/car-rentals-miami-beach\/#breadcrumb\",\"itemListElement\":[{\"@type\":\"ListItem\",\"position\":1,\"name\":\"Home\",\"item\":\"https:\/\/enjoymiamibeach.com\/espanol\/\"},{\"@type\":\"ListItem\",\"position\":2,\"name\":\"Servicios\",\"item\":\"https:\/\/enjoymiamibeach.com\/espanol\/services\/\"},{\"@type\":\"ListItem\",\"position\":3,\"name\":\"Alquiler de autos en Miami Beach\"}]}]}<\/script>\n<!-- \/ Yoast SEO plugin. -->","yoast_head_json":{"title":"Alquiler de autos en Miami Beach - ENJOY MIAMI BEACH","robots":{"index":"index","follow":"follow","max-snippet":"max-snippet:-1","max-image-preview":"max-image-preview:large","max-video-preview":"max-video-preview:-1"},"canonical":"https:\/\/enjoymiamibeach.com\/espanol\/services\/car-rentals-miami-beach\/","og_locale":"es_ES","og_type":"article","og_title":"Alquiler de autos en Miami Beach - ENJOY MIAMI BEACH","og_description":"\u00bfEst\u00e1s pensando en alquilar un auto \/ carro? Antes de darte la lista de empresas recomendadas, aqu\u00ed hay algunas cosas que debes considerar. Encontrar un lugar para estacionar en South Beach a veces puede ser dif\u00edcil. Hay mucha gente y lugares limitados. (Mapa de opciones Read More ...","og_url":"https:\/\/enjoymiamibeach.com\/espanol\/services\/car-rentals-miami-beach\/","og_site_name":"ENJOY MIAMI BEACH","article_modified_time":"2019-12-29T18:16:49+00:00","twitter_card":"summary","twitter_misc":{"Tiempo de lectura":"2 minutos"},"schema":{"@context":"https:\/\/schema.org","@graph":[{"@type":"WebSite","@id":"https:\/\/enjoymiamibeach.com\/espanol\/#website","url":"https:\/\/enjoymiamibeach.com\/espanol\/","name":"ENJOY MIAMI BEACH","description":"Miami Beach informaci\u00f3n para el turista - precios de taxi - Ocean DR - Lincoln RD","potentialAction":[{"@type":"SearchAction","target":{"@type":"EntryPoint","urlTemplate":"https:\/\/enjoymiamibeach.com\/espanol\/?s={search_term_string}"},"query-input":"required name=search_term_string"}],"inLanguage":"es"},{"@type":"WebPage","@id":"https:\/\/enjoymiamibeach.com\/espanol\/services\/car-rentals-miami-beach\/#webpage","url":"https:\/\/enjoymiamibeach.com\/espanol\/services\/car-rentals-miami-beach\/","name":"Alquiler de autos en Miami Beach - ENJOY MIAMI BEACH","isPartOf":{"@id":"https:\/\/enjoymiamibeach.com\/espanol\/#website"},"datePublished":"2016-06-16T00:35:03+00:00","dateModified":"2019-12-29T18:16:49+00:00","breadcrumb":{"@id":"https:\/\/enjoymiamibeach.com\/espanol\/services\/car-rentals-miami-beach\/#breadcrumb"},"inLanguage":"es","potentialAction":[{"@type":"ReadAction","target":["https:\/\/enjoymiamibeach.com\/espanol\/services\/car-rentals-miami-beach\/"]}]},{"@type":"BreadcrumbList","@id":"https:\/\/enjoymiamibeach.com\/espanol\/services\/car-rentals-miami-beach\/#breadcrumb","itemListElement":[{"@type":"ListItem","position":1,"name":"Home","item":"https:\/\/enjoymiamibeach.com\/espanol\/"},{"@type":"ListItem","position":2,"name":"Servicios","item":"https:\/\/enjoymiamibeach.com\/espanol\/services\/"},{"@type":"ListItem","position":3,"name":"Alquiler de autos en Miami Beach"}]}]}},"_links":{"self":[{"href":"https:\/\/enjoymiamibeach.com\/espanol\/wp-json\/wp\/v2\/pages\/606"}],"collection":[{"href":"https:\/\/enjoymiamibeach.com\/espanol\/wp-json\/wp\/v2\/pages"}],"about":[{"href":"https:\/\/enjoymiamibeach.com\/espanol\/wp-json\/wp\/v2\/types\/page"}],"author":[{"embeddable":true,"href":"https:\/\/enjoymiamibeach.com\/espanol\/wp-json\/wp\/v2\/users\/2"}],"replies":[{"embeddable":true,"href":"https:\/\/enjoymiamibeach.com\/espanol\/wp-json\/wp\/v2\/comments?post=606"}],"version-history":[{"count":19,"href":"https:\/\/enjoymiamibeach.com\/espanol\/wp-json\/wp\/v2\/pages\/606\/revisions"}],"predecessor-version":[{"id":1418,"href":"https:\/\/enjoymiamibeach.com\/espanol\/wp-json\/wp\/v2\/pages\/606\/revisions\/1418"}],"up":[{"embeddable":true,"href":"https:\/\/enjoymiamibeach.com\/espanol\/wp-json\/wp\/v2\/pages\/71"}],"wp:attachment":[{"href":"https:\/\/enjoymiamibeach.com\/espanol\/wp-json\/wp\/v2\/media?parent=606"}],"curies":[{"name":"wp","href":"https:\/\/api.w.org\/{rel}","templated":true}]}}