{"id":580,"date":"2016-06-06T18:18:25","date_gmt":"2016-06-06T23:18:25","guid":{"rendered":"https:\/\/enjoymiamibeach.com\/espanol\/?page_id=580"},"modified":"2019-11-30T18:48:48","modified_gmt":"2019-11-30T23:48:48","slug":"art-deco-museum-visitor-center-miami-beach","status":"publish","type":"page","link":"https:\/\/enjoymiamibeach.com\/espanol\/activities\/art-deco-museum-visitor-center-miami-beach\/","title":{"rendered":"Museo Art Deco"},"content":{"rendered":"<p>No es realmente un museo, sino un centro de informaci\u00f3n con una tienda de souvenirs. Vis\u00edtalo, compra algunos souvenirs interesantes y reserva un tour por el <a href=\"https:\/\/enjoymiamibeach.com\/espanol\/tours\/art-deco-walking-tour\/\">distrito Art Deco de Miami Beach<\/a>.<\/p>\n\n\t\t<style type=\"text\/css\">\n\t\t\t#gallery-1 {\n\t\t\t\tmargin: auto;\n\t\t\t}\n\t\t\t#gallery-1 .gallery-item {\n\t\t\t\tfloat: left;\n\t\t\t\tmargin-top: 10px;\n\t\t\t\ttext-align: center;\n\t\t\t\twidth: 33%;\n\t\t\t}\n\t\t\t#gallery-1 img {\n\t\t\t\tborder: 2px solid #cfcfcf;\n\t\t\t}\n\t\t\t#gallery-1 .gallery-caption {\n\t\t\t\tmargin-left: 0;\n\t\t\t}\n\t\t\t\/* see gallery_shortcode() in wp-includes\/media.php *\/\n\t\t<\/style>\n\t\t<div id='gallery-1' class='gallery galleryid-580 gallery-columns-3 gallery-size-medium'><dl class='gallery-item'>\n\t\t\t<dt class='gallery-icon landscape'>\n\t\t\t\t<a href='https:\/\/enjoymiamibeach.com\/espanol\/activities\/art-deco-museum-visitor-center-miami-beach\/art-deco-museum-visitor-center-miami-beach\/#main'><img width=\"300\" height=\"186\" src=\"https:\/\/enjoymiamibeach.com\/espanol\/wp-content\/uploads\/2016\/06\/art-deco-museum-visitor-center-miami-beach-300x186.jpg\" class=\"attachment-medium size-medium\" alt=\"art deco museum visitor center miami beach\" loading=\"lazy\" srcset=\"https:\/\/enjoymiamibeach.com\/espanol\/wp-content\/uploads\/2016\/06\/art-deco-museum-visitor-center-miami-beach-300x186.jpg 300w, https:\/\/enjoymiamibeach.com\/espanol\/wp-content\/uploads\/2016\/06\/art-deco-museum-visitor-center-miami-beach-768x475.jpg 768w, https:\/\/enjoymiamibeach.com\/espanol\/wp-content\/uploads\/2016\/06\/art-deco-museum-visitor-center-miami-beach-1024x633.jpg 1024w, https:\/\/enjoymiamibeach.com\/espanol\/wp-content\/uploads\/2016\/06\/art-deco-museum-visitor-center-miami-beach.jpg 2000w\" sizes=\"(max-width: 300px) 100vw, 300px\" \/><\/a>\n\t\t\t<\/dt><\/dl><dl class='gallery-item'>\n\t\t\t<dt class='gallery-icon landscape'>\n\t\t\t\t<a href='https:\/\/enjoymiamibeach.com\/espanol\/activities\/art-deco-museum-visitor-center-miami-beach\/art-deco-museum-visitor-center-miami-beach-3\/#main'><img width=\"300\" height=\"186\" src=\"https:\/\/enjoymiamibeach.com\/espanol\/wp-content\/uploads\/2016\/06\/art-deco-museum-visitor-center-miami-beach-3-300x186.jpg\" class=\"attachment-medium size-medium\" alt=\"Art Deco Museum Visitor Center Miami Beach\" loading=\"lazy\" srcset=\"https:\/\/enjoymiamibeach.com\/espanol\/wp-content\/uploads\/2016\/06\/art-deco-museum-visitor-center-miami-beach-3-300x186.jpg 300w, https:\/\/enjoymiamibeach.com\/espanol\/wp-content\/uploads\/2016\/06\/art-deco-museum-visitor-center-miami-beach-3-768x475.jpg 768w, https:\/\/enjoymiamibeach.com\/espanol\/wp-content\/uploads\/2016\/06\/art-deco-museum-visitor-center-miami-beach-3-1024x633.jpg 1024w, https:\/\/enjoymiamibeach.com\/espanol\/wp-content\/uploads\/2016\/06\/art-deco-museum-visitor-center-miami-beach-3.jpg 2000w\" sizes=\"(max-width: 300px) 100vw, 300px\" \/><\/a>\n\t\t\t<\/dt><\/dl><dl class='gallery-item'>\n\t\t\t<dt class='gallery-icon landscape'>\n\t\t\t\t<a href='https:\/\/enjoymiamibeach.com\/espanol\/activities\/art-deco-museum-visitor-center-miami-beach\/art-deco-museum-visitor-center-miami-beach-2\/#main'><img width=\"300\" height=\"186\" src=\"https:\/\/enjoymiamibeach.com\/espanol\/wp-content\/uploads\/2016\/06\/art-deco-museum-visitor-center-miami-beach-2-300x186.jpg\" class=\"attachment-medium size-medium\" alt=\"art deco museum visitor center miami beach\" loading=\"lazy\" srcset=\"https:\/\/enjoymiamibeach.com\/espanol\/wp-content\/uploads\/2016\/06\/art-deco-museum-visitor-center-miami-beach-2-300x186.jpg 300w, https:\/\/enjoymiamibeach.com\/espanol\/wp-content\/uploads\/2016\/06\/art-deco-museum-visitor-center-miami-beach-2-768x475.jpg 768w, https:\/\/enjoymiamibeach.com\/espanol\/wp-content\/uploads\/2016\/06\/art-deco-museum-visitor-center-miami-beach-2-1024x633.jpg 1024w, https:\/\/enjoymiamibeach.com\/espanol\/wp-content\/uploads\/2016\/06\/art-deco-museum-visitor-center-miami-beach-2.jpg 2000w\" sizes=\"(max-width: 300px) 100vw, 300px\" \/><\/a>\n\t\t\t<\/dt><\/dl><br style=\"clear: both\" \/>\n\t\t<\/div>\n\n<p>Para m\u00e1s informaci\u00f3n sobre el Museo Art Deco en Miami Beach visita <a href=\"http:\/\/www.mdpl.org\/welcome-center\/art-deco-museum\/\" target=\"_blank\" rel=\"noopener noreferrer\">www.mdpl.org<\/a><\/p>\n","protected":false},"excerpt":{"rendered":"<p>No es realmente un museo, sino un centro de informaci\u00f3n con una tienda de souvenirs. Vis\u00edtalo, compra algunos souvenirs interesantes y reserva un tour por el distrito Art Deco de Miami Beach. Para m\u00e1s informaci\u00f3n sobre el Museo Art Deco en Miami Beach visita www.mdpl.org<\/p>\n","protected":false},"author":2,"featured_media":878,"parent":69,"menu_order":0,"comment_status":"closed","ping_status":"closed","template":"","meta":[],"yoast_head":"<!-- This site is optimized with the Yoast SEO plugin v18.8 - https:\/\/yoast.com\/wordpress\/plugins\/seo\/ -->\n<title>Museo Art Deco - ENJOY MIAMI BEACH<\/title>\n<meta name=\"robots\" content=\"index, follow, max-snippet:-1, max-image-preview:large, max-video-preview:-1\" \/>\n<link rel=\"canonical\" href=\"https:\/\/enjoymiamibeach.com\/espanol\/activities\/art-deco-museum-visitor-center-miami-beach\/\" \/>\n<meta property=\"og:locale\" content=\"es_ES\" \/>\n<meta property=\"og:type\" content=\"article\" \/>\n<meta property=\"og:title\" content=\"Museo Art Deco - ENJOY MIAMI BEACH\" \/>\n<meta property=\"og:description\" content=\"No es realmente un museo, sino un centro de informaci\u00f3n con una tienda de souvenirs. Vis\u00edtalo, compra algunos souvenirs interesantes y reserva un tour por el distrito Art Deco de Miami Beach. Para m\u00e1s informaci\u00f3n sobre el Museo Art Deco en Miami Beach visita www.mdpl.org\" \/>\n<meta property=\"og:url\" content=\"https:\/\/enjoymiamibeach.com\/espanol\/activities\/art-deco-museum-visitor-center-miami-beach\/\" \/>\n<meta property=\"og:site_name\" content=\"ENJOY MIAMI BEACH\" \/>\n<meta property=\"article:modified_time\" content=\"2019-11-30T23:48:48+00:00\" \/>\n<meta property=\"og:image\" content=\"https:\/\/enjoymiamibeach.com\/espanol\/wp-content\/uploads\/2016\/06\/art-deco-museum-visitor-center-miami-beach.jpg\" \/>\n\t<meta property=\"og:image:width\" content=\"2000\" \/>\n\t<meta property=\"og:image:height\" content=\"1237\" \/>\n\t<meta property=\"og:image:type\" content=\"image\/jpeg\" \/>\n<meta name=\"twitter:card\" content=\"summary\" \/>\n<script type=\"application\/ld+json\" class=\"yoast-schema-graph\">{\"@context\":\"https:\/\/schema.org\",\"@graph\":[{\"@type\":\"WebSite\",\"@id\":\"https:\/\/enjoymiamibeach.com\/espanol\/#website\",\"url\":\"https:\/\/enjoymiamibeach.com\/espanol\/\",\"name\":\"ENJOY MIAMI BEACH\",\"description\":\"Miami Beach informaci\u00f3n para el turista - precios de taxi - Ocean DR - Lincoln RD\",\"potentialAction\":[{\"@type\":\"SearchAction\",\"target\":{\"@type\":\"EntryPoint\",\"urlTemplate\":\"https:\/\/enjoymiamibeach.com\/espanol\/?s={search_term_string}\"},\"query-input\":\"required name=search_term_string\"}],\"inLanguage\":\"es\"},{\"@type\":\"ImageObject\",\"inLanguage\":\"es\",\"@id\":\"https:\/\/enjoymiamibeach.com\/espanol\/activities\/art-deco-museum-visitor-center-miami-beach\/#primaryimage\",\"url\":\"https:\/\/enjoymiamibeach.com\/espanol\/wp-content\/uploads\/2016\/06\/art-deco-museum-visitor-center-miami-beach.jpg\",\"contentUrl\":\"https:\/\/enjoymiamibeach.com\/espanol\/wp-content\/uploads\/2016\/06\/art-deco-museum-visitor-center-miami-beach.jpg\",\"width\":2000,\"height\":1237,\"caption\":\"art deco museum visitor center miami beach\"},{\"@type\":\"WebPage\",\"@id\":\"https:\/\/enjoymiamibeach.com\/espanol\/activities\/art-deco-museum-visitor-center-miami-beach\/#webpage\",\"url\":\"https:\/\/enjoymiamibeach.com\/espanol\/activities\/art-deco-museum-visitor-center-miami-beach\/\",\"name\":\"Museo Art Deco - ENJOY MIAMI BEACH\",\"isPartOf\":{\"@id\":\"https:\/\/enjoymiamibeach.com\/espanol\/#website\"},\"primaryImageOfPage\":{\"@id\":\"https:\/\/enjoymiamibeach.com\/espanol\/activities\/art-deco-museum-visitor-center-miami-beach\/#primaryimage\"},\"datePublished\":\"2016-06-06T23:18:25+00:00\",\"dateModified\":\"2019-11-30T23:48:48+00:00\",\"breadcrumb\":{\"@id\":\"https:\/\/enjoymiamibeach.com\/espanol\/activities\/art-deco-museum-visitor-center-miami-beach\/#breadcrumb\"},\"inLanguage\":\"es\",\"potentialAction\":[{\"@type\":\"ReadAction\",\"target\":[\"https:\/\/enjoymiamibeach.com\/espanol\/activities\/art-deco-museum-visitor-center-miami-beach\/\"]}]},{\"@type\":\"BreadcrumbList\",\"@id\":\"https:\/\/enjoymiamibeach.com\/espanol\/activities\/art-deco-museum-visitor-center-miami-beach\/#breadcrumb\",\"itemListElement\":[{\"@type\":\"ListItem\",\"position\":1,\"name\":\"Home\",\"item\":\"https:\/\/enjoymiamibeach.com\/espanol\/\"},{\"@type\":\"ListItem\",\"position\":2,\"name\":\"Actividades\",\"item\":\"https:\/\/enjoymiamibeach.com\/espanol\/activities\/\"},{\"@type\":\"ListItem\",\"position\":3,\"name\":\"Museo Art Deco\"}]}]}<\/script>\n<!-- \/ Yoast SEO plugin. -->","yoast_head_json":{"title":"Museo Art Deco - ENJOY MIAMI BEACH","robots":{"index":"index","follow":"follow","max-snippet":"max-snippet:-1","max-image-preview":"max-image-preview:large","max-video-preview":"max-video-preview:-1"},"canonical":"https:\/\/enjoymiamibeach.com\/espanol\/activities\/art-deco-museum-visitor-center-miami-beach\/","og_locale":"es_ES","og_type":"article","og_title":"Museo Art Deco - ENJOY MIAMI BEACH","og_description":"No es realmente un museo, sino un centro de informaci\u00f3n con una tienda de souvenirs. Vis\u00edtalo, compra algunos souvenirs interesantes y reserva un tour por el distrito Art Deco de Miami Beach. Para m\u00e1s informaci\u00f3n sobre el Museo Art Deco en Miami Beach visita www.mdpl.org","og_url":"https:\/\/enjoymiamibeach.com\/espanol\/activities\/art-deco-museum-visitor-center-miami-beach\/","og_site_name":"ENJOY MIAMI BEACH","article_modified_time":"2019-11-30T23:48:48+00:00","og_image":[{"width":2000,"height":1237,"url":"https:\/\/enjoymiamibeach.com\/espanol\/wp-content\/uploads\/2016\/06\/art-deco-museum-visitor-center-miami-beach.jpg","type":"image\/jpeg"}],"twitter_card":"summary","schema":{"@context":"https:\/\/schema.org","@graph":[{"@type":"WebSite","@id":"https:\/\/enjoymiamibeach.com\/espanol\/#website","url":"https:\/\/enjoymiamibeach.com\/espanol\/","name":"ENJOY MIAMI BEACH","description":"Miami Beach informaci\u00f3n para el turista - precios de taxi - Ocean DR - Lincoln RD","potentialAction":[{"@type":"SearchAction","target":{"@type":"EntryPoint","urlTemplate":"https:\/\/enjoymiamibeach.com\/espanol\/?s={search_term_string}"},"query-input":"required name=search_term_string"}],"inLanguage":"es"},{"@type":"ImageObject","inLanguage":"es","@id":"https:\/\/enjoymiamibeach.com\/espanol\/activities\/art-deco-museum-visitor-center-miami-beach\/#primaryimage","url":"https:\/\/enjoymiamibeach.com\/espanol\/wp-content\/uploads\/2016\/06\/art-deco-museum-visitor-center-miami-beach.jpg","contentUrl":"https:\/\/enjoymiamibeach.com\/espanol\/wp-content\/uploads\/2016\/06\/art-deco-museum-visitor-center-miami-beach.jpg","width":2000,"height":1237,"caption":"art deco museum visitor center miami beach"},{"@type":"WebPage","@id":"https:\/\/enjoymiamibeach.com\/espanol\/activities\/art-deco-museum-visitor-center-miami-beach\/#webpage","url":"https:\/\/enjoymiamibeach.com\/espanol\/activities\/art-deco-museum-visitor-center-miami-beach\/","name":"Museo Art Deco - ENJOY MIAMI BEACH","isPartOf":{"@id":"https:\/\/enjoymiamibeach.com\/espanol\/#website"},"primaryImageOfPage":{"@id":"https:\/\/enjoymiamibeach.com\/espanol\/activities\/art-deco-museum-visitor-center-miami-beach\/#primaryimage"},"datePublished":"2016-06-06T23:18:25+00:00","dateModified":"2019-11-30T23:48:48+00:00","breadcrumb":{"@id":"https:\/\/enjoymiamibeach.com\/espanol\/activities\/art-deco-museum-visitor-center-miami-beach\/#breadcrumb"},"inLanguage":"es","potentialAction":[{"@type":"ReadAction","target":["https:\/\/enjoymiamibeach.com\/espanol\/activities\/art-deco-museum-visitor-center-miami-beach\/"]}]},{"@type":"BreadcrumbList","@id":"https:\/\/enjoymiamibeach.com\/espanol\/activities\/art-deco-museum-visitor-center-miami-beach\/#breadcrumb","itemListElement":[{"@type":"ListItem","position":1,"name":"Home","item":"https:\/\/enjoymiamibeach.com\/espanol\/"},{"@type":"ListItem","position":2,"name":"Actividades","item":"https:\/\/enjoymiamibeach.com\/espanol\/activities\/"},{"@type":"ListItem","position":3,"name":"Museo Art Deco"}]}]}},"_links":{"self":[{"href":"https:\/\/enjoymiamibeach.com\/espanol\/wp-json\/wp\/v2\/pages\/580"}],"collection":[{"href":"https:\/\/enjoymiamibeach.com\/espanol\/wp-json\/wp\/v2\/pages"}],"about":[{"href":"https:\/\/enjoymiamibeach.com\/espanol\/wp-json\/wp\/v2\/types\/page"}],"author":[{"embeddable":true,"href":"https:\/\/enjoymiamibeach.com\/espanol\/wp-json\/wp\/v2\/users\/2"}],"replies":[{"embeddable":true,"href":"https:\/\/enjoymiamibeach.com\/espanol\/wp-json\/wp\/v2\/comments?post=580"}],"version-history":[{"count":8,"href":"https:\/\/enjoymiamibeach.com\/espanol\/wp-json\/wp\/v2\/pages\/580\/revisions"}],"predecessor-version":[{"id":1330,"href":"https:\/\/enjoymiamibeach.com\/espanol\/wp-json\/wp\/v2\/pages\/580\/revisions\/1330"}],"up":[{"embeddable":true,"href":"https:\/\/enjoymiamibeach.com\/espanol\/wp-json\/wp\/v2\/pages\/69"}],"wp:featuredmedia":[{"embeddable":true,"href":"https:\/\/enjoymiamibeach.com\/espanol\/wp-json\/wp\/v2\/media\/878"}],"wp:attachment":[{"href":"https:\/\/enjoymiamibeach.com\/espanol\/wp-json\/wp\/v2\/media?parent=580"}],"curies":[{"name":"wp","href":"https:\/\/api.w.org\/{rel}","templated":true}]}}