{"id":551,"date":"2016-06-02T19:14:24","date_gmt":"2016-06-03T00:14:24","guid":{"rendered":"https:\/\/enjoymiamibeach.com\/espanol\/?page_id=551"},"modified":"2019-12-22T11:17:46","modified_gmt":"2019-12-22T16:17:46","slug":"parasailing-miami-beach","status":"publish","type":"page","link":"https:\/\/enjoymiamibeach.com\/espanol\/activities\/parasailing-miami-beach\/","title":{"rendered":"Parasailing"},"content":{"rendered":"<p><img loading=\"lazy\" class=\"alignnone size-large wp-image-895\" src=\"https:\/\/enjoymiamibeach.com\/espanol\/wp-content\/uploads\/2016\/03\/Activities-Parasailing-Miami-Beach-1024x633.jpg\" alt=\"Activities Parasailing Miami Beach\" width=\"880\" height=\"544\" srcset=\"https:\/\/enjoymiamibeach.com\/espanol\/wp-content\/uploads\/2016\/03\/Activities-Parasailing-Miami-Beach-1024x633.jpg 1024w, https:\/\/enjoymiamibeach.com\/espanol\/wp-content\/uploads\/2016\/03\/Activities-Parasailing-Miami-Beach-300x185.jpg 300w, https:\/\/enjoymiamibeach.com\/espanol\/wp-content\/uploads\/2016\/03\/Activities-Parasailing-Miami-Beach-768x475.jpg 768w, https:\/\/enjoymiamibeach.com\/espanol\/wp-content\/uploads\/2016\/03\/Activities-Parasailing-Miami-Beach.jpg 2000w\" sizes=\"(max-width: 880px) 100vw, 880px\" \/><\/p>\n<p>Vuela sobre las hermosas aguas cristalinas de South Beach con South Beach Parasail. Son dedicados y profesionales. Los comentarios hablan por s\u00ed mismos: puedes leerlos en <a href=\"https:\/\/www.tripadvisor.com\/Attraction_Review-g34439-d2041941-Reviews-South_Beach_Parasail-Miami_Beach_Florida.html\" target=\"_blank\" rel=\"noopener noreferrer\">Tripadvisor<\/a>.<\/p>\n<p>South Beach Parasail est\u00e1 ubicado justo en la playa detr\u00e1s del Hotel Loews (<a href=\"https:\/\/drive.google.com\/open?id=1X9X0M7cbpDAujjngNoCtS_-SeBg&amp;usp=sharing\" target=\"_blank\" rel=\"noopener noreferrer\">see map<\/a>) Busc\u00e1 las sombrillas rojas.<\/p>\n<p>Acerca de la experiencia:<\/p>\n<ul>\n<li>Los vuelos duran entre 10 y 15 minutos.<\/li>\n<li>Las sesiones de la ma\u00f1ana son m\u00e1s baratas que las otras (el precio es por persona, no por viaje).<\/li>\n<li>Tienes la opci\u00f3n de sumergirte en el agua o mantenerte seco.<\/li>\n<li>Puedes volar solo, de a dos o de a tres (aunque se aplican restricciones de peso)&nbsp;<\/li>\n<li>Alcanzar\u00e1s alturas de entre 350 y 400 pies<\/li>\n<\/ul>\n<p>Respuestas a otras preguntas frecuentes <a href=\"http:\/\/www.miamibeachparasail.com\/faq\/\" target=\"_blank\" rel=\"noopener noreferrer\">aqu\u00ed<\/a>.<\/p>\n<p>Para m\u00e1s informaci\u00f3n, visita: <a href=\"http:\/\/www.miamibeachparasail.com\/\" target=\"_blank\" rel=\"noopener noreferrer\">South Beach Parasail<\/a>.<\/p>\n\n\n<p><\/p>\n","protected":false},"excerpt":{"rendered":"<p>Vuela sobre las hermosas aguas cristalinas de South Beach con South Beach Parasail. Son dedicados y profesionales. Los comentarios hablan por s\u00ed mismos: puedes leerlos en Tripadvisor. South Beach Parasail est\u00e1 ubicado justo en la playa detr\u00e1s del Hotel Loews (see map) Busc\u00e1 las sombrillas <a class=\"more-link\" href=\"https:\/\/enjoymiamibeach.com\/espanol\/activities\/parasailing-miami-beach\/\">Read More &#8230;<\/a><\/p>\n","protected":false},"author":2,"featured_media":895,"parent":69,"menu_order":0,"comment_status":"closed","ping_status":"closed","template":"","meta":[],"yoast_head":"<!-- This site is optimized with the Yoast SEO plugin v18.8 - https:\/\/yoast.com\/wordpress\/plugins\/seo\/ -->\n<title>Parasailing - ENJOY MIAMI BEACH<\/title>\n<meta name=\"robots\" content=\"index, follow, max-snippet:-1, max-image-preview:large, max-video-preview:-1\" \/>\n<link rel=\"canonical\" href=\"https:\/\/enjoymiamibeach.com\/espanol\/activities\/parasailing-miami-beach\/\" \/>\n<meta property=\"og:locale\" content=\"es_ES\" \/>\n<meta property=\"og:type\" content=\"article\" \/>\n<meta property=\"og:title\" content=\"Parasailing - ENJOY MIAMI BEACH\" \/>\n<meta property=\"og:description\" content=\"Vuela sobre las hermosas aguas cristalinas de South Beach con South Beach Parasail. Son dedicados y profesionales. Los comentarios hablan por s\u00ed mismos: puedes leerlos en Tripadvisor. South Beach Parasail est\u00e1 ubicado justo en la playa detr\u00e1s del Hotel Loews (see map) Busc\u00e1 las sombrillas Read More ...\" \/>\n<meta property=\"og:url\" content=\"https:\/\/enjoymiamibeach.com\/espanol\/activities\/parasailing-miami-beach\/\" \/>\n<meta property=\"og:site_name\" content=\"ENJOY MIAMI BEACH\" \/>\n<meta property=\"article:modified_time\" content=\"2019-12-22T16:17:46+00:00\" \/>\n<meta property=\"og:image\" content=\"https:\/\/enjoymiamibeach.com\/espanol\/wp-content\/uploads\/2016\/03\/Activities-Parasailing-Miami-Beach.jpg\" \/>\n\t<meta property=\"og:image:width\" content=\"2000\" \/>\n\t<meta property=\"og:image:height\" content=\"1236\" \/>\n\t<meta property=\"og:image:type\" content=\"image\/jpeg\" \/>\n<meta name=\"twitter:card\" content=\"summary\" \/>\n<meta name=\"twitter:label1\" content=\"Tiempo de lectura\" \/>\n\t<meta name=\"twitter:data1\" content=\"1 minuto\" \/>\n<script type=\"application\/ld+json\" class=\"yoast-schema-graph\">{\"@context\":\"https:\/\/schema.org\",\"@graph\":[{\"@type\":\"WebSite\",\"@id\":\"https:\/\/enjoymiamibeach.com\/espanol\/#website\",\"url\":\"https:\/\/enjoymiamibeach.com\/espanol\/\",\"name\":\"ENJOY MIAMI BEACH\",\"description\":\"Miami Beach informaci\u00f3n para el turista - precios de taxi - Ocean DR - Lincoln RD\",\"potentialAction\":[{\"@type\":\"SearchAction\",\"target\":{\"@type\":\"EntryPoint\",\"urlTemplate\":\"https:\/\/enjoymiamibeach.com\/espanol\/?s={search_term_string}\"},\"query-input\":\"required name=search_term_string\"}],\"inLanguage\":\"es\"},{\"@type\":\"ImageObject\",\"inLanguage\":\"es\",\"@id\":\"https:\/\/enjoymiamibeach.com\/espanol\/activities\/parasailing-miami-beach\/#primaryimage\",\"url\":\"https:\/\/enjoymiamibeach.com\/espanol\/wp-content\/uploads\/2016\/03\/Activities-Parasailing-Miami-Beach.jpg\",\"contentUrl\":\"https:\/\/enjoymiamibeach.com\/espanol\/wp-content\/uploads\/2016\/03\/Activities-Parasailing-Miami-Beach.jpg\",\"width\":2000,\"height\":1236,\"caption\":\"Activities Parasailing Miami Beach\"},{\"@type\":\"WebPage\",\"@id\":\"https:\/\/enjoymiamibeach.com\/espanol\/activities\/parasailing-miami-beach\/#webpage\",\"url\":\"https:\/\/enjoymiamibeach.com\/espanol\/activities\/parasailing-miami-beach\/\",\"name\":\"Parasailing - ENJOY MIAMI BEACH\",\"isPartOf\":{\"@id\":\"https:\/\/enjoymiamibeach.com\/espanol\/#website\"},\"primaryImageOfPage\":{\"@id\":\"https:\/\/enjoymiamibeach.com\/espanol\/activities\/parasailing-miami-beach\/#primaryimage\"},\"datePublished\":\"2016-06-03T00:14:24+00:00\",\"dateModified\":\"2019-12-22T16:17:46+00:00\",\"breadcrumb\":{\"@id\":\"https:\/\/enjoymiamibeach.com\/espanol\/activities\/parasailing-miami-beach\/#breadcrumb\"},\"inLanguage\":\"es\",\"potentialAction\":[{\"@type\":\"ReadAction\",\"target\":[\"https:\/\/enjoymiamibeach.com\/espanol\/activities\/parasailing-miami-beach\/\"]}]},{\"@type\":\"BreadcrumbList\",\"@id\":\"https:\/\/enjoymiamibeach.com\/espanol\/activities\/parasailing-miami-beach\/#breadcrumb\",\"itemListElement\":[{\"@type\":\"ListItem\",\"position\":1,\"name\":\"Home\",\"item\":\"https:\/\/enjoymiamibeach.com\/espanol\/\"},{\"@type\":\"ListItem\",\"position\":2,\"name\":\"Actividades\",\"item\":\"https:\/\/enjoymiamibeach.com\/espanol\/activities\/\"},{\"@type\":\"ListItem\",\"position\":3,\"name\":\"Parasailing\"}]}]}<\/script>\n<!-- \/ Yoast SEO plugin. -->","yoast_head_json":{"title":"Parasailing - ENJOY MIAMI BEACH","robots":{"index":"index","follow":"follow","max-snippet":"max-snippet:-1","max-image-preview":"max-image-preview:large","max-video-preview":"max-video-preview:-1"},"canonical":"https:\/\/enjoymiamibeach.com\/espanol\/activities\/parasailing-miami-beach\/","og_locale":"es_ES","og_type":"article","og_title":"Parasailing - ENJOY MIAMI BEACH","og_description":"Vuela sobre las hermosas aguas cristalinas de South Beach con South Beach Parasail. Son dedicados y profesionales. Los comentarios hablan por s\u00ed mismos: puedes leerlos en Tripadvisor. South Beach Parasail est\u00e1 ubicado justo en la playa detr\u00e1s del Hotel Loews (see map) Busc\u00e1 las sombrillas Read More ...","og_url":"https:\/\/enjoymiamibeach.com\/espanol\/activities\/parasailing-miami-beach\/","og_site_name":"ENJOY MIAMI BEACH","article_modified_time":"2019-12-22T16:17:46+00:00","og_image":[{"width":2000,"height":1236,"url":"https:\/\/enjoymiamibeach.com\/espanol\/wp-content\/uploads\/2016\/03\/Activities-Parasailing-Miami-Beach.jpg","type":"image\/jpeg"}],"twitter_card":"summary","twitter_misc":{"Tiempo de lectura":"1 minuto"},"schema":{"@context":"https:\/\/schema.org","@graph":[{"@type":"WebSite","@id":"https:\/\/enjoymiamibeach.com\/espanol\/#website","url":"https:\/\/enjoymiamibeach.com\/espanol\/","name":"ENJOY MIAMI BEACH","description":"Miami Beach informaci\u00f3n para el turista - precios de taxi - Ocean DR - Lincoln RD","potentialAction":[{"@type":"SearchAction","target":{"@type":"EntryPoint","urlTemplate":"https:\/\/enjoymiamibeach.com\/espanol\/?s={search_term_string}"},"query-input":"required name=search_term_string"}],"inLanguage":"es"},{"@type":"ImageObject","inLanguage":"es","@id":"https:\/\/enjoymiamibeach.com\/espanol\/activities\/parasailing-miami-beach\/#primaryimage","url":"https:\/\/enjoymiamibeach.com\/espanol\/wp-content\/uploads\/2016\/03\/Activities-Parasailing-Miami-Beach.jpg","contentUrl":"https:\/\/enjoymiamibeach.com\/espanol\/wp-content\/uploads\/2016\/03\/Activities-Parasailing-Miami-Beach.jpg","width":2000,"height":1236,"caption":"Activities Parasailing Miami Beach"},{"@type":"WebPage","@id":"https:\/\/enjoymiamibeach.com\/espanol\/activities\/parasailing-miami-beach\/#webpage","url":"https:\/\/enjoymiamibeach.com\/espanol\/activities\/parasailing-miami-beach\/","name":"Parasailing - ENJOY MIAMI BEACH","isPartOf":{"@id":"https:\/\/enjoymiamibeach.com\/espanol\/#website"},"primaryImageOfPage":{"@id":"https:\/\/enjoymiamibeach.com\/espanol\/activities\/parasailing-miami-beach\/#primaryimage"},"datePublished":"2016-06-03T00:14:24+00:00","dateModified":"2019-12-22T16:17:46+00:00","breadcrumb":{"@id":"https:\/\/enjoymiamibeach.com\/espanol\/activities\/parasailing-miami-beach\/#breadcrumb"},"inLanguage":"es","potentialAction":[{"@type":"ReadAction","target":["https:\/\/enjoymiamibeach.com\/espanol\/activities\/parasailing-miami-beach\/"]}]},{"@type":"BreadcrumbList","@id":"https:\/\/enjoymiamibeach.com\/espanol\/activities\/parasailing-miami-beach\/#breadcrumb","itemListElement":[{"@type":"ListItem","position":1,"name":"Home","item":"https:\/\/enjoymiamibeach.com\/espanol\/"},{"@type":"ListItem","position":2,"name":"Actividades","item":"https:\/\/enjoymiamibeach.com\/espanol\/activities\/"},{"@type":"ListItem","position":3,"name":"Parasailing"}]}]}},"_links":{"self":[{"href":"https:\/\/enjoymiamibeach.com\/espanol\/wp-json\/wp\/v2\/pages\/551"}],"collection":[{"href":"https:\/\/enjoymiamibeach.com\/espanol\/wp-json\/wp\/v2\/pages"}],"about":[{"href":"https:\/\/enjoymiamibeach.com\/espanol\/wp-json\/wp\/v2\/types\/page"}],"author":[{"embeddable":true,"href":"https:\/\/enjoymiamibeach.com\/espanol\/wp-json\/wp\/v2\/users\/2"}],"replies":[{"embeddable":true,"href":"https:\/\/enjoymiamibeach.com\/espanol\/wp-json\/wp\/v2\/comments?post=551"}],"version-history":[{"count":9,"href":"https:\/\/enjoymiamibeach.com\/espanol\/wp-json\/wp\/v2\/pages\/551\/revisions"}],"predecessor-version":[{"id":1364,"href":"https:\/\/enjoymiamibeach.com\/espanol\/wp-json\/wp\/v2\/pages\/551\/revisions\/1364"}],"up":[{"embeddable":true,"href":"https:\/\/enjoymiamibeach.com\/espanol\/wp-json\/wp\/v2\/pages\/69"}],"wp:featuredmedia":[{"embeddable":true,"href":"https:\/\/enjoymiamibeach.com\/espanol\/wp-json\/wp\/v2\/media\/895"}],"wp:attachment":[{"href":"https:\/\/enjoymiamibeach.com\/espanol\/wp-json\/wp\/v2\/media?parent=551"}],"curies":[{"name":"wp","href":"https:\/\/api.w.org\/{rel}","templated":true}]}}