{"id":545,"date":"2016-06-02T18:46:00","date_gmt":"2016-06-02T23:46:00","guid":{"rendered":"https:\/\/enjoymiamibeach.com\/espanol\/?page_id=545"},"modified":"2019-06-20T11:23:00","modified_gmt":"2019-06-20T16:23:00","slug":"venetian-pool","status":"publish","type":"page","link":"https:\/\/enjoymiamibeach.com\/espanol\/activities\/venetian-pool\/","title":{"rendered":"Venetian Pool \/ Piscina Veneciana"},"content":{"rendered":"<p>Si deseas pasar el d\u00eda en la piscina y tienes un autom\u00f3vil, no lo pienses<br \/>\ndos veces. Ve a la piscina veneciana y recuerda nuestras palabras: te<br \/>\nencantar\u00e1.<\/p>\n<p>Esta piscina vintage parece como si perteneciera a una villa<br \/>\nmediterr\u00e1nea, o en la propia Venecia. Realmente elegante, est\u00e1 tallada en<br \/>\ncoral, tiene un puente de estilo veneciano, cuevas, dos cascadas y dos<br \/>\ntorres de observaci\u00f3n. Es la piscina de agua dulce m\u00e1s grande de los<br \/>\nEstados Unidos. Incluso tiene una zona arenosa para quienes gustan<br \/>\nacostarse a tomar sol.<\/p>\n<p>Visitar la Piscina Veneciana es una experiencia de lujo, pero la<br \/>\nentrada cuesta s\u00f3lo $13.<\/p>\n<p>Horas de operaci\u00f3n y otra informaci\u00f3n <a href=\"http:\/\/coralgables.com\/index.aspx?page=611\" target=\"_blank\" rel=\"noopener noreferrer\">aqu\u00ed<\/a>.<\/p>\n<p>P.D.: Si crees que te va a gustar esto, estamos seguros de que tambi\u00e9n<br \/>\nte encantar\u00e1 el <a href=\"https:\/\/enjoymiamibeach.com\/espanol\/activities\/vizcaya-museum-gardens\/\">Museo y Jardines Vizcaya<\/a>.<\/p>\n\n\t\t<style type=\"text\/css\">\n\t\t\t#gallery-1 {\n\t\t\t\tmargin: auto;\n\t\t\t}\n\t\t\t#gallery-1 .gallery-item {\n\t\t\t\tfloat: left;\n\t\t\t\tmargin-top: 10px;\n\t\t\t\ttext-align: center;\n\t\t\t\twidth: 33%;\n\t\t\t}\n\t\t\t#gallery-1 img {\n\t\t\t\tborder: 2px solid #cfcfcf;\n\t\t\t}\n\t\t\t#gallery-1 .gallery-caption {\n\t\t\t\tmargin-left: 0;\n\t\t\t}\n\t\t\t\/* see gallery_shortcode() in wp-includes\/media.php *\/\n\t\t<\/style>\n\t\t<div id='gallery-1' class='gallery galleryid-545 gallery-columns-3 gallery-size-medium'><dl class='gallery-item'>\n\t\t\t<dt class='gallery-icon landscape'>\n\t\t\t\t<a href='https:\/\/enjoymiamibeach.com\/espanol\/wp-content\/uploads\/2016\/06\/venetian-pool-coral-gables-miami-1.jpg'><img width=\"300\" height=\"200\" src=\"https:\/\/enjoymiamibeach.com\/espanol\/wp-content\/uploads\/2016\/06\/venetian-pool-coral-gables-miami-1-300x200.jpg\" class=\"attachment-medium size-medium\" alt=\"Venetian Pool\" loading=\"lazy\" srcset=\"https:\/\/enjoymiamibeach.com\/espanol\/wp-content\/uploads\/2016\/06\/venetian-pool-coral-gables-miami-1-300x200.jpg 300w, https:\/\/enjoymiamibeach.com\/espanol\/wp-content\/uploads\/2016\/06\/venetian-pool-coral-gables-miami-1-768x512.jpg 768w, https:\/\/enjoymiamibeach.com\/espanol\/wp-content\/uploads\/2016\/06\/venetian-pool-coral-gables-miami-1-1024x682.jpg 1024w, https:\/\/enjoymiamibeach.com\/espanol\/wp-content\/uploads\/2016\/06\/venetian-pool-coral-gables-miami-1-480x320.jpg 480w, https:\/\/enjoymiamibeach.com\/espanol\/wp-content\/uploads\/2016\/06\/venetian-pool-coral-gables-miami-1-880x586.jpg 880w, https:\/\/enjoymiamibeach.com\/espanol\/wp-content\/uploads\/2016\/06\/venetian-pool-coral-gables-miami-1-385x257.jpg 385w, https:\/\/enjoymiamibeach.com\/espanol\/wp-content\/uploads\/2016\/06\/venetian-pool-coral-gables-miami-1-272x182.jpg 272w, https:\/\/enjoymiamibeach.com\/espanol\/wp-content\/uploads\/2016\/06\/venetian-pool-coral-gables-miami-1.jpg 2000w\" sizes=\"(max-width: 300px) 100vw, 300px\" \/><\/a>\n\t\t\t<\/dt><\/dl><dl class='gallery-item'>\n\t\t\t<dt class='gallery-icon landscape'>\n\t\t\t\t<a href='https:\/\/enjoymiamibeach.com\/espanol\/wp-content\/uploads\/2016\/06\/venetian-pool-coral-gables-miami-4.jpg'><img width=\"300\" height=\"95\" src=\"https:\/\/enjoymiamibeach.com\/espanol\/wp-content\/uploads\/2016\/06\/venetian-pool-coral-gables-miami-4-300x95.jpg\" class=\"attachment-medium size-medium\" alt=\"Venetian Pool\" loading=\"lazy\" srcset=\"https:\/\/enjoymiamibeach.com\/espanol\/wp-content\/uploads\/2016\/06\/venetian-pool-coral-gables-miami-4-300x95.jpg 300w, https:\/\/enjoymiamibeach.com\/espanol\/wp-content\/uploads\/2016\/06\/venetian-pool-coral-gables-miami-4-768x244.jpg 768w, https:\/\/enjoymiamibeach.com\/espanol\/wp-content\/uploads\/2016\/06\/venetian-pool-coral-gables-miami-4-1024x325.jpg 1024w, https:\/\/enjoymiamibeach.com\/espanol\/wp-content\/uploads\/2016\/06\/venetian-pool-coral-gables-miami-4.jpg 2000w\" sizes=\"(max-width: 300px) 100vw, 300px\" \/><\/a>\n\t\t\t<\/dt><\/dl><dl class='gallery-item'>\n\t\t\t<dt class='gallery-icon landscape'>\n\t\t\t\t<a href='https:\/\/enjoymiamibeach.com\/espanol\/wp-content\/uploads\/2016\/06\/venetian-pool-coral-gables-miami-3.jpg'><img width=\"300\" height=\"109\" src=\"https:\/\/enjoymiamibeach.com\/espanol\/wp-content\/uploads\/2016\/06\/venetian-pool-coral-gables-miami-3-300x109.jpg\" class=\"attachment-medium size-medium\" alt=\"Venetian Pool\" loading=\"lazy\" srcset=\"https:\/\/enjoymiamibeach.com\/espanol\/wp-content\/uploads\/2016\/06\/venetian-pool-coral-gables-miami-3-300x109.jpg 300w, https:\/\/enjoymiamibeach.com\/espanol\/wp-content\/uploads\/2016\/06\/venetian-pool-coral-gables-miami-3-768x280.jpg 768w, https:\/\/enjoymiamibeach.com\/espanol\/wp-content\/uploads\/2016\/06\/venetian-pool-coral-gables-miami-3-1024x373.jpg 1024w, https:\/\/enjoymiamibeach.com\/espanol\/wp-content\/uploads\/2016\/06\/venetian-pool-coral-gables-miami-3.jpg 2000w\" sizes=\"(max-width: 300px) 100vw, 300px\" \/><\/a>\n\t\t\t<\/dt><\/dl><br style=\"clear: both\" \/><dl class='gallery-item'>\n\t\t\t<dt class='gallery-icon landscape'>\n\t\t\t\t<a href='https:\/\/enjoymiamibeach.com\/espanol\/wp-content\/uploads\/2016\/06\/venetian-pool-coral-gables-miami-5.jpg'><img width=\"300\" height=\"200\" src=\"https:\/\/enjoymiamibeach.com\/espanol\/wp-content\/uploads\/2016\/06\/venetian-pool-coral-gables-miami-5-300x200.jpg\" class=\"attachment-medium size-medium\" alt=\"Venetian Pool\" loading=\"lazy\" srcset=\"https:\/\/enjoymiamibeach.com\/espanol\/wp-content\/uploads\/2016\/06\/venetian-pool-coral-gables-miami-5-300x200.jpg 300w, https:\/\/enjoymiamibeach.com\/espanol\/wp-content\/uploads\/2016\/06\/venetian-pool-coral-gables-miami-5-768x512.jpg 768w, https:\/\/enjoymiamibeach.com\/espanol\/wp-content\/uploads\/2016\/06\/venetian-pool-coral-gables-miami-5-1024x682.jpg 1024w, https:\/\/enjoymiamibeach.com\/espanol\/wp-content\/uploads\/2016\/06\/venetian-pool-coral-gables-miami-5-480x320.jpg 480w, https:\/\/enjoymiamibeach.com\/espanol\/wp-content\/uploads\/2016\/06\/venetian-pool-coral-gables-miami-5-880x586.jpg 880w, https:\/\/enjoymiamibeach.com\/espanol\/wp-content\/uploads\/2016\/06\/venetian-pool-coral-gables-miami-5-385x257.jpg 385w, https:\/\/enjoymiamibeach.com\/espanol\/wp-content\/uploads\/2016\/06\/venetian-pool-coral-gables-miami-5-272x182.jpg 272w, https:\/\/enjoymiamibeach.com\/espanol\/wp-content\/uploads\/2016\/06\/venetian-pool-coral-gables-miami-5.jpg 2000w\" sizes=\"(max-width: 300px) 100vw, 300px\" \/><\/a>\n\t\t\t<\/dt><\/dl>\n\t\t\t<br style='clear: both' \/>\n\t\t<\/div>\n\n","protected":false},"excerpt":{"rendered":"<p>Si deseas pasar el d\u00eda en la piscina y tienes un autom\u00f3vil, no lo pienses dos veces. Ve a la piscina veneciana y recuerda nuestras palabras: te encantar\u00e1. Esta piscina vintage parece como si perteneciera a una villa mediterr\u00e1nea, o en la propia Venecia. Realmente <a class=\"more-link\" href=\"https:\/\/enjoymiamibeach.com\/espanol\/activities\/venetian-pool\/\">Read More &#8230;<\/a><\/p>\n","protected":false},"author":2,"featured_media":1150,"parent":69,"menu_order":0,"comment_status":"closed","ping_status":"closed","template":"","meta":[],"yoast_head":"<!-- This site is optimized with the Yoast SEO plugin v18.8 - https:\/\/yoast.com\/wordpress\/plugins\/seo\/ -->\n<title>Venetian Pool \/ Piscina Veneciana - ENJOY MIAMI BEACH<\/title>\n<meta name=\"robots\" content=\"index, follow, max-snippet:-1, max-image-preview:large, max-video-preview:-1\" \/>\n<link rel=\"canonical\" href=\"https:\/\/enjoymiamibeach.com\/espanol\/activities\/venetian-pool\/\" \/>\n<meta property=\"og:locale\" content=\"es_ES\" \/>\n<meta property=\"og:type\" content=\"article\" \/>\n<meta property=\"og:title\" content=\"Venetian Pool \/ Piscina Veneciana - ENJOY MIAMI BEACH\" \/>\n<meta property=\"og:description\" content=\"Si deseas pasar el d\u00eda en la piscina y tienes un autom\u00f3vil, no lo pienses dos veces. Ve a la piscina veneciana y recuerda nuestras palabras: te encantar\u00e1. Esta piscina vintage parece como si perteneciera a una villa mediterr\u00e1nea, o en la propia Venecia. Realmente Read More ...\" \/>\n<meta property=\"og:url\" content=\"https:\/\/enjoymiamibeach.com\/espanol\/activities\/venetian-pool\/\" \/>\n<meta property=\"og:site_name\" content=\"ENJOY MIAMI BEACH\" \/>\n<meta property=\"article:modified_time\" content=\"2019-06-20T16:23:00+00:00\" \/>\n<meta property=\"og:image\" content=\"https:\/\/enjoymiamibeach.com\/espanol\/wp-content\/uploads\/2016\/06\/venetian-pool-coral-gables-miami-1.jpg\" \/>\n\t<meta property=\"og:image:width\" content=\"2000\" \/>\n\t<meta property=\"og:image:height\" content=\"1333\" \/>\n\t<meta property=\"og:image:type\" content=\"image\/jpeg\" \/>\n<meta name=\"twitter:card\" content=\"summary\" \/>\n<meta name=\"twitter:label1\" content=\"Tiempo de lectura\" \/>\n\t<meta name=\"twitter:data1\" content=\"1 minuto\" \/>\n<script type=\"application\/ld+json\" class=\"yoast-schema-graph\">{\"@context\":\"https:\/\/schema.org\",\"@graph\":[{\"@type\":\"WebSite\",\"@id\":\"https:\/\/enjoymiamibeach.com\/espanol\/#website\",\"url\":\"https:\/\/enjoymiamibeach.com\/espanol\/\",\"name\":\"ENJOY MIAMI BEACH\",\"description\":\"Miami Beach informaci\u00f3n para el turista - precios de taxi - Ocean DR - Lincoln RD\",\"potentialAction\":[{\"@type\":\"SearchAction\",\"target\":{\"@type\":\"EntryPoint\",\"urlTemplate\":\"https:\/\/enjoymiamibeach.com\/espanol\/?s={search_term_string}\"},\"query-input\":\"required name=search_term_string\"}],\"inLanguage\":\"es\"},{\"@type\":\"ImageObject\",\"inLanguage\":\"es\",\"@id\":\"https:\/\/enjoymiamibeach.com\/espanol\/activities\/venetian-pool\/#primaryimage\",\"url\":\"https:\/\/enjoymiamibeach.com\/espanol\/wp-content\/uploads\/2016\/06\/venetian-pool-coral-gables-miami-1.jpg\",\"contentUrl\":\"https:\/\/enjoymiamibeach.com\/espanol\/wp-content\/uploads\/2016\/06\/venetian-pool-coral-gables-miami-1.jpg\",\"width\":2000,\"height\":1333,\"caption\":\"Venetian Pool\"},{\"@type\":\"WebPage\",\"@id\":\"https:\/\/enjoymiamibeach.com\/espanol\/activities\/venetian-pool\/#webpage\",\"url\":\"https:\/\/enjoymiamibeach.com\/espanol\/activities\/venetian-pool\/\",\"name\":\"Venetian Pool \/ Piscina Veneciana - ENJOY MIAMI BEACH\",\"isPartOf\":{\"@id\":\"https:\/\/enjoymiamibeach.com\/espanol\/#website\"},\"primaryImageOfPage\":{\"@id\":\"https:\/\/enjoymiamibeach.com\/espanol\/activities\/venetian-pool\/#primaryimage\"},\"datePublished\":\"2016-06-02T23:46:00+00:00\",\"dateModified\":\"2019-06-20T16:23:00+00:00\",\"breadcrumb\":{\"@id\":\"https:\/\/enjoymiamibeach.com\/espanol\/activities\/venetian-pool\/#breadcrumb\"},\"inLanguage\":\"es\",\"potentialAction\":[{\"@type\":\"ReadAction\",\"target\":[\"https:\/\/enjoymiamibeach.com\/espanol\/activities\/venetian-pool\/\"]}]},{\"@type\":\"BreadcrumbList\",\"@id\":\"https:\/\/enjoymiamibeach.com\/espanol\/activities\/venetian-pool\/#breadcrumb\",\"itemListElement\":[{\"@type\":\"ListItem\",\"position\":1,\"name\":\"Home\",\"item\":\"https:\/\/enjoymiamibeach.com\/espanol\/\"},{\"@type\":\"ListItem\",\"position\":2,\"name\":\"Actividades\",\"item\":\"https:\/\/enjoymiamibeach.com\/espanol\/activities\/\"},{\"@type\":\"ListItem\",\"position\":3,\"name\":\"Venetian Pool \/ Piscina Veneciana\"}]}]}<\/script>\n<!-- \/ Yoast SEO plugin. -->","yoast_head_json":{"title":"Venetian Pool \/ Piscina Veneciana - ENJOY MIAMI BEACH","robots":{"index":"index","follow":"follow","max-snippet":"max-snippet:-1","max-image-preview":"max-image-preview:large","max-video-preview":"max-video-preview:-1"},"canonical":"https:\/\/enjoymiamibeach.com\/espanol\/activities\/venetian-pool\/","og_locale":"es_ES","og_type":"article","og_title":"Venetian Pool \/ Piscina Veneciana - ENJOY MIAMI BEACH","og_description":"Si deseas pasar el d\u00eda en la piscina y tienes un autom\u00f3vil, no lo pienses dos veces. Ve a la piscina veneciana y recuerda nuestras palabras: te encantar\u00e1. Esta piscina vintage parece como si perteneciera a una villa mediterr\u00e1nea, o en la propia Venecia. Realmente Read More ...","og_url":"https:\/\/enjoymiamibeach.com\/espanol\/activities\/venetian-pool\/","og_site_name":"ENJOY MIAMI BEACH","article_modified_time":"2019-06-20T16:23:00+00:00","og_image":[{"width":2000,"height":1333,"url":"https:\/\/enjoymiamibeach.com\/espanol\/wp-content\/uploads\/2016\/06\/venetian-pool-coral-gables-miami-1.jpg","type":"image\/jpeg"}],"twitter_card":"summary","twitter_misc":{"Tiempo de lectura":"1 minuto"},"schema":{"@context":"https:\/\/schema.org","@graph":[{"@type":"WebSite","@id":"https:\/\/enjoymiamibeach.com\/espanol\/#website","url":"https:\/\/enjoymiamibeach.com\/espanol\/","name":"ENJOY MIAMI BEACH","description":"Miami Beach informaci\u00f3n para el turista - precios de taxi - Ocean DR - Lincoln RD","potentialAction":[{"@type":"SearchAction","target":{"@type":"EntryPoint","urlTemplate":"https:\/\/enjoymiamibeach.com\/espanol\/?s={search_term_string}"},"query-input":"required name=search_term_string"}],"inLanguage":"es"},{"@type":"ImageObject","inLanguage":"es","@id":"https:\/\/enjoymiamibeach.com\/espanol\/activities\/venetian-pool\/#primaryimage","url":"https:\/\/enjoymiamibeach.com\/espanol\/wp-content\/uploads\/2016\/06\/venetian-pool-coral-gables-miami-1.jpg","contentUrl":"https:\/\/enjoymiamibeach.com\/espanol\/wp-content\/uploads\/2016\/06\/venetian-pool-coral-gables-miami-1.jpg","width":2000,"height":1333,"caption":"Venetian Pool"},{"@type":"WebPage","@id":"https:\/\/enjoymiamibeach.com\/espanol\/activities\/venetian-pool\/#webpage","url":"https:\/\/enjoymiamibeach.com\/espanol\/activities\/venetian-pool\/","name":"Venetian Pool \/ Piscina Veneciana - ENJOY MIAMI BEACH","isPartOf":{"@id":"https:\/\/enjoymiamibeach.com\/espanol\/#website"},"primaryImageOfPage":{"@id":"https:\/\/enjoymiamibeach.com\/espanol\/activities\/venetian-pool\/#primaryimage"},"datePublished":"2016-06-02T23:46:00+00:00","dateModified":"2019-06-20T16:23:00+00:00","breadcrumb":{"@id":"https:\/\/enjoymiamibeach.com\/espanol\/activities\/venetian-pool\/#breadcrumb"},"inLanguage":"es","potentialAction":[{"@type":"ReadAction","target":["https:\/\/enjoymiamibeach.com\/espanol\/activities\/venetian-pool\/"]}]},{"@type":"BreadcrumbList","@id":"https:\/\/enjoymiamibeach.com\/espanol\/activities\/venetian-pool\/#breadcrumb","itemListElement":[{"@type":"ListItem","position":1,"name":"Home","item":"https:\/\/enjoymiamibeach.com\/espanol\/"},{"@type":"ListItem","position":2,"name":"Actividades","item":"https:\/\/enjoymiamibeach.com\/espanol\/activities\/"},{"@type":"ListItem","position":3,"name":"Venetian Pool \/ Piscina Veneciana"}]}]}},"_links":{"self":[{"href":"https:\/\/enjoymiamibeach.com\/espanol\/wp-json\/wp\/v2\/pages\/545"}],"collection":[{"href":"https:\/\/enjoymiamibeach.com\/espanol\/wp-json\/wp\/v2\/pages"}],"about":[{"href":"https:\/\/enjoymiamibeach.com\/espanol\/wp-json\/wp\/v2\/types\/page"}],"author":[{"embeddable":true,"href":"https:\/\/enjoymiamibeach.com\/espanol\/wp-json\/wp\/v2\/users\/2"}],"replies":[{"embeddable":true,"href":"https:\/\/enjoymiamibeach.com\/espanol\/wp-json\/wp\/v2\/comments?post=545"}],"version-history":[{"count":4,"href":"https:\/\/enjoymiamibeach.com\/espanol\/wp-json\/wp\/v2\/pages\/545\/revisions"}],"predecessor-version":[{"id":1298,"href":"https:\/\/enjoymiamibeach.com\/espanol\/wp-json\/wp\/v2\/pages\/545\/revisions\/1298"}],"up":[{"embeddable":true,"href":"https:\/\/enjoymiamibeach.com\/espanol\/wp-json\/wp\/v2\/pages\/69"}],"wp:featuredmedia":[{"embeddable":true,"href":"https:\/\/enjoymiamibeach.com\/espanol\/wp-json\/wp\/v2\/media\/1150"}],"wp:attachment":[{"href":"https:\/\/enjoymiamibeach.com\/espanol\/wp-json\/wp\/v2\/media?parent=545"}],"curies":[{"name":"wp","href":"https:\/\/api.w.org\/{rel}","templated":true}]}}