{"id":542,"date":"2016-06-02T18:28:52","date_gmt":"2016-06-02T23:28:52","guid":{"rendered":"https:\/\/enjoymiamibeach.com\/espanol\/?page_id=542"},"modified":"2018-12-07T11:04:27","modified_gmt":"2018-12-07T16:04:27","slug":"holocaust-memorial","status":"publish","type":"page","link":"https:\/\/enjoymiamibeach.com\/espanol\/activities\/holocaust-memorial\/","title":{"rendered":"Memorial del Holocausto"},"content":{"rendered":"<p>Creado por sobrevivientes del holocausto, este monumento est\u00e1 ubicado justo despu\u00e9s del Centro de Convenciones y del Jard\u00edn Bot\u00e1nico de Miami Beach, en la esquina de Dade Boulevard y Meridian Ave.<\/p>\n<p>Puedes entrar directamente (el acceso est\u00e1 abierto) y, al hacerlo, notar\u00e1s de inmediato lo tranquilo que es este lugar. La pac\u00edfica belleza del Memorial del Holocausto de Miami Beach invita a la reflexi\u00f3n y la reverencia.<\/p>\n\n\t\t<style type=\"text\/css\">\n\t\t\t#gallery-1 {\n\t\t\t\tmargin: auto;\n\t\t\t}\n\t\t\t#gallery-1 .gallery-item {\n\t\t\t\tfloat: left;\n\t\t\t\tmargin-top: 10px;\n\t\t\t\ttext-align: center;\n\t\t\t\twidth: 33%;\n\t\t\t}\n\t\t\t#gallery-1 img {\n\t\t\t\tborder: 2px solid #cfcfcf;\n\t\t\t}\n\t\t\t#gallery-1 .gallery-caption {\n\t\t\t\tmargin-left: 0;\n\t\t\t}\n\t\t\t\/* see gallery_shortcode() in wp-includes\/media.php *\/\n\t\t<\/style>\n\t\t<div id='gallery-1' class='gallery galleryid-542 gallery-columns-3 gallery-size-medium'><dl class='gallery-item'>\n\t\t\t<dt class='gallery-icon landscape'>\n\t\t\t\t<a href='https:\/\/enjoymiamibeach.com\/espanol\/wp-content\/uploads\/2016\/06\/miami-beach-holocaust-memorial-2.jpg'><img width=\"300\" height=\"200\" src=\"https:\/\/enjoymiamibeach.com\/espanol\/wp-content\/uploads\/2016\/06\/miami-beach-holocaust-memorial-2-300x200.jpg\" class=\"attachment-medium size-medium\" alt=\"Miami Beach Holocaust Memorial\" loading=\"lazy\" srcset=\"https:\/\/enjoymiamibeach.com\/espanol\/wp-content\/uploads\/2016\/06\/miami-beach-holocaust-memorial-2-300x200.jpg 300w, https:\/\/enjoymiamibeach.com\/espanol\/wp-content\/uploads\/2016\/06\/miami-beach-holocaust-memorial-2-768x512.jpg 768w, https:\/\/enjoymiamibeach.com\/espanol\/wp-content\/uploads\/2016\/06\/miami-beach-holocaust-memorial-2-1024x682.jpg 1024w, https:\/\/enjoymiamibeach.com\/espanol\/wp-content\/uploads\/2016\/06\/miami-beach-holocaust-memorial-2-480x320.jpg 480w, https:\/\/enjoymiamibeach.com\/espanol\/wp-content\/uploads\/2016\/06\/miami-beach-holocaust-memorial-2-880x586.jpg 880w, https:\/\/enjoymiamibeach.com\/espanol\/wp-content\/uploads\/2016\/06\/miami-beach-holocaust-memorial-2-385x257.jpg 385w, https:\/\/enjoymiamibeach.com\/espanol\/wp-content\/uploads\/2016\/06\/miami-beach-holocaust-memorial-2-272x182.jpg 272w, https:\/\/enjoymiamibeach.com\/espanol\/wp-content\/uploads\/2016\/06\/miami-beach-holocaust-memorial-2.jpg 2000w\" sizes=\"(max-width: 300px) 100vw, 300px\" \/><\/a>\n\t\t\t<\/dt><\/dl><dl class='gallery-item'>\n\t\t\t<dt class='gallery-icon landscape'>\n\t\t\t\t<a href='https:\/\/enjoymiamibeach.com\/espanol\/wp-content\/uploads\/2016\/06\/miami-beach-holocaust-memorial-4.jpg'><img width=\"300\" height=\"200\" src=\"https:\/\/enjoymiamibeach.com\/espanol\/wp-content\/uploads\/2016\/06\/miami-beach-holocaust-memorial-4-300x200.jpg\" class=\"attachment-medium size-medium\" alt=\"Miami Beach Holocaust Memorial\" loading=\"lazy\" srcset=\"https:\/\/enjoymiamibeach.com\/espanol\/wp-content\/uploads\/2016\/06\/miami-beach-holocaust-memorial-4-300x200.jpg 300w, https:\/\/enjoymiamibeach.com\/espanol\/wp-content\/uploads\/2016\/06\/miami-beach-holocaust-memorial-4-768x512.jpg 768w, https:\/\/enjoymiamibeach.com\/espanol\/wp-content\/uploads\/2016\/06\/miami-beach-holocaust-memorial-4-1024x682.jpg 1024w, https:\/\/enjoymiamibeach.com\/espanol\/wp-content\/uploads\/2016\/06\/miami-beach-holocaust-memorial-4-480x320.jpg 480w, https:\/\/enjoymiamibeach.com\/espanol\/wp-content\/uploads\/2016\/06\/miami-beach-holocaust-memorial-4-880x586.jpg 880w, https:\/\/enjoymiamibeach.com\/espanol\/wp-content\/uploads\/2016\/06\/miami-beach-holocaust-memorial-4-385x257.jpg 385w, https:\/\/enjoymiamibeach.com\/espanol\/wp-content\/uploads\/2016\/06\/miami-beach-holocaust-memorial-4-272x182.jpg 272w, https:\/\/enjoymiamibeach.com\/espanol\/wp-content\/uploads\/2016\/06\/miami-beach-holocaust-memorial-4.jpg 2000w\" sizes=\"(max-width: 300px) 100vw, 300px\" \/><\/a>\n\t\t\t<\/dt><\/dl><dl class='gallery-item'>\n\t\t\t<dt class='gallery-icon portrait'>\n\t\t\t\t<a href='https:\/\/enjoymiamibeach.com\/espanol\/wp-content\/uploads\/2016\/06\/miami-beach-holocaust-memorial-12.jpg'><img width=\"200\" height=\"300\" src=\"https:\/\/enjoymiamibeach.com\/espanol\/wp-content\/uploads\/2016\/06\/miami-beach-holocaust-memorial-12-200x300.jpg\" class=\"attachment-medium size-medium\" alt=\"Miami Beach Holocaust Memorial\" loading=\"lazy\" srcset=\"https:\/\/enjoymiamibeach.com\/espanol\/wp-content\/uploads\/2016\/06\/miami-beach-holocaust-memorial-12-200x300.jpg 200w, https:\/\/enjoymiamibeach.com\/espanol\/wp-content\/uploads\/2016\/06\/miami-beach-holocaust-memorial-12-768x1152.jpg 768w, https:\/\/enjoymiamibeach.com\/espanol\/wp-content\/uploads\/2016\/06\/miami-beach-holocaust-memorial-12-682x1024.jpg 682w, https:\/\/enjoymiamibeach.com\/espanol\/wp-content\/uploads\/2016\/06\/miami-beach-holocaust-memorial-12.jpg 1333w\" sizes=\"(max-width: 200px) 100vw, 200px\" \/><\/a>\n\t\t\t<\/dt><\/dl><br style=\"clear: both\" \/><dl class='gallery-item'>\n\t\t\t<dt class='gallery-icon landscape'>\n\t\t\t\t<a href='https:\/\/enjoymiamibeach.com\/espanol\/wp-content\/uploads\/2016\/06\/miami-beach-holocaust-memorial-11.jpg'><img width=\"300\" height=\"200\" src=\"https:\/\/enjoymiamibeach.com\/espanol\/wp-content\/uploads\/2016\/06\/miami-beach-holocaust-memorial-11-300x200.jpg\" class=\"attachment-medium size-medium\" alt=\"Miami Beach Holocaust Memorial\" loading=\"lazy\" srcset=\"https:\/\/enjoymiamibeach.com\/espanol\/wp-content\/uploads\/2016\/06\/miami-beach-holocaust-memorial-11-300x200.jpg 300w, https:\/\/enjoymiamibeach.com\/espanol\/wp-content\/uploads\/2016\/06\/miami-beach-holocaust-memorial-11-768x512.jpg 768w, https:\/\/enjoymiamibeach.com\/espanol\/wp-content\/uploads\/2016\/06\/miami-beach-holocaust-memorial-11-1024x682.jpg 1024w, https:\/\/enjoymiamibeach.com\/espanol\/wp-content\/uploads\/2016\/06\/miami-beach-holocaust-memorial-11-480x320.jpg 480w, https:\/\/enjoymiamibeach.com\/espanol\/wp-content\/uploads\/2016\/06\/miami-beach-holocaust-memorial-11-880x586.jpg 880w, https:\/\/enjoymiamibeach.com\/espanol\/wp-content\/uploads\/2016\/06\/miami-beach-holocaust-memorial-11-385x257.jpg 385w, https:\/\/enjoymiamibeach.com\/espanol\/wp-content\/uploads\/2016\/06\/miami-beach-holocaust-memorial-11-272x182.jpg 272w, https:\/\/enjoymiamibeach.com\/espanol\/wp-content\/uploads\/2016\/06\/miami-beach-holocaust-memorial-11.jpg 2000w\" sizes=\"(max-width: 300px) 100vw, 300px\" \/><\/a>\n\t\t\t<\/dt><\/dl><dl class='gallery-item'>\n\t\t\t<dt class='gallery-icon portrait'>\n\t\t\t\t<a href='https:\/\/enjoymiamibeach.com\/espanol\/wp-content\/uploads\/2016\/06\/miami-beach-holocaust-memorial-7.jpg'><img width=\"200\" height=\"300\" src=\"https:\/\/enjoymiamibeach.com\/espanol\/wp-content\/uploads\/2016\/06\/miami-beach-holocaust-memorial-7-200x300.jpg\" class=\"attachment-medium size-medium\" alt=\"Miami Beach Holocaust Memorial\" loading=\"lazy\" srcset=\"https:\/\/enjoymiamibeach.com\/espanol\/wp-content\/uploads\/2016\/06\/miami-beach-holocaust-memorial-7-200x300.jpg 200w, https:\/\/enjoymiamibeach.com\/espanol\/wp-content\/uploads\/2016\/06\/miami-beach-holocaust-memorial-7-768x1152.jpg 768w, https:\/\/enjoymiamibeach.com\/espanol\/wp-content\/uploads\/2016\/06\/miami-beach-holocaust-memorial-7-682x1024.jpg 682w, https:\/\/enjoymiamibeach.com\/espanol\/wp-content\/uploads\/2016\/06\/miami-beach-holocaust-memorial-7.jpg 1333w\" sizes=\"(max-width: 200px) 100vw, 200px\" \/><\/a>\n\t\t\t<\/dt><\/dl><dl class='gallery-item'>\n\t\t\t<dt class='gallery-icon landscape'>\n\t\t\t\t<a href='https:\/\/enjoymiamibeach.com\/espanol\/wp-content\/uploads\/2016\/06\/miami-beach-holocaust-memorial-9.jpg'><img width=\"300\" height=\"200\" src=\"https:\/\/enjoymiamibeach.com\/espanol\/wp-content\/uploads\/2016\/06\/miami-beach-holocaust-memorial-9-300x200.jpg\" class=\"attachment-medium size-medium\" alt=\"Miami Beach Holocaust Memorial\" loading=\"lazy\" srcset=\"https:\/\/enjoymiamibeach.com\/espanol\/wp-content\/uploads\/2016\/06\/miami-beach-holocaust-memorial-9-300x200.jpg 300w, https:\/\/enjoymiamibeach.com\/espanol\/wp-content\/uploads\/2016\/06\/miami-beach-holocaust-memorial-9-768x512.jpg 768w, https:\/\/enjoymiamibeach.com\/espanol\/wp-content\/uploads\/2016\/06\/miami-beach-holocaust-memorial-9-1024x682.jpg 1024w, https:\/\/enjoymiamibeach.com\/espanol\/wp-content\/uploads\/2016\/06\/miami-beach-holocaust-memorial-9-480x320.jpg 480w, https:\/\/enjoymiamibeach.com\/espanol\/wp-content\/uploads\/2016\/06\/miami-beach-holocaust-memorial-9-880x586.jpg 880w, https:\/\/enjoymiamibeach.com\/espanol\/wp-content\/uploads\/2016\/06\/miami-beach-holocaust-memorial-9-385x257.jpg 385w, https:\/\/enjoymiamibeach.com\/espanol\/wp-content\/uploads\/2016\/06\/miami-beach-holocaust-memorial-9-272x182.jpg 272w, https:\/\/enjoymiamibeach.com\/espanol\/wp-content\/uploads\/2016\/06\/miami-beach-holocaust-memorial-9.jpg 2000w\" sizes=\"(max-width: 300px) 100vw, 300px\" \/><\/a>\n\t\t\t<\/dt><\/dl><br style=\"clear: both\" \/><dl class='gallery-item'>\n\t\t\t<dt class='gallery-icon landscape'>\n\t\t\t\t<a href='https:\/\/enjoymiamibeach.com\/espanol\/wp-content\/uploads\/2016\/06\/miami-beach-holocaust-memorial-13.jpg'><img width=\"300\" height=\"200\" src=\"https:\/\/enjoymiamibeach.com\/espanol\/wp-content\/uploads\/2016\/06\/miami-beach-holocaust-memorial-13-300x200.jpg\" class=\"attachment-medium size-medium\" alt=\"Miami Beach Holocaust Memorial\" loading=\"lazy\" srcset=\"https:\/\/enjoymiamibeach.com\/espanol\/wp-content\/uploads\/2016\/06\/miami-beach-holocaust-memorial-13-300x200.jpg 300w, https:\/\/enjoymiamibeach.com\/espanol\/wp-content\/uploads\/2016\/06\/miami-beach-holocaust-memorial-13-768x512.jpg 768w, https:\/\/enjoymiamibeach.com\/espanol\/wp-content\/uploads\/2016\/06\/miami-beach-holocaust-memorial-13-1024x682.jpg 1024w, https:\/\/enjoymiamibeach.com\/espanol\/wp-content\/uploads\/2016\/06\/miami-beach-holocaust-memorial-13-480x320.jpg 480w, https:\/\/enjoymiamibeach.com\/espanol\/wp-content\/uploads\/2016\/06\/miami-beach-holocaust-memorial-13-880x586.jpg 880w, https:\/\/enjoymiamibeach.com\/espanol\/wp-content\/uploads\/2016\/06\/miami-beach-holocaust-memorial-13-385x257.jpg 385w, https:\/\/enjoymiamibeach.com\/espanol\/wp-content\/uploads\/2016\/06\/miami-beach-holocaust-memorial-13-272x182.jpg 272w, https:\/\/enjoymiamibeach.com\/espanol\/wp-content\/uploads\/2016\/06\/miami-beach-holocaust-memorial-13.jpg 2000w\" sizes=\"(max-width: 300px) 100vw, 300px\" \/><\/a>\n\t\t\t<\/dt><\/dl><dl class='gallery-item'>\n\t\t\t<dt class='gallery-icon landscape'>\n\t\t\t\t<a href='https:\/\/enjoymiamibeach.com\/espanol\/wp-content\/uploads\/2016\/06\/miami-beach-holocaust-memorial-14.jpg'><img width=\"300\" height=\"200\" src=\"https:\/\/enjoymiamibeach.com\/espanol\/wp-content\/uploads\/2016\/06\/miami-beach-holocaust-memorial-14-300x200.jpg\" class=\"attachment-medium size-medium\" alt=\"Miami Beach Holocaust Memorial\" loading=\"lazy\" srcset=\"https:\/\/enjoymiamibeach.com\/espanol\/wp-content\/uploads\/2016\/06\/miami-beach-holocaust-memorial-14-300x200.jpg 300w, https:\/\/enjoymiamibeach.com\/espanol\/wp-content\/uploads\/2016\/06\/miami-beach-holocaust-memorial-14-768x512.jpg 768w, https:\/\/enjoymiamibeach.com\/espanol\/wp-content\/uploads\/2016\/06\/miami-beach-holocaust-memorial-14-1024x682.jpg 1024w, https:\/\/enjoymiamibeach.com\/espanol\/wp-content\/uploads\/2016\/06\/miami-beach-holocaust-memorial-14-480x320.jpg 480w, https:\/\/enjoymiamibeach.com\/espanol\/wp-content\/uploads\/2016\/06\/miami-beach-holocaust-memorial-14-880x586.jpg 880w, https:\/\/enjoymiamibeach.com\/espanol\/wp-content\/uploads\/2016\/06\/miami-beach-holocaust-memorial-14-385x257.jpg 385w, https:\/\/enjoymiamibeach.com\/espanol\/wp-content\/uploads\/2016\/06\/miami-beach-holocaust-memorial-14-272x182.jpg 272w, https:\/\/enjoymiamibeach.com\/espanol\/wp-content\/uploads\/2016\/06\/miami-beach-holocaust-memorial-14.jpg 2000w\" sizes=\"(max-width: 300px) 100vw, 300px\" \/><\/a>\n\t\t\t<\/dt><\/dl><dl class='gallery-item'>\n\t\t\t<dt class='gallery-icon portrait'>\n\t\t\t\t<a href='https:\/\/enjoymiamibeach.com\/espanol\/wp-content\/uploads\/2016\/06\/miami-beach-holocaust-memorial-10.jpg'><img width=\"200\" height=\"300\" src=\"https:\/\/enjoymiamibeach.com\/espanol\/wp-content\/uploads\/2016\/06\/miami-beach-holocaust-memorial-10-200x300.jpg\" class=\"attachment-medium size-medium\" alt=\"Miami Beach Holocaust Memorial\" loading=\"lazy\" srcset=\"https:\/\/enjoymiamibeach.com\/espanol\/wp-content\/uploads\/2016\/06\/miami-beach-holocaust-memorial-10-200x300.jpg 200w, https:\/\/enjoymiamibeach.com\/espanol\/wp-content\/uploads\/2016\/06\/miami-beach-holocaust-memorial-10-768x1152.jpg 768w, https:\/\/enjoymiamibeach.com\/espanol\/wp-content\/uploads\/2016\/06\/miami-beach-holocaust-memorial-10-682x1024.jpg 682w, https:\/\/enjoymiamibeach.com\/espanol\/wp-content\/uploads\/2016\/06\/miami-beach-holocaust-memorial-10.jpg 1333w\" sizes=\"(max-width: 200px) 100vw, 200px\" \/><\/a>\n\t\t\t<\/dt><\/dl><br style=\"clear: both\" \/><dl class='gallery-item'>\n\t\t\t<dt class='gallery-icon portrait'>\n\t\t\t\t<a href='https:\/\/enjoymiamibeach.com\/espanol\/wp-content\/uploads\/2016\/06\/miami-beach-holocaust-memorial-5.jpg'><img width=\"200\" height=\"300\" src=\"https:\/\/enjoymiamibeach.com\/espanol\/wp-content\/uploads\/2016\/06\/miami-beach-holocaust-memorial-5-200x300.jpg\" class=\"attachment-medium size-medium\" alt=\"Miami Beach Holocaust Memorial\" loading=\"lazy\" srcset=\"https:\/\/enjoymiamibeach.com\/espanol\/wp-content\/uploads\/2016\/06\/miami-beach-holocaust-memorial-5-200x300.jpg 200w, https:\/\/enjoymiamibeach.com\/espanol\/wp-content\/uploads\/2016\/06\/miami-beach-holocaust-memorial-5-768x1152.jpg 768w, https:\/\/enjoymiamibeach.com\/espanol\/wp-content\/uploads\/2016\/06\/miami-beach-holocaust-memorial-5-682x1024.jpg 682w, https:\/\/enjoymiamibeach.com\/espanol\/wp-content\/uploads\/2016\/06\/miami-beach-holocaust-memorial-5.jpg 1333w\" sizes=\"(max-width: 200px) 100vw, 200px\" \/><\/a>\n\t\t\t<\/dt><\/dl>\n\t\t\t<br style='clear: both' \/>\n\t\t<\/div>\n\n<p>Para obtener m\u00e1s informaci\u00f3n, visita el sitio web del <a href=\"http:\/\/holocaustmemorialmiamibeach.org\/\" target=\"_blank\" rel=\"noopener\">Holocaust Memorial Miami Beach.<\/a><\/p>\n<hr \/>\n<p><iframe loading=\"lazy\" style=\"border: 0;\" src=\"https:\/\/www.google.com\/maps\/embed?pb=!1m18!1m12!1m3!1d3592.2428279411274!2d-80.13890178498093!3d25.795561813493833!2m3!1f0!2f0!3f0!3m2!1i1024!2i768!4f13.1!3m3!1m2!1s0x88d929a4fac7fab7%3A0x3b5fcd9d48222454!2sHolocaust+Memorial!5e0!3m2!1sen!2sus!4v1490614532954\" width=\"600\" height=\"450\" frameborder=\"0\" allowfullscreen=\"allowfullscreen\"><\/iframe><\/p>\n","protected":false},"excerpt":{"rendered":"<p>Creado por sobrevivientes del holocausto, este monumento est\u00e1 ubicado justo despu\u00e9s del Centro de Convenciones y del Jard\u00edn Bot\u00e1nico de Miami Beach, en la esquina de Dade Boulevard y Meridian Ave. Puedes entrar directamente (el acceso est\u00e1 abierto) y, al hacerlo, notar\u00e1s de inmediato lo <a class=\"more-link\" href=\"https:\/\/enjoymiamibeach.com\/espanol\/activities\/holocaust-memorial\/\">Read More &#8230;<\/a><\/p>\n","protected":false},"author":2,"featured_media":1139,"parent":69,"menu_order":0,"comment_status":"closed","ping_status":"closed","template":"","meta":[],"yoast_head":"<!-- This site is optimized with the Yoast SEO plugin v18.8 - https:\/\/yoast.com\/wordpress\/plugins\/seo\/ -->\n<title>Memorial del Holocausto - ENJOY MIAMI BEACH<\/title>\n<meta name=\"robots\" content=\"index, follow, max-snippet:-1, max-image-preview:large, max-video-preview:-1\" \/>\n<link rel=\"canonical\" href=\"https:\/\/enjoymiamibeach.com\/espanol\/activities\/holocaust-memorial\/\" \/>\n<meta property=\"og:locale\" content=\"es_ES\" \/>\n<meta property=\"og:type\" content=\"article\" \/>\n<meta property=\"og:title\" content=\"Memorial del Holocausto - ENJOY MIAMI BEACH\" \/>\n<meta property=\"og:description\" content=\"Creado por sobrevivientes del holocausto, este monumento est\u00e1 ubicado justo despu\u00e9s del Centro de Convenciones y del Jard\u00edn Bot\u00e1nico de Miami Beach, en la esquina de Dade Boulevard y Meridian Ave. Puedes entrar directamente (el acceso est\u00e1 abierto) y, al hacerlo, notar\u00e1s de inmediato lo Read More ...\" \/>\n<meta property=\"og:url\" content=\"https:\/\/enjoymiamibeach.com\/espanol\/activities\/holocaust-memorial\/\" \/>\n<meta property=\"og:site_name\" content=\"ENJOY MIAMI BEACH\" \/>\n<meta property=\"article:modified_time\" content=\"2018-12-07T16:04:27+00:00\" \/>\n<meta property=\"og:image\" content=\"https:\/\/enjoymiamibeach.com\/espanol\/wp-content\/uploads\/2016\/06\/miami-beach-holocaust-memorial-14.jpg\" \/>\n\t<meta property=\"og:image:width\" content=\"2000\" \/>\n\t<meta property=\"og:image:height\" content=\"1333\" \/>\n\t<meta property=\"og:image:type\" content=\"image\/jpeg\" \/>\n<meta name=\"twitter:card\" content=\"summary\" \/>\n<script type=\"application\/ld+json\" class=\"yoast-schema-graph\">{\"@context\":\"https:\/\/schema.org\",\"@graph\":[{\"@type\":\"WebSite\",\"@id\":\"https:\/\/enjoymiamibeach.com\/espanol\/#website\",\"url\":\"https:\/\/enjoymiamibeach.com\/espanol\/\",\"name\":\"ENJOY MIAMI BEACH\",\"description\":\"Miami Beach informaci\u00f3n para el turista - precios de taxi - Ocean DR - Lincoln RD\",\"potentialAction\":[{\"@type\":\"SearchAction\",\"target\":{\"@type\":\"EntryPoint\",\"urlTemplate\":\"https:\/\/enjoymiamibeach.com\/espanol\/?s={search_term_string}\"},\"query-input\":\"required name=search_term_string\"}],\"inLanguage\":\"es\"},{\"@type\":\"ImageObject\",\"inLanguage\":\"es\",\"@id\":\"https:\/\/enjoymiamibeach.com\/espanol\/activities\/holocaust-memorial\/#primaryimage\",\"url\":\"https:\/\/enjoymiamibeach.com\/espanol\/wp-content\/uploads\/2016\/06\/miami-beach-holocaust-memorial-14.jpg\",\"contentUrl\":\"https:\/\/enjoymiamibeach.com\/espanol\/wp-content\/uploads\/2016\/06\/miami-beach-holocaust-memorial-14.jpg\",\"width\":2000,\"height\":1333,\"caption\":\"Miami Beach Holocaust Memorial\"},{\"@type\":\"WebPage\",\"@id\":\"https:\/\/enjoymiamibeach.com\/espanol\/activities\/holocaust-memorial\/#webpage\",\"url\":\"https:\/\/enjoymiamibeach.com\/espanol\/activities\/holocaust-memorial\/\",\"name\":\"Memorial del Holocausto - ENJOY MIAMI BEACH\",\"isPartOf\":{\"@id\":\"https:\/\/enjoymiamibeach.com\/espanol\/#website\"},\"primaryImageOfPage\":{\"@id\":\"https:\/\/enjoymiamibeach.com\/espanol\/activities\/holocaust-memorial\/#primaryimage\"},\"datePublished\":\"2016-06-02T23:28:52+00:00\",\"dateModified\":\"2018-12-07T16:04:27+00:00\",\"breadcrumb\":{\"@id\":\"https:\/\/enjoymiamibeach.com\/espanol\/activities\/holocaust-memorial\/#breadcrumb\"},\"inLanguage\":\"es\",\"potentialAction\":[{\"@type\":\"ReadAction\",\"target\":[\"https:\/\/enjoymiamibeach.com\/espanol\/activities\/holocaust-memorial\/\"]}]},{\"@type\":\"BreadcrumbList\",\"@id\":\"https:\/\/enjoymiamibeach.com\/espanol\/activities\/holocaust-memorial\/#breadcrumb\",\"itemListElement\":[{\"@type\":\"ListItem\",\"position\":1,\"name\":\"Home\",\"item\":\"https:\/\/enjoymiamibeach.com\/espanol\/\"},{\"@type\":\"ListItem\",\"position\":2,\"name\":\"Actividades\",\"item\":\"https:\/\/enjoymiamibeach.com\/espanol\/activities\/\"},{\"@type\":\"ListItem\",\"position\":3,\"name\":\"Memorial del Holocausto\"}]}]}<\/script>\n<!-- \/ Yoast SEO plugin. -->","yoast_head_json":{"title":"Memorial del Holocausto - ENJOY MIAMI BEACH","robots":{"index":"index","follow":"follow","max-snippet":"max-snippet:-1","max-image-preview":"max-image-preview:large","max-video-preview":"max-video-preview:-1"},"canonical":"https:\/\/enjoymiamibeach.com\/espanol\/activities\/holocaust-memorial\/","og_locale":"es_ES","og_type":"article","og_title":"Memorial del Holocausto - ENJOY MIAMI BEACH","og_description":"Creado por sobrevivientes del holocausto, este monumento est\u00e1 ubicado justo despu\u00e9s del Centro de Convenciones y del Jard\u00edn Bot\u00e1nico de Miami Beach, en la esquina de Dade Boulevard y Meridian Ave. Puedes entrar directamente (el acceso est\u00e1 abierto) y, al hacerlo, notar\u00e1s de inmediato lo Read More ...","og_url":"https:\/\/enjoymiamibeach.com\/espanol\/activities\/holocaust-memorial\/","og_site_name":"ENJOY MIAMI BEACH","article_modified_time":"2018-12-07T16:04:27+00:00","og_image":[{"width":2000,"height":1333,"url":"https:\/\/enjoymiamibeach.com\/espanol\/wp-content\/uploads\/2016\/06\/miami-beach-holocaust-memorial-14.jpg","type":"image\/jpeg"}],"twitter_card":"summary","schema":{"@context":"https:\/\/schema.org","@graph":[{"@type":"WebSite","@id":"https:\/\/enjoymiamibeach.com\/espanol\/#website","url":"https:\/\/enjoymiamibeach.com\/espanol\/","name":"ENJOY MIAMI BEACH","description":"Miami Beach informaci\u00f3n para el turista - precios de taxi - Ocean DR - Lincoln RD","potentialAction":[{"@type":"SearchAction","target":{"@type":"EntryPoint","urlTemplate":"https:\/\/enjoymiamibeach.com\/espanol\/?s={search_term_string}"},"query-input":"required name=search_term_string"}],"inLanguage":"es"},{"@type":"ImageObject","inLanguage":"es","@id":"https:\/\/enjoymiamibeach.com\/espanol\/activities\/holocaust-memorial\/#primaryimage","url":"https:\/\/enjoymiamibeach.com\/espanol\/wp-content\/uploads\/2016\/06\/miami-beach-holocaust-memorial-14.jpg","contentUrl":"https:\/\/enjoymiamibeach.com\/espanol\/wp-content\/uploads\/2016\/06\/miami-beach-holocaust-memorial-14.jpg","width":2000,"height":1333,"caption":"Miami Beach Holocaust Memorial"},{"@type":"WebPage","@id":"https:\/\/enjoymiamibeach.com\/espanol\/activities\/holocaust-memorial\/#webpage","url":"https:\/\/enjoymiamibeach.com\/espanol\/activities\/holocaust-memorial\/","name":"Memorial del Holocausto - ENJOY MIAMI BEACH","isPartOf":{"@id":"https:\/\/enjoymiamibeach.com\/espanol\/#website"},"primaryImageOfPage":{"@id":"https:\/\/enjoymiamibeach.com\/espanol\/activities\/holocaust-memorial\/#primaryimage"},"datePublished":"2016-06-02T23:28:52+00:00","dateModified":"2018-12-07T16:04:27+00:00","breadcrumb":{"@id":"https:\/\/enjoymiamibeach.com\/espanol\/activities\/holocaust-memorial\/#breadcrumb"},"inLanguage":"es","potentialAction":[{"@type":"ReadAction","target":["https:\/\/enjoymiamibeach.com\/espanol\/activities\/holocaust-memorial\/"]}]},{"@type":"BreadcrumbList","@id":"https:\/\/enjoymiamibeach.com\/espanol\/activities\/holocaust-memorial\/#breadcrumb","itemListElement":[{"@type":"ListItem","position":1,"name":"Home","item":"https:\/\/enjoymiamibeach.com\/espanol\/"},{"@type":"ListItem","position":2,"name":"Actividades","item":"https:\/\/enjoymiamibeach.com\/espanol\/activities\/"},{"@type":"ListItem","position":3,"name":"Memorial del Holocausto"}]}]}},"_links":{"self":[{"href":"https:\/\/enjoymiamibeach.com\/espanol\/wp-json\/wp\/v2\/pages\/542"}],"collection":[{"href":"https:\/\/enjoymiamibeach.com\/espanol\/wp-json\/wp\/v2\/pages"}],"about":[{"href":"https:\/\/enjoymiamibeach.com\/espanol\/wp-json\/wp\/v2\/types\/page"}],"author":[{"embeddable":true,"href":"https:\/\/enjoymiamibeach.com\/espanol\/wp-json\/wp\/v2\/users\/2"}],"replies":[{"embeddable":true,"href":"https:\/\/enjoymiamibeach.com\/espanol\/wp-json\/wp\/v2\/comments?post=542"}],"version-history":[{"count":9,"href":"https:\/\/enjoymiamibeach.com\/espanol\/wp-json\/wp\/v2\/pages\/542\/revisions"}],"predecessor-version":[{"id":1260,"href":"https:\/\/enjoymiamibeach.com\/espanol\/wp-json\/wp\/v2\/pages\/542\/revisions\/1260"}],"up":[{"embeddable":true,"href":"https:\/\/enjoymiamibeach.com\/espanol\/wp-json\/wp\/v2\/pages\/69"}],"wp:featuredmedia":[{"embeddable":true,"href":"https:\/\/enjoymiamibeach.com\/espanol\/wp-json\/wp\/v2\/media\/1139"}],"wp:attachment":[{"href":"https:\/\/enjoymiamibeach.com\/espanol\/wp-json\/wp\/v2\/media?parent=542"}],"curies":[{"name":"wp","href":"https:\/\/api.w.org\/{rel}","templated":true}]}}