{"id":538,"date":"2016-06-02T18:12:21","date_gmt":"2016-06-02T23:12:21","guid":{"rendered":"https:\/\/enjoymiamibeach.com\/espanol\/?page_id=538"},"modified":"2019-06-20T12:56:21","modified_gmt":"2019-06-20T17:56:21","slug":"vizcaya-museum-gardens","status":"publish","type":"page","link":"https:\/\/enjoymiamibeach.com\/espanol\/activities\/vizcaya-museum-gardens\/","title":{"rendered":"Museo y Jardines Vizcaya"},"content":{"rendered":"<p>Vizacaya es una casa. Una casa grande. Una mansi\u00f3n&#8230; y es hermosa.<br \/>\nSi te gustan los palacios europeos, los jardines rom\u00e1nticos y el dise\u00f1o<br \/>\nlujoso, te encantar\u00e1 este lugar.<\/p>\n<p>Toma la visita guiada si puedes, ya que te brinda mucha informaci\u00f3n interesante sobre la construcci\u00f3n de esta casa, su propietario original, los detalles de su dise\u00f1o y m\u00e1s.<\/p>\n<p>Los jardines de Vizcaya son tan impresionantes como su lujoso interior.<br \/>\nDise\u00f1ados en estilo renacentista italiano, te sentir\u00e1s como si ya no<br \/>\nestuvieras en Miami. No es de extra\u00f1ar que los fot\u00f3grafos los<br \/>\nusen para hacer desde fotos de bodas hasta sesiones de moda.<\/p>\n<p>P.D.: Si crees que te va a gustar esto, estamos seguros de que tambi\u00e9n<br \/>\nte encantar\u00e1 la <a href=\"https:\/\/enjoymiamibeach.com\/espanol\/activities\/venetian-pool\/\">Piscina Veneciana<\/a>.<\/p>\n<p>Para obtener m\u00e1s informaci\u00f3n sobre el <a href=\"http:\/\/vizcaya.org\/\" target=\"_blank\" rel=\"noopener noreferrer\">Museo y Jardines Vizcaya visita su sitio web<\/a>.<\/p>\n","protected":false},"excerpt":{"rendered":"<p>Vizacaya es una casa. Una casa grande. Una mansi\u00f3n&#8230; y es hermosa. Si te gustan los palacios europeos, los jardines rom\u00e1nticos y el dise\u00f1o lujoso, te encantar\u00e1 este lugar. Toma la visita guiada si puedes, ya que te brinda mucha informaci\u00f3n interesante sobre la construcci\u00f3n <a class=\"more-link\" href=\"https:\/\/enjoymiamibeach.com\/espanol\/activities\/vizcaya-museum-gardens\/\">Read More &#8230;<\/a><\/p>\n","protected":false},"author":2,"featured_media":0,"parent":69,"menu_order":0,"comment_status":"closed","ping_status":"closed","template":"","meta":[],"yoast_head":"<!-- This site is optimized with the Yoast SEO plugin v18.8 - https:\/\/yoast.com\/wordpress\/plugins\/seo\/ -->\n<title>Museo y Jardines Vizcaya - ENJOY MIAMI BEACH<\/title>\n<meta name=\"robots\" content=\"index, follow, max-snippet:-1, max-image-preview:large, max-video-preview:-1\" \/>\n<link rel=\"canonical\" href=\"https:\/\/enjoymiamibeach.com\/espanol\/activities\/vizcaya-museum-gardens\/\" \/>\n<meta property=\"og:locale\" content=\"es_ES\" \/>\n<meta property=\"og:type\" content=\"article\" \/>\n<meta property=\"og:title\" content=\"Museo y Jardines Vizcaya - ENJOY MIAMI BEACH\" \/>\n<meta property=\"og:description\" content=\"Vizacaya es una casa. Una casa grande. Una mansi\u00f3n&#8230; y es hermosa. Si te gustan los palacios europeos, los jardines rom\u00e1nticos y el dise\u00f1o lujoso, te encantar\u00e1 este lugar. Toma la visita guiada si puedes, ya que te brinda mucha informaci\u00f3n interesante sobre la construcci\u00f3n Read More ...\" \/>\n<meta property=\"og:url\" content=\"https:\/\/enjoymiamibeach.com\/espanol\/activities\/vizcaya-museum-gardens\/\" \/>\n<meta property=\"og:site_name\" content=\"ENJOY MIAMI BEACH\" \/>\n<meta property=\"article:modified_time\" content=\"2019-06-20T17:56:21+00:00\" \/>\n<meta name=\"twitter:card\" content=\"summary\" \/>\n<meta name=\"twitter:label1\" content=\"Tiempo de lectura\" \/>\n\t<meta name=\"twitter:data1\" content=\"1 minuto\" \/>\n<script type=\"application\/ld+json\" class=\"yoast-schema-graph\">{\"@context\":\"https:\/\/schema.org\",\"@graph\":[{\"@type\":\"WebSite\",\"@id\":\"https:\/\/enjoymiamibeach.com\/espanol\/#website\",\"url\":\"https:\/\/enjoymiamibeach.com\/espanol\/\",\"name\":\"ENJOY MIAMI BEACH\",\"description\":\"Miami Beach informaci\u00f3n para el turista - precios de taxi - Ocean DR - Lincoln RD\",\"potentialAction\":[{\"@type\":\"SearchAction\",\"target\":{\"@type\":\"EntryPoint\",\"urlTemplate\":\"https:\/\/enjoymiamibeach.com\/espanol\/?s={search_term_string}\"},\"query-input\":\"required name=search_term_string\"}],\"inLanguage\":\"es\"},{\"@type\":\"WebPage\",\"@id\":\"https:\/\/enjoymiamibeach.com\/espanol\/activities\/vizcaya-museum-gardens\/#webpage\",\"url\":\"https:\/\/enjoymiamibeach.com\/espanol\/activities\/vizcaya-museum-gardens\/\",\"name\":\"Museo y Jardines Vizcaya - ENJOY MIAMI BEACH\",\"isPartOf\":{\"@id\":\"https:\/\/enjoymiamibeach.com\/espanol\/#website\"},\"datePublished\":\"2016-06-02T23:12:21+00:00\",\"dateModified\":\"2019-06-20T17:56:21+00:00\",\"breadcrumb\":{\"@id\":\"https:\/\/enjoymiamibeach.com\/espanol\/activities\/vizcaya-museum-gardens\/#breadcrumb\"},\"inLanguage\":\"es\",\"potentialAction\":[{\"@type\":\"ReadAction\",\"target\":[\"https:\/\/enjoymiamibeach.com\/espanol\/activities\/vizcaya-museum-gardens\/\"]}]},{\"@type\":\"BreadcrumbList\",\"@id\":\"https:\/\/enjoymiamibeach.com\/espanol\/activities\/vizcaya-museum-gardens\/#breadcrumb\",\"itemListElement\":[{\"@type\":\"ListItem\",\"position\":1,\"name\":\"Home\",\"item\":\"https:\/\/enjoymiamibeach.com\/espanol\/\"},{\"@type\":\"ListItem\",\"position\":2,\"name\":\"Actividades\",\"item\":\"https:\/\/enjoymiamibeach.com\/espanol\/activities\/\"},{\"@type\":\"ListItem\",\"position\":3,\"name\":\"Museo y Jardines Vizcaya\"}]}]}<\/script>\n<!-- \/ Yoast SEO plugin. -->","yoast_head_json":{"title":"Museo y Jardines Vizcaya - ENJOY MIAMI BEACH","robots":{"index":"index","follow":"follow","max-snippet":"max-snippet:-1","max-image-preview":"max-image-preview:large","max-video-preview":"max-video-preview:-1"},"canonical":"https:\/\/enjoymiamibeach.com\/espanol\/activities\/vizcaya-museum-gardens\/","og_locale":"es_ES","og_type":"article","og_title":"Museo y Jardines Vizcaya - ENJOY MIAMI BEACH","og_description":"Vizacaya es una casa. Una casa grande. Una mansi\u00f3n&#8230; y es hermosa. Si te gustan los palacios europeos, los jardines rom\u00e1nticos y el dise\u00f1o lujoso, te encantar\u00e1 este lugar. Toma la visita guiada si puedes, ya que te brinda mucha informaci\u00f3n interesante sobre la construcci\u00f3n Read More ...","og_url":"https:\/\/enjoymiamibeach.com\/espanol\/activities\/vizcaya-museum-gardens\/","og_site_name":"ENJOY MIAMI BEACH","article_modified_time":"2019-06-20T17:56:21+00:00","twitter_card":"summary","twitter_misc":{"Tiempo de lectura":"1 minuto"},"schema":{"@context":"https:\/\/schema.org","@graph":[{"@type":"WebSite","@id":"https:\/\/enjoymiamibeach.com\/espanol\/#website","url":"https:\/\/enjoymiamibeach.com\/espanol\/","name":"ENJOY MIAMI BEACH","description":"Miami Beach informaci\u00f3n para el turista - precios de taxi - Ocean DR - Lincoln RD","potentialAction":[{"@type":"SearchAction","target":{"@type":"EntryPoint","urlTemplate":"https:\/\/enjoymiamibeach.com\/espanol\/?s={search_term_string}"},"query-input":"required name=search_term_string"}],"inLanguage":"es"},{"@type":"WebPage","@id":"https:\/\/enjoymiamibeach.com\/espanol\/activities\/vizcaya-museum-gardens\/#webpage","url":"https:\/\/enjoymiamibeach.com\/espanol\/activities\/vizcaya-museum-gardens\/","name":"Museo y Jardines Vizcaya - ENJOY MIAMI BEACH","isPartOf":{"@id":"https:\/\/enjoymiamibeach.com\/espanol\/#website"},"datePublished":"2016-06-02T23:12:21+00:00","dateModified":"2019-06-20T17:56:21+00:00","breadcrumb":{"@id":"https:\/\/enjoymiamibeach.com\/espanol\/activities\/vizcaya-museum-gardens\/#breadcrumb"},"inLanguage":"es","potentialAction":[{"@type":"ReadAction","target":["https:\/\/enjoymiamibeach.com\/espanol\/activities\/vizcaya-museum-gardens\/"]}]},{"@type":"BreadcrumbList","@id":"https:\/\/enjoymiamibeach.com\/espanol\/activities\/vizcaya-museum-gardens\/#breadcrumb","itemListElement":[{"@type":"ListItem","position":1,"name":"Home","item":"https:\/\/enjoymiamibeach.com\/espanol\/"},{"@type":"ListItem","position":2,"name":"Actividades","item":"https:\/\/enjoymiamibeach.com\/espanol\/activities\/"},{"@type":"ListItem","position":3,"name":"Museo y Jardines Vizcaya"}]}]}},"_links":{"self":[{"href":"https:\/\/enjoymiamibeach.com\/espanol\/wp-json\/wp\/v2\/pages\/538"}],"collection":[{"href":"https:\/\/enjoymiamibeach.com\/espanol\/wp-json\/wp\/v2\/pages"}],"about":[{"href":"https:\/\/enjoymiamibeach.com\/espanol\/wp-json\/wp\/v2\/types\/page"}],"author":[{"embeddable":true,"href":"https:\/\/enjoymiamibeach.com\/espanol\/wp-json\/wp\/v2\/users\/2"}],"replies":[{"embeddable":true,"href":"https:\/\/enjoymiamibeach.com\/espanol\/wp-json\/wp\/v2\/comments?post=538"}],"version-history":[{"count":4,"href":"https:\/\/enjoymiamibeach.com\/espanol\/wp-json\/wp\/v2\/pages\/538\/revisions"}],"predecessor-version":[{"id":1301,"href":"https:\/\/enjoymiamibeach.com\/espanol\/wp-json\/wp\/v2\/pages\/538\/revisions\/1301"}],"up":[{"embeddable":true,"href":"https:\/\/enjoymiamibeach.com\/espanol\/wp-json\/wp\/v2\/pages\/69"}],"wp:attachment":[{"href":"https:\/\/enjoymiamibeach.com\/espanol\/wp-json\/wp\/v2\/media?parent=538"}],"curies":[{"name":"wp","href":"https:\/\/api.w.org\/{rel}","templated":true}]}}