{"id":530,"date":"2016-06-02T16:20:16","date_gmt":"2016-06-02T21:20:16","guid":{"rendered":"https:\/\/enjoymiamibeach.com\/espanol\/?page_id=530"},"modified":"2018-10-06T08:24:09","modified_gmt":"2018-10-06T13:24:09","slug":"coral-castle-museum","status":"publish","type":"page","link":"https:\/\/enjoymiamibeach.com\/espanol\/activities\/coral-castle-museum\/","title":{"rendered":"Museo \u00abCoral Castle\u00bb \/ Castillo De Coral"},"content":{"rendered":"<p>Otro punto de inter\u00e9s que podr\u00eda estar fuera de tu alcance si no est\u00e1s en auto o si no te gustan los viajes largos. El Museo del Castillo de Coral est\u00e1 a una hora y media de distancia de South Beach. Traducci\u00f3n: por muy divertido que sea, si no tienes otras cosas que hacer cerca del castillo, es posible que encuentres que est\u00e9 demasiado lejos. Ahora, aqu\u00ed hay una sugerencia: El <a href=\"https:\/\/enjoymiamibeach.com\/espanol\/shopping-malls\/outlets\/#go-to-fl-keys-outlet-info\" target=\"_blank\" rel=\"noopener\">Florida Keys Outlet Marketplace<\/a> y el Castillo de Coral est\u00e1n a solo 15 minutos de distancia. Entonces, si te gustan comprar con descuentos y tambi\u00e9n tienes curiosidad acerca de este museo al aire libre, \u00a1esto podr\u00eda funcionar muy bien despu\u00e9s de todo!<\/p>\n<p>Entonces, \u00bfqu\u00e9 es el Castillo de Coral? Bueno, es un entorno casi totalmente sin techo hecho de piedra caliza (formada a partir de coral). Estamos hablando de mesas y sillas, una ba\u00f1era, un telescopio, una puerta giratoria de 9 toneladas y maravillas de ese tipo. El detalle m\u00e1s interesante sobre el Castillo de Coral es el misterio que rodea su construcci\u00f3n. Se dice que su due\u00f1o y \u00fanico constructor era un hombre de 100 lbs y 5 pies de alto llamado Ed. \u00bfC\u00f3mo fue capaz de lograr una tarea tan impensable? Bueno, es posible que tengas que visitar el castillo para encontrar algunas respuestas.<\/p>\n<p>Para obtener m\u00e1s informaci\u00f3n, visita <a href=\"http:\/\/coralcastle.com\/\" target=\"_blank\" rel=\"noopener\">www.coralcastle.com<\/a><\/p>\n","protected":false},"excerpt":{"rendered":"<p>Otro punto de inter\u00e9s que podr\u00eda estar fuera de tu alcance si no est\u00e1s en auto o si no te gustan los viajes largos. El Museo del Castillo de Coral est\u00e1 a una hora y media de distancia de South Beach. Traducci\u00f3n: por muy divertido <a class=\"more-link\" href=\"https:\/\/enjoymiamibeach.com\/espanol\/activities\/coral-castle-museum\/\">Read More &#8230;<\/a><\/p>\n","protected":false},"author":2,"featured_media":0,"parent":69,"menu_order":0,"comment_status":"closed","ping_status":"closed","template":"","meta":[],"yoast_head":"<!-- This site is optimized with the Yoast SEO plugin v18.8 - https:\/\/yoast.com\/wordpress\/plugins\/seo\/ -->\n<title>Museo &quot;Coral Castle&quot; \/ Castillo De Coral - ENJOY MIAMI BEACH<\/title>\n<meta name=\"robots\" content=\"index, follow, max-snippet:-1, max-image-preview:large, max-video-preview:-1\" \/>\n<link rel=\"canonical\" href=\"https:\/\/enjoymiamibeach.com\/espanol\/activities\/coral-castle-museum\/\" \/>\n<meta property=\"og:locale\" content=\"es_ES\" \/>\n<meta property=\"og:type\" content=\"article\" \/>\n<meta property=\"og:title\" content=\"Museo &quot;Coral Castle&quot; \/ Castillo De Coral - ENJOY MIAMI BEACH\" \/>\n<meta property=\"og:description\" content=\"Otro punto de inter\u00e9s que podr\u00eda estar fuera de tu alcance si no est\u00e1s en auto o si no te gustan los viajes largos. El Museo del Castillo de Coral est\u00e1 a una hora y media de distancia de South Beach. Traducci\u00f3n: por muy divertido Read More ...\" \/>\n<meta property=\"og:url\" content=\"https:\/\/enjoymiamibeach.com\/espanol\/activities\/coral-castle-museum\/\" \/>\n<meta property=\"og:site_name\" content=\"ENJOY MIAMI BEACH\" \/>\n<meta property=\"article:modified_time\" content=\"2018-10-06T13:24:09+00:00\" \/>\n<meta name=\"twitter:card\" content=\"summary\" \/>\n<meta name=\"twitter:label1\" content=\"Tiempo de lectura\" \/>\n\t<meta name=\"twitter:data1\" content=\"1 minuto\" \/>\n<script type=\"application\/ld+json\" class=\"yoast-schema-graph\">{\"@context\":\"https:\/\/schema.org\",\"@graph\":[{\"@type\":\"WebSite\",\"@id\":\"https:\/\/enjoymiamibeach.com\/espanol\/#website\",\"url\":\"https:\/\/enjoymiamibeach.com\/espanol\/\",\"name\":\"ENJOY MIAMI BEACH\",\"description\":\"Miami Beach informaci\u00f3n para el turista - precios de taxi - Ocean DR - Lincoln RD\",\"potentialAction\":[{\"@type\":\"SearchAction\",\"target\":{\"@type\":\"EntryPoint\",\"urlTemplate\":\"https:\/\/enjoymiamibeach.com\/espanol\/?s={search_term_string}\"},\"query-input\":\"required name=search_term_string\"}],\"inLanguage\":\"es\"},{\"@type\":\"WebPage\",\"@id\":\"https:\/\/enjoymiamibeach.com\/espanol\/activities\/coral-castle-museum\/#webpage\",\"url\":\"https:\/\/enjoymiamibeach.com\/espanol\/activities\/coral-castle-museum\/\",\"name\":\"Museo \\\"Coral Castle\\\" \/ Castillo De Coral - ENJOY MIAMI BEACH\",\"isPartOf\":{\"@id\":\"https:\/\/enjoymiamibeach.com\/espanol\/#website\"},\"datePublished\":\"2016-06-02T21:20:16+00:00\",\"dateModified\":\"2018-10-06T13:24:09+00:00\",\"breadcrumb\":{\"@id\":\"https:\/\/enjoymiamibeach.com\/espanol\/activities\/coral-castle-museum\/#breadcrumb\"},\"inLanguage\":\"es\",\"potentialAction\":[{\"@type\":\"ReadAction\",\"target\":[\"https:\/\/enjoymiamibeach.com\/espanol\/activities\/coral-castle-museum\/\"]}]},{\"@type\":\"BreadcrumbList\",\"@id\":\"https:\/\/enjoymiamibeach.com\/espanol\/activities\/coral-castle-museum\/#breadcrumb\",\"itemListElement\":[{\"@type\":\"ListItem\",\"position\":1,\"name\":\"Home\",\"item\":\"https:\/\/enjoymiamibeach.com\/espanol\/\"},{\"@type\":\"ListItem\",\"position\":2,\"name\":\"Actividades\",\"item\":\"https:\/\/enjoymiamibeach.com\/espanol\/activities\/\"},{\"@type\":\"ListItem\",\"position\":3,\"name\":\"Museo \u00abCoral Castle\u00bb \/ Castillo De Coral\"}]}]}<\/script>\n<!-- \/ Yoast SEO plugin. -->","yoast_head_json":{"title":"Museo \"Coral Castle\" \/ Castillo De Coral - ENJOY MIAMI BEACH","robots":{"index":"index","follow":"follow","max-snippet":"max-snippet:-1","max-image-preview":"max-image-preview:large","max-video-preview":"max-video-preview:-1"},"canonical":"https:\/\/enjoymiamibeach.com\/espanol\/activities\/coral-castle-museum\/","og_locale":"es_ES","og_type":"article","og_title":"Museo \"Coral Castle\" \/ Castillo De Coral - ENJOY MIAMI BEACH","og_description":"Otro punto de inter\u00e9s que podr\u00eda estar fuera de tu alcance si no est\u00e1s en auto o si no te gustan los viajes largos. El Museo del Castillo de Coral est\u00e1 a una hora y media de distancia de South Beach. Traducci\u00f3n: por muy divertido Read More ...","og_url":"https:\/\/enjoymiamibeach.com\/espanol\/activities\/coral-castle-museum\/","og_site_name":"ENJOY MIAMI BEACH","article_modified_time":"2018-10-06T13:24:09+00:00","twitter_card":"summary","twitter_misc":{"Tiempo de lectura":"1 minuto"},"schema":{"@context":"https:\/\/schema.org","@graph":[{"@type":"WebSite","@id":"https:\/\/enjoymiamibeach.com\/espanol\/#website","url":"https:\/\/enjoymiamibeach.com\/espanol\/","name":"ENJOY MIAMI BEACH","description":"Miami Beach informaci\u00f3n para el turista - precios de taxi - Ocean DR - Lincoln RD","potentialAction":[{"@type":"SearchAction","target":{"@type":"EntryPoint","urlTemplate":"https:\/\/enjoymiamibeach.com\/espanol\/?s={search_term_string}"},"query-input":"required name=search_term_string"}],"inLanguage":"es"},{"@type":"WebPage","@id":"https:\/\/enjoymiamibeach.com\/espanol\/activities\/coral-castle-museum\/#webpage","url":"https:\/\/enjoymiamibeach.com\/espanol\/activities\/coral-castle-museum\/","name":"Museo \"Coral Castle\" \/ Castillo De Coral - ENJOY MIAMI BEACH","isPartOf":{"@id":"https:\/\/enjoymiamibeach.com\/espanol\/#website"},"datePublished":"2016-06-02T21:20:16+00:00","dateModified":"2018-10-06T13:24:09+00:00","breadcrumb":{"@id":"https:\/\/enjoymiamibeach.com\/espanol\/activities\/coral-castle-museum\/#breadcrumb"},"inLanguage":"es","potentialAction":[{"@type":"ReadAction","target":["https:\/\/enjoymiamibeach.com\/espanol\/activities\/coral-castle-museum\/"]}]},{"@type":"BreadcrumbList","@id":"https:\/\/enjoymiamibeach.com\/espanol\/activities\/coral-castle-museum\/#breadcrumb","itemListElement":[{"@type":"ListItem","position":1,"name":"Home","item":"https:\/\/enjoymiamibeach.com\/espanol\/"},{"@type":"ListItem","position":2,"name":"Actividades","item":"https:\/\/enjoymiamibeach.com\/espanol\/activities\/"},{"@type":"ListItem","position":3,"name":"Museo \u00abCoral Castle\u00bb \/ Castillo De Coral"}]}]}},"_links":{"self":[{"href":"https:\/\/enjoymiamibeach.com\/espanol\/wp-json\/wp\/v2\/pages\/530"}],"collection":[{"href":"https:\/\/enjoymiamibeach.com\/espanol\/wp-json\/wp\/v2\/pages"}],"about":[{"href":"https:\/\/enjoymiamibeach.com\/espanol\/wp-json\/wp\/v2\/types\/page"}],"author":[{"embeddable":true,"href":"https:\/\/enjoymiamibeach.com\/espanol\/wp-json\/wp\/v2\/users\/2"}],"replies":[{"embeddable":true,"href":"https:\/\/enjoymiamibeach.com\/espanol\/wp-json\/wp\/v2\/comments?post=530"}],"version-history":[{"count":10,"href":"https:\/\/enjoymiamibeach.com\/espanol\/wp-json\/wp\/v2\/pages\/530\/revisions"}],"predecessor-version":[{"id":1251,"href":"https:\/\/enjoymiamibeach.com\/espanol\/wp-json\/wp\/v2\/pages\/530\/revisions\/1251"}],"up":[{"embeddable":true,"href":"https:\/\/enjoymiamibeach.com\/espanol\/wp-json\/wp\/v2\/pages\/69"}],"wp:attachment":[{"href":"https:\/\/enjoymiamibeach.com\/espanol\/wp-json\/wp\/v2\/media?parent=530"}],"curies":[{"name":"wp","href":"https:\/\/api.w.org\/{rel}","templated":true}]}}