{"id":504,"date":"2016-05-24T21:24:02","date_gmt":"2016-05-25T02:24:02","guid":{"rendered":"https:\/\/enjoymiamibeach.com\/espanol\/?page_id=504"},"modified":"2019-01-13T09:07:17","modified_gmt":"2019-01-13T14:07:17","slug":"miami-beach-botanical-garden","status":"publish","type":"page","link":"https:\/\/enjoymiamibeach.com\/espanol\/activities\/miami-beach-botanical-garden\/","title":{"rendered":"Jard\u00edn Bot\u00e1nico de Miami Beach"},"content":{"rendered":"<p>Peque\u00f1o y tranquilo, el Jard\u00edn Bot\u00e1nico de Miami Beach es un espacio verde hermoso y bien mantenido que sirve como un oasis en el centro de South Beach. El sitio exhibe plantas y \u00e1rboles nativos de Florida, incluyendo bromelias, palmas, c\u00edcadas, orqu\u00eddeas y muchos otros. Hay un jard\u00edn japon\u00e9s, un jard\u00edn nativo con drenajes para purificar el agua natural, y jardines acu\u00e1ticos que incluyen estanques, fuentes y un pantano con manglares y manzanos de estanques. *<\/p>\n\n\t\t<style type=\"text\/css\">\n\t\t\t#gallery-1 {\n\t\t\t\tmargin: auto;\n\t\t\t}\n\t\t\t#gallery-1 .gallery-item {\n\t\t\t\tfloat: left;\n\t\t\t\tmargin-top: 10px;\n\t\t\t\ttext-align: center;\n\t\t\t\twidth: 33%;\n\t\t\t}\n\t\t\t#gallery-1 img {\n\t\t\t\tborder: 2px solid #cfcfcf;\n\t\t\t}\n\t\t\t#gallery-1 .gallery-caption {\n\t\t\t\tmargin-left: 0;\n\t\t\t}\n\t\t\t\/* see gallery_shortcode() in wp-includes\/media.php *\/\n\t\t<\/style>\n\t\t<div id='gallery-1' class='gallery galleryid-504 gallery-columns-3 gallery-size-medium'><dl class='gallery-item'>\n\t\t\t<dt class='gallery-icon landscape'>\n\t\t\t\t<a href='https:\/\/enjoymiamibeach.com\/espanol\/wp-content\/uploads\/2016\/05\/miami-beach-botanical-garden-4.jpg'><img width=\"300\" height=\"200\" src=\"https:\/\/enjoymiamibeach.com\/espanol\/wp-content\/uploads\/2016\/05\/miami-beach-botanical-garden-4-300x200.jpg\" class=\"attachment-medium size-medium\" alt=\"\" loading=\"lazy\" srcset=\"https:\/\/enjoymiamibeach.com\/espanol\/wp-content\/uploads\/2016\/05\/miami-beach-botanical-garden-4-300x200.jpg 300w, https:\/\/enjoymiamibeach.com\/espanol\/wp-content\/uploads\/2016\/05\/miami-beach-botanical-garden-4-768x511.jpg 768w, https:\/\/enjoymiamibeach.com\/espanol\/wp-content\/uploads\/2016\/05\/miami-beach-botanical-garden-4-1024x681.jpg 1024w, https:\/\/enjoymiamibeach.com\/espanol\/wp-content\/uploads\/2016\/05\/miami-beach-botanical-garden-4-480x320.jpg 480w, https:\/\/enjoymiamibeach.com\/espanol\/wp-content\/uploads\/2016\/05\/miami-beach-botanical-garden-4-880x586.jpg 880w, https:\/\/enjoymiamibeach.com\/espanol\/wp-content\/uploads\/2016\/05\/miami-beach-botanical-garden-4-385x257.jpg 385w, https:\/\/enjoymiamibeach.com\/espanol\/wp-content\/uploads\/2016\/05\/miami-beach-botanical-garden-4-272x182.jpg 272w, https:\/\/enjoymiamibeach.com\/espanol\/wp-content\/uploads\/2016\/05\/miami-beach-botanical-garden-4.jpg 1700w\" sizes=\"(max-width: 300px) 100vw, 300px\" \/><\/a>\n\t\t\t<\/dt><\/dl><dl class='gallery-item'>\n\t\t\t<dt class='gallery-icon portrait'>\n\t\t\t\t<a href='https:\/\/enjoymiamibeach.com\/espanol\/wp-content\/uploads\/2016\/05\/miami-beach-botanical-garden-10.jpg'><img width=\"200\" height=\"300\" src=\"https:\/\/enjoymiamibeach.com\/espanol\/wp-content\/uploads\/2016\/05\/miami-beach-botanical-garden-10-200x300.jpg\" class=\"attachment-medium size-medium\" alt=\"\" loading=\"lazy\" srcset=\"https:\/\/enjoymiamibeach.com\/espanol\/wp-content\/uploads\/2016\/05\/miami-beach-botanical-garden-10-200x300.jpg 200w, https:\/\/enjoymiamibeach.com\/espanol\/wp-content\/uploads\/2016\/05\/miami-beach-botanical-garden-10-768x1149.jpg 768w, https:\/\/enjoymiamibeach.com\/espanol\/wp-content\/uploads\/2016\/05\/miami-beach-botanical-garden-10-684x1024.jpg 684w, https:\/\/enjoymiamibeach.com\/espanol\/wp-content\/uploads\/2016\/05\/miami-beach-botanical-garden-10.jpg 1136w\" sizes=\"(max-width: 200px) 100vw, 200px\" \/><\/a>\n\t\t\t<\/dt><\/dl><dl class='gallery-item'>\n\t\t\t<dt class='gallery-icon landscape'>\n\t\t\t\t<a href='https:\/\/enjoymiamibeach.com\/espanol\/wp-content\/uploads\/2016\/05\/miami-beach-botanical-garden-6.jpg'><img width=\"300\" height=\"200\" src=\"https:\/\/enjoymiamibeach.com\/espanol\/wp-content\/uploads\/2016\/05\/miami-beach-botanical-garden-6-300x200.jpg\" class=\"attachment-medium size-medium\" alt=\"\" loading=\"lazy\" srcset=\"https:\/\/enjoymiamibeach.com\/espanol\/wp-content\/uploads\/2016\/05\/miami-beach-botanical-garden-6-300x200.jpg 300w, https:\/\/enjoymiamibeach.com\/espanol\/wp-content\/uploads\/2016\/05\/miami-beach-botanical-garden-6-768x511.jpg 768w, https:\/\/enjoymiamibeach.com\/espanol\/wp-content\/uploads\/2016\/05\/miami-beach-botanical-garden-6-1024x682.jpg 1024w, https:\/\/enjoymiamibeach.com\/espanol\/wp-content\/uploads\/2016\/05\/miami-beach-botanical-garden-6-480x320.jpg 480w, https:\/\/enjoymiamibeach.com\/espanol\/wp-content\/uploads\/2016\/05\/miami-beach-botanical-garden-6-880x586.jpg 880w, https:\/\/enjoymiamibeach.com\/espanol\/wp-content\/uploads\/2016\/05\/miami-beach-botanical-garden-6-385x257.jpg 385w, https:\/\/enjoymiamibeach.com\/espanol\/wp-content\/uploads\/2016\/05\/miami-beach-botanical-garden-6-272x182.jpg 272w, https:\/\/enjoymiamibeach.com\/espanol\/wp-content\/uploads\/2016\/05\/miami-beach-botanical-garden-6.jpg 1700w\" sizes=\"(max-width: 300px) 100vw, 300px\" \/><\/a>\n\t\t\t<\/dt><\/dl><br style=\"clear: both\" \/><dl class='gallery-item'>\n\t\t\t<dt class='gallery-icon landscape'>\n\t\t\t\t<a href='https:\/\/enjoymiamibeach.com\/espanol\/wp-content\/uploads\/2016\/05\/miami-beach-botanical-garden-5.jpg'><img width=\"300\" height=\"200\" src=\"https:\/\/enjoymiamibeach.com\/espanol\/wp-content\/uploads\/2016\/05\/miami-beach-botanical-garden-5-300x200.jpg\" class=\"attachment-medium size-medium\" alt=\"\" loading=\"lazy\" srcset=\"https:\/\/enjoymiamibeach.com\/espanol\/wp-content\/uploads\/2016\/05\/miami-beach-botanical-garden-5-300x200.jpg 300w, https:\/\/enjoymiamibeach.com\/espanol\/wp-content\/uploads\/2016\/05\/miami-beach-botanical-garden-5-768x513.jpg 768w, https:\/\/enjoymiamibeach.com\/espanol\/wp-content\/uploads\/2016\/05\/miami-beach-botanical-garden-5-1024x684.jpg 1024w, https:\/\/enjoymiamibeach.com\/espanol\/wp-content\/uploads\/2016\/05\/miami-beach-botanical-garden-5-480x320.jpg 480w, https:\/\/enjoymiamibeach.com\/espanol\/wp-content\/uploads\/2016\/05\/miami-beach-botanical-garden-5-880x586.jpg 880w, https:\/\/enjoymiamibeach.com\/espanol\/wp-content\/uploads\/2016\/05\/miami-beach-botanical-garden-5-385x257.jpg 385w, https:\/\/enjoymiamibeach.com\/espanol\/wp-content\/uploads\/2016\/05\/miami-beach-botanical-garden-5-272x182.jpg 272w, https:\/\/enjoymiamibeach.com\/espanol\/wp-content\/uploads\/2016\/05\/miami-beach-botanical-garden-5.jpg 1700w\" sizes=\"(max-width: 300px) 100vw, 300px\" \/><\/a>\n\t\t\t<\/dt><\/dl><dl class='gallery-item'>\n\t\t\t<dt class='gallery-icon landscape'>\n\t\t\t\t<a href='https:\/\/enjoymiamibeach.com\/espanol\/wp-content\/uploads\/2016\/05\/miami-beach-botanical-garden-7.jpg'><img width=\"300\" height=\"200\" src=\"https:\/\/enjoymiamibeach.com\/espanol\/wp-content\/uploads\/2016\/05\/miami-beach-botanical-garden-7-300x200.jpg\" class=\"attachment-medium size-medium\" alt=\"\" loading=\"lazy\" srcset=\"https:\/\/enjoymiamibeach.com\/espanol\/wp-content\/uploads\/2016\/05\/miami-beach-botanical-garden-7-300x200.jpg 300w, https:\/\/enjoymiamibeach.com\/espanol\/wp-content\/uploads\/2016\/05\/miami-beach-botanical-garden-7-768x512.jpg 768w, https:\/\/enjoymiamibeach.com\/espanol\/wp-content\/uploads\/2016\/05\/miami-beach-botanical-garden-7-1024x682.jpg 1024w, https:\/\/enjoymiamibeach.com\/espanol\/wp-content\/uploads\/2016\/05\/miami-beach-botanical-garden-7-480x320.jpg 480w, https:\/\/enjoymiamibeach.com\/espanol\/wp-content\/uploads\/2016\/05\/miami-beach-botanical-garden-7-880x586.jpg 880w, https:\/\/enjoymiamibeach.com\/espanol\/wp-content\/uploads\/2016\/05\/miami-beach-botanical-garden-7-385x257.jpg 385w, https:\/\/enjoymiamibeach.com\/espanol\/wp-content\/uploads\/2016\/05\/miami-beach-botanical-garden-7-272x182.jpg 272w, https:\/\/enjoymiamibeach.com\/espanol\/wp-content\/uploads\/2016\/05\/miami-beach-botanical-garden-7.jpg 1700w\" sizes=\"(max-width: 300px) 100vw, 300px\" \/><\/a>\n\t\t\t<\/dt><\/dl><dl class='gallery-item'>\n\t\t\t<dt class='gallery-icon landscape'>\n\t\t\t\t<a href='https:\/\/enjoymiamibeach.com\/espanol\/wp-content\/uploads\/2016\/05\/miami-beach-botanical-garden-1.jpg'><img width=\"300\" height=\"200\" src=\"https:\/\/enjoymiamibeach.com\/espanol\/wp-content\/uploads\/2016\/05\/miami-beach-botanical-garden-1-300x200.jpg\" class=\"attachment-medium size-medium\" alt=\"\" loading=\"lazy\" srcset=\"https:\/\/enjoymiamibeach.com\/espanol\/wp-content\/uploads\/2016\/05\/miami-beach-botanical-garden-1-300x200.jpg 300w, https:\/\/enjoymiamibeach.com\/espanol\/wp-content\/uploads\/2016\/05\/miami-beach-botanical-garden-1-768x513.jpg 768w, https:\/\/enjoymiamibeach.com\/espanol\/wp-content\/uploads\/2016\/05\/miami-beach-botanical-garden-1-1024x684.jpg 1024w, https:\/\/enjoymiamibeach.com\/espanol\/wp-content\/uploads\/2016\/05\/miami-beach-botanical-garden-1-480x320.jpg 480w, https:\/\/enjoymiamibeach.com\/espanol\/wp-content\/uploads\/2016\/05\/miami-beach-botanical-garden-1-880x586.jpg 880w, https:\/\/enjoymiamibeach.com\/espanol\/wp-content\/uploads\/2016\/05\/miami-beach-botanical-garden-1-385x257.jpg 385w, https:\/\/enjoymiamibeach.com\/espanol\/wp-content\/uploads\/2016\/05\/miami-beach-botanical-garden-1-272x182.jpg 272w, https:\/\/enjoymiamibeach.com\/espanol\/wp-content\/uploads\/2016\/05\/miami-beach-botanical-garden-1.jpg 1700w\" sizes=\"(max-width: 300px) 100vw, 300px\" \/><\/a>\n\t\t\t<\/dt><\/dl><br style=\"clear: both\" \/><dl class='gallery-item'>\n\t\t\t<dt class='gallery-icon portrait'>\n\t\t\t\t<a href='https:\/\/enjoymiamibeach.com\/espanol\/wp-content\/uploads\/2016\/05\/miami-beach-botanical-garden-8.jpg'><img width=\"201\" height=\"300\" src=\"https:\/\/enjoymiamibeach.com\/espanol\/wp-content\/uploads\/2016\/05\/miami-beach-botanical-garden-8-201x300.jpg\" class=\"attachment-medium size-medium\" alt=\"\" loading=\"lazy\" srcset=\"https:\/\/enjoymiamibeach.com\/espanol\/wp-content\/uploads\/2016\/05\/miami-beach-botanical-garden-8-201x300.jpg 201w, https:\/\/enjoymiamibeach.com\/espanol\/wp-content\/uploads\/2016\/05\/miami-beach-botanical-garden-8-768x1146.jpg 768w, https:\/\/enjoymiamibeach.com\/espanol\/wp-content\/uploads\/2016\/05\/miami-beach-botanical-garden-8-686x1024.jpg 686w, https:\/\/enjoymiamibeach.com\/espanol\/wp-content\/uploads\/2016\/05\/miami-beach-botanical-garden-8.jpg 1139w\" sizes=\"(max-width: 201px) 100vw, 201px\" \/><\/a>\n\t\t\t<\/dt><\/dl><dl class='gallery-item'>\n\t\t\t<dt class='gallery-icon landscape'>\n\t\t\t\t<a href='https:\/\/enjoymiamibeach.com\/espanol\/wp-content\/uploads\/2016\/05\/miami-beach-botanical-garden-9.jpg'><img width=\"300\" height=\"200\" src=\"https:\/\/enjoymiamibeach.com\/espanol\/wp-content\/uploads\/2016\/05\/miami-beach-botanical-garden-9-300x200.jpg\" class=\"attachment-medium size-medium\" alt=\"\" loading=\"lazy\" srcset=\"https:\/\/enjoymiamibeach.com\/espanol\/wp-content\/uploads\/2016\/05\/miami-beach-botanical-garden-9-300x200.jpg 300w, https:\/\/enjoymiamibeach.com\/espanol\/wp-content\/uploads\/2016\/05\/miami-beach-botanical-garden-9-768x512.jpg 768w, https:\/\/enjoymiamibeach.com\/espanol\/wp-content\/uploads\/2016\/05\/miami-beach-botanical-garden-9-1024x682.jpg 1024w, https:\/\/enjoymiamibeach.com\/espanol\/wp-content\/uploads\/2016\/05\/miami-beach-botanical-garden-9-480x320.jpg 480w, https:\/\/enjoymiamibeach.com\/espanol\/wp-content\/uploads\/2016\/05\/miami-beach-botanical-garden-9-880x586.jpg 880w, https:\/\/enjoymiamibeach.com\/espanol\/wp-content\/uploads\/2016\/05\/miami-beach-botanical-garden-9-385x257.jpg 385w, https:\/\/enjoymiamibeach.com\/espanol\/wp-content\/uploads\/2016\/05\/miami-beach-botanical-garden-9-272x182.jpg 272w, https:\/\/enjoymiamibeach.com\/espanol\/wp-content\/uploads\/2016\/05\/miami-beach-botanical-garden-9.jpg 1700w\" sizes=\"(max-width: 300px) 100vw, 300px\" \/><\/a>\n\t\t\t<\/dt><\/dl>\n\t\t\t<br style='clear: both' \/>\n\t\t<\/div>\n\n<p>El Jard\u00edn Bot\u00e1nico de Miami Beach est\u00e1 abierto todos los d\u00edas, excepto los lunes, de 9 am a 5 pm. La admisi\u00f3n es gratis.<\/p>\n<p>Obten m\u00e1s informaci\u00f3n al respecto en <a href=\"http:\/\/www.mbgarden.org\/\" target=\"_blank\" rel=\"noopener noreferrer\">www.mbgarden.org<\/a><\/p>\n<p>* (De <a href=\"https:\/\/en.wikipedia.org\/wiki\/Miami_Beach_Botanical_Garden\" target=\"_blank\" rel=\"noopener noreferrer\">Wikipedia: read full article<\/a>)<\/p>\n<hr \/>\n<p><iframe loading=\"lazy\" style=\"border: 0;\" src=\"https:\/\/www.google.com\/maps\/embed?pb=!1m18!1m12!1m3!1d3592.235161332426!2d-80.13815568482507!3d25.795814813483073!2m3!1f0!2f0!3f0!3m2!1i1024!2i768!4f13.1!3m3!1m2!1s0x88d9b483bf6bfd57%3A0xa19ef03a9ecb83c1!2sMiami+Beach+Botanical+Garden!5e0!3m2!1sen!2sus!4v1464143098781\" width=\"600\" height=\"450\" frameborder=\"0\" allowfullscreen=\"allowfullscreen\"><\/iframe><\/p>\n","protected":false},"excerpt":{"rendered":"<p>Peque\u00f1o y tranquilo, el Jard\u00edn Bot\u00e1nico de Miami Beach es un espacio verde hermoso y bien mantenido que sirve como un oasis en el centro de South Beach. El sitio exhibe plantas y \u00e1rboles nativos de Florida, incluyendo bromelias, palmas, c\u00edcadas, orqu\u00eddeas y muchos otros. <a class=\"more-link\" href=\"https:\/\/enjoymiamibeach.com\/espanol\/activities\/miami-beach-botanical-garden\/\">Read More &#8230;<\/a><\/p>\n","protected":false},"author":2,"featured_media":1124,"parent":69,"menu_order":0,"comment_status":"closed","ping_status":"closed","template":"","meta":[],"yoast_head":"<!-- This site is optimized with the Yoast SEO plugin v18.8 - https:\/\/yoast.com\/wordpress\/plugins\/seo\/ -->\n<title>Jard\u00edn Bot\u00e1nico de Miami Beach - ENJOY MIAMI BEACH<\/title>\n<meta name=\"robots\" content=\"index, follow, max-snippet:-1, max-image-preview:large, max-video-preview:-1\" \/>\n<link rel=\"canonical\" href=\"https:\/\/enjoymiamibeach.com\/espanol\/activities\/miami-beach-botanical-garden\/\" \/>\n<meta property=\"og:locale\" content=\"es_ES\" \/>\n<meta property=\"og:type\" content=\"article\" \/>\n<meta property=\"og:title\" content=\"Jard\u00edn Bot\u00e1nico de Miami Beach - ENJOY MIAMI BEACH\" \/>\n<meta property=\"og:description\" content=\"Peque\u00f1o y tranquilo, el Jard\u00edn Bot\u00e1nico de Miami Beach es un espacio verde hermoso y bien mantenido que sirve como un oasis en el centro de South Beach. El sitio exhibe plantas y \u00e1rboles nativos de Florida, incluyendo bromelias, palmas, c\u00edcadas, orqu\u00eddeas y muchos otros. Read More ...\" \/>\n<meta property=\"og:url\" content=\"https:\/\/enjoymiamibeach.com\/espanol\/activities\/miami-beach-botanical-garden\/\" \/>\n<meta property=\"og:site_name\" content=\"ENJOY MIAMI BEACH\" \/>\n<meta property=\"article:modified_time\" content=\"2019-01-13T14:07:17+00:00\" \/>\n<meta property=\"og:image\" content=\"https:\/\/enjoymiamibeach.com\/espanol\/wp-content\/uploads\/2016\/05\/miami-beach-botanical-garden-4.jpg\" \/>\n\t<meta property=\"og:image:width\" content=\"1700\" \/>\n\t<meta property=\"og:image:height\" content=\"1131\" \/>\n\t<meta property=\"og:image:type\" content=\"image\/jpeg\" \/>\n<meta name=\"twitter:card\" content=\"summary\" \/>\n<meta name=\"twitter:label1\" content=\"Tiempo de lectura\" \/>\n\t<meta name=\"twitter:data1\" content=\"1 minuto\" \/>\n<script type=\"application\/ld+json\" class=\"yoast-schema-graph\">{\"@context\":\"https:\/\/schema.org\",\"@graph\":[{\"@type\":\"WebSite\",\"@id\":\"https:\/\/enjoymiamibeach.com\/espanol\/#website\",\"url\":\"https:\/\/enjoymiamibeach.com\/espanol\/\",\"name\":\"ENJOY MIAMI BEACH\",\"description\":\"Miami Beach informaci\u00f3n para el turista - precios de taxi - Ocean DR - Lincoln RD\",\"potentialAction\":[{\"@type\":\"SearchAction\",\"target\":{\"@type\":\"EntryPoint\",\"urlTemplate\":\"https:\/\/enjoymiamibeach.com\/espanol\/?s={search_term_string}\"},\"query-input\":\"required name=search_term_string\"}],\"inLanguage\":\"es\"},{\"@type\":\"ImageObject\",\"inLanguage\":\"es\",\"@id\":\"https:\/\/enjoymiamibeach.com\/espanol\/activities\/miami-beach-botanical-garden\/#primaryimage\",\"url\":\"https:\/\/enjoymiamibeach.com\/espanol\/wp-content\/uploads\/2016\/05\/miami-beach-botanical-garden-4.jpg\",\"contentUrl\":\"https:\/\/enjoymiamibeach.com\/espanol\/wp-content\/uploads\/2016\/05\/miami-beach-botanical-garden-4.jpg\",\"width\":1700,\"height\":1131},{\"@type\":\"WebPage\",\"@id\":\"https:\/\/enjoymiamibeach.com\/espanol\/activities\/miami-beach-botanical-garden\/#webpage\",\"url\":\"https:\/\/enjoymiamibeach.com\/espanol\/activities\/miami-beach-botanical-garden\/\",\"name\":\"Jard\u00edn Bot\u00e1nico de Miami Beach - ENJOY MIAMI BEACH\",\"isPartOf\":{\"@id\":\"https:\/\/enjoymiamibeach.com\/espanol\/#website\"},\"primaryImageOfPage\":{\"@id\":\"https:\/\/enjoymiamibeach.com\/espanol\/activities\/miami-beach-botanical-garden\/#primaryimage\"},\"datePublished\":\"2016-05-25T02:24:02+00:00\",\"dateModified\":\"2019-01-13T14:07:17+00:00\",\"breadcrumb\":{\"@id\":\"https:\/\/enjoymiamibeach.com\/espanol\/activities\/miami-beach-botanical-garden\/#breadcrumb\"},\"inLanguage\":\"es\",\"potentialAction\":[{\"@type\":\"ReadAction\",\"target\":[\"https:\/\/enjoymiamibeach.com\/espanol\/activities\/miami-beach-botanical-garden\/\"]}]},{\"@type\":\"BreadcrumbList\",\"@id\":\"https:\/\/enjoymiamibeach.com\/espanol\/activities\/miami-beach-botanical-garden\/#breadcrumb\",\"itemListElement\":[{\"@type\":\"ListItem\",\"position\":1,\"name\":\"Home\",\"item\":\"https:\/\/enjoymiamibeach.com\/espanol\/\"},{\"@type\":\"ListItem\",\"position\":2,\"name\":\"Actividades\",\"item\":\"https:\/\/enjoymiamibeach.com\/espanol\/activities\/\"},{\"@type\":\"ListItem\",\"position\":3,\"name\":\"Jard\u00edn Bot\u00e1nico de Miami Beach\"}]}]}<\/script>\n<!-- \/ Yoast SEO plugin. -->","yoast_head_json":{"title":"Jard\u00edn Bot\u00e1nico de Miami Beach - ENJOY MIAMI BEACH","robots":{"index":"index","follow":"follow","max-snippet":"max-snippet:-1","max-image-preview":"max-image-preview:large","max-video-preview":"max-video-preview:-1"},"canonical":"https:\/\/enjoymiamibeach.com\/espanol\/activities\/miami-beach-botanical-garden\/","og_locale":"es_ES","og_type":"article","og_title":"Jard\u00edn Bot\u00e1nico de Miami Beach - ENJOY MIAMI BEACH","og_description":"Peque\u00f1o y tranquilo, el Jard\u00edn Bot\u00e1nico de Miami Beach es un espacio verde hermoso y bien mantenido que sirve como un oasis en el centro de South Beach. El sitio exhibe plantas y \u00e1rboles nativos de Florida, incluyendo bromelias, palmas, c\u00edcadas, orqu\u00eddeas y muchos otros. Read More ...","og_url":"https:\/\/enjoymiamibeach.com\/espanol\/activities\/miami-beach-botanical-garden\/","og_site_name":"ENJOY MIAMI BEACH","article_modified_time":"2019-01-13T14:07:17+00:00","og_image":[{"width":1700,"height":1131,"url":"https:\/\/enjoymiamibeach.com\/espanol\/wp-content\/uploads\/2016\/05\/miami-beach-botanical-garden-4.jpg","type":"image\/jpeg"}],"twitter_card":"summary","twitter_misc":{"Tiempo de lectura":"1 minuto"},"schema":{"@context":"https:\/\/schema.org","@graph":[{"@type":"WebSite","@id":"https:\/\/enjoymiamibeach.com\/espanol\/#website","url":"https:\/\/enjoymiamibeach.com\/espanol\/","name":"ENJOY MIAMI BEACH","description":"Miami Beach informaci\u00f3n para el turista - precios de taxi - Ocean DR - Lincoln RD","potentialAction":[{"@type":"SearchAction","target":{"@type":"EntryPoint","urlTemplate":"https:\/\/enjoymiamibeach.com\/espanol\/?s={search_term_string}"},"query-input":"required name=search_term_string"}],"inLanguage":"es"},{"@type":"ImageObject","inLanguage":"es","@id":"https:\/\/enjoymiamibeach.com\/espanol\/activities\/miami-beach-botanical-garden\/#primaryimage","url":"https:\/\/enjoymiamibeach.com\/espanol\/wp-content\/uploads\/2016\/05\/miami-beach-botanical-garden-4.jpg","contentUrl":"https:\/\/enjoymiamibeach.com\/espanol\/wp-content\/uploads\/2016\/05\/miami-beach-botanical-garden-4.jpg","width":1700,"height":1131},{"@type":"WebPage","@id":"https:\/\/enjoymiamibeach.com\/espanol\/activities\/miami-beach-botanical-garden\/#webpage","url":"https:\/\/enjoymiamibeach.com\/espanol\/activities\/miami-beach-botanical-garden\/","name":"Jard\u00edn Bot\u00e1nico de Miami Beach - ENJOY MIAMI BEACH","isPartOf":{"@id":"https:\/\/enjoymiamibeach.com\/espanol\/#website"},"primaryImageOfPage":{"@id":"https:\/\/enjoymiamibeach.com\/espanol\/activities\/miami-beach-botanical-garden\/#primaryimage"},"datePublished":"2016-05-25T02:24:02+00:00","dateModified":"2019-01-13T14:07:17+00:00","breadcrumb":{"@id":"https:\/\/enjoymiamibeach.com\/espanol\/activities\/miami-beach-botanical-garden\/#breadcrumb"},"inLanguage":"es","potentialAction":[{"@type":"ReadAction","target":["https:\/\/enjoymiamibeach.com\/espanol\/activities\/miami-beach-botanical-garden\/"]}]},{"@type":"BreadcrumbList","@id":"https:\/\/enjoymiamibeach.com\/espanol\/activities\/miami-beach-botanical-garden\/#breadcrumb","itemListElement":[{"@type":"ListItem","position":1,"name":"Home","item":"https:\/\/enjoymiamibeach.com\/espanol\/"},{"@type":"ListItem","position":2,"name":"Actividades","item":"https:\/\/enjoymiamibeach.com\/espanol\/activities\/"},{"@type":"ListItem","position":3,"name":"Jard\u00edn Bot\u00e1nico de Miami Beach"}]}]}},"_links":{"self":[{"href":"https:\/\/enjoymiamibeach.com\/espanol\/wp-json\/wp\/v2\/pages\/504"}],"collection":[{"href":"https:\/\/enjoymiamibeach.com\/espanol\/wp-json\/wp\/v2\/pages"}],"about":[{"href":"https:\/\/enjoymiamibeach.com\/espanol\/wp-json\/wp\/v2\/types\/page"}],"author":[{"embeddable":true,"href":"https:\/\/enjoymiamibeach.com\/espanol\/wp-json\/wp\/v2\/users\/2"}],"replies":[{"embeddable":true,"href":"https:\/\/enjoymiamibeach.com\/espanol\/wp-json\/wp\/v2\/comments?post=504"}],"version-history":[{"count":8,"href":"https:\/\/enjoymiamibeach.com\/espanol\/wp-json\/wp\/v2\/pages\/504\/revisions"}],"predecessor-version":[{"id":1273,"href":"https:\/\/enjoymiamibeach.com\/espanol\/wp-json\/wp\/v2\/pages\/504\/revisions\/1273"}],"up":[{"embeddable":true,"href":"https:\/\/enjoymiamibeach.com\/espanol\/wp-json\/wp\/v2\/pages\/69"}],"wp:featuredmedia":[{"embeddable":true,"href":"https:\/\/enjoymiamibeach.com\/espanol\/wp-json\/wp\/v2\/media\/1124"}],"wp:attachment":[{"href":"https:\/\/enjoymiamibeach.com\/espanol\/wp-json\/wp\/v2\/media?parent=504"}],"curies":[{"name":"wp","href":"https:\/\/api.w.org\/{rel}","templated":true}]}}