{"id":495,"date":"2016-05-24T20:13:44","date_gmt":"2016-05-25T01:13:44","guid":{"rendered":"https:\/\/enjoymiamibeach.com\/espanol\/?page_id=495"},"modified":"2019-06-20T10:14:47","modified_gmt":"2019-06-20T15:14:47","slug":"the-bass-museum-of-art","status":"publish","type":"page","link":"https:\/\/enjoymiamibeach.com\/espanol\/activities\/the-bass-museum-of-art\/","title":{"rendered":"El Bass Museum of Art"},"content":{"rendered":"<p>El Bass Museum of Art es un museo de arte contempor\u00e1neo ubicado<br \/>\nen el coraz\u00f3n de Miami Beach. Recientemente renovado, ofrece una<br \/>\ngama de exposiciones din\u00e1micas de arte contempor\u00e1neo.<\/p>\n<p>Visita las exposiciones actuales y su colecci\u00f3n permanente en <a href=\"https:\/\/www.bassmuseum.org\/art\/\" target=\"_blank\" rel=\"noopener noreferrer\">www.bassmuseum.org<\/a><\/p>\n<hr \/>\n<p><iframe loading=\"lazy\" style=\"border: 0;\" src=\"https:\/\/www.google.com\/maps\/embed?pb=!1m18!1m12!1m3!1d3592.191790644447!2d-80.13140198482508!3d25.797246013423983!2m3!1f0!2f0!3f0!3m2!1i1024!2i768!4f13.1!3m3!1m2!1s0x88d9b49c550a4455%3A0x609a56284bf0e18!2sBass+Museum+of+Art!5e0!3m2!1sen!2sus!4v1464138028088\" width=\"600\" height=\"450\" frameborder=\"0\" allowfullscreen=\"allowfullscreen\"><\/iframe><\/p>\n","protected":false},"excerpt":{"rendered":"<p>El Bass Museum of Art es un museo de arte contempor\u00e1neo ubicado en el coraz\u00f3n de Miami Beach. Recientemente renovado, ofrece una gama de exposiciones din\u00e1micas de arte contempor\u00e1neo. Visita las exposiciones actuales y su colecci\u00f3n permanente en www.bassmuseum.org<\/p>\n","protected":false},"author":2,"featured_media":0,"parent":69,"menu_order":0,"comment_status":"closed","ping_status":"closed","template":"","meta":[],"yoast_head":"<!-- This site is optimized with the Yoast SEO plugin v18.8 - https:\/\/yoast.com\/wordpress\/plugins\/seo\/ -->\n<title>El Bass Museum of Art - ENJOY MIAMI BEACH<\/title>\n<meta name=\"robots\" content=\"index, follow, max-snippet:-1, max-image-preview:large, max-video-preview:-1\" \/>\n<link rel=\"canonical\" href=\"https:\/\/enjoymiamibeach.com\/espanol\/activities\/the-bass-museum-of-art\/\" \/>\n<meta property=\"og:locale\" content=\"es_ES\" \/>\n<meta property=\"og:type\" content=\"article\" \/>\n<meta property=\"og:title\" content=\"El Bass Museum of Art - ENJOY MIAMI BEACH\" \/>\n<meta property=\"og:description\" content=\"El Bass Museum of Art es un museo de arte contempor\u00e1neo ubicado en el coraz\u00f3n de Miami Beach. Recientemente renovado, ofrece una gama de exposiciones din\u00e1micas de arte contempor\u00e1neo. Visita las exposiciones actuales y su colecci\u00f3n permanente en www.bassmuseum.org\" \/>\n<meta property=\"og:url\" content=\"https:\/\/enjoymiamibeach.com\/espanol\/activities\/the-bass-museum-of-art\/\" \/>\n<meta property=\"og:site_name\" content=\"ENJOY MIAMI BEACH\" \/>\n<meta property=\"article:modified_time\" content=\"2019-06-20T15:14:47+00:00\" \/>\n<meta name=\"twitter:card\" content=\"summary\" \/>\n<script type=\"application\/ld+json\" class=\"yoast-schema-graph\">{\"@context\":\"https:\/\/schema.org\",\"@graph\":[{\"@type\":\"WebSite\",\"@id\":\"https:\/\/enjoymiamibeach.com\/espanol\/#website\",\"url\":\"https:\/\/enjoymiamibeach.com\/espanol\/\",\"name\":\"ENJOY MIAMI BEACH\",\"description\":\"Miami Beach informaci\u00f3n para el turista - precios de taxi - Ocean DR - Lincoln RD\",\"potentialAction\":[{\"@type\":\"SearchAction\",\"target\":{\"@type\":\"EntryPoint\",\"urlTemplate\":\"https:\/\/enjoymiamibeach.com\/espanol\/?s={search_term_string}\"},\"query-input\":\"required name=search_term_string\"}],\"inLanguage\":\"es\"},{\"@type\":\"WebPage\",\"@id\":\"https:\/\/enjoymiamibeach.com\/espanol\/activities\/the-bass-museum-of-art\/#webpage\",\"url\":\"https:\/\/enjoymiamibeach.com\/espanol\/activities\/the-bass-museum-of-art\/\",\"name\":\"El Bass Museum of Art - ENJOY MIAMI BEACH\",\"isPartOf\":{\"@id\":\"https:\/\/enjoymiamibeach.com\/espanol\/#website\"},\"datePublished\":\"2016-05-25T01:13:44+00:00\",\"dateModified\":\"2019-06-20T15:14:47+00:00\",\"breadcrumb\":{\"@id\":\"https:\/\/enjoymiamibeach.com\/espanol\/activities\/the-bass-museum-of-art\/#breadcrumb\"},\"inLanguage\":\"es\",\"potentialAction\":[{\"@type\":\"ReadAction\",\"target\":[\"https:\/\/enjoymiamibeach.com\/espanol\/activities\/the-bass-museum-of-art\/\"]}]},{\"@type\":\"BreadcrumbList\",\"@id\":\"https:\/\/enjoymiamibeach.com\/espanol\/activities\/the-bass-museum-of-art\/#breadcrumb\",\"itemListElement\":[{\"@type\":\"ListItem\",\"position\":1,\"name\":\"Home\",\"item\":\"https:\/\/enjoymiamibeach.com\/espanol\/\"},{\"@type\":\"ListItem\",\"position\":2,\"name\":\"Actividades\",\"item\":\"https:\/\/enjoymiamibeach.com\/espanol\/activities\/\"},{\"@type\":\"ListItem\",\"position\":3,\"name\":\"El Bass Museum of Art\"}]}]}<\/script>\n<!-- \/ Yoast SEO plugin. -->","yoast_head_json":{"title":"El Bass Museum of Art - ENJOY MIAMI BEACH","robots":{"index":"index","follow":"follow","max-snippet":"max-snippet:-1","max-image-preview":"max-image-preview:large","max-video-preview":"max-video-preview:-1"},"canonical":"https:\/\/enjoymiamibeach.com\/espanol\/activities\/the-bass-museum-of-art\/","og_locale":"es_ES","og_type":"article","og_title":"El Bass Museum of Art - ENJOY MIAMI BEACH","og_description":"El Bass Museum of Art es un museo de arte contempor\u00e1neo ubicado en el coraz\u00f3n de Miami Beach. Recientemente renovado, ofrece una gama de exposiciones din\u00e1micas de arte contempor\u00e1neo. Visita las exposiciones actuales y su colecci\u00f3n permanente en www.bassmuseum.org","og_url":"https:\/\/enjoymiamibeach.com\/espanol\/activities\/the-bass-museum-of-art\/","og_site_name":"ENJOY MIAMI BEACH","article_modified_time":"2019-06-20T15:14:47+00:00","twitter_card":"summary","schema":{"@context":"https:\/\/schema.org","@graph":[{"@type":"WebSite","@id":"https:\/\/enjoymiamibeach.com\/espanol\/#website","url":"https:\/\/enjoymiamibeach.com\/espanol\/","name":"ENJOY MIAMI BEACH","description":"Miami Beach informaci\u00f3n para el turista - precios de taxi - Ocean DR - Lincoln RD","potentialAction":[{"@type":"SearchAction","target":{"@type":"EntryPoint","urlTemplate":"https:\/\/enjoymiamibeach.com\/espanol\/?s={search_term_string}"},"query-input":"required name=search_term_string"}],"inLanguage":"es"},{"@type":"WebPage","@id":"https:\/\/enjoymiamibeach.com\/espanol\/activities\/the-bass-museum-of-art\/#webpage","url":"https:\/\/enjoymiamibeach.com\/espanol\/activities\/the-bass-museum-of-art\/","name":"El Bass Museum of Art - ENJOY MIAMI BEACH","isPartOf":{"@id":"https:\/\/enjoymiamibeach.com\/espanol\/#website"},"datePublished":"2016-05-25T01:13:44+00:00","dateModified":"2019-06-20T15:14:47+00:00","breadcrumb":{"@id":"https:\/\/enjoymiamibeach.com\/espanol\/activities\/the-bass-museum-of-art\/#breadcrumb"},"inLanguage":"es","potentialAction":[{"@type":"ReadAction","target":["https:\/\/enjoymiamibeach.com\/espanol\/activities\/the-bass-museum-of-art\/"]}]},{"@type":"BreadcrumbList","@id":"https:\/\/enjoymiamibeach.com\/espanol\/activities\/the-bass-museum-of-art\/#breadcrumb","itemListElement":[{"@type":"ListItem","position":1,"name":"Home","item":"https:\/\/enjoymiamibeach.com\/espanol\/"},{"@type":"ListItem","position":2,"name":"Actividades","item":"https:\/\/enjoymiamibeach.com\/espanol\/activities\/"},{"@type":"ListItem","position":3,"name":"El Bass Museum of Art"}]}]}},"_links":{"self":[{"href":"https:\/\/enjoymiamibeach.com\/espanol\/wp-json\/wp\/v2\/pages\/495"}],"collection":[{"href":"https:\/\/enjoymiamibeach.com\/espanol\/wp-json\/wp\/v2\/pages"}],"about":[{"href":"https:\/\/enjoymiamibeach.com\/espanol\/wp-json\/wp\/v2\/types\/page"}],"author":[{"embeddable":true,"href":"https:\/\/enjoymiamibeach.com\/espanol\/wp-json\/wp\/v2\/users\/2"}],"replies":[{"embeddable":true,"href":"https:\/\/enjoymiamibeach.com\/espanol\/wp-json\/wp\/v2\/comments?post=495"}],"version-history":[{"count":2,"href":"https:\/\/enjoymiamibeach.com\/espanol\/wp-json\/wp\/v2\/pages\/495\/revisions"}],"predecessor-version":[{"id":1296,"href":"https:\/\/enjoymiamibeach.com\/espanol\/wp-json\/wp\/v2\/pages\/495\/revisions\/1296"}],"up":[{"embeddable":true,"href":"https:\/\/enjoymiamibeach.com\/espanol\/wp-json\/wp\/v2\/pages\/69"}],"wp:attachment":[{"href":"https:\/\/enjoymiamibeach.com\/espanol\/wp-json\/wp\/v2\/media?parent=495"}],"curies":[{"name":"wp","href":"https:\/\/api.w.org\/{rel}","templated":true}]}}