{"id":488,"date":"2016-05-24T19:16:59","date_gmt":"2016-05-25T00:16:59","guid":{"rendered":"https:\/\/enjoymiamibeach.com\/espanol\/?page_id=488"},"modified":"2018-10-06T07:36:45","modified_gmt":"2018-10-06T12:36:45","slug":"american-airlines-arena","status":"publish","type":"page","link":"https:\/\/enjoymiamibeach.com\/espanol\/activities\/american-airlines-arena\/","title":{"rendered":"American Airlines Arena"},"content":{"rendered":"<p>U2, Madonna, Celine Dion, Ricky Martin, Kathy Perry, Lady Gaga, Julio Iglesias, Adele, Maroon 5 y Paul McCartney, son algunos de los artistas que han actuado en el American Airlines Arena. Si est\u00e1s en la ciudad y te gustan los conciertos, mira su <a href=\"http:\/\/www.aaarena.com\/events\" target=\"_blank\" rel=\"noopener\">lista de eventos<\/a>.<\/p>\n<p>Adem\u00e1s, el estadio ofrece otro tipo de espect\u00e1culos, como el Disney On Ice, encuentros de lucha libre y m\u00e1s.<\/p>\n<p>Por \u00faltimo, pero no menos importante, \u00a1el American Airlines Arena es donde puedes ver al Miami Heat en acci\u00f3n! Cada temporada es diferente, pero si te gusta el baloncesto, te espera una oportunidad de verlos.<\/p>\n<p>Para obtener m\u00e1s informaci\u00f3n y calendario de eventos, visita <a href=\"http:\/\/www.aaarena.com\/\" target=\"_blank\" rel=\"noopener\">www.aaarena.com<\/a><\/p>\n<hr \/>\n<p><iframe loading=\"lazy\" style=\"border: 0;\" src=\"https:\/\/www.google.com\/maps\/embed?pb=!1m18!1m12!1m3!1d3592.671670676504!2d-80.18915768482523!3d25.781406214076583!2m3!1f0!2f0!3f0!3m2!1i1024!2i768!4f13.1!3m3!1m2!1s0x88d9b6a009729195%3A0x13ad0552284f5b6c!2sAmericanAirlines+Arena!5e0!3m2!1sen!2sus!4v1464135399246\" width=\"600\" height=\"450\" frameborder=\"0\" allowfullscreen=\"allowfullscreen\"><\/iframe><\/p>\n","protected":false},"excerpt":{"rendered":"<p>U2, Madonna, Celine Dion, Ricky Martin, Kathy Perry, Lady Gaga, Julio Iglesias, Adele, Maroon 5 y Paul McCartney, son algunos de los artistas que han actuado en el American Airlines Arena. Si est\u00e1s en la ciudad y te gustan los conciertos, mira su lista de <a class=\"more-link\" href=\"https:\/\/enjoymiamibeach.com\/espanol\/activities\/american-airlines-arena\/\">Read More &#8230;<\/a><\/p>\n","protected":false},"author":2,"featured_media":0,"parent":69,"menu_order":0,"comment_status":"closed","ping_status":"closed","template":"","meta":[],"yoast_head":"<!-- This site is optimized with the Yoast SEO plugin v18.8 - https:\/\/yoast.com\/wordpress\/plugins\/seo\/ -->\n<title>American Airlines Arena - ENJOY MIAMI BEACH<\/title>\n<meta name=\"robots\" content=\"index, follow, max-snippet:-1, max-image-preview:large, max-video-preview:-1\" \/>\n<link rel=\"canonical\" href=\"https:\/\/enjoymiamibeach.com\/espanol\/activities\/american-airlines-arena\/\" \/>\n<meta property=\"og:locale\" content=\"es_ES\" \/>\n<meta property=\"og:type\" content=\"article\" \/>\n<meta property=\"og:title\" content=\"American Airlines Arena - ENJOY MIAMI BEACH\" \/>\n<meta property=\"og:description\" content=\"U2, Madonna, Celine Dion, Ricky Martin, Kathy Perry, Lady Gaga, Julio Iglesias, Adele, Maroon 5 y Paul McCartney, son algunos de los artistas que han actuado en el American Airlines Arena. Si est\u00e1s en la ciudad y te gustan los conciertos, mira su lista de Read More ...\" \/>\n<meta property=\"og:url\" content=\"https:\/\/enjoymiamibeach.com\/espanol\/activities\/american-airlines-arena\/\" \/>\n<meta property=\"og:site_name\" content=\"ENJOY MIAMI BEACH\" \/>\n<meta property=\"article:modified_time\" content=\"2018-10-06T12:36:45+00:00\" \/>\n<meta name=\"twitter:card\" content=\"summary\" \/>\n<meta name=\"twitter:label1\" content=\"Tiempo de lectura\" \/>\n\t<meta name=\"twitter:data1\" content=\"1 minuto\" \/>\n<script type=\"application\/ld+json\" class=\"yoast-schema-graph\">{\"@context\":\"https:\/\/schema.org\",\"@graph\":[{\"@type\":\"WebSite\",\"@id\":\"https:\/\/enjoymiamibeach.com\/espanol\/#website\",\"url\":\"https:\/\/enjoymiamibeach.com\/espanol\/\",\"name\":\"ENJOY MIAMI BEACH\",\"description\":\"Miami Beach informaci\u00f3n para el turista - precios de taxi - Ocean DR - Lincoln RD\",\"potentialAction\":[{\"@type\":\"SearchAction\",\"target\":{\"@type\":\"EntryPoint\",\"urlTemplate\":\"https:\/\/enjoymiamibeach.com\/espanol\/?s={search_term_string}\"},\"query-input\":\"required name=search_term_string\"}],\"inLanguage\":\"es\"},{\"@type\":\"WebPage\",\"@id\":\"https:\/\/enjoymiamibeach.com\/espanol\/activities\/american-airlines-arena\/#webpage\",\"url\":\"https:\/\/enjoymiamibeach.com\/espanol\/activities\/american-airlines-arena\/\",\"name\":\"American Airlines Arena - ENJOY MIAMI BEACH\",\"isPartOf\":{\"@id\":\"https:\/\/enjoymiamibeach.com\/espanol\/#website\"},\"datePublished\":\"2016-05-25T00:16:59+00:00\",\"dateModified\":\"2018-10-06T12:36:45+00:00\",\"breadcrumb\":{\"@id\":\"https:\/\/enjoymiamibeach.com\/espanol\/activities\/american-airlines-arena\/#breadcrumb\"},\"inLanguage\":\"es\",\"potentialAction\":[{\"@type\":\"ReadAction\",\"target\":[\"https:\/\/enjoymiamibeach.com\/espanol\/activities\/american-airlines-arena\/\"]}]},{\"@type\":\"BreadcrumbList\",\"@id\":\"https:\/\/enjoymiamibeach.com\/espanol\/activities\/american-airlines-arena\/#breadcrumb\",\"itemListElement\":[{\"@type\":\"ListItem\",\"position\":1,\"name\":\"Home\",\"item\":\"https:\/\/enjoymiamibeach.com\/espanol\/\"},{\"@type\":\"ListItem\",\"position\":2,\"name\":\"Actividades\",\"item\":\"https:\/\/enjoymiamibeach.com\/espanol\/activities\/\"},{\"@type\":\"ListItem\",\"position\":3,\"name\":\"American Airlines Arena\"}]}]}<\/script>\n<!-- \/ Yoast SEO plugin. -->","yoast_head_json":{"title":"American Airlines Arena - ENJOY MIAMI BEACH","robots":{"index":"index","follow":"follow","max-snippet":"max-snippet:-1","max-image-preview":"max-image-preview:large","max-video-preview":"max-video-preview:-1"},"canonical":"https:\/\/enjoymiamibeach.com\/espanol\/activities\/american-airlines-arena\/","og_locale":"es_ES","og_type":"article","og_title":"American Airlines Arena - ENJOY MIAMI BEACH","og_description":"U2, Madonna, Celine Dion, Ricky Martin, Kathy Perry, Lady Gaga, Julio Iglesias, Adele, Maroon 5 y Paul McCartney, son algunos de los artistas que han actuado en el American Airlines Arena. Si est\u00e1s en la ciudad y te gustan los conciertos, mira su lista de Read More ...","og_url":"https:\/\/enjoymiamibeach.com\/espanol\/activities\/american-airlines-arena\/","og_site_name":"ENJOY MIAMI BEACH","article_modified_time":"2018-10-06T12:36:45+00:00","twitter_card":"summary","twitter_misc":{"Tiempo de lectura":"1 minuto"},"schema":{"@context":"https:\/\/schema.org","@graph":[{"@type":"WebSite","@id":"https:\/\/enjoymiamibeach.com\/espanol\/#website","url":"https:\/\/enjoymiamibeach.com\/espanol\/","name":"ENJOY MIAMI BEACH","description":"Miami Beach informaci\u00f3n para el turista - precios de taxi - Ocean DR - Lincoln RD","potentialAction":[{"@type":"SearchAction","target":{"@type":"EntryPoint","urlTemplate":"https:\/\/enjoymiamibeach.com\/espanol\/?s={search_term_string}"},"query-input":"required name=search_term_string"}],"inLanguage":"es"},{"@type":"WebPage","@id":"https:\/\/enjoymiamibeach.com\/espanol\/activities\/american-airlines-arena\/#webpage","url":"https:\/\/enjoymiamibeach.com\/espanol\/activities\/american-airlines-arena\/","name":"American Airlines Arena - ENJOY MIAMI BEACH","isPartOf":{"@id":"https:\/\/enjoymiamibeach.com\/espanol\/#website"},"datePublished":"2016-05-25T00:16:59+00:00","dateModified":"2018-10-06T12:36:45+00:00","breadcrumb":{"@id":"https:\/\/enjoymiamibeach.com\/espanol\/activities\/american-airlines-arena\/#breadcrumb"},"inLanguage":"es","potentialAction":[{"@type":"ReadAction","target":["https:\/\/enjoymiamibeach.com\/espanol\/activities\/american-airlines-arena\/"]}]},{"@type":"BreadcrumbList","@id":"https:\/\/enjoymiamibeach.com\/espanol\/activities\/american-airlines-arena\/#breadcrumb","itemListElement":[{"@type":"ListItem","position":1,"name":"Home","item":"https:\/\/enjoymiamibeach.com\/espanol\/"},{"@type":"ListItem","position":2,"name":"Actividades","item":"https:\/\/enjoymiamibeach.com\/espanol\/activities\/"},{"@type":"ListItem","position":3,"name":"American Airlines Arena"}]}]}},"_links":{"self":[{"href":"https:\/\/enjoymiamibeach.com\/espanol\/wp-json\/wp\/v2\/pages\/488"}],"collection":[{"href":"https:\/\/enjoymiamibeach.com\/espanol\/wp-json\/wp\/v2\/pages"}],"about":[{"href":"https:\/\/enjoymiamibeach.com\/espanol\/wp-json\/wp\/v2\/types\/page"}],"author":[{"embeddable":true,"href":"https:\/\/enjoymiamibeach.com\/espanol\/wp-json\/wp\/v2\/users\/2"}],"replies":[{"embeddable":true,"href":"https:\/\/enjoymiamibeach.com\/espanol\/wp-json\/wp\/v2\/comments?post=488"}],"version-history":[{"count":3,"href":"https:\/\/enjoymiamibeach.com\/espanol\/wp-json\/wp\/v2\/pages\/488\/revisions"}],"predecessor-version":[{"id":1241,"href":"https:\/\/enjoymiamibeach.com\/espanol\/wp-json\/wp\/v2\/pages\/488\/revisions\/1241"}],"up":[{"embeddable":true,"href":"https:\/\/enjoymiamibeach.com\/espanol\/wp-json\/wp\/v2\/pages\/69"}],"wp:attachment":[{"href":"https:\/\/enjoymiamibeach.com\/espanol\/wp-json\/wp\/v2\/media?parent=488"}],"curies":[{"name":"wp","href":"https:\/\/api.w.org\/{rel}","templated":true}]}}