{"id":478,"date":"2016-05-24T18:01:04","date_gmt":"2016-05-24T23:01:04","guid":{"rendered":"https:\/\/enjoymiamibeach.com\/espanol\/?page_id=478"},"modified":"2018-10-06T09:13:49","modified_gmt":"2018-10-06T14:13:49","slug":"fillmore-jackie-gleason-theater-miami-beach","status":"publish","type":"page","link":"https:\/\/enjoymiamibeach.com\/espanol\/activities\/fillmore-jackie-gleason-theater-miami-beach\/","title":{"rendered":"Teatro Fillmore \/ Jackie Gleason"},"content":{"rendered":"<p>El Teatro Fillmore Miami Beach (anteriormente conocido como Teatro Jackie Gleason porque \u00e9l sol\u00eda filmar su programa de televisi\u00f3n all\u00ed) aloja muchos conciertos, obras de teatro, musicales y otros eventos\u00a0 durante todo el a\u00f1o.<\/p>\n\n\t\t<style type=\"text\/css\">\n\t\t\t#gallery-1 {\n\t\t\t\tmargin: auto;\n\t\t\t}\n\t\t\t#gallery-1 .gallery-item {\n\t\t\t\tfloat: left;\n\t\t\t\tmargin-top: 10px;\n\t\t\t\ttext-align: center;\n\t\t\t\twidth: 33%;\n\t\t\t}\n\t\t\t#gallery-1 img {\n\t\t\t\tborder: 2px solid #cfcfcf;\n\t\t\t}\n\t\t\t#gallery-1 .gallery-caption {\n\t\t\t\tmargin-left: 0;\n\t\t\t}\n\t\t\t\/* see gallery_shortcode() in wp-includes\/media.php *\/\n\t\t<\/style>\n\t\t<div id='gallery-1' class='gallery galleryid-478 gallery-columns-3 gallery-size-thumbnail'><dl class='gallery-item'>\n\t\t\t<dt class='gallery-icon landscape'>\n\t\t\t\t<a href='https:\/\/enjoymiamibeach.com\/espanol\/wp-content\/uploads\/2016\/05\/fillmore-jackie-gleason-theater-miami-beach-1.jpg'><img width=\"150\" height=\"150\" src=\"https:\/\/enjoymiamibeach.com\/espanol\/wp-content\/uploads\/2016\/05\/fillmore-jackie-gleason-theater-miami-beach-1-150x150.jpg\" class=\"attachment-thumbnail size-thumbnail\" alt=\"Fillmore Jackie Gleason Theater Miami Beach\" loading=\"lazy\" \/><\/a>\n\t\t\t<\/dt><\/dl><dl class='gallery-item'>\n\t\t\t<dt class='gallery-icon landscape'>\n\t\t\t\t<a href='https:\/\/enjoymiamibeach.com\/espanol\/wp-content\/uploads\/2016\/05\/fillmore-jackie-gleason-theater-miami-beach-4.jpg'><img width=\"150\" height=\"150\" src=\"https:\/\/enjoymiamibeach.com\/espanol\/wp-content\/uploads\/2016\/05\/fillmore-jackie-gleason-theater-miami-beach-4-150x150.jpg\" class=\"attachment-thumbnail size-thumbnail\" alt=\"Fillmore Jackie Gleason Theater Miami Beach\" loading=\"lazy\" \/><\/a>\n\t\t\t<\/dt><\/dl><dl class='gallery-item'>\n\t\t\t<dt class='gallery-icon landscape'>\n\t\t\t\t<a href='https:\/\/enjoymiamibeach.com\/espanol\/wp-content\/uploads\/2016\/05\/fillmore-jackie-gleason-theater-miami-beach-3.jpg'><img width=\"150\" height=\"150\" src=\"https:\/\/enjoymiamibeach.com\/espanol\/wp-content\/uploads\/2016\/05\/fillmore-jackie-gleason-theater-miami-beach-3-150x150.jpg\" class=\"attachment-thumbnail size-thumbnail\" alt=\"Fillmore Jackie Gleason Theater Miami Beach\" loading=\"lazy\" \/><\/a>\n\t\t\t<\/dt><\/dl><br style=\"clear: both\" \/><dl class='gallery-item'>\n\t\t\t<dt class='gallery-icon landscape'>\n\t\t\t\t<a href='https:\/\/enjoymiamibeach.com\/espanol\/wp-content\/uploads\/2016\/05\/fillmore-jackie-gleason-theater-miami-beach.jpg'><img width=\"150\" height=\"150\" src=\"https:\/\/enjoymiamibeach.com\/espanol\/wp-content\/uploads\/2016\/05\/fillmore-jackie-gleason-theater-miami-beach-150x150.jpg\" class=\"attachment-thumbnail size-thumbnail\" alt=\"Fillmore Jackie Gleason Theater Miami Beach\" loading=\"lazy\" \/><\/a>\n\t\t\t<\/dt><\/dl>\n\t\t\t<br style='clear: both' \/>\n\t\t<\/div>\n\n<p>Para obtener m\u00e1s informaci\u00f3n y ver el calendario de eventos, visita <a href=\"http:\/\/www.fillmoremb.com\" target=\"_blank\" rel=\"noopener\">www.fillmoremb.com<\/a><\/p>\n<hr \/>\n<p><iframe loading=\"lazy\" style=\"border: 0;\" src=\"https:\/\/www.google.com\/maps\/embed?pb=!1m18!1m12!1m3!1d3592.3226746888413!2d-80.13527328482502!3d25.792926713602114!2m3!1f0!2f0!3f0!3m2!1i1024!2i768!4f13.1!3m3!1m2!1s0x88d9b484960fa7c1%3A0x9c762a62beb3473!2sThe+Fillmore+Miami+Beach!5e0!3m2!1sen!2sus!4v1464130522615\" width=\"600\" height=\"450\" frameborder=\"0\" allowfullscreen=\"allowfullscreen\"><\/iframe><\/p>\n","protected":false},"excerpt":{"rendered":"<p>El Teatro Fillmore Miami Beach (anteriormente conocido como Teatro Jackie Gleason porque \u00e9l sol\u00eda filmar su programa de televisi\u00f3n all\u00ed) aloja muchos conciertos, obras de teatro, musicales y otros eventos\u00a0 durante todo el a\u00f1o. Para obtener m\u00e1s informaci\u00f3n y ver el calendario de eventos, visita <a class=\"more-link\" href=\"https:\/\/enjoymiamibeach.com\/espanol\/activities\/fillmore-jackie-gleason-theater-miami-beach\/\">Read More &#8230;<\/a><\/p>\n","protected":false},"author":2,"featured_media":1002,"parent":69,"menu_order":0,"comment_status":"closed","ping_status":"closed","template":"","meta":[],"yoast_head":"<!-- This site is optimized with the Yoast SEO plugin v18.8 - https:\/\/yoast.com\/wordpress\/plugins\/seo\/ -->\n<title>Teatro Fillmore \/ Jackie Gleason - ENJOY MIAMI BEACH<\/title>\n<meta name=\"robots\" content=\"index, follow, max-snippet:-1, max-image-preview:large, max-video-preview:-1\" \/>\n<link rel=\"canonical\" href=\"https:\/\/enjoymiamibeach.com\/espanol\/activities\/fillmore-jackie-gleason-theater-miami-beach\/\" \/>\n<meta property=\"og:locale\" content=\"es_ES\" \/>\n<meta property=\"og:type\" content=\"article\" \/>\n<meta property=\"og:title\" content=\"Teatro Fillmore \/ Jackie Gleason - ENJOY MIAMI BEACH\" \/>\n<meta property=\"og:description\" content=\"El Teatro Fillmore Miami Beach (anteriormente conocido como Teatro Jackie Gleason porque \u00e9l sol\u00eda filmar su programa de televisi\u00f3n all\u00ed) aloja muchos conciertos, obras de teatro, musicales y otros eventos\u00a0 durante todo el a\u00f1o. Para obtener m\u00e1s informaci\u00f3n y ver el calendario de eventos, visita Read More ...\" \/>\n<meta property=\"og:url\" content=\"https:\/\/enjoymiamibeach.com\/espanol\/activities\/fillmore-jackie-gleason-theater-miami-beach\/\" \/>\n<meta property=\"og:site_name\" content=\"ENJOY MIAMI BEACH\" \/>\n<meta property=\"article:modified_time\" content=\"2018-10-06T14:13:49+00:00\" \/>\n<meta property=\"og:image\" content=\"https:\/\/enjoymiamibeach.com\/espanol\/wp-content\/uploads\/2016\/05\/fillmore-jackie-gleason-theater-miami-beach-3.jpg\" \/>\n\t<meta property=\"og:image:width\" content=\"1500\" \/>\n\t<meta property=\"og:image:height\" content=\"1000\" \/>\n\t<meta property=\"og:image:type\" content=\"image\/jpeg\" \/>\n<meta name=\"twitter:card\" content=\"summary\" \/>\n<script type=\"application\/ld+json\" class=\"yoast-schema-graph\">{\"@context\":\"https:\/\/schema.org\",\"@graph\":[{\"@type\":\"WebSite\",\"@id\":\"https:\/\/enjoymiamibeach.com\/espanol\/#website\",\"url\":\"https:\/\/enjoymiamibeach.com\/espanol\/\",\"name\":\"ENJOY MIAMI BEACH\",\"description\":\"Miami Beach informaci\u00f3n para el turista - precios de taxi - Ocean DR - Lincoln RD\",\"potentialAction\":[{\"@type\":\"SearchAction\",\"target\":{\"@type\":\"EntryPoint\",\"urlTemplate\":\"https:\/\/enjoymiamibeach.com\/espanol\/?s={search_term_string}\"},\"query-input\":\"required name=search_term_string\"}],\"inLanguage\":\"es\"},{\"@type\":\"ImageObject\",\"inLanguage\":\"es\",\"@id\":\"https:\/\/enjoymiamibeach.com\/espanol\/activities\/fillmore-jackie-gleason-theater-miami-beach\/#primaryimage\",\"url\":\"https:\/\/enjoymiamibeach.com\/espanol\/wp-content\/uploads\/2016\/05\/fillmore-jackie-gleason-theater-miami-beach-3.jpg\",\"contentUrl\":\"https:\/\/enjoymiamibeach.com\/espanol\/wp-content\/uploads\/2016\/05\/fillmore-jackie-gleason-theater-miami-beach-3.jpg\",\"width\":1500,\"height\":1000,\"caption\":\"Fillmore Jackie Gleason Theater Miami Beach\"},{\"@type\":\"WebPage\",\"@id\":\"https:\/\/enjoymiamibeach.com\/espanol\/activities\/fillmore-jackie-gleason-theater-miami-beach\/#webpage\",\"url\":\"https:\/\/enjoymiamibeach.com\/espanol\/activities\/fillmore-jackie-gleason-theater-miami-beach\/\",\"name\":\"Teatro Fillmore \/ Jackie Gleason - ENJOY MIAMI BEACH\",\"isPartOf\":{\"@id\":\"https:\/\/enjoymiamibeach.com\/espanol\/#website\"},\"primaryImageOfPage\":{\"@id\":\"https:\/\/enjoymiamibeach.com\/espanol\/activities\/fillmore-jackie-gleason-theater-miami-beach\/#primaryimage\"},\"datePublished\":\"2016-05-24T23:01:04+00:00\",\"dateModified\":\"2018-10-06T14:13:49+00:00\",\"breadcrumb\":{\"@id\":\"https:\/\/enjoymiamibeach.com\/espanol\/activities\/fillmore-jackie-gleason-theater-miami-beach\/#breadcrumb\"},\"inLanguage\":\"es\",\"potentialAction\":[{\"@type\":\"ReadAction\",\"target\":[\"https:\/\/enjoymiamibeach.com\/espanol\/activities\/fillmore-jackie-gleason-theater-miami-beach\/\"]}]},{\"@type\":\"BreadcrumbList\",\"@id\":\"https:\/\/enjoymiamibeach.com\/espanol\/activities\/fillmore-jackie-gleason-theater-miami-beach\/#breadcrumb\",\"itemListElement\":[{\"@type\":\"ListItem\",\"position\":1,\"name\":\"Home\",\"item\":\"https:\/\/enjoymiamibeach.com\/espanol\/\"},{\"@type\":\"ListItem\",\"position\":2,\"name\":\"Actividades\",\"item\":\"https:\/\/enjoymiamibeach.com\/espanol\/activities\/\"},{\"@type\":\"ListItem\",\"position\":3,\"name\":\"Teatro Fillmore \/ Jackie Gleason\"}]}]}<\/script>\n<!-- \/ Yoast SEO plugin. -->","yoast_head_json":{"title":"Teatro Fillmore \/ Jackie Gleason - ENJOY MIAMI BEACH","robots":{"index":"index","follow":"follow","max-snippet":"max-snippet:-1","max-image-preview":"max-image-preview:large","max-video-preview":"max-video-preview:-1"},"canonical":"https:\/\/enjoymiamibeach.com\/espanol\/activities\/fillmore-jackie-gleason-theater-miami-beach\/","og_locale":"es_ES","og_type":"article","og_title":"Teatro Fillmore \/ Jackie Gleason - ENJOY MIAMI BEACH","og_description":"El Teatro Fillmore Miami Beach (anteriormente conocido como Teatro Jackie Gleason porque \u00e9l sol\u00eda filmar su programa de televisi\u00f3n all\u00ed) aloja muchos conciertos, obras de teatro, musicales y otros eventos\u00a0 durante todo el a\u00f1o. Para obtener m\u00e1s informaci\u00f3n y ver el calendario de eventos, visita Read More ...","og_url":"https:\/\/enjoymiamibeach.com\/espanol\/activities\/fillmore-jackie-gleason-theater-miami-beach\/","og_site_name":"ENJOY MIAMI BEACH","article_modified_time":"2018-10-06T14:13:49+00:00","og_image":[{"width":1500,"height":1000,"url":"https:\/\/enjoymiamibeach.com\/espanol\/wp-content\/uploads\/2016\/05\/fillmore-jackie-gleason-theater-miami-beach-3.jpg","type":"image\/jpeg"}],"twitter_card":"summary","schema":{"@context":"https:\/\/schema.org","@graph":[{"@type":"WebSite","@id":"https:\/\/enjoymiamibeach.com\/espanol\/#website","url":"https:\/\/enjoymiamibeach.com\/espanol\/","name":"ENJOY MIAMI BEACH","description":"Miami Beach informaci\u00f3n para el turista - precios de taxi - Ocean DR - Lincoln RD","potentialAction":[{"@type":"SearchAction","target":{"@type":"EntryPoint","urlTemplate":"https:\/\/enjoymiamibeach.com\/espanol\/?s={search_term_string}"},"query-input":"required name=search_term_string"}],"inLanguage":"es"},{"@type":"ImageObject","inLanguage":"es","@id":"https:\/\/enjoymiamibeach.com\/espanol\/activities\/fillmore-jackie-gleason-theater-miami-beach\/#primaryimage","url":"https:\/\/enjoymiamibeach.com\/espanol\/wp-content\/uploads\/2016\/05\/fillmore-jackie-gleason-theater-miami-beach-3.jpg","contentUrl":"https:\/\/enjoymiamibeach.com\/espanol\/wp-content\/uploads\/2016\/05\/fillmore-jackie-gleason-theater-miami-beach-3.jpg","width":1500,"height":1000,"caption":"Fillmore Jackie Gleason Theater Miami Beach"},{"@type":"WebPage","@id":"https:\/\/enjoymiamibeach.com\/espanol\/activities\/fillmore-jackie-gleason-theater-miami-beach\/#webpage","url":"https:\/\/enjoymiamibeach.com\/espanol\/activities\/fillmore-jackie-gleason-theater-miami-beach\/","name":"Teatro Fillmore \/ Jackie Gleason - ENJOY MIAMI BEACH","isPartOf":{"@id":"https:\/\/enjoymiamibeach.com\/espanol\/#website"},"primaryImageOfPage":{"@id":"https:\/\/enjoymiamibeach.com\/espanol\/activities\/fillmore-jackie-gleason-theater-miami-beach\/#primaryimage"},"datePublished":"2016-05-24T23:01:04+00:00","dateModified":"2018-10-06T14:13:49+00:00","breadcrumb":{"@id":"https:\/\/enjoymiamibeach.com\/espanol\/activities\/fillmore-jackie-gleason-theater-miami-beach\/#breadcrumb"},"inLanguage":"es","potentialAction":[{"@type":"ReadAction","target":["https:\/\/enjoymiamibeach.com\/espanol\/activities\/fillmore-jackie-gleason-theater-miami-beach\/"]}]},{"@type":"BreadcrumbList","@id":"https:\/\/enjoymiamibeach.com\/espanol\/activities\/fillmore-jackie-gleason-theater-miami-beach\/#breadcrumb","itemListElement":[{"@type":"ListItem","position":1,"name":"Home","item":"https:\/\/enjoymiamibeach.com\/espanol\/"},{"@type":"ListItem","position":2,"name":"Actividades","item":"https:\/\/enjoymiamibeach.com\/espanol\/activities\/"},{"@type":"ListItem","position":3,"name":"Teatro Fillmore \/ Jackie Gleason"}]}]}},"_links":{"self":[{"href":"https:\/\/enjoymiamibeach.com\/espanol\/wp-json\/wp\/v2\/pages\/478"}],"collection":[{"href":"https:\/\/enjoymiamibeach.com\/espanol\/wp-json\/wp\/v2\/pages"}],"about":[{"href":"https:\/\/enjoymiamibeach.com\/espanol\/wp-json\/wp\/v2\/types\/page"}],"author":[{"embeddable":true,"href":"https:\/\/enjoymiamibeach.com\/espanol\/wp-json\/wp\/v2\/users\/2"}],"replies":[{"embeddable":true,"href":"https:\/\/enjoymiamibeach.com\/espanol\/wp-json\/wp\/v2\/comments?post=478"}],"version-history":[{"count":4,"href":"https:\/\/enjoymiamibeach.com\/espanol\/wp-json\/wp\/v2\/pages\/478\/revisions"}],"predecessor-version":[{"id":1255,"href":"https:\/\/enjoymiamibeach.com\/espanol\/wp-json\/wp\/v2\/pages\/478\/revisions\/1255"}],"up":[{"embeddable":true,"href":"https:\/\/enjoymiamibeach.com\/espanol\/wp-json\/wp\/v2\/pages\/69"}],"wp:featuredmedia":[{"embeddable":true,"href":"https:\/\/enjoymiamibeach.com\/espanol\/wp-json\/wp\/v2\/media\/1002"}],"wp:attachment":[{"href":"https:\/\/enjoymiamibeach.com\/espanol\/wp-json\/wp\/v2\/media?parent=478"}],"curies":[{"name":"wp","href":"https:\/\/api.w.org\/{rel}","templated":true}]}}