{"id":468,"date":"2016-05-24T16:15:32","date_gmt":"2016-05-24T21:15:32","guid":{"rendered":"https:\/\/enjoymiamibeach.com\/espanol\/?page_id=468"},"modified":"2018-12-07T10:06:05","modified_gmt":"2018-12-07T15:06:05","slug":"free-concerts-and-movies-at-miami-beach-soundscape","status":"publish","type":"page","link":"https:\/\/enjoymiamibeach.com\/espanol\/activities\/free-concerts-and-movies-at-miami-beach-soundscape\/","title":{"rendered":"Conciertos y pel\u00edculas gratis en Miami Beach SoundScape"},"content":{"rendered":"<h3>El<a href=\"https:\/\/enjoymiamibeach.com\/espanol\/activities\/new-world-symphony\/\"> New World Symphony<\/a> ofrece tanta diversi\u00f3n fuera de su edificio como adentro. Puedes ver conciertos y pel\u00edculas gratis<br \/>\nen su impresionante parque SoundScape.<\/h3>\n<p>&nbsp;<\/p>\n<h4>Musica:<\/h4>\n<p>New World Symphony presenta una temporada de conciertos de Septiembre a Mayo y, aproximadamente una vez al mes durante ese per\u00edodo, puedes disfrutar de ciertos eventos en el SoundScape Park (el parque afuera del edificio de la sinf\u00f3nica). La mayor\u00eda de estos eventos son conciertos, proyectados en el muro de 7,000 pies cuadrados del edificio. Estas presentaciones se llaman WALLCAST&#x2122;.<\/p>\n<p>Cada concierto de WALLCAST TM es gratis para el p\u00fablico y no requiere un boleto.<\/p>\n<p>&nbsp;<\/p>\n\n\t\t<style type=\"text\/css\">\n\t\t\t#gallery-1 {\n\t\t\t\tmargin: auto;\n\t\t\t}\n\t\t\t#gallery-1 .gallery-item {\n\t\t\t\tfloat: left;\n\t\t\t\tmargin-top: 10px;\n\t\t\t\ttext-align: center;\n\t\t\t\twidth: 33%;\n\t\t\t}\n\t\t\t#gallery-1 img {\n\t\t\t\tborder: 2px solid #cfcfcf;\n\t\t\t}\n\t\t\t#gallery-1 .gallery-caption {\n\t\t\t\tmargin-left: 0;\n\t\t\t}\n\t\t\t\/* see gallery_shortcode() in wp-includes\/media.php *\/\n\t\t<\/style>\n\t\t<div id='gallery-1' class='gallery galleryid-468 gallery-columns-3 gallery-size-medium'><dl class='gallery-item'>\n\t\t\t<dt class='gallery-icon landscape'>\n\t\t\t\t<a href='https:\/\/enjoymiamibeach.com\/espanol\/wp-content\/uploads\/2016\/05\/free-concerts-and-movies-at-miami-beach-soundscape-6.jpg'><img width=\"300\" height=\"182\" src=\"https:\/\/enjoymiamibeach.com\/espanol\/wp-content\/uploads\/2016\/05\/free-concerts-and-movies-at-miami-beach-soundscape-6-300x182.jpg\" class=\"attachment-medium size-medium\" alt=\"Free Concerts And Movies At Miami Beach Soundscape\" loading=\"lazy\" srcset=\"https:\/\/enjoymiamibeach.com\/espanol\/wp-content\/uploads\/2016\/05\/free-concerts-and-movies-at-miami-beach-soundscape-6-300x182.jpg 300w, https:\/\/enjoymiamibeach.com\/espanol\/wp-content\/uploads\/2016\/05\/free-concerts-and-movies-at-miami-beach-soundscape-6-768x466.jpg 768w, https:\/\/enjoymiamibeach.com\/espanol\/wp-content\/uploads\/2016\/05\/free-concerts-and-movies-at-miami-beach-soundscape-6-1024x621.jpg 1024w, https:\/\/enjoymiamibeach.com\/espanol\/wp-content\/uploads\/2016\/05\/free-concerts-and-movies-at-miami-beach-soundscape-6.jpg 1600w\" sizes=\"(max-width: 300px) 100vw, 300px\" \/><\/a>\n\t\t\t<\/dt><\/dl><dl class='gallery-item'>\n\t\t\t<dt class='gallery-icon landscape'>\n\t\t\t\t<a href='https:\/\/enjoymiamibeach.com\/espanol\/wp-content\/uploads\/2016\/05\/free-concerts-and-movies-at-miami-beach-soundscape-5.jpg'><img width=\"300\" height=\"196\" src=\"https:\/\/enjoymiamibeach.com\/espanol\/wp-content\/uploads\/2016\/05\/free-concerts-and-movies-at-miami-beach-soundscape-5-300x196.jpg\" class=\"attachment-medium size-medium\" alt=\"Free Concerts And Movies At Miami Beach Soundscape\" loading=\"lazy\" srcset=\"https:\/\/enjoymiamibeach.com\/espanol\/wp-content\/uploads\/2016\/05\/free-concerts-and-movies-at-miami-beach-soundscape-5-300x196.jpg 300w, https:\/\/enjoymiamibeach.com\/espanol\/wp-content\/uploads\/2016\/05\/free-concerts-and-movies-at-miami-beach-soundscape-5-768x501.jpg 768w, https:\/\/enjoymiamibeach.com\/espanol\/wp-content\/uploads\/2016\/05\/free-concerts-and-movies-at-miami-beach-soundscape-5-1024x667.jpg 1024w, https:\/\/enjoymiamibeach.com\/espanol\/wp-content\/uploads\/2016\/05\/free-concerts-and-movies-at-miami-beach-soundscape-5.jpg 1700w\" sizes=\"(max-width: 300px) 100vw, 300px\" \/><\/a>\n\t\t\t<\/dt><\/dl><dl class='gallery-item'>\n\t\t\t<dt class='gallery-icon landscape'>\n\t\t\t\t<a href='https:\/\/enjoymiamibeach.com\/espanol\/wp-content\/uploads\/2016\/05\/free-concerts-and-movies-at-miami-beach-soundscape-3.jpg'><img width=\"300\" height=\"195\" src=\"https:\/\/enjoymiamibeach.com\/espanol\/wp-content\/uploads\/2016\/05\/free-concerts-and-movies-at-miami-beach-soundscape-3-300x195.jpg\" class=\"attachment-medium size-medium\" alt=\"Free Concerts And Movies At Miami Beach Soundscape\" loading=\"lazy\" srcset=\"https:\/\/enjoymiamibeach.com\/espanol\/wp-content\/uploads\/2016\/05\/free-concerts-and-movies-at-miami-beach-soundscape-3-300x195.jpg 300w, https:\/\/enjoymiamibeach.com\/espanol\/wp-content\/uploads\/2016\/05\/free-concerts-and-movies-at-miami-beach-soundscape-3-768x499.jpg 768w, https:\/\/enjoymiamibeach.com\/espanol\/wp-content\/uploads\/2016\/05\/free-concerts-and-movies-at-miami-beach-soundscape-3-1024x665.jpg 1024w, https:\/\/enjoymiamibeach.com\/espanol\/wp-content\/uploads\/2016\/05\/free-concerts-and-movies-at-miami-beach-soundscape-3.jpg 1600w\" sizes=\"(max-width: 300px) 100vw, 300px\" \/><\/a>\n\t\t\t<\/dt><\/dl><br style=\"clear: both\" \/>\n\t\t<\/div>\n\n<hr \/>\n<h4>Pel\u00edculas:<\/h4>\n<p>Una vez a la semana puedes ver una pel\u00edcula gratis bajo las estrellas como parte de la Serie de Cine SoundScape, que se realiza en el SoundScape Park en el New World Center (el parque afuera de la sinf\u00f3nica).<\/p>\n<p>Las pel\u00edculas comienzan a las 8:00 PM, AUNQUE LLUEVA, a menos que se indique lo contrario. Textea MBFILM al 91011 para recibir recordatorios y actualizaciones semanales.<\/p>\n\n\t\t<style type=\"text\/css\">\n\t\t\t#gallery-2 {\n\t\t\t\tmargin: auto;\n\t\t\t}\n\t\t\t#gallery-2 .gallery-item {\n\t\t\t\tfloat: left;\n\t\t\t\tmargin-top: 10px;\n\t\t\t\ttext-align: center;\n\t\t\t\twidth: 33%;\n\t\t\t}\n\t\t\t#gallery-2 img {\n\t\t\t\tborder: 2px solid #cfcfcf;\n\t\t\t}\n\t\t\t#gallery-2 .gallery-caption {\n\t\t\t\tmargin-left: 0;\n\t\t\t}\n\t\t\t\/* see gallery_shortcode() in wp-includes\/media.php *\/\n\t\t<\/style>\n\t\t<div id='gallery-2' class='gallery galleryid-468 gallery-columns-3 gallery-size-medium'><dl class='gallery-item'>\n\t\t\t<dt class='gallery-icon portrait'>\n\t\t\t\t<a href='https:\/\/enjoymiamibeach.com\/espanol\/wp-content\/uploads\/2016\/05\/free-concerts-and-movies-at-miami-beach-soundscape-4.jpg'><img width=\"200\" height=\"300\" src=\"https:\/\/enjoymiamibeach.com\/espanol\/wp-content\/uploads\/2016\/05\/free-concerts-and-movies-at-miami-beach-soundscape-4-200x300.jpg\" class=\"attachment-medium size-medium\" alt=\"Free Concerts And Movies At Miami Beach Soundscape\" loading=\"lazy\" srcset=\"https:\/\/enjoymiamibeach.com\/espanol\/wp-content\/uploads\/2016\/05\/free-concerts-and-movies-at-miami-beach-soundscape-4-200x300.jpg 200w, https:\/\/enjoymiamibeach.com\/espanol\/wp-content\/uploads\/2016\/05\/free-concerts-and-movies-at-miami-beach-soundscape-4-768x1152.jpg 768w, https:\/\/enjoymiamibeach.com\/espanol\/wp-content\/uploads\/2016\/05\/free-concerts-and-movies-at-miami-beach-soundscape-4-683x1024.jpg 683w, https:\/\/enjoymiamibeach.com\/espanol\/wp-content\/uploads\/2016\/05\/free-concerts-and-movies-at-miami-beach-soundscape-4.jpg 1067w\" sizes=\"(max-width: 200px) 100vw, 200px\" \/><\/a>\n\t\t\t<\/dt><\/dl><dl class='gallery-item'>\n\t\t\t<dt class='gallery-icon landscape'>\n\t\t\t\t<a href='https:\/\/enjoymiamibeach.com\/espanol\/wp-content\/uploads\/2016\/05\/free-concerts-and-movies-at-miami-beach-soundscape.jpg'><img width=\"300\" height=\"150\" src=\"https:\/\/enjoymiamibeach.com\/espanol\/wp-content\/uploads\/2016\/05\/free-concerts-and-movies-at-miami-beach-soundscape-300x150.jpg\" class=\"attachment-medium size-medium\" alt=\"Free Concerts And Movies At Miami Beach Soundscape\" loading=\"lazy\" srcset=\"https:\/\/enjoymiamibeach.com\/espanol\/wp-content\/uploads\/2016\/05\/free-concerts-and-movies-at-miami-beach-soundscape-300x150.jpg 300w, https:\/\/enjoymiamibeach.com\/espanol\/wp-content\/uploads\/2016\/05\/free-concerts-and-movies-at-miami-beach-soundscape-768x385.jpg 768w, https:\/\/enjoymiamibeach.com\/espanol\/wp-content\/uploads\/2016\/05\/free-concerts-and-movies-at-miami-beach-soundscape-1024x513.jpg 1024w, https:\/\/enjoymiamibeach.com\/espanol\/wp-content\/uploads\/2016\/05\/free-concerts-and-movies-at-miami-beach-soundscape.jpg 1600w\" sizes=\"(max-width: 300px) 100vw, 300px\" \/><\/a>\n\t\t\t<\/dt><\/dl><dl class='gallery-item'>\n\t\t\t<dt class='gallery-icon portrait'>\n\t\t\t\t<a href='https:\/\/enjoymiamibeach.com\/espanol\/wp-content\/uploads\/2016\/05\/free-concerts-and-movies-at-miami-beach-soundscape-2.jpg'><img width=\"200\" height=\"300\" src=\"https:\/\/enjoymiamibeach.com\/espanol\/wp-content\/uploads\/2016\/05\/free-concerts-and-movies-at-miami-beach-soundscape-2-200x300.jpg\" class=\"attachment-medium size-medium\" alt=\"Free Concerts And Movies At Miami Beach Soundscape\" loading=\"lazy\" srcset=\"https:\/\/enjoymiamibeach.com\/espanol\/wp-content\/uploads\/2016\/05\/free-concerts-and-movies-at-miami-beach-soundscape-2-200x300.jpg 200w, https:\/\/enjoymiamibeach.com\/espanol\/wp-content\/uploads\/2016\/05\/free-concerts-and-movies-at-miami-beach-soundscape-2-768x1152.jpg 768w, https:\/\/enjoymiamibeach.com\/espanol\/wp-content\/uploads\/2016\/05\/free-concerts-and-movies-at-miami-beach-soundscape-2-683x1024.jpg 683w, https:\/\/enjoymiamibeach.com\/espanol\/wp-content\/uploads\/2016\/05\/free-concerts-and-movies-at-miami-beach-soundscape-2.jpg 1067w\" sizes=\"(max-width: 200px) 100vw, 200px\" \/><\/a>\n\t\t\t<\/dt><\/dl><br style=\"clear: both\" \/>\n\t\t<\/div>\n\n<p>&nbsp;<\/p>\n<hr \/>\n<p>\u00a1Trae una manta, comparte una cena picnic y disfruta de las im\u00e1genes y sonidos de New World Symphony y SoundScape Cinema Series con amigos y familia!<\/p>\n<p>Para obtener m\u00e1s informaci\u00f3n y ver el calendario de eventos, visita <a href=\"https:\/\/www.nws.edu\/events-tickets\/wallcast-concerts-and-park-events\/\" target=\"_blank\" rel=\"noopener\">www.nws.edu<\/a><\/p>\n<hr \/>\n<p><iframe loading=\"lazy\" style=\"border: 0;\" src=\"https:\/\/www.google.com\/maps\/embed?pb=!1m18!1m12!1m3!1d3592.3608363929507!2d-80.13571218482508!3d25.791667213653927!2m3!1f0!2f0!3f0!3m2!1i1024!2i768!4f13.1!3m3!1m2!1s0x88d9b48504ae2419%3A0x36a9beb8c39a7d17!2sNew+World+Symphony!5e0!3m2!1sen!2sus!4v1464124594637\" width=\"600\" height=\"450\" frameborder=\"0\" allowfullscreen=\"allowfullscreen\"><\/iframe><\/p>\n","protected":false},"excerpt":{"rendered":"<p>El New World Symphony ofrece tanta diversi\u00f3n fuera de su edificio como adentro. Puedes ver conciertos y pel\u00edculas gratis en su impresionante parque SoundScape. &nbsp; Musica: New World Symphony presenta una temporada de conciertos de Septiembre a Mayo y, aproximadamente una vez al mes durante <a class=\"more-link\" href=\"https:\/\/enjoymiamibeach.com\/espanol\/activities\/free-concerts-and-movies-at-miami-beach-soundscape\/\">Read More &#8230;<\/a><\/p>\n","protected":false},"author":2,"featured_media":1017,"parent":69,"menu_order":0,"comment_status":"closed","ping_status":"closed","template":"","meta":[],"yoast_head":"<!-- This site is optimized with the Yoast SEO plugin v18.8 - https:\/\/yoast.com\/wordpress\/plugins\/seo\/ -->\n<title>Conciertos y pel\u00edculas gratis en Miami Beach SoundScape - ENJOY MIAMI BEACH<\/title>\n<meta name=\"robots\" content=\"index, follow, max-snippet:-1, max-image-preview:large, max-video-preview:-1\" \/>\n<link rel=\"canonical\" href=\"https:\/\/enjoymiamibeach.com\/espanol\/activities\/free-concerts-and-movies-at-miami-beach-soundscape\/\" \/>\n<meta property=\"og:locale\" content=\"es_ES\" \/>\n<meta property=\"og:type\" content=\"article\" \/>\n<meta property=\"og:title\" content=\"Conciertos y pel\u00edculas gratis en Miami Beach SoundScape - ENJOY MIAMI BEACH\" \/>\n<meta property=\"og:description\" content=\"El New World Symphony ofrece tanta diversi\u00f3n fuera de su edificio como adentro. Puedes ver conciertos y pel\u00edculas gratis en su impresionante parque SoundScape. &nbsp; Musica: New World Symphony presenta una temporada de conciertos de Septiembre a Mayo y, aproximadamente una vez al mes durante Read More ...\" \/>\n<meta property=\"og:url\" content=\"https:\/\/enjoymiamibeach.com\/espanol\/activities\/free-concerts-and-movies-at-miami-beach-soundscape\/\" \/>\n<meta property=\"og:site_name\" content=\"ENJOY MIAMI BEACH\" \/>\n<meta property=\"article:modified_time\" content=\"2018-12-07T15:06:05+00:00\" \/>\n<meta property=\"og:image\" content=\"https:\/\/enjoymiamibeach.com\/espanol\/wp-content\/uploads\/2016\/05\/free-concerts-and-movies-at-miami-beach-soundscape.jpg\" \/>\n\t<meta property=\"og:image:width\" content=\"1600\" \/>\n\t<meta property=\"og:image:height\" content=\"802\" \/>\n\t<meta property=\"og:image:type\" content=\"image\/jpeg\" \/>\n<meta name=\"twitter:card\" content=\"summary\" \/>\n<meta name=\"twitter:label1\" content=\"Tiempo de lectura\" \/>\n\t<meta name=\"twitter:data1\" content=\"1 minuto\" \/>\n<script type=\"application\/ld+json\" class=\"yoast-schema-graph\">{\"@context\":\"https:\/\/schema.org\",\"@graph\":[{\"@type\":\"WebSite\",\"@id\":\"https:\/\/enjoymiamibeach.com\/espanol\/#website\",\"url\":\"https:\/\/enjoymiamibeach.com\/espanol\/\",\"name\":\"ENJOY MIAMI BEACH\",\"description\":\"Miami Beach informaci\u00f3n para el turista - precios de taxi - Ocean DR - Lincoln RD\",\"potentialAction\":[{\"@type\":\"SearchAction\",\"target\":{\"@type\":\"EntryPoint\",\"urlTemplate\":\"https:\/\/enjoymiamibeach.com\/espanol\/?s={search_term_string}\"},\"query-input\":\"required name=search_term_string\"}],\"inLanguage\":\"es\"},{\"@type\":\"ImageObject\",\"inLanguage\":\"es\",\"@id\":\"https:\/\/enjoymiamibeach.com\/espanol\/activities\/free-concerts-and-movies-at-miami-beach-soundscape\/#primaryimage\",\"url\":\"https:\/\/enjoymiamibeach.com\/espanol\/wp-content\/uploads\/2016\/05\/free-concerts-and-movies-at-miami-beach-soundscape.jpg\",\"contentUrl\":\"https:\/\/enjoymiamibeach.com\/espanol\/wp-content\/uploads\/2016\/05\/free-concerts-and-movies-at-miami-beach-soundscape.jpg\",\"width\":1600,\"height\":802,\"caption\":\"Free Concerts And Movies At Miami Beach Soundscape\"},{\"@type\":\"WebPage\",\"@id\":\"https:\/\/enjoymiamibeach.com\/espanol\/activities\/free-concerts-and-movies-at-miami-beach-soundscape\/#webpage\",\"url\":\"https:\/\/enjoymiamibeach.com\/espanol\/activities\/free-concerts-and-movies-at-miami-beach-soundscape\/\",\"name\":\"Conciertos y pel\u00edculas gratis en Miami Beach SoundScape - ENJOY MIAMI BEACH\",\"isPartOf\":{\"@id\":\"https:\/\/enjoymiamibeach.com\/espanol\/#website\"},\"primaryImageOfPage\":{\"@id\":\"https:\/\/enjoymiamibeach.com\/espanol\/activities\/free-concerts-and-movies-at-miami-beach-soundscape\/#primaryimage\"},\"datePublished\":\"2016-05-24T21:15:32+00:00\",\"dateModified\":\"2018-12-07T15:06:05+00:00\",\"breadcrumb\":{\"@id\":\"https:\/\/enjoymiamibeach.com\/espanol\/activities\/free-concerts-and-movies-at-miami-beach-soundscape\/#breadcrumb\"},\"inLanguage\":\"es\",\"potentialAction\":[{\"@type\":\"ReadAction\",\"target\":[\"https:\/\/enjoymiamibeach.com\/espanol\/activities\/free-concerts-and-movies-at-miami-beach-soundscape\/\"]}]},{\"@type\":\"BreadcrumbList\",\"@id\":\"https:\/\/enjoymiamibeach.com\/espanol\/activities\/free-concerts-and-movies-at-miami-beach-soundscape\/#breadcrumb\",\"itemListElement\":[{\"@type\":\"ListItem\",\"position\":1,\"name\":\"Home\",\"item\":\"https:\/\/enjoymiamibeach.com\/espanol\/\"},{\"@type\":\"ListItem\",\"position\":2,\"name\":\"Actividades\",\"item\":\"https:\/\/enjoymiamibeach.com\/espanol\/activities\/\"},{\"@type\":\"ListItem\",\"position\":3,\"name\":\"Conciertos y pel\u00edculas gratis en Miami Beach SoundScape\"}]}]}<\/script>\n<!-- \/ Yoast SEO plugin. -->","yoast_head_json":{"title":"Conciertos y pel\u00edculas gratis en Miami Beach SoundScape - ENJOY MIAMI BEACH","robots":{"index":"index","follow":"follow","max-snippet":"max-snippet:-1","max-image-preview":"max-image-preview:large","max-video-preview":"max-video-preview:-1"},"canonical":"https:\/\/enjoymiamibeach.com\/espanol\/activities\/free-concerts-and-movies-at-miami-beach-soundscape\/","og_locale":"es_ES","og_type":"article","og_title":"Conciertos y pel\u00edculas gratis en Miami Beach SoundScape - ENJOY MIAMI BEACH","og_description":"El New World Symphony ofrece tanta diversi\u00f3n fuera de su edificio como adentro. Puedes ver conciertos y pel\u00edculas gratis en su impresionante parque SoundScape. &nbsp; Musica: New World Symphony presenta una temporada de conciertos de Septiembre a Mayo y, aproximadamente una vez al mes durante Read More ...","og_url":"https:\/\/enjoymiamibeach.com\/espanol\/activities\/free-concerts-and-movies-at-miami-beach-soundscape\/","og_site_name":"ENJOY MIAMI BEACH","article_modified_time":"2018-12-07T15:06:05+00:00","og_image":[{"width":1600,"height":802,"url":"https:\/\/enjoymiamibeach.com\/espanol\/wp-content\/uploads\/2016\/05\/free-concerts-and-movies-at-miami-beach-soundscape.jpg","type":"image\/jpeg"}],"twitter_card":"summary","twitter_misc":{"Tiempo de lectura":"1 minuto"},"schema":{"@context":"https:\/\/schema.org","@graph":[{"@type":"WebSite","@id":"https:\/\/enjoymiamibeach.com\/espanol\/#website","url":"https:\/\/enjoymiamibeach.com\/espanol\/","name":"ENJOY MIAMI BEACH","description":"Miami Beach informaci\u00f3n para el turista - precios de taxi - Ocean DR - Lincoln RD","potentialAction":[{"@type":"SearchAction","target":{"@type":"EntryPoint","urlTemplate":"https:\/\/enjoymiamibeach.com\/espanol\/?s={search_term_string}"},"query-input":"required name=search_term_string"}],"inLanguage":"es"},{"@type":"ImageObject","inLanguage":"es","@id":"https:\/\/enjoymiamibeach.com\/espanol\/activities\/free-concerts-and-movies-at-miami-beach-soundscape\/#primaryimage","url":"https:\/\/enjoymiamibeach.com\/espanol\/wp-content\/uploads\/2016\/05\/free-concerts-and-movies-at-miami-beach-soundscape.jpg","contentUrl":"https:\/\/enjoymiamibeach.com\/espanol\/wp-content\/uploads\/2016\/05\/free-concerts-and-movies-at-miami-beach-soundscape.jpg","width":1600,"height":802,"caption":"Free Concerts And Movies At Miami Beach Soundscape"},{"@type":"WebPage","@id":"https:\/\/enjoymiamibeach.com\/espanol\/activities\/free-concerts-and-movies-at-miami-beach-soundscape\/#webpage","url":"https:\/\/enjoymiamibeach.com\/espanol\/activities\/free-concerts-and-movies-at-miami-beach-soundscape\/","name":"Conciertos y pel\u00edculas gratis en Miami Beach SoundScape - ENJOY MIAMI BEACH","isPartOf":{"@id":"https:\/\/enjoymiamibeach.com\/espanol\/#website"},"primaryImageOfPage":{"@id":"https:\/\/enjoymiamibeach.com\/espanol\/activities\/free-concerts-and-movies-at-miami-beach-soundscape\/#primaryimage"},"datePublished":"2016-05-24T21:15:32+00:00","dateModified":"2018-12-07T15:06:05+00:00","breadcrumb":{"@id":"https:\/\/enjoymiamibeach.com\/espanol\/activities\/free-concerts-and-movies-at-miami-beach-soundscape\/#breadcrumb"},"inLanguage":"es","potentialAction":[{"@type":"ReadAction","target":["https:\/\/enjoymiamibeach.com\/espanol\/activities\/free-concerts-and-movies-at-miami-beach-soundscape\/"]}]},{"@type":"BreadcrumbList","@id":"https:\/\/enjoymiamibeach.com\/espanol\/activities\/free-concerts-and-movies-at-miami-beach-soundscape\/#breadcrumb","itemListElement":[{"@type":"ListItem","position":1,"name":"Home","item":"https:\/\/enjoymiamibeach.com\/espanol\/"},{"@type":"ListItem","position":2,"name":"Actividades","item":"https:\/\/enjoymiamibeach.com\/espanol\/activities\/"},{"@type":"ListItem","position":3,"name":"Conciertos y pel\u00edculas gratis en Miami Beach SoundScape"}]}]}},"_links":{"self":[{"href":"https:\/\/enjoymiamibeach.com\/espanol\/wp-json\/wp\/v2\/pages\/468"}],"collection":[{"href":"https:\/\/enjoymiamibeach.com\/espanol\/wp-json\/wp\/v2\/pages"}],"about":[{"href":"https:\/\/enjoymiamibeach.com\/espanol\/wp-json\/wp\/v2\/types\/page"}],"author":[{"embeddable":true,"href":"https:\/\/enjoymiamibeach.com\/espanol\/wp-json\/wp\/v2\/users\/2"}],"replies":[{"embeddable":true,"href":"https:\/\/enjoymiamibeach.com\/espanol\/wp-json\/wp\/v2\/comments?post=468"}],"version-history":[{"count":8,"href":"https:\/\/enjoymiamibeach.com\/espanol\/wp-json\/wp\/v2\/pages\/468\/revisions"}],"predecessor-version":[{"id":1259,"href":"https:\/\/enjoymiamibeach.com\/espanol\/wp-json\/wp\/v2\/pages\/468\/revisions\/1259"}],"up":[{"embeddable":true,"href":"https:\/\/enjoymiamibeach.com\/espanol\/wp-json\/wp\/v2\/pages\/69"}],"wp:featuredmedia":[{"embeddable":true,"href":"https:\/\/enjoymiamibeach.com\/espanol\/wp-json\/wp\/v2\/media\/1017"}],"wp:attachment":[{"href":"https:\/\/enjoymiamibeach.com\/espanol\/wp-json\/wp\/v2\/media?parent=468"}],"curies":[{"name":"wp","href":"https:\/\/api.w.org\/{rel}","templated":true}]}}