{"id":466,"date":"2016-05-24T15:37:34","date_gmt":"2016-05-24T20:37:34","guid":{"rendered":"https:\/\/enjoymiamibeach.com\/espanol\/?page_id=466"},"modified":"2019-12-22T11:15:30","modified_gmt":"2019-12-22T16:15:30","slug":"new-world-symphony","status":"publish","type":"page","link":"https:\/\/enjoymiamibeach.com\/espanol\/activities\/new-world-symphony\/","title":{"rendered":"New World Symphony"},"content":{"rendered":"<p>New World Symphony es una academia orquestal donde j\u00f3venes m\u00fasicos se preparan para una carrera profesional en m\u00fasica cl\u00e1sica.<\/p>\n<p>La New World Symphony presenta su temporada de Septiembre a Mayo en la sala de conciertos de 756 asientos del New World Center. Las presentaciones incluyen conciertos de orquesta completa, una serie de m\u00fasica de c\u00e1mara, una serie de m\u00fasica nueva, una de conjuntos de percusi\u00f3n, peque\u00f1os conciertos de ensemble, una serie familiar y festivales y recitales especiales.*<\/p>\n<p>Para m\u00e1s informaci\u00f3n y calendario de eventos visita <a href=\"https:\/\/www.nws.edu\/events-tickets\/concerts\/\/#\/calendar\" target=\"_blank\" rel=\"noopener noreferrer\">www.nws.edu<\/a><br \/>\n* (De <a href=\"https:\/\/en.wikipedia.org\/wiki\/New_World_Symphony_%28orchestra%29\" target=\"_blank\" rel=\"noopener noreferrer\">Wikipedia: leer el art\u00edculo completo<\/a>)<\/p>\n<hr \/>\n<p><iframe loading=\"lazy\" style=\"border: 0;\" src=\"https:\/\/www.google.com\/maps\/embed?pb=!1m18!1m12!1m3!1d3592.3608363929507!2d-80.13571218482508!3d25.791667213653927!2m3!1f0!2f0!3f0!3m2!1i1024!2i768!4f13.1!3m3!1m2!1s0x88d9b48504ae2419%3A0x36a9beb8c39a7d17!2sNew+World+Symphony!5e0!3m2!1sen!2sus!4v1464124594637\" width=\"600\" height=\"450\" frameborder=\"0\" allowfullscreen=\"allowfullscreen\"><\/iframe><\/p>\n","protected":false},"excerpt":{"rendered":"<p>New World Symphony es una academia orquestal donde j\u00f3venes m\u00fasicos se preparan para una carrera profesional en m\u00fasica cl\u00e1sica. La New World Symphony presenta su temporada de Septiembre a Mayo en la sala de conciertos de 756 asientos del New World Center. Las presentaciones incluyen <a class=\"more-link\" href=\"https:\/\/enjoymiamibeach.com\/espanol\/activities\/new-world-symphony\/\">Read More &#8230;<\/a><\/p>\n","protected":false},"author":2,"featured_media":0,"parent":69,"menu_order":0,"comment_status":"closed","ping_status":"closed","template":"","meta":[],"yoast_head":"<!-- This site is optimized with the Yoast SEO plugin v18.8 - https:\/\/yoast.com\/wordpress\/plugins\/seo\/ -->\n<title>New World Symphony - ENJOY MIAMI BEACH<\/title>\n<meta name=\"robots\" content=\"index, follow, max-snippet:-1, max-image-preview:large, max-video-preview:-1\" \/>\n<link rel=\"canonical\" href=\"https:\/\/enjoymiamibeach.com\/espanol\/activities\/new-world-symphony\/\" \/>\n<meta property=\"og:locale\" content=\"es_ES\" \/>\n<meta property=\"og:type\" content=\"article\" \/>\n<meta property=\"og:title\" content=\"New World Symphony - ENJOY MIAMI BEACH\" \/>\n<meta property=\"og:description\" content=\"New World Symphony es una academia orquestal donde j\u00f3venes m\u00fasicos se preparan para una carrera profesional en m\u00fasica cl\u00e1sica. La New World Symphony presenta su temporada de Septiembre a Mayo en la sala de conciertos de 756 asientos del New World Center. Las presentaciones incluyen Read More ...\" \/>\n<meta property=\"og:url\" content=\"https:\/\/enjoymiamibeach.com\/espanol\/activities\/new-world-symphony\/\" \/>\n<meta property=\"og:site_name\" content=\"ENJOY MIAMI BEACH\" \/>\n<meta property=\"article:modified_time\" content=\"2019-12-22T16:15:30+00:00\" \/>\n<meta name=\"twitter:card\" content=\"summary\" \/>\n<meta name=\"twitter:label1\" content=\"Tiempo de lectura\" \/>\n\t<meta name=\"twitter:data1\" content=\"1 minuto\" \/>\n<script type=\"application\/ld+json\" class=\"yoast-schema-graph\">{\"@context\":\"https:\/\/schema.org\",\"@graph\":[{\"@type\":\"WebSite\",\"@id\":\"https:\/\/enjoymiamibeach.com\/espanol\/#website\",\"url\":\"https:\/\/enjoymiamibeach.com\/espanol\/\",\"name\":\"ENJOY MIAMI BEACH\",\"description\":\"Miami Beach informaci\u00f3n para el turista - precios de taxi - Ocean DR - Lincoln RD\",\"potentialAction\":[{\"@type\":\"SearchAction\",\"target\":{\"@type\":\"EntryPoint\",\"urlTemplate\":\"https:\/\/enjoymiamibeach.com\/espanol\/?s={search_term_string}\"},\"query-input\":\"required name=search_term_string\"}],\"inLanguage\":\"es\"},{\"@type\":\"WebPage\",\"@id\":\"https:\/\/enjoymiamibeach.com\/espanol\/activities\/new-world-symphony\/#webpage\",\"url\":\"https:\/\/enjoymiamibeach.com\/espanol\/activities\/new-world-symphony\/\",\"name\":\"New World Symphony - ENJOY MIAMI BEACH\",\"isPartOf\":{\"@id\":\"https:\/\/enjoymiamibeach.com\/espanol\/#website\"},\"datePublished\":\"2016-05-24T20:37:34+00:00\",\"dateModified\":\"2019-12-22T16:15:30+00:00\",\"breadcrumb\":{\"@id\":\"https:\/\/enjoymiamibeach.com\/espanol\/activities\/new-world-symphony\/#breadcrumb\"},\"inLanguage\":\"es\",\"potentialAction\":[{\"@type\":\"ReadAction\",\"target\":[\"https:\/\/enjoymiamibeach.com\/espanol\/activities\/new-world-symphony\/\"]}]},{\"@type\":\"BreadcrumbList\",\"@id\":\"https:\/\/enjoymiamibeach.com\/espanol\/activities\/new-world-symphony\/#breadcrumb\",\"itemListElement\":[{\"@type\":\"ListItem\",\"position\":1,\"name\":\"Home\",\"item\":\"https:\/\/enjoymiamibeach.com\/espanol\/\"},{\"@type\":\"ListItem\",\"position\":2,\"name\":\"Actividades\",\"item\":\"https:\/\/enjoymiamibeach.com\/espanol\/activities\/\"},{\"@type\":\"ListItem\",\"position\":3,\"name\":\"New World Symphony\"}]}]}<\/script>\n<!-- \/ Yoast SEO plugin. -->","yoast_head_json":{"title":"New World Symphony - ENJOY MIAMI BEACH","robots":{"index":"index","follow":"follow","max-snippet":"max-snippet:-1","max-image-preview":"max-image-preview:large","max-video-preview":"max-video-preview:-1"},"canonical":"https:\/\/enjoymiamibeach.com\/espanol\/activities\/new-world-symphony\/","og_locale":"es_ES","og_type":"article","og_title":"New World Symphony - ENJOY MIAMI BEACH","og_description":"New World Symphony es una academia orquestal donde j\u00f3venes m\u00fasicos se preparan para una carrera profesional en m\u00fasica cl\u00e1sica. La New World Symphony presenta su temporada de Septiembre a Mayo en la sala de conciertos de 756 asientos del New World Center. Las presentaciones incluyen Read More ...","og_url":"https:\/\/enjoymiamibeach.com\/espanol\/activities\/new-world-symphony\/","og_site_name":"ENJOY MIAMI BEACH","article_modified_time":"2019-12-22T16:15:30+00:00","twitter_card":"summary","twitter_misc":{"Tiempo de lectura":"1 minuto"},"schema":{"@context":"https:\/\/schema.org","@graph":[{"@type":"WebSite","@id":"https:\/\/enjoymiamibeach.com\/espanol\/#website","url":"https:\/\/enjoymiamibeach.com\/espanol\/","name":"ENJOY MIAMI BEACH","description":"Miami Beach informaci\u00f3n para el turista - precios de taxi - Ocean DR - Lincoln RD","potentialAction":[{"@type":"SearchAction","target":{"@type":"EntryPoint","urlTemplate":"https:\/\/enjoymiamibeach.com\/espanol\/?s={search_term_string}"},"query-input":"required name=search_term_string"}],"inLanguage":"es"},{"@type":"WebPage","@id":"https:\/\/enjoymiamibeach.com\/espanol\/activities\/new-world-symphony\/#webpage","url":"https:\/\/enjoymiamibeach.com\/espanol\/activities\/new-world-symphony\/","name":"New World Symphony - ENJOY MIAMI BEACH","isPartOf":{"@id":"https:\/\/enjoymiamibeach.com\/espanol\/#website"},"datePublished":"2016-05-24T20:37:34+00:00","dateModified":"2019-12-22T16:15:30+00:00","breadcrumb":{"@id":"https:\/\/enjoymiamibeach.com\/espanol\/activities\/new-world-symphony\/#breadcrumb"},"inLanguage":"es","potentialAction":[{"@type":"ReadAction","target":["https:\/\/enjoymiamibeach.com\/espanol\/activities\/new-world-symphony\/"]}]},{"@type":"BreadcrumbList","@id":"https:\/\/enjoymiamibeach.com\/espanol\/activities\/new-world-symphony\/#breadcrumb","itemListElement":[{"@type":"ListItem","position":1,"name":"Home","item":"https:\/\/enjoymiamibeach.com\/espanol\/"},{"@type":"ListItem","position":2,"name":"Actividades","item":"https:\/\/enjoymiamibeach.com\/espanol\/activities\/"},{"@type":"ListItem","position":3,"name":"New World Symphony"}]}]}},"_links":{"self":[{"href":"https:\/\/enjoymiamibeach.com\/espanol\/wp-json\/wp\/v2\/pages\/466"}],"collection":[{"href":"https:\/\/enjoymiamibeach.com\/espanol\/wp-json\/wp\/v2\/pages"}],"about":[{"href":"https:\/\/enjoymiamibeach.com\/espanol\/wp-json\/wp\/v2\/types\/page"}],"author":[{"embeddable":true,"href":"https:\/\/enjoymiamibeach.com\/espanol\/wp-json\/wp\/v2\/users\/2"}],"replies":[{"embeddable":true,"href":"https:\/\/enjoymiamibeach.com\/espanol\/wp-json\/wp\/v2\/comments?post=466"}],"version-history":[{"count":7,"href":"https:\/\/enjoymiamibeach.com\/espanol\/wp-json\/wp\/v2\/pages\/466\/revisions"}],"predecessor-version":[{"id":1363,"href":"https:\/\/enjoymiamibeach.com\/espanol\/wp-json\/wp\/v2\/pages\/466\/revisions\/1363"}],"up":[{"embeddable":true,"href":"https:\/\/enjoymiamibeach.com\/espanol\/wp-json\/wp\/v2\/pages\/69"}],"wp:attachment":[{"href":"https:\/\/enjoymiamibeach.com\/espanol\/wp-json\/wp\/v2\/media?parent=466"}],"curies":[{"name":"wp","href":"https:\/\/api.w.org\/{rel}","templated":true}]}}