{"id":445,"date":"2016-05-23T18:55:09","date_gmt":"2016-05-23T23:55:09","guid":{"rendered":"https:\/\/enjoymiamibeach.com\/espanol\/?page_id=445"},"modified":"2019-11-30T19:41:47","modified_gmt":"2019-12-01T00:41:47","slug":"fishing-tours","status":"publish","type":"page","link":"https:\/\/enjoymiamibeach.com\/espanol\/miami-beach-tours\/fishing-tours\/","title":{"rendered":"Tours de Pesca"},"content":{"rendered":"<p><strong>En resumen:<\/strong><\/p>\n<p>Pesca en medio del \u00f3ceano (ca\u00f1a de pescar, aparejos, y cebo incluido). No se<br \/>\nnecesita experiencia Excursiones de d\u00eda y de noche.<\/p>\n<p><strong>M\u00e1s detalles<\/strong>:<\/p>\n<ul>\n<li>Duraci\u00f3n: alrededor de 4 horas<\/li>\n<li>Sale a las 9:00 a.m. &#8211; 1:45 p.m. &#8211; 8:00 p.m. (con cita previa)<\/li>\n<li>Sin recogida en el hotel. Debes ir a su oficina.<\/li>\n<\/ul>\n<p><strong>Precio promedio:<\/strong><\/p>\n<ul>\n<li>$ 59 a $ 95 (dependiendo de si est\u00e1n haciendo una promoci\u00f3n o no)<\/li>\n<\/ul>\n","protected":false},"excerpt":{"rendered":"<p>En resumen: Pesca en medio del \u00f3ceano (ca\u00f1a de pescar, aparejos, y cebo incluido). No se necesita experiencia Excursiones de d\u00eda y de noche. M\u00e1s detalles: Duraci\u00f3n: alrededor de 4 horas Sale a las 9:00 a.m. &#8211; 1:45 p.m. &#8211; 8:00 p.m. (con cita previa) <a class=\"more-link\" href=\"https:\/\/enjoymiamibeach.com\/espanol\/miami-beach-tours\/fishing-tours\/\">Read More &#8230;<\/a><\/p>\n","protected":false},"author":2,"featured_media":0,"parent":12,"menu_order":0,"comment_status":"closed","ping_status":"closed","template":"","meta":[],"yoast_head":"<!-- This site is optimized with the Yoast SEO plugin v18.8 - https:\/\/yoast.com\/wordpress\/plugins\/seo\/ -->\n<title>Tours de Pesca - ENJOY MIAMI BEACH<\/title>\n<meta name=\"robots\" content=\"index, follow, max-snippet:-1, max-image-preview:large, max-video-preview:-1\" \/>\n<link rel=\"canonical\" href=\"https:\/\/enjoymiamibeach.com\/espanol\/miami-beach-tours\/fishing-tours\/\" \/>\n<meta property=\"og:locale\" content=\"es_ES\" \/>\n<meta property=\"og:type\" content=\"article\" \/>\n<meta property=\"og:title\" content=\"Tours de Pesca - ENJOY MIAMI BEACH\" \/>\n<meta property=\"og:description\" content=\"En resumen: Pesca en medio del \u00f3ceano (ca\u00f1a de pescar, aparejos, y cebo incluido). No se necesita experiencia Excursiones de d\u00eda y de noche. M\u00e1s detalles: Duraci\u00f3n: alrededor de 4 horas Sale a las 9:00 a.m. &#8211; 1:45 p.m. &#8211; 8:00 p.m. (con cita previa) Read More ...\" \/>\n<meta property=\"og:url\" content=\"https:\/\/enjoymiamibeach.com\/espanol\/miami-beach-tours\/fishing-tours\/\" \/>\n<meta property=\"og:site_name\" content=\"ENJOY MIAMI BEACH\" \/>\n<meta property=\"article:modified_time\" content=\"2019-12-01T00:41:47+00:00\" \/>\n<meta name=\"twitter:card\" content=\"summary\" \/>\n<script type=\"application\/ld+json\" class=\"yoast-schema-graph\">{\"@context\":\"https:\/\/schema.org\",\"@graph\":[{\"@type\":\"WebSite\",\"@id\":\"https:\/\/enjoymiamibeach.com\/espanol\/#website\",\"url\":\"https:\/\/enjoymiamibeach.com\/espanol\/\",\"name\":\"ENJOY MIAMI BEACH\",\"description\":\"Miami Beach informaci\u00f3n para el turista - precios de taxi - Ocean DR - Lincoln RD\",\"potentialAction\":[{\"@type\":\"SearchAction\",\"target\":{\"@type\":\"EntryPoint\",\"urlTemplate\":\"https:\/\/enjoymiamibeach.com\/espanol\/?s={search_term_string}\"},\"query-input\":\"required name=search_term_string\"}],\"inLanguage\":\"es\"},{\"@type\":\"WebPage\",\"@id\":\"https:\/\/enjoymiamibeach.com\/espanol\/miami-beach-tours\/fishing-tours\/#webpage\",\"url\":\"https:\/\/enjoymiamibeach.com\/espanol\/miami-beach-tours\/fishing-tours\/\",\"name\":\"Tours de Pesca - ENJOY MIAMI BEACH\",\"isPartOf\":{\"@id\":\"https:\/\/enjoymiamibeach.com\/espanol\/#website\"},\"datePublished\":\"2016-05-23T23:55:09+00:00\",\"dateModified\":\"2019-12-01T00:41:47+00:00\",\"breadcrumb\":{\"@id\":\"https:\/\/enjoymiamibeach.com\/espanol\/miami-beach-tours\/fishing-tours\/#breadcrumb\"},\"inLanguage\":\"es\",\"potentialAction\":[{\"@type\":\"ReadAction\",\"target\":[\"https:\/\/enjoymiamibeach.com\/espanol\/miami-beach-tours\/fishing-tours\/\"]}]},{\"@type\":\"BreadcrumbList\",\"@id\":\"https:\/\/enjoymiamibeach.com\/espanol\/miami-beach-tours\/fishing-tours\/#breadcrumb\",\"itemListElement\":[{\"@type\":\"ListItem\",\"position\":1,\"name\":\"Home\",\"item\":\"https:\/\/enjoymiamibeach.com\/espanol\/\"},{\"@type\":\"ListItem\",\"position\":2,\"name\":\"Tours\",\"item\":\"https:\/\/enjoymiamibeach.com\/espanol\/miami-beach-tours\/\"},{\"@type\":\"ListItem\",\"position\":3,\"name\":\"Tours de Pesca\"}]}]}<\/script>\n<!-- \/ Yoast SEO plugin. -->","yoast_head_json":{"title":"Tours de Pesca - ENJOY MIAMI BEACH","robots":{"index":"index","follow":"follow","max-snippet":"max-snippet:-1","max-image-preview":"max-image-preview:large","max-video-preview":"max-video-preview:-1"},"canonical":"https:\/\/enjoymiamibeach.com\/espanol\/miami-beach-tours\/fishing-tours\/","og_locale":"es_ES","og_type":"article","og_title":"Tours de Pesca - ENJOY MIAMI BEACH","og_description":"En resumen: Pesca en medio del \u00f3ceano (ca\u00f1a de pescar, aparejos, y cebo incluido). No se necesita experiencia Excursiones de d\u00eda y de noche. M\u00e1s detalles: Duraci\u00f3n: alrededor de 4 horas Sale a las 9:00 a.m. &#8211; 1:45 p.m. &#8211; 8:00 p.m. (con cita previa) Read More ...","og_url":"https:\/\/enjoymiamibeach.com\/espanol\/miami-beach-tours\/fishing-tours\/","og_site_name":"ENJOY MIAMI BEACH","article_modified_time":"2019-12-01T00:41:47+00:00","twitter_card":"summary","schema":{"@context":"https:\/\/schema.org","@graph":[{"@type":"WebSite","@id":"https:\/\/enjoymiamibeach.com\/espanol\/#website","url":"https:\/\/enjoymiamibeach.com\/espanol\/","name":"ENJOY MIAMI BEACH","description":"Miami Beach informaci\u00f3n para el turista - precios de taxi - Ocean DR - Lincoln RD","potentialAction":[{"@type":"SearchAction","target":{"@type":"EntryPoint","urlTemplate":"https:\/\/enjoymiamibeach.com\/espanol\/?s={search_term_string}"},"query-input":"required name=search_term_string"}],"inLanguage":"es"},{"@type":"WebPage","@id":"https:\/\/enjoymiamibeach.com\/espanol\/miami-beach-tours\/fishing-tours\/#webpage","url":"https:\/\/enjoymiamibeach.com\/espanol\/miami-beach-tours\/fishing-tours\/","name":"Tours de Pesca - ENJOY MIAMI BEACH","isPartOf":{"@id":"https:\/\/enjoymiamibeach.com\/espanol\/#website"},"datePublished":"2016-05-23T23:55:09+00:00","dateModified":"2019-12-01T00:41:47+00:00","breadcrumb":{"@id":"https:\/\/enjoymiamibeach.com\/espanol\/miami-beach-tours\/fishing-tours\/#breadcrumb"},"inLanguage":"es","potentialAction":[{"@type":"ReadAction","target":["https:\/\/enjoymiamibeach.com\/espanol\/miami-beach-tours\/fishing-tours\/"]}]},{"@type":"BreadcrumbList","@id":"https:\/\/enjoymiamibeach.com\/espanol\/miami-beach-tours\/fishing-tours\/#breadcrumb","itemListElement":[{"@type":"ListItem","position":1,"name":"Home","item":"https:\/\/enjoymiamibeach.com\/espanol\/"},{"@type":"ListItem","position":2,"name":"Tours","item":"https:\/\/enjoymiamibeach.com\/espanol\/miami-beach-tours\/"},{"@type":"ListItem","position":3,"name":"Tours de Pesca"}]}]}},"_links":{"self":[{"href":"https:\/\/enjoymiamibeach.com\/espanol\/wp-json\/wp\/v2\/pages\/445"}],"collection":[{"href":"https:\/\/enjoymiamibeach.com\/espanol\/wp-json\/wp\/v2\/pages"}],"about":[{"href":"https:\/\/enjoymiamibeach.com\/espanol\/wp-json\/wp\/v2\/types\/page"}],"author":[{"embeddable":true,"href":"https:\/\/enjoymiamibeach.com\/espanol\/wp-json\/wp\/v2\/users\/2"}],"replies":[{"embeddable":true,"href":"https:\/\/enjoymiamibeach.com\/espanol\/wp-json\/wp\/v2\/comments?post=445"}],"version-history":[{"count":3,"href":"https:\/\/enjoymiamibeach.com\/espanol\/wp-json\/wp\/v2\/pages\/445\/revisions"}],"predecessor-version":[{"id":1342,"href":"https:\/\/enjoymiamibeach.com\/espanol\/wp-json\/wp\/v2\/pages\/445\/revisions\/1342"}],"up":[{"embeddable":true,"href":"https:\/\/enjoymiamibeach.com\/espanol\/wp-json\/wp\/v2\/pages\/12"}],"wp:attachment":[{"href":"https:\/\/enjoymiamibeach.com\/espanol\/wp-json\/wp\/v2\/media?parent=445"}],"curies":[{"name":"wp","href":"https:\/\/api.w.org\/{rel}","templated":true}]}}