{"id":438,"date":"2016-05-23T18:19:21","date_gmt":"2016-05-23T23:19:21","guid":{"rendered":"https:\/\/enjoymiamibeach.com\/espanol\/?page_id=438"},"modified":"2019-11-30T22:31:37","modified_gmt":"2019-12-01T03:31:37","slug":"miami-helicopter-tour","status":"publish","type":"page","link":"https:\/\/enjoymiamibeach.com\/espanol\/miami-beach-tours\/miami-helicopter-tour\/","title":{"rendered":"Tour en Helicoptero por Miami"},"content":{"rendered":"<p>Recorre Miami, pero desde el aire. \u00bfNecesitamos decir m\u00e1s?<\/p>\n<p><strong>En resumen:<\/strong><\/p>\n<p>Obsrva Miami y Miami Beach desde arriba durante el d\u00eda, o al atardecer para una experiencia a\u00fan m\u00e1s impresionante. Vuela en grupo o paga un poco m\u00e1s por un viaje privado (el m\u00ednimo es de dos personas).<\/p>\n<p><strong>M\u00e1s detalles:<\/strong><\/p>\n<ul>\n<li>Duraci\u00f3n: de 15 minutos a 1 hora, dependiendo del recorrido.<\/li>\n<li>Las excursiones de d\u00eda salen diariamente (con reserva) una vez por hora de 9am a 7pm. Los tours de la tarde salen diariamente (con reserva): atardecer a las 7pm y noche a las 8pm<\/li>\n<li>Tours compartidos: Tour en helic\u00f3ptero en Miami Beach (18 minutos), tour en helic\u00f3ptero en Grand South Beach (28 minutos), espectacular tour en helic\u00f3ptero en Miami (40 minutos)<\/li>\n<li>Tours privados en helic\u00f3ptero: Tour en helic\u00f3ptero de Hollywood (15 minutos), tour en helic\u00f3ptero en Miami Beach (21 minutos o 27 minutos), tour en helic\u00f3ptero en Miami (35 minutos o 53 minutos), tour en helic\u00f3ptero de Coral Gables (40 minutos), tour en helic\u00f3ptero Key Biscayne (50 minutos o 62 minutos), tour en helic\u00f3ptero de Fort Lauderdale (23 minutos o 33 minutos), Boca Raton en helic\u00f3ptero (41 minutos).<\/li>\n<li>Excursiones en helic\u00f3ptero por la tarde y la noche: tour en helic\u00f3ptero en Hollywood (15 minutos), tour en helic\u00f3ptero en Miami Beach (21 minutos o 27 minutos), tour en helic\u00f3ptero en Fort Lauderdale (33 minutos), tour en helic\u00f3ptero en Miami (35 minutos o 53 minutos)<\/li>\n<li>Cuanto m\u00e1s largo sea el recorrido, mayor ser\u00e1 el \u00e1rea que abarque.<\/li>\n<li>Por $35 ida y vuelta te recoger\u00e1n y te dejar\u00e1n en tu hotel &#8211; dos asajeros m\u00ednimo (Recogidas disponibles: 9am, 12pm, 3pm y 6pm)<\/li>\n<\/ul>\n<p>Precio promedio:<\/p>\n<p>Entre $ 79 (compartido \/ 18 minutos) y $ 425 (privado \/ 1 hora), todo lo dem\u00e1s dentro de ese rango.<\/p>\n","protected":false},"excerpt":{"rendered":"<p>Recorre Miami, pero desde el aire. \u00bfNecesitamos decir m\u00e1s? En resumen: Obsrva Miami y Miami Beach desde arriba durante el d\u00eda, o al atardecer para una experiencia a\u00fan m\u00e1s impresionante. Vuela en grupo o paga un poco m\u00e1s por un viaje privado (el m\u00ednimo es <a class=\"more-link\" href=\"https:\/\/enjoymiamibeach.com\/espanol\/miami-beach-tours\/miami-helicopter-tour\/\">Read More &#8230;<\/a><\/p>\n","protected":false},"author":2,"featured_media":0,"parent":12,"menu_order":0,"comment_status":"closed","ping_status":"closed","template":"","meta":[],"yoast_head":"<!-- This site is optimized with the Yoast SEO plugin v18.8 - https:\/\/yoast.com\/wordpress\/plugins\/seo\/ -->\n<title>Tour en Helicoptero por Miami - ENJOY MIAMI BEACH<\/title>\n<meta name=\"robots\" content=\"index, follow, max-snippet:-1, max-image-preview:large, max-video-preview:-1\" \/>\n<link rel=\"canonical\" href=\"https:\/\/enjoymiamibeach.com\/espanol\/miami-beach-tours\/miami-helicopter-tour\/\" \/>\n<meta property=\"og:locale\" content=\"es_ES\" \/>\n<meta property=\"og:type\" content=\"article\" \/>\n<meta property=\"og:title\" content=\"Tour en Helicoptero por Miami - ENJOY MIAMI BEACH\" \/>\n<meta property=\"og:description\" content=\"Recorre Miami, pero desde el aire. \u00bfNecesitamos decir m\u00e1s? En resumen: Obsrva Miami y Miami Beach desde arriba durante el d\u00eda, o al atardecer para una experiencia a\u00fan m\u00e1s impresionante. Vuela en grupo o paga un poco m\u00e1s por un viaje privado (el m\u00ednimo es Read More ...\" \/>\n<meta property=\"og:url\" content=\"https:\/\/enjoymiamibeach.com\/espanol\/miami-beach-tours\/miami-helicopter-tour\/\" \/>\n<meta property=\"og:site_name\" content=\"ENJOY MIAMI BEACH\" \/>\n<meta property=\"article:modified_time\" content=\"2019-12-01T03:31:37+00:00\" \/>\n<meta name=\"twitter:card\" content=\"summary\" \/>\n<meta name=\"twitter:label1\" content=\"Tiempo de lectura\" \/>\n\t<meta name=\"twitter:data1\" content=\"1 minuto\" \/>\n<script type=\"application\/ld+json\" class=\"yoast-schema-graph\">{\"@context\":\"https:\/\/schema.org\",\"@graph\":[{\"@type\":\"WebSite\",\"@id\":\"https:\/\/enjoymiamibeach.com\/espanol\/#website\",\"url\":\"https:\/\/enjoymiamibeach.com\/espanol\/\",\"name\":\"ENJOY MIAMI BEACH\",\"description\":\"Miami Beach informaci\u00f3n para el turista - precios de taxi - Ocean DR - Lincoln RD\",\"potentialAction\":[{\"@type\":\"SearchAction\",\"target\":{\"@type\":\"EntryPoint\",\"urlTemplate\":\"https:\/\/enjoymiamibeach.com\/espanol\/?s={search_term_string}\"},\"query-input\":\"required name=search_term_string\"}],\"inLanguage\":\"es\"},{\"@type\":\"WebPage\",\"@id\":\"https:\/\/enjoymiamibeach.com\/espanol\/miami-beach-tours\/miami-helicopter-tour\/#webpage\",\"url\":\"https:\/\/enjoymiamibeach.com\/espanol\/miami-beach-tours\/miami-helicopter-tour\/\",\"name\":\"Tour en Helicoptero por Miami - ENJOY MIAMI BEACH\",\"isPartOf\":{\"@id\":\"https:\/\/enjoymiamibeach.com\/espanol\/#website\"},\"datePublished\":\"2016-05-23T23:19:21+00:00\",\"dateModified\":\"2019-12-01T03:31:37+00:00\",\"breadcrumb\":{\"@id\":\"https:\/\/enjoymiamibeach.com\/espanol\/miami-beach-tours\/miami-helicopter-tour\/#breadcrumb\"},\"inLanguage\":\"es\",\"potentialAction\":[{\"@type\":\"ReadAction\",\"target\":[\"https:\/\/enjoymiamibeach.com\/espanol\/miami-beach-tours\/miami-helicopter-tour\/\"]}]},{\"@type\":\"BreadcrumbList\",\"@id\":\"https:\/\/enjoymiamibeach.com\/espanol\/miami-beach-tours\/miami-helicopter-tour\/#breadcrumb\",\"itemListElement\":[{\"@type\":\"ListItem\",\"position\":1,\"name\":\"Home\",\"item\":\"https:\/\/enjoymiamibeach.com\/espanol\/\"},{\"@type\":\"ListItem\",\"position\":2,\"name\":\"Tours\",\"item\":\"https:\/\/enjoymiamibeach.com\/espanol\/miami-beach-tours\/\"},{\"@type\":\"ListItem\",\"position\":3,\"name\":\"Tour en Helicoptero por Miami\"}]}]}<\/script>\n<!-- \/ Yoast SEO plugin. -->","yoast_head_json":{"title":"Tour en Helicoptero por Miami - ENJOY MIAMI BEACH","robots":{"index":"index","follow":"follow","max-snippet":"max-snippet:-1","max-image-preview":"max-image-preview:large","max-video-preview":"max-video-preview:-1"},"canonical":"https:\/\/enjoymiamibeach.com\/espanol\/miami-beach-tours\/miami-helicopter-tour\/","og_locale":"es_ES","og_type":"article","og_title":"Tour en Helicoptero por Miami - ENJOY MIAMI BEACH","og_description":"Recorre Miami, pero desde el aire. \u00bfNecesitamos decir m\u00e1s? En resumen: Obsrva Miami y Miami Beach desde arriba durante el d\u00eda, o al atardecer para una experiencia a\u00fan m\u00e1s impresionante. Vuela en grupo o paga un poco m\u00e1s por un viaje privado (el m\u00ednimo es Read More ...","og_url":"https:\/\/enjoymiamibeach.com\/espanol\/miami-beach-tours\/miami-helicopter-tour\/","og_site_name":"ENJOY MIAMI BEACH","article_modified_time":"2019-12-01T03:31:37+00:00","twitter_card":"summary","twitter_misc":{"Tiempo de lectura":"1 minuto"},"schema":{"@context":"https:\/\/schema.org","@graph":[{"@type":"WebSite","@id":"https:\/\/enjoymiamibeach.com\/espanol\/#website","url":"https:\/\/enjoymiamibeach.com\/espanol\/","name":"ENJOY MIAMI BEACH","description":"Miami Beach informaci\u00f3n para el turista - precios de taxi - Ocean DR - Lincoln RD","potentialAction":[{"@type":"SearchAction","target":{"@type":"EntryPoint","urlTemplate":"https:\/\/enjoymiamibeach.com\/espanol\/?s={search_term_string}"},"query-input":"required name=search_term_string"}],"inLanguage":"es"},{"@type":"WebPage","@id":"https:\/\/enjoymiamibeach.com\/espanol\/miami-beach-tours\/miami-helicopter-tour\/#webpage","url":"https:\/\/enjoymiamibeach.com\/espanol\/miami-beach-tours\/miami-helicopter-tour\/","name":"Tour en Helicoptero por Miami - ENJOY MIAMI BEACH","isPartOf":{"@id":"https:\/\/enjoymiamibeach.com\/espanol\/#website"},"datePublished":"2016-05-23T23:19:21+00:00","dateModified":"2019-12-01T03:31:37+00:00","breadcrumb":{"@id":"https:\/\/enjoymiamibeach.com\/espanol\/miami-beach-tours\/miami-helicopter-tour\/#breadcrumb"},"inLanguage":"es","potentialAction":[{"@type":"ReadAction","target":["https:\/\/enjoymiamibeach.com\/espanol\/miami-beach-tours\/miami-helicopter-tour\/"]}]},{"@type":"BreadcrumbList","@id":"https:\/\/enjoymiamibeach.com\/espanol\/miami-beach-tours\/miami-helicopter-tour\/#breadcrumb","itemListElement":[{"@type":"ListItem","position":1,"name":"Home","item":"https:\/\/enjoymiamibeach.com\/espanol\/"},{"@type":"ListItem","position":2,"name":"Tours","item":"https:\/\/enjoymiamibeach.com\/espanol\/miami-beach-tours\/"},{"@type":"ListItem","position":3,"name":"Tour en Helicoptero por Miami"}]}]}},"_links":{"self":[{"href":"https:\/\/enjoymiamibeach.com\/espanol\/wp-json\/wp\/v2\/pages\/438"}],"collection":[{"href":"https:\/\/enjoymiamibeach.com\/espanol\/wp-json\/wp\/v2\/pages"}],"about":[{"href":"https:\/\/enjoymiamibeach.com\/espanol\/wp-json\/wp\/v2\/types\/page"}],"author":[{"embeddable":true,"href":"https:\/\/enjoymiamibeach.com\/espanol\/wp-json\/wp\/v2\/users\/2"}],"replies":[{"embeddable":true,"href":"https:\/\/enjoymiamibeach.com\/espanol\/wp-json\/wp\/v2\/comments?post=438"}],"version-history":[{"count":5,"href":"https:\/\/enjoymiamibeach.com\/espanol\/wp-json\/wp\/v2\/pages\/438\/revisions"}],"predecessor-version":[{"id":1346,"href":"https:\/\/enjoymiamibeach.com\/espanol\/wp-json\/wp\/v2\/pages\/438\/revisions\/1346"}],"up":[{"embeddable":true,"href":"https:\/\/enjoymiamibeach.com\/espanol\/wp-json\/wp\/v2\/pages\/12"}],"wp:attachment":[{"href":"https:\/\/enjoymiamibeach.com\/espanol\/wp-json\/wp\/v2\/media?parent=438"}],"curies":[{"name":"wp","href":"https:\/\/api.w.org\/{rel}","templated":true}]}}