{"id":436,"date":"2016-05-23T16:55:29","date_gmt":"2016-05-23T21:55:29","guid":{"rendered":"https:\/\/enjoymiamibeach.com\/espanol\/?page_id=436"},"modified":"2019-08-18T20:38:38","modified_gmt":"2019-08-19T01:38:38","slug":"tour-por-el-distrito-art-deco","status":"publish","type":"page","link":"https:\/\/enjoymiamibeach.com\/espanol\/miami-beach-tours\/tour-por-el-distrito-art-deco\/","title":{"rendered":"Excursi\u00f3n a pie por el Distrito Art Deco"},"content":{"rendered":"<p>Art Deco es un estilo en el dise\u00f1o y la arquitectura que surgi\u00f3 en los a\u00f1os &#8217;20 y dur\u00f3 alrededor de dos d\u00e9cadas. Muchos de los hoteles y casas en South Beach se construyeron en ese estilo y ahora est\u00e1n protegidos por ser hist\u00f3ricos. Tu gu\u00eda te llevar\u00e1 a dar un paseo y te ense\u00f1ar\u00e1 sobre la historia y la cultura de esta zona que llamamos el Distrito Art Deco.<\/p>\n\n\t\t<style type=\"text\/css\">\n\t\t\t#gallery-1 {\n\t\t\t\tmargin: auto;\n\t\t\t}\n\t\t\t#gallery-1 .gallery-item {\n\t\t\t\tfloat: left;\n\t\t\t\tmargin-top: 10px;\n\t\t\t\ttext-align: center;\n\t\t\t\twidth: 33%;\n\t\t\t}\n\t\t\t#gallery-1 img {\n\t\t\t\tborder: 2px solid #cfcfcf;\n\t\t\t}\n\t\t\t#gallery-1 .gallery-caption {\n\t\t\t\tmargin-left: 0;\n\t\t\t}\n\t\t\t\/* see gallery_shortcode() in wp-includes\/media.php *\/\n\t\t<\/style>\n\t\t<div id='gallery-1' class='gallery galleryid-436 gallery-columns-3 gallery-size-medium'><dl class='gallery-item'>\n\t\t\t<dt class='gallery-icon landscape'>\n\t\t\t\t<a href='https:\/\/enjoymiamibeach.com\/espanol\/miami-beach-tours\/tour-por-el-distrito-art-deco\/art-deco-walking-tour-miami-beach-3\/#main'><img width=\"300\" height=\"200\" src=\"https:\/\/enjoymiamibeach.com\/espanol\/wp-content\/uploads\/2016\/05\/art-deco-walking-tour-miami-beach-3-300x200.jpg\" class=\"attachment-medium size-medium\" alt=\"\" loading=\"lazy\" srcset=\"https:\/\/enjoymiamibeach.com\/espanol\/wp-content\/uploads\/2016\/05\/art-deco-walking-tour-miami-beach-3-300x200.jpg 300w, https:\/\/enjoymiamibeach.com\/espanol\/wp-content\/uploads\/2016\/05\/art-deco-walking-tour-miami-beach-3-768x512.jpg 768w, https:\/\/enjoymiamibeach.com\/espanol\/wp-content\/uploads\/2016\/05\/art-deco-walking-tour-miami-beach-3-1024x682.jpg 1024w, https:\/\/enjoymiamibeach.com\/espanol\/wp-content\/uploads\/2016\/05\/art-deco-walking-tour-miami-beach-3-480x320.jpg 480w, https:\/\/enjoymiamibeach.com\/espanol\/wp-content\/uploads\/2016\/05\/art-deco-walking-tour-miami-beach-3-880x586.jpg 880w, https:\/\/enjoymiamibeach.com\/espanol\/wp-content\/uploads\/2016\/05\/art-deco-walking-tour-miami-beach-3-385x257.jpg 385w, https:\/\/enjoymiamibeach.com\/espanol\/wp-content\/uploads\/2016\/05\/art-deco-walking-tour-miami-beach-3-272x182.jpg 272w, https:\/\/enjoymiamibeach.com\/espanol\/wp-content\/uploads\/2016\/05\/art-deco-walking-tour-miami-beach-3.jpg 2000w\" sizes=\"(max-width: 300px) 100vw, 300px\" \/><\/a>\n\t\t\t<\/dt><\/dl><dl class='gallery-item'>\n\t\t\t<dt class='gallery-icon landscape'>\n\t\t\t\t<a href='https:\/\/enjoymiamibeach.com\/espanol\/miami-beach-tours\/tour-por-el-distrito-art-deco\/art-deco-walking-tour-miami-beach-2\/#main'><img width=\"300\" height=\"200\" src=\"https:\/\/enjoymiamibeach.com\/espanol\/wp-content\/uploads\/2016\/05\/art-deco-walking-tour-miami-beach-2-300x200.jpg\" class=\"attachment-medium size-medium\" alt=\"Art Deco Walking Tour Miami Beach\" loading=\"lazy\" srcset=\"https:\/\/enjoymiamibeach.com\/espanol\/wp-content\/uploads\/2016\/05\/art-deco-walking-tour-miami-beach-2-300x200.jpg 300w, https:\/\/enjoymiamibeach.com\/espanol\/wp-content\/uploads\/2016\/05\/art-deco-walking-tour-miami-beach-2-768x512.jpg 768w, https:\/\/enjoymiamibeach.com\/espanol\/wp-content\/uploads\/2016\/05\/art-deco-walking-tour-miami-beach-2-1024x682.jpg 1024w, https:\/\/enjoymiamibeach.com\/espanol\/wp-content\/uploads\/2016\/05\/art-deco-walking-tour-miami-beach-2-480x320.jpg 480w, https:\/\/enjoymiamibeach.com\/espanol\/wp-content\/uploads\/2016\/05\/art-deco-walking-tour-miami-beach-2-880x586.jpg 880w, https:\/\/enjoymiamibeach.com\/espanol\/wp-content\/uploads\/2016\/05\/art-deco-walking-tour-miami-beach-2-385x257.jpg 385w, https:\/\/enjoymiamibeach.com\/espanol\/wp-content\/uploads\/2016\/05\/art-deco-walking-tour-miami-beach-2-272x182.jpg 272w, https:\/\/enjoymiamibeach.com\/espanol\/wp-content\/uploads\/2016\/05\/art-deco-walking-tour-miami-beach-2.jpg 2000w\" sizes=\"(max-width: 300px) 100vw, 300px\" \/><\/a>\n\t\t\t<\/dt><\/dl><dl class='gallery-item'>\n\t\t\t<dt class='gallery-icon landscape'>\n\t\t\t\t<a href='https:\/\/enjoymiamibeach.com\/espanol\/miami-beach-tours\/tour-por-el-distrito-art-deco\/art-deco-walking-tour-miami-beach-1\/#main'><img width=\"300\" height=\"200\" src=\"https:\/\/enjoymiamibeach.com\/espanol\/wp-content\/uploads\/2016\/05\/art-deco-walking-tour-miami-beach-1-300x200.jpg\" class=\"attachment-medium size-medium\" alt=\"Art Deco Walking Tour Miami Beach\" loading=\"lazy\" srcset=\"https:\/\/enjoymiamibeach.com\/espanol\/wp-content\/uploads\/2016\/05\/art-deco-walking-tour-miami-beach-1-300x200.jpg 300w, https:\/\/enjoymiamibeach.com\/espanol\/wp-content\/uploads\/2016\/05\/art-deco-walking-tour-miami-beach-1-768x512.jpg 768w, https:\/\/enjoymiamibeach.com\/espanol\/wp-content\/uploads\/2016\/05\/art-deco-walking-tour-miami-beach-1-1024x683.jpg 1024w, https:\/\/enjoymiamibeach.com\/espanol\/wp-content\/uploads\/2016\/05\/art-deco-walking-tour-miami-beach-1-480x320.jpg 480w, https:\/\/enjoymiamibeach.com\/espanol\/wp-content\/uploads\/2016\/05\/art-deco-walking-tour-miami-beach-1-880x586.jpg 880w, https:\/\/enjoymiamibeach.com\/espanol\/wp-content\/uploads\/2016\/05\/art-deco-walking-tour-miami-beach-1-385x257.jpg 385w, https:\/\/enjoymiamibeach.com\/espanol\/wp-content\/uploads\/2016\/05\/art-deco-walking-tour-miami-beach-1-272x182.jpg 272w, https:\/\/enjoymiamibeach.com\/espanol\/wp-content\/uploads\/2016\/05\/art-deco-walking-tour-miami-beach-1.jpg 1500w\" sizes=\"(max-width: 300px) 100vw, 300px\" \/><\/a>\n\t\t\t<\/dt><\/dl><br style=\"clear: both\" \/>\n\t\t<\/div>\n\n<h5>En resumen:<\/h5>\n<p>Grupos peque\u00f1os. Gu\u00edas bien informados. Lleva zapatos c\u00f3modos. Aprender\u00e1s a mirar m\u00e1s all\u00e1 de la superficie y apreciar la belleza de los edificios Art Deco que dominan la escena en South Beach.<\/p>\n<h5>M\u00e1s detalles:<\/h5>\n<ul>\n<li>Duraci\u00f3n: 1.5 a 2 hours<\/li>\n<li>No hay recogida en el hotel. Debes llamar para programar una visita.<\/li>\n<\/ul>\n<h5>Precio promedio:<\/h5>\n<p>$30 por persona<\/p>\n","protected":false},"excerpt":{"rendered":"<p>Art Deco es un estilo en el dise\u00f1o y la arquitectura que surgi\u00f3 en los a\u00f1os &#8217;20 y dur\u00f3 alrededor de dos d\u00e9cadas. Muchos de los hoteles y casas en South Beach se construyeron en ese estilo y ahora est\u00e1n protegidos por ser hist\u00f3ricos. Tu <a class=\"more-link\" href=\"https:\/\/enjoymiamibeach.com\/espanol\/miami-beach-tours\/tour-por-el-distrito-art-deco\/\">Read More &#8230;<\/a><\/p>\n","protected":false},"author":2,"featured_media":904,"parent":12,"menu_order":0,"comment_status":"closed","ping_status":"closed","template":"","meta":[],"yoast_head":"<!-- This site is optimized with the Yoast SEO plugin v18.8 - https:\/\/yoast.com\/wordpress\/plugins\/seo\/ -->\n<title>Excursi\u00f3n a pie por el Distrito Art Deco - ENJOY MIAMI BEACH<\/title>\n<meta name=\"robots\" content=\"index, follow, max-snippet:-1, max-image-preview:large, max-video-preview:-1\" \/>\n<link rel=\"canonical\" href=\"https:\/\/enjoymiamibeach.com\/espanol\/miami-beach-tours\/tour-por-el-distrito-art-deco\/\" \/>\n<meta property=\"og:locale\" content=\"es_ES\" \/>\n<meta property=\"og:type\" content=\"article\" \/>\n<meta property=\"og:title\" content=\"Excursi\u00f3n a pie por el Distrito Art Deco - ENJOY MIAMI BEACH\" \/>\n<meta property=\"og:description\" content=\"Art Deco es un estilo en el dise\u00f1o y la arquitectura que surgi\u00f3 en los a\u00f1os &#8217;20 y dur\u00f3 alrededor de dos d\u00e9cadas. Muchos de los hoteles y casas en South Beach se construyeron en ese estilo y ahora est\u00e1n protegidos por ser hist\u00f3ricos. Tu Read More ...\" \/>\n<meta property=\"og:url\" content=\"https:\/\/enjoymiamibeach.com\/espanol\/miami-beach-tours\/tour-por-el-distrito-art-deco\/\" \/>\n<meta property=\"og:site_name\" content=\"ENJOY MIAMI BEACH\" \/>\n<meta property=\"article:modified_time\" content=\"2019-08-19T01:38:38+00:00\" \/>\n<meta property=\"og:image\" content=\"https:\/\/enjoymiamibeach.com\/espanol\/wp-content\/uploads\/2016\/05\/art-deco-walking-tour-miami-beach-3.jpg\" \/>\n\t<meta property=\"og:image:width\" content=\"2000\" \/>\n\t<meta property=\"og:image:height\" content=\"1333\" \/>\n\t<meta property=\"og:image:type\" content=\"image\/jpeg\" \/>\n<meta name=\"twitter:card\" content=\"summary\" \/>\n<meta name=\"twitter:label1\" content=\"Tiempo de lectura\" \/>\n\t<meta name=\"twitter:data1\" content=\"1 minuto\" \/>\n<script type=\"application\/ld+json\" class=\"yoast-schema-graph\">{\"@context\":\"https:\/\/schema.org\",\"@graph\":[{\"@type\":\"WebSite\",\"@id\":\"https:\/\/enjoymiamibeach.com\/espanol\/#website\",\"url\":\"https:\/\/enjoymiamibeach.com\/espanol\/\",\"name\":\"ENJOY MIAMI BEACH\",\"description\":\"Miami Beach informaci\u00f3n para el turista - precios de taxi - Ocean DR - Lincoln RD\",\"potentialAction\":[{\"@type\":\"SearchAction\",\"target\":{\"@type\":\"EntryPoint\",\"urlTemplate\":\"https:\/\/enjoymiamibeach.com\/espanol\/?s={search_term_string}\"},\"query-input\":\"required name=search_term_string\"}],\"inLanguage\":\"es\"},{\"@type\":\"ImageObject\",\"inLanguage\":\"es\",\"@id\":\"https:\/\/enjoymiamibeach.com\/espanol\/miami-beach-tours\/tour-por-el-distrito-art-deco\/#primaryimage\",\"url\":\"https:\/\/enjoymiamibeach.com\/espanol\/wp-content\/uploads\/2016\/05\/art-deco-walking-tour-miami-beach-3.jpg\",\"contentUrl\":\"https:\/\/enjoymiamibeach.com\/espanol\/wp-content\/uploads\/2016\/05\/art-deco-walking-tour-miami-beach-3.jpg\",\"width\":2000,\"height\":1333},{\"@type\":\"WebPage\",\"@id\":\"https:\/\/enjoymiamibeach.com\/espanol\/miami-beach-tours\/tour-por-el-distrito-art-deco\/#webpage\",\"url\":\"https:\/\/enjoymiamibeach.com\/espanol\/miami-beach-tours\/tour-por-el-distrito-art-deco\/\",\"name\":\"Excursi\u00f3n a pie por el Distrito Art Deco - ENJOY MIAMI BEACH\",\"isPartOf\":{\"@id\":\"https:\/\/enjoymiamibeach.com\/espanol\/#website\"},\"primaryImageOfPage\":{\"@id\":\"https:\/\/enjoymiamibeach.com\/espanol\/miami-beach-tours\/tour-por-el-distrito-art-deco\/#primaryimage\"},\"datePublished\":\"2016-05-23T21:55:29+00:00\",\"dateModified\":\"2019-08-19T01:38:38+00:00\",\"breadcrumb\":{\"@id\":\"https:\/\/enjoymiamibeach.com\/espanol\/miami-beach-tours\/tour-por-el-distrito-art-deco\/#breadcrumb\"},\"inLanguage\":\"es\",\"potentialAction\":[{\"@type\":\"ReadAction\",\"target\":[\"https:\/\/enjoymiamibeach.com\/espanol\/miami-beach-tours\/tour-por-el-distrito-art-deco\/\"]}]},{\"@type\":\"BreadcrumbList\",\"@id\":\"https:\/\/enjoymiamibeach.com\/espanol\/miami-beach-tours\/tour-por-el-distrito-art-deco\/#breadcrumb\",\"itemListElement\":[{\"@type\":\"ListItem\",\"position\":1,\"name\":\"Home\",\"item\":\"https:\/\/enjoymiamibeach.com\/espanol\/\"},{\"@type\":\"ListItem\",\"position\":2,\"name\":\"Tours\",\"item\":\"https:\/\/enjoymiamibeach.com\/espanol\/miami-beach-tours\/\"},{\"@type\":\"ListItem\",\"position\":3,\"name\":\"Excursi\u00f3n a pie por el Distrito Art Deco\"}]}]}<\/script>\n<!-- \/ Yoast SEO plugin. -->","yoast_head_json":{"title":"Excursi\u00f3n a pie por el Distrito Art Deco - ENJOY MIAMI BEACH","robots":{"index":"index","follow":"follow","max-snippet":"max-snippet:-1","max-image-preview":"max-image-preview:large","max-video-preview":"max-video-preview:-1"},"canonical":"https:\/\/enjoymiamibeach.com\/espanol\/miami-beach-tours\/tour-por-el-distrito-art-deco\/","og_locale":"es_ES","og_type":"article","og_title":"Excursi\u00f3n a pie por el Distrito Art Deco - ENJOY MIAMI BEACH","og_description":"Art Deco es un estilo en el dise\u00f1o y la arquitectura que surgi\u00f3 en los a\u00f1os &#8217;20 y dur\u00f3 alrededor de dos d\u00e9cadas. Muchos de los hoteles y casas en South Beach se construyeron en ese estilo y ahora est\u00e1n protegidos por ser hist\u00f3ricos. Tu Read More ...","og_url":"https:\/\/enjoymiamibeach.com\/espanol\/miami-beach-tours\/tour-por-el-distrito-art-deco\/","og_site_name":"ENJOY MIAMI BEACH","article_modified_time":"2019-08-19T01:38:38+00:00","og_image":[{"width":2000,"height":1333,"url":"https:\/\/enjoymiamibeach.com\/espanol\/wp-content\/uploads\/2016\/05\/art-deco-walking-tour-miami-beach-3.jpg","type":"image\/jpeg"}],"twitter_card":"summary","twitter_misc":{"Tiempo de lectura":"1 minuto"},"schema":{"@context":"https:\/\/schema.org","@graph":[{"@type":"WebSite","@id":"https:\/\/enjoymiamibeach.com\/espanol\/#website","url":"https:\/\/enjoymiamibeach.com\/espanol\/","name":"ENJOY MIAMI BEACH","description":"Miami Beach informaci\u00f3n para el turista - precios de taxi - Ocean DR - Lincoln RD","potentialAction":[{"@type":"SearchAction","target":{"@type":"EntryPoint","urlTemplate":"https:\/\/enjoymiamibeach.com\/espanol\/?s={search_term_string}"},"query-input":"required name=search_term_string"}],"inLanguage":"es"},{"@type":"ImageObject","inLanguage":"es","@id":"https:\/\/enjoymiamibeach.com\/espanol\/miami-beach-tours\/tour-por-el-distrito-art-deco\/#primaryimage","url":"https:\/\/enjoymiamibeach.com\/espanol\/wp-content\/uploads\/2016\/05\/art-deco-walking-tour-miami-beach-3.jpg","contentUrl":"https:\/\/enjoymiamibeach.com\/espanol\/wp-content\/uploads\/2016\/05\/art-deco-walking-tour-miami-beach-3.jpg","width":2000,"height":1333},{"@type":"WebPage","@id":"https:\/\/enjoymiamibeach.com\/espanol\/miami-beach-tours\/tour-por-el-distrito-art-deco\/#webpage","url":"https:\/\/enjoymiamibeach.com\/espanol\/miami-beach-tours\/tour-por-el-distrito-art-deco\/","name":"Excursi\u00f3n a pie por el Distrito Art Deco - ENJOY MIAMI BEACH","isPartOf":{"@id":"https:\/\/enjoymiamibeach.com\/espanol\/#website"},"primaryImageOfPage":{"@id":"https:\/\/enjoymiamibeach.com\/espanol\/miami-beach-tours\/tour-por-el-distrito-art-deco\/#primaryimage"},"datePublished":"2016-05-23T21:55:29+00:00","dateModified":"2019-08-19T01:38:38+00:00","breadcrumb":{"@id":"https:\/\/enjoymiamibeach.com\/espanol\/miami-beach-tours\/tour-por-el-distrito-art-deco\/#breadcrumb"},"inLanguage":"es","potentialAction":[{"@type":"ReadAction","target":["https:\/\/enjoymiamibeach.com\/espanol\/miami-beach-tours\/tour-por-el-distrito-art-deco\/"]}]},{"@type":"BreadcrumbList","@id":"https:\/\/enjoymiamibeach.com\/espanol\/miami-beach-tours\/tour-por-el-distrito-art-deco\/#breadcrumb","itemListElement":[{"@type":"ListItem","position":1,"name":"Home","item":"https:\/\/enjoymiamibeach.com\/espanol\/"},{"@type":"ListItem","position":2,"name":"Tours","item":"https:\/\/enjoymiamibeach.com\/espanol\/miami-beach-tours\/"},{"@type":"ListItem","position":3,"name":"Excursi\u00f3n a pie por el Distrito Art Deco"}]}]}},"_links":{"self":[{"href":"https:\/\/enjoymiamibeach.com\/espanol\/wp-json\/wp\/v2\/pages\/436"}],"collection":[{"href":"https:\/\/enjoymiamibeach.com\/espanol\/wp-json\/wp\/v2\/pages"}],"about":[{"href":"https:\/\/enjoymiamibeach.com\/espanol\/wp-json\/wp\/v2\/types\/page"}],"author":[{"embeddable":true,"href":"https:\/\/enjoymiamibeach.com\/espanol\/wp-json\/wp\/v2\/users\/2"}],"replies":[{"embeddable":true,"href":"https:\/\/enjoymiamibeach.com\/espanol\/wp-json\/wp\/v2\/comments?post=436"}],"version-history":[{"count":7,"href":"https:\/\/enjoymiamibeach.com\/espanol\/wp-json\/wp\/v2\/pages\/436\/revisions"}],"predecessor-version":[{"id":1319,"href":"https:\/\/enjoymiamibeach.com\/espanol\/wp-json\/wp\/v2\/pages\/436\/revisions\/1319"}],"up":[{"embeddable":true,"href":"https:\/\/enjoymiamibeach.com\/espanol\/wp-json\/wp\/v2\/pages\/12"}],"wp:featuredmedia":[{"embeddable":true,"href":"https:\/\/enjoymiamibeach.com\/espanol\/wp-json\/wp\/v2\/media\/904"}],"wp:attachment":[{"href":"https:\/\/enjoymiamibeach.com\/espanol\/wp-json\/wp\/v2\/media?parent=436"}],"curies":[{"name":"wp","href":"https:\/\/api.w.org\/{rel}","templated":true}]}}