{"id":433,"date":"2016-06-02T15:11:05","date_gmt":"2016-06-02T20:11:05","guid":{"rendered":"https:\/\/enjoymiamibeach.com\/espanol\/?page_id=433"},"modified":"2018-10-06T08:36:35","modified_gmt":"2018-10-06T13:36:35","slug":"fairchild-tropical-botanic-garden","status":"publish","type":"page","link":"https:\/\/enjoymiamibeach.com\/espanol\/activities\/fairchild-tropical-botanic-garden\/","title":{"rendered":"Jard\u00edn Bot\u00e1nico Tropical Fairchild \/ Fairchild Tropical Botanic Garden"},"content":{"rendered":"<p>Orqu\u00eddeas impresionantes, festivales de temporada, arte, conciertos, talleres y mucho verde para los amantes de la naturaleza.<\/p>\n<p>Esperamos que tengas la oportunidad de visitar el Jard\u00edn Bot\u00e1nico Tropical Fairchild, pero debemos advertirte que no se encuentra cerca de Miami Beach. Tomar transporte p\u00fablico no es una opci\u00f3n, a menos que no te importe combinar un autob\u00fas y un tren y viajar durante m\u00e1s de 2 horas tanto para ir como para regresar. Sin embargo, si te hospedas en South Beach y est\u00e1s manejando o puedes obtener transporte, esto puede valer la pena y es una excelente manera de pasar el d\u00eda (te llevar\u00e1 aproximadamente una hora llegar all\u00ed).<\/p>\n<p>Para obtener m\u00e1s informaci\u00f3n sobre Fairchild Tropical Botanic Garden, <a href=\"https:\/\/www.fairchildgarden.org\/\" target=\"_blank\" rel=\"noopener\">visita su sitio web<\/a>.<\/p>\n<p>&nbsp;<\/p>\n<p>&nbsp;<\/p>\n","protected":false},"excerpt":{"rendered":"<p>Orqu\u00eddeas impresionantes, festivales de temporada, arte, conciertos, talleres y mucho verde para los amantes de la naturaleza. Esperamos que tengas la oportunidad de visitar el Jard\u00edn Bot\u00e1nico Tropical Fairchild, pero debemos advertirte que no se encuentra cerca de Miami Beach. Tomar transporte p\u00fablico no es <a class=\"more-link\" href=\"https:\/\/enjoymiamibeach.com\/espanol\/activities\/fairchild-tropical-botanic-garden\/\">Read More &#8230;<\/a><\/p>\n","protected":false},"author":2,"featured_media":0,"parent":69,"menu_order":0,"comment_status":"closed","ping_status":"closed","template":"","meta":[],"yoast_head":"<!-- This site is optimized with the Yoast SEO plugin v18.8 - https:\/\/yoast.com\/wordpress\/plugins\/seo\/ -->\n<title>Jard\u00edn Bot\u00e1nico Tropical Fairchild \/ Fairchild Tropical Botanic Garden - ENJOY MIAMI BEACH<\/title>\n<meta name=\"robots\" content=\"index, follow, max-snippet:-1, max-image-preview:large, max-video-preview:-1\" \/>\n<link rel=\"canonical\" href=\"https:\/\/enjoymiamibeach.com\/espanol\/activities\/fairchild-tropical-botanic-garden\/\" \/>\n<meta property=\"og:locale\" content=\"es_ES\" \/>\n<meta property=\"og:type\" content=\"article\" \/>\n<meta property=\"og:title\" content=\"Jard\u00edn Bot\u00e1nico Tropical Fairchild \/ Fairchild Tropical Botanic Garden - ENJOY MIAMI BEACH\" \/>\n<meta property=\"og:description\" content=\"Orqu\u00eddeas impresionantes, festivales de temporada, arte, conciertos, talleres y mucho verde para los amantes de la naturaleza. Esperamos que tengas la oportunidad de visitar el Jard\u00edn Bot\u00e1nico Tropical Fairchild, pero debemos advertirte que no se encuentra cerca de Miami Beach. Tomar transporte p\u00fablico no es Read More ...\" \/>\n<meta property=\"og:url\" content=\"https:\/\/enjoymiamibeach.com\/espanol\/activities\/fairchild-tropical-botanic-garden\/\" \/>\n<meta property=\"og:site_name\" content=\"ENJOY MIAMI BEACH\" \/>\n<meta property=\"article:modified_time\" content=\"2018-10-06T13:36:35+00:00\" \/>\n<meta name=\"twitter:card\" content=\"summary\" \/>\n<meta name=\"twitter:label1\" content=\"Tiempo de lectura\" \/>\n\t<meta name=\"twitter:data1\" content=\"1 minuto\" \/>\n<script type=\"application\/ld+json\" class=\"yoast-schema-graph\">{\"@context\":\"https:\/\/schema.org\",\"@graph\":[{\"@type\":\"WebSite\",\"@id\":\"https:\/\/enjoymiamibeach.com\/espanol\/#website\",\"url\":\"https:\/\/enjoymiamibeach.com\/espanol\/\",\"name\":\"ENJOY MIAMI BEACH\",\"description\":\"Miami Beach informaci\u00f3n para el turista - precios de taxi - Ocean DR - Lincoln RD\",\"potentialAction\":[{\"@type\":\"SearchAction\",\"target\":{\"@type\":\"EntryPoint\",\"urlTemplate\":\"https:\/\/enjoymiamibeach.com\/espanol\/?s={search_term_string}\"},\"query-input\":\"required name=search_term_string\"}],\"inLanguage\":\"es\"},{\"@type\":\"WebPage\",\"@id\":\"https:\/\/enjoymiamibeach.com\/espanol\/activities\/fairchild-tropical-botanic-garden\/#webpage\",\"url\":\"https:\/\/enjoymiamibeach.com\/espanol\/activities\/fairchild-tropical-botanic-garden\/\",\"name\":\"Jard\u00edn Bot\u00e1nico Tropical Fairchild \/ Fairchild Tropical Botanic Garden - ENJOY MIAMI BEACH\",\"isPartOf\":{\"@id\":\"https:\/\/enjoymiamibeach.com\/espanol\/#website\"},\"datePublished\":\"2016-06-02T20:11:05+00:00\",\"dateModified\":\"2018-10-06T13:36:35+00:00\",\"breadcrumb\":{\"@id\":\"https:\/\/enjoymiamibeach.com\/espanol\/activities\/fairchild-tropical-botanic-garden\/#breadcrumb\"},\"inLanguage\":\"es\",\"potentialAction\":[{\"@type\":\"ReadAction\",\"target\":[\"https:\/\/enjoymiamibeach.com\/espanol\/activities\/fairchild-tropical-botanic-garden\/\"]}]},{\"@type\":\"BreadcrumbList\",\"@id\":\"https:\/\/enjoymiamibeach.com\/espanol\/activities\/fairchild-tropical-botanic-garden\/#breadcrumb\",\"itemListElement\":[{\"@type\":\"ListItem\",\"position\":1,\"name\":\"Home\",\"item\":\"https:\/\/enjoymiamibeach.com\/espanol\/\"},{\"@type\":\"ListItem\",\"position\":2,\"name\":\"Actividades\",\"item\":\"https:\/\/enjoymiamibeach.com\/espanol\/activities\/\"},{\"@type\":\"ListItem\",\"position\":3,\"name\":\"Jard\u00edn Bot\u00e1nico Tropical Fairchild \/ Fairchild Tropical Botanic Garden\"}]}]}<\/script>\n<!-- \/ Yoast SEO plugin. -->","yoast_head_json":{"title":"Jard\u00edn Bot\u00e1nico Tropical Fairchild \/ Fairchild Tropical Botanic Garden - ENJOY MIAMI BEACH","robots":{"index":"index","follow":"follow","max-snippet":"max-snippet:-1","max-image-preview":"max-image-preview:large","max-video-preview":"max-video-preview:-1"},"canonical":"https:\/\/enjoymiamibeach.com\/espanol\/activities\/fairchild-tropical-botanic-garden\/","og_locale":"es_ES","og_type":"article","og_title":"Jard\u00edn Bot\u00e1nico Tropical Fairchild \/ Fairchild Tropical Botanic Garden - ENJOY MIAMI BEACH","og_description":"Orqu\u00eddeas impresionantes, festivales de temporada, arte, conciertos, talleres y mucho verde para los amantes de la naturaleza. Esperamos que tengas la oportunidad de visitar el Jard\u00edn Bot\u00e1nico Tropical Fairchild, pero debemos advertirte que no se encuentra cerca de Miami Beach. Tomar transporte p\u00fablico no es Read More ...","og_url":"https:\/\/enjoymiamibeach.com\/espanol\/activities\/fairchild-tropical-botanic-garden\/","og_site_name":"ENJOY MIAMI BEACH","article_modified_time":"2018-10-06T13:36:35+00:00","twitter_card":"summary","twitter_misc":{"Tiempo de lectura":"1 minuto"},"schema":{"@context":"https:\/\/schema.org","@graph":[{"@type":"WebSite","@id":"https:\/\/enjoymiamibeach.com\/espanol\/#website","url":"https:\/\/enjoymiamibeach.com\/espanol\/","name":"ENJOY MIAMI BEACH","description":"Miami Beach informaci\u00f3n para el turista - precios de taxi - Ocean DR - Lincoln RD","potentialAction":[{"@type":"SearchAction","target":{"@type":"EntryPoint","urlTemplate":"https:\/\/enjoymiamibeach.com\/espanol\/?s={search_term_string}"},"query-input":"required name=search_term_string"}],"inLanguage":"es"},{"@type":"WebPage","@id":"https:\/\/enjoymiamibeach.com\/espanol\/activities\/fairchild-tropical-botanic-garden\/#webpage","url":"https:\/\/enjoymiamibeach.com\/espanol\/activities\/fairchild-tropical-botanic-garden\/","name":"Jard\u00edn Bot\u00e1nico Tropical Fairchild \/ Fairchild Tropical Botanic Garden - ENJOY MIAMI BEACH","isPartOf":{"@id":"https:\/\/enjoymiamibeach.com\/espanol\/#website"},"datePublished":"2016-06-02T20:11:05+00:00","dateModified":"2018-10-06T13:36:35+00:00","breadcrumb":{"@id":"https:\/\/enjoymiamibeach.com\/espanol\/activities\/fairchild-tropical-botanic-garden\/#breadcrumb"},"inLanguage":"es","potentialAction":[{"@type":"ReadAction","target":["https:\/\/enjoymiamibeach.com\/espanol\/activities\/fairchild-tropical-botanic-garden\/"]}]},{"@type":"BreadcrumbList","@id":"https:\/\/enjoymiamibeach.com\/espanol\/activities\/fairchild-tropical-botanic-garden\/#breadcrumb","itemListElement":[{"@type":"ListItem","position":1,"name":"Home","item":"https:\/\/enjoymiamibeach.com\/espanol\/"},{"@type":"ListItem","position":2,"name":"Actividades","item":"https:\/\/enjoymiamibeach.com\/espanol\/activities\/"},{"@type":"ListItem","position":3,"name":"Jard\u00edn Bot\u00e1nico Tropical Fairchild \/ Fairchild Tropical Botanic Garden"}]}]}},"_links":{"self":[{"href":"https:\/\/enjoymiamibeach.com\/espanol\/wp-json\/wp\/v2\/pages\/433"}],"collection":[{"href":"https:\/\/enjoymiamibeach.com\/espanol\/wp-json\/wp\/v2\/pages"}],"about":[{"href":"https:\/\/enjoymiamibeach.com\/espanol\/wp-json\/wp\/v2\/types\/page"}],"author":[{"embeddable":true,"href":"https:\/\/enjoymiamibeach.com\/espanol\/wp-json\/wp\/v2\/users\/2"}],"replies":[{"embeddable":true,"href":"https:\/\/enjoymiamibeach.com\/espanol\/wp-json\/wp\/v2\/comments?post=433"}],"version-history":[{"count":4,"href":"https:\/\/enjoymiamibeach.com\/espanol\/wp-json\/wp\/v2\/pages\/433\/revisions"}],"predecessor-version":[{"id":1253,"href":"https:\/\/enjoymiamibeach.com\/espanol\/wp-json\/wp\/v2\/pages\/433\/revisions\/1253"}],"up":[{"embeddable":true,"href":"https:\/\/enjoymiamibeach.com\/espanol\/wp-json\/wp\/v2\/pages\/69"}],"wp:attachment":[{"href":"https:\/\/enjoymiamibeach.com\/espanol\/wp-json\/wp\/v2\/media?parent=433"}],"curies":[{"name":"wp","href":"https:\/\/api.w.org\/{rel}","templated":true}]}}