{"id":427,"date":"2016-05-23T12:11:55","date_gmt":"2016-05-23T17:11:55","guid":{"rendered":"https:\/\/enjoymiamibeach.com\/espanol\/?page_id=427"},"modified":"2019-12-15T13:54:15","modified_gmt":"2019-12-15T18:54:15","slug":"zoo-miami","status":"publish","type":"page","link":"https:\/\/enjoymiamibeach.com\/espanol\/activities\/zoo-miami\/","title":{"rendered":"Zoo Miami \/ Zool\u00f3gico de Miami"},"content":{"rendered":"<p>Probablemente esta p\u00e1gina no sea lo que esperabas.<\/p>\n<p>A pesar de querer darte toda la informaci\u00f3n disponible, estamos conflictuados a la hora de publicar la p\u00e1gina de Zoo Miami (as\u00ed como las del <a href=\"https:\/\/enjoymiamibeach.com\/espanol\/activities\/miami-seaquarium\/\" target=\"_blank\" rel=\"noopener noreferrer\">Miami Seaquarium<\/a> y <a href=\"https:\/\/enjoymiamibeach.com\/espanol\/activities\/jungle-island\/\" target=\"_blank\" rel=\"noopener noreferrer\">Jungle Island<\/a>).<\/p>\n<p>Es nuestra opini\u00f3n personal que los animales deben estar en la naturaleza y no deben ser puestos a trabajar, en cautiverio o en exhibici\u00f3n. Por esta raz\u00f3n, no apoyamos ni respaldamos ninguna actividad, excursi\u00f3n o lugar que haga cualquiera de esas cosas con animales salvajes.<\/p>\n<p>Si est\u00e1s interesado en visitar el Zoo Miami \/ Zool\u00f3gico de Miami (anteriormente conocido como Parrot Jungle), puedes visitar su sitio web: <a style=\"font-size: inherit;\" href=\"http:\/\/www.zoomiami.org\/\" target=\"_blank\" rel=\"noopener noreferrer\">www.zoomiami.org<\/a><\/p>\n","protected":false},"excerpt":{"rendered":"<p>Probablemente esta p\u00e1gina no sea lo que esperabas. A pesar de querer darte toda la informaci\u00f3n disponible, estamos conflictuados a la hora de publicar la p\u00e1gina de Zoo Miami (as\u00ed como las del Miami Seaquarium y Jungle Island). Es nuestra opini\u00f3n personal que los animales <a class=\"more-link\" href=\"https:\/\/enjoymiamibeach.com\/espanol\/activities\/zoo-miami\/\">Read More &#8230;<\/a><\/p>\n","protected":false},"author":2,"featured_media":0,"parent":69,"menu_order":0,"comment_status":"closed","ping_status":"closed","template":"","meta":[],"yoast_head":"<!-- This site is optimized with the Yoast SEO plugin v18.8 - https:\/\/yoast.com\/wordpress\/plugins\/seo\/ -->\n<title>Zoo Miami \/ Zool\u00f3gico de Miami - ENJOY MIAMI BEACH<\/title>\n<meta name=\"robots\" content=\"index, follow, max-snippet:-1, max-image-preview:large, max-video-preview:-1\" \/>\n<link rel=\"canonical\" href=\"https:\/\/enjoymiamibeach.com\/espanol\/activities\/zoo-miami\/\" \/>\n<meta property=\"og:locale\" content=\"es_ES\" \/>\n<meta property=\"og:type\" content=\"article\" \/>\n<meta property=\"og:title\" content=\"Zoo Miami \/ Zool\u00f3gico de Miami - ENJOY MIAMI BEACH\" \/>\n<meta property=\"og:description\" content=\"Probablemente esta p\u00e1gina no sea lo que esperabas. A pesar de querer darte toda la informaci\u00f3n disponible, estamos conflictuados a la hora de publicar la p\u00e1gina de Zoo Miami (as\u00ed como las del Miami Seaquarium y Jungle Island). Es nuestra opini\u00f3n personal que los animales Read More ...\" \/>\n<meta property=\"og:url\" content=\"https:\/\/enjoymiamibeach.com\/espanol\/activities\/zoo-miami\/\" \/>\n<meta property=\"og:site_name\" content=\"ENJOY MIAMI BEACH\" \/>\n<meta property=\"article:modified_time\" content=\"2019-12-15T18:54:15+00:00\" \/>\n<meta name=\"twitter:card\" content=\"summary\" \/>\n<meta name=\"twitter:label1\" content=\"Tiempo de lectura\" \/>\n\t<meta name=\"twitter:data1\" content=\"1 minuto\" \/>\n<script type=\"application\/ld+json\" class=\"yoast-schema-graph\">{\"@context\":\"https:\/\/schema.org\",\"@graph\":[{\"@type\":\"WebSite\",\"@id\":\"https:\/\/enjoymiamibeach.com\/espanol\/#website\",\"url\":\"https:\/\/enjoymiamibeach.com\/espanol\/\",\"name\":\"ENJOY MIAMI BEACH\",\"description\":\"Miami Beach informaci\u00f3n para el turista - precios de taxi - Ocean DR - Lincoln RD\",\"potentialAction\":[{\"@type\":\"SearchAction\",\"target\":{\"@type\":\"EntryPoint\",\"urlTemplate\":\"https:\/\/enjoymiamibeach.com\/espanol\/?s={search_term_string}\"},\"query-input\":\"required name=search_term_string\"}],\"inLanguage\":\"es\"},{\"@type\":\"WebPage\",\"@id\":\"https:\/\/enjoymiamibeach.com\/espanol\/activities\/zoo-miami\/#webpage\",\"url\":\"https:\/\/enjoymiamibeach.com\/espanol\/activities\/zoo-miami\/\",\"name\":\"Zoo Miami \/ Zool\u00f3gico de Miami - ENJOY MIAMI BEACH\",\"isPartOf\":{\"@id\":\"https:\/\/enjoymiamibeach.com\/espanol\/#website\"},\"datePublished\":\"2016-05-23T17:11:55+00:00\",\"dateModified\":\"2019-12-15T18:54:15+00:00\",\"breadcrumb\":{\"@id\":\"https:\/\/enjoymiamibeach.com\/espanol\/activities\/zoo-miami\/#breadcrumb\"},\"inLanguage\":\"es\",\"potentialAction\":[{\"@type\":\"ReadAction\",\"target\":[\"https:\/\/enjoymiamibeach.com\/espanol\/activities\/zoo-miami\/\"]}]},{\"@type\":\"BreadcrumbList\",\"@id\":\"https:\/\/enjoymiamibeach.com\/espanol\/activities\/zoo-miami\/#breadcrumb\",\"itemListElement\":[{\"@type\":\"ListItem\",\"position\":1,\"name\":\"Home\",\"item\":\"https:\/\/enjoymiamibeach.com\/espanol\/\"},{\"@type\":\"ListItem\",\"position\":2,\"name\":\"Actividades\",\"item\":\"https:\/\/enjoymiamibeach.com\/espanol\/activities\/\"},{\"@type\":\"ListItem\",\"position\":3,\"name\":\"Zoo Miami \/ Zool\u00f3gico de Miami\"}]}]}<\/script>\n<!-- \/ Yoast SEO plugin. -->","yoast_head_json":{"title":"Zoo Miami \/ Zool\u00f3gico de Miami - ENJOY MIAMI BEACH","robots":{"index":"index","follow":"follow","max-snippet":"max-snippet:-1","max-image-preview":"max-image-preview:large","max-video-preview":"max-video-preview:-1"},"canonical":"https:\/\/enjoymiamibeach.com\/espanol\/activities\/zoo-miami\/","og_locale":"es_ES","og_type":"article","og_title":"Zoo Miami \/ Zool\u00f3gico de Miami - ENJOY MIAMI BEACH","og_description":"Probablemente esta p\u00e1gina no sea lo que esperabas. A pesar de querer darte toda la informaci\u00f3n disponible, estamos conflictuados a la hora de publicar la p\u00e1gina de Zoo Miami (as\u00ed como las del Miami Seaquarium y Jungle Island). Es nuestra opini\u00f3n personal que los animales Read More ...","og_url":"https:\/\/enjoymiamibeach.com\/espanol\/activities\/zoo-miami\/","og_site_name":"ENJOY MIAMI BEACH","article_modified_time":"2019-12-15T18:54:15+00:00","twitter_card":"summary","twitter_misc":{"Tiempo de lectura":"1 minuto"},"schema":{"@context":"https:\/\/schema.org","@graph":[{"@type":"WebSite","@id":"https:\/\/enjoymiamibeach.com\/espanol\/#website","url":"https:\/\/enjoymiamibeach.com\/espanol\/","name":"ENJOY MIAMI BEACH","description":"Miami Beach informaci\u00f3n para el turista - precios de taxi - Ocean DR - Lincoln RD","potentialAction":[{"@type":"SearchAction","target":{"@type":"EntryPoint","urlTemplate":"https:\/\/enjoymiamibeach.com\/espanol\/?s={search_term_string}"},"query-input":"required name=search_term_string"}],"inLanguage":"es"},{"@type":"WebPage","@id":"https:\/\/enjoymiamibeach.com\/espanol\/activities\/zoo-miami\/#webpage","url":"https:\/\/enjoymiamibeach.com\/espanol\/activities\/zoo-miami\/","name":"Zoo Miami \/ Zool\u00f3gico de Miami - ENJOY MIAMI BEACH","isPartOf":{"@id":"https:\/\/enjoymiamibeach.com\/espanol\/#website"},"datePublished":"2016-05-23T17:11:55+00:00","dateModified":"2019-12-15T18:54:15+00:00","breadcrumb":{"@id":"https:\/\/enjoymiamibeach.com\/espanol\/activities\/zoo-miami\/#breadcrumb"},"inLanguage":"es","potentialAction":[{"@type":"ReadAction","target":["https:\/\/enjoymiamibeach.com\/espanol\/activities\/zoo-miami\/"]}]},{"@type":"BreadcrumbList","@id":"https:\/\/enjoymiamibeach.com\/espanol\/activities\/zoo-miami\/#breadcrumb","itemListElement":[{"@type":"ListItem","position":1,"name":"Home","item":"https:\/\/enjoymiamibeach.com\/espanol\/"},{"@type":"ListItem","position":2,"name":"Actividades","item":"https:\/\/enjoymiamibeach.com\/espanol\/activities\/"},{"@type":"ListItem","position":3,"name":"Zoo Miami \/ Zool\u00f3gico de Miami"}]}]}},"_links":{"self":[{"href":"https:\/\/enjoymiamibeach.com\/espanol\/wp-json\/wp\/v2\/pages\/427"}],"collection":[{"href":"https:\/\/enjoymiamibeach.com\/espanol\/wp-json\/wp\/v2\/pages"}],"about":[{"href":"https:\/\/enjoymiamibeach.com\/espanol\/wp-json\/wp\/v2\/types\/page"}],"author":[{"embeddable":true,"href":"https:\/\/enjoymiamibeach.com\/espanol\/wp-json\/wp\/v2\/users\/2"}],"replies":[{"embeddable":true,"href":"https:\/\/enjoymiamibeach.com\/espanol\/wp-json\/wp\/v2\/comments?post=427"}],"version-history":[{"count":3,"href":"https:\/\/enjoymiamibeach.com\/espanol\/wp-json\/wp\/v2\/pages\/427\/revisions"}],"predecessor-version":[{"id":1360,"href":"https:\/\/enjoymiamibeach.com\/espanol\/wp-json\/wp\/v2\/pages\/427\/revisions\/1360"}],"up":[{"embeddable":true,"href":"https:\/\/enjoymiamibeach.com\/espanol\/wp-json\/wp\/v2\/pages\/69"}],"wp:attachment":[{"href":"https:\/\/enjoymiamibeach.com\/espanol\/wp-json\/wp\/v2\/media?parent=427"}],"curies":[{"name":"wp","href":"https:\/\/api.w.org\/{rel}","templated":true}]}}