{"id":415,"date":"2016-05-23T10:47:21","date_gmt":"2016-05-23T15:47:21","guid":{"rendered":"https:\/\/enjoymiamibeach.com\/espanol\/?page_id=415"},"modified":"2019-11-30T19:30:57","modified_gmt":"2019-12-01T00:30:57","slug":"speedboat-tour","status":"publish","type":"page","link":"https:\/\/enjoymiamibeach.com\/espanol\/miami-beach-tours\/speedboat-tour\/","title":{"rendered":"Excursi\u00f3n en Lancha R\u00e1pida (Speedboat)"},"content":{"rendered":"<p>Observa Miami en el horizonte y dale un vistazo a las mansiones de los ricos y famosos (adem\u00e1s, el gu\u00eda tur\u00edstico te contar\u00e1 algunos chismes sobre sus residentes). \u00a1Hazlo en una lancha r\u00e1pida para hacerlo m\u00e1s emocionante!<\/p>\n<p><strong>En resumen:<\/strong><\/p>\n<p>Disfruta Miami desde el agua recorriendo un \u00e1rea tres veces mayor, en comparaci\u00f3n con otros tours en barco. Este no ser\u00e1 un paseo relajado, ser\u00e1 en un viaje lleno de adrenalina. A pesar de la mayor velocidad, \u00e9ste no ser\u00e1 diferente del resto de los tours en barco de Biscayne Bay. La diferencia es que es un poco m\u00e1s corto que los otros.<\/p>\n<p><strong>M\u00e1s detalles:<\/strong><\/p>\n<ul>\n<li>Duraci\u00f3n de la excursi\u00f3n: alrededor de 45 minutos.<\/li>\n<li>Toma esta excursi\u00f3n en Bayside Marketplace.<\/li>\n<li>Estos barcos son t\u00edpicamente m\u00e1s peque\u00f1os y llevan menos gente.<\/li>\n<li>No se puede llevar comida o bebidas a bordo.<\/li>\n<li>Visitas Diarias: 11am, 12:30 pm, 2pm, 3:30 pm, 5pm (6:30 pm en Primavera y Oto\u00f1o, 7:30 pm en Verano)<\/li>\n<\/ul>\n<p>Precio promedio: $ 36 Adultos (mayores de 12 a\u00f1os) &#8211; $ 23 Ni\u00f1os<\/p>\n","protected":false},"excerpt":{"rendered":"<p>Observa Miami en el horizonte y dale un vistazo a las mansiones de los ricos y famosos (adem\u00e1s, el gu\u00eda tur\u00edstico te contar\u00e1 algunos chismes sobre sus residentes). \u00a1Hazlo en una lancha r\u00e1pida para hacerlo m\u00e1s emocionante! En resumen: Disfruta Miami desde el agua recorriendo <a class=\"more-link\" href=\"https:\/\/enjoymiamibeach.com\/espanol\/miami-beach-tours\/speedboat-tour\/\">Read More &#8230;<\/a><\/p>\n","protected":false},"author":2,"featured_media":0,"parent":12,"menu_order":0,"comment_status":"closed","ping_status":"closed","template":"","meta":[],"yoast_head":"<!-- This site is optimized with the Yoast SEO plugin v18.8 - https:\/\/yoast.com\/wordpress\/plugins\/seo\/ -->\n<title>Excursi\u00f3n en Lancha R\u00e1pida (Speedboat) - ENJOY MIAMI BEACH<\/title>\n<meta name=\"robots\" content=\"index, follow, max-snippet:-1, max-image-preview:large, max-video-preview:-1\" \/>\n<link rel=\"canonical\" href=\"https:\/\/enjoymiamibeach.com\/espanol\/miami-beach-tours\/speedboat-tour\/\" \/>\n<meta property=\"og:locale\" content=\"es_ES\" \/>\n<meta property=\"og:type\" content=\"article\" \/>\n<meta property=\"og:title\" content=\"Excursi\u00f3n en Lancha R\u00e1pida (Speedboat) - ENJOY MIAMI BEACH\" \/>\n<meta property=\"og:description\" content=\"Observa Miami en el horizonte y dale un vistazo a las mansiones de los ricos y famosos (adem\u00e1s, el gu\u00eda tur\u00edstico te contar\u00e1 algunos chismes sobre sus residentes). \u00a1Hazlo en una lancha r\u00e1pida para hacerlo m\u00e1s emocionante! En resumen: Disfruta Miami desde el agua recorriendo Read More ...\" \/>\n<meta property=\"og:url\" content=\"https:\/\/enjoymiamibeach.com\/espanol\/miami-beach-tours\/speedboat-tour\/\" \/>\n<meta property=\"og:site_name\" content=\"ENJOY MIAMI BEACH\" \/>\n<meta property=\"article:modified_time\" content=\"2019-12-01T00:30:57+00:00\" \/>\n<meta name=\"twitter:card\" content=\"summary\" \/>\n<meta name=\"twitter:label1\" content=\"Tiempo de lectura\" \/>\n\t<meta name=\"twitter:data1\" content=\"1 minuto\" \/>\n<script type=\"application\/ld+json\" class=\"yoast-schema-graph\">{\"@context\":\"https:\/\/schema.org\",\"@graph\":[{\"@type\":\"WebSite\",\"@id\":\"https:\/\/enjoymiamibeach.com\/espanol\/#website\",\"url\":\"https:\/\/enjoymiamibeach.com\/espanol\/\",\"name\":\"ENJOY MIAMI BEACH\",\"description\":\"Miami Beach informaci\u00f3n para el turista - precios de taxi - Ocean DR - Lincoln RD\",\"potentialAction\":[{\"@type\":\"SearchAction\",\"target\":{\"@type\":\"EntryPoint\",\"urlTemplate\":\"https:\/\/enjoymiamibeach.com\/espanol\/?s={search_term_string}\"},\"query-input\":\"required name=search_term_string\"}],\"inLanguage\":\"es\"},{\"@type\":\"WebPage\",\"@id\":\"https:\/\/enjoymiamibeach.com\/espanol\/miami-beach-tours\/speedboat-tour\/#webpage\",\"url\":\"https:\/\/enjoymiamibeach.com\/espanol\/miami-beach-tours\/speedboat-tour\/\",\"name\":\"Excursi\u00f3n en Lancha R\u00e1pida (Speedboat) - ENJOY MIAMI BEACH\",\"isPartOf\":{\"@id\":\"https:\/\/enjoymiamibeach.com\/espanol\/#website\"},\"datePublished\":\"2016-05-23T15:47:21+00:00\",\"dateModified\":\"2019-12-01T00:30:57+00:00\",\"breadcrumb\":{\"@id\":\"https:\/\/enjoymiamibeach.com\/espanol\/miami-beach-tours\/speedboat-tour\/#breadcrumb\"},\"inLanguage\":\"es\",\"potentialAction\":[{\"@type\":\"ReadAction\",\"target\":[\"https:\/\/enjoymiamibeach.com\/espanol\/miami-beach-tours\/speedboat-tour\/\"]}]},{\"@type\":\"BreadcrumbList\",\"@id\":\"https:\/\/enjoymiamibeach.com\/espanol\/miami-beach-tours\/speedboat-tour\/#breadcrumb\",\"itemListElement\":[{\"@type\":\"ListItem\",\"position\":1,\"name\":\"Home\",\"item\":\"https:\/\/enjoymiamibeach.com\/espanol\/\"},{\"@type\":\"ListItem\",\"position\":2,\"name\":\"Tours\",\"item\":\"https:\/\/enjoymiamibeach.com\/espanol\/miami-beach-tours\/\"},{\"@type\":\"ListItem\",\"position\":3,\"name\":\"Excursi\u00f3n en Lancha R\u00e1pida (Speedboat)\"}]}]}<\/script>\n<!-- \/ Yoast SEO plugin. -->","yoast_head_json":{"title":"Excursi\u00f3n en Lancha R\u00e1pida (Speedboat) - ENJOY MIAMI BEACH","robots":{"index":"index","follow":"follow","max-snippet":"max-snippet:-1","max-image-preview":"max-image-preview:large","max-video-preview":"max-video-preview:-1"},"canonical":"https:\/\/enjoymiamibeach.com\/espanol\/miami-beach-tours\/speedboat-tour\/","og_locale":"es_ES","og_type":"article","og_title":"Excursi\u00f3n en Lancha R\u00e1pida (Speedboat) - ENJOY MIAMI BEACH","og_description":"Observa Miami en el horizonte y dale un vistazo a las mansiones de los ricos y famosos (adem\u00e1s, el gu\u00eda tur\u00edstico te contar\u00e1 algunos chismes sobre sus residentes). \u00a1Hazlo en una lancha r\u00e1pida para hacerlo m\u00e1s emocionante! En resumen: Disfruta Miami desde el agua recorriendo Read More ...","og_url":"https:\/\/enjoymiamibeach.com\/espanol\/miami-beach-tours\/speedboat-tour\/","og_site_name":"ENJOY MIAMI BEACH","article_modified_time":"2019-12-01T00:30:57+00:00","twitter_card":"summary","twitter_misc":{"Tiempo de lectura":"1 minuto"},"schema":{"@context":"https:\/\/schema.org","@graph":[{"@type":"WebSite","@id":"https:\/\/enjoymiamibeach.com\/espanol\/#website","url":"https:\/\/enjoymiamibeach.com\/espanol\/","name":"ENJOY MIAMI BEACH","description":"Miami Beach informaci\u00f3n para el turista - precios de taxi - Ocean DR - Lincoln RD","potentialAction":[{"@type":"SearchAction","target":{"@type":"EntryPoint","urlTemplate":"https:\/\/enjoymiamibeach.com\/espanol\/?s={search_term_string}"},"query-input":"required name=search_term_string"}],"inLanguage":"es"},{"@type":"WebPage","@id":"https:\/\/enjoymiamibeach.com\/espanol\/miami-beach-tours\/speedboat-tour\/#webpage","url":"https:\/\/enjoymiamibeach.com\/espanol\/miami-beach-tours\/speedboat-tour\/","name":"Excursi\u00f3n en Lancha R\u00e1pida (Speedboat) - ENJOY MIAMI BEACH","isPartOf":{"@id":"https:\/\/enjoymiamibeach.com\/espanol\/#website"},"datePublished":"2016-05-23T15:47:21+00:00","dateModified":"2019-12-01T00:30:57+00:00","breadcrumb":{"@id":"https:\/\/enjoymiamibeach.com\/espanol\/miami-beach-tours\/speedboat-tour\/#breadcrumb"},"inLanguage":"es","potentialAction":[{"@type":"ReadAction","target":["https:\/\/enjoymiamibeach.com\/espanol\/miami-beach-tours\/speedboat-tour\/"]}]},{"@type":"BreadcrumbList","@id":"https:\/\/enjoymiamibeach.com\/espanol\/miami-beach-tours\/speedboat-tour\/#breadcrumb","itemListElement":[{"@type":"ListItem","position":1,"name":"Home","item":"https:\/\/enjoymiamibeach.com\/espanol\/"},{"@type":"ListItem","position":2,"name":"Tours","item":"https:\/\/enjoymiamibeach.com\/espanol\/miami-beach-tours\/"},{"@type":"ListItem","position":3,"name":"Excursi\u00f3n en Lancha R\u00e1pida (Speedboat)"}]}]}},"_links":{"self":[{"href":"https:\/\/enjoymiamibeach.com\/espanol\/wp-json\/wp\/v2\/pages\/415"}],"collection":[{"href":"https:\/\/enjoymiamibeach.com\/espanol\/wp-json\/wp\/v2\/pages"}],"about":[{"href":"https:\/\/enjoymiamibeach.com\/espanol\/wp-json\/wp\/v2\/types\/page"}],"author":[{"embeddable":true,"href":"https:\/\/enjoymiamibeach.com\/espanol\/wp-json\/wp\/v2\/users\/2"}],"replies":[{"embeddable":true,"href":"https:\/\/enjoymiamibeach.com\/espanol\/wp-json\/wp\/v2\/comments?post=415"}],"version-history":[{"count":4,"href":"https:\/\/enjoymiamibeach.com\/espanol\/wp-json\/wp\/v2\/pages\/415\/revisions"}],"predecessor-version":[{"id":1338,"href":"https:\/\/enjoymiamibeach.com\/espanol\/wp-json\/wp\/v2\/pages\/415\/revisions\/1338"}],"up":[{"embeddable":true,"href":"https:\/\/enjoymiamibeach.com\/espanol\/wp-json\/wp\/v2\/pages\/12"}],"wp:attachment":[{"href":"https:\/\/enjoymiamibeach.com\/espanol\/wp-json\/wp\/v2\/media?parent=415"}],"curies":[{"name":"wp","href":"https:\/\/api.w.org\/{rel}","templated":true}]}}