{"id":396,"date":"2016-05-21T10:29:57","date_gmt":"2016-05-21T15:29:57","guid":{"rendered":"https:\/\/enjoymiamibeach.com\/espanol\/?page_id=396"},"modified":"2020-02-16T19:28:07","modified_gmt":"2020-02-17T00:28:07","slug":"miami-to-bahamas-tour","status":"publish","type":"page","link":"https:\/\/enjoymiamibeach.com\/espanol\/miami-beach-tours\/miami-to-bahamas-tour\/","title":{"rendered":"Tour a Bahamas &#8211; Transportaci\u00f3n"},"content":{"rendered":"<p>Aguas cristalinas, playas paradis\u00edacas, diversi\u00f3n bajo el sol y en el agua, relajaci\u00f3n total. Eso es lo que te viene a la mente cuando piensas en Bahamas.<\/p>\n<p><strong>En resumen:<\/strong><\/p>\n<p>Las Bahamas son muchas islas, algunas privadas y otras no. El tour de un d\u00eda te llevar\u00e1 a una sola isla. Lleva un poco de tiempo llegar desde Florida pero, si te gustan los cruceros, el viaje ser\u00e1 parte de la diversi\u00f3n. Ahora, si puedes pasar al menos una noche all\u00ed, hazlo.<\/p>\n<p>Antes de contarte los detalles de este tour, queremos que tengas en cuenta esto:<\/p>\n<p>Est\u00e1n las compa\u00f1\u00edas grandes de cruceros (como Carnival, Norwegian, etc.) y las peque\u00f1as. Las primeras ofrecen barcos de mayor tama\u00f1o, son m\u00e1s organizadas (y probablemente resolver\u00e1n cualquier problema que pueda surgir de manera m\u00e1s eficiente) y navegan desde Miami y desde Fort Lauderdale (una ciudad a 45 minutos de Miami Beach)<\/p>\n<p>Las compa\u00f1\u00edas de cruceros peque\u00f1as generalmente salen s\u00f3lo de Fort Lauderdale (el puerto all\u00ed se llama Port Everglades) y sus barcos, aunque grandes, son m\u00e1s peque\u00f1os y menos impresionantes.<\/p>\n<p>Al igual que con los viajes de un d\u00eda a <a href=\"https:\/\/enjoymiamibeach.com\/espanol\/tours\/miami-to-orlando-tour\/\">Orlando<\/a> y <a href=\"https:\/\/enjoymiamibeach.com\/espanol\/tours\/miami-to-key-west-tour\/\">Key West<\/a>, si decides ir a Bahamas y regresar el mismo d\u00eda, debes saber que la mayor parte de tu d\u00eda la pasar\u00e1s viajando.<\/p>\n<p>Esto es lo que suceder\u00e1 cuando reserves un viaje de un d\u00eda a trav\u00e9s de una de las compa\u00f1\u00edas de turismo peque\u00f1as :<\/p>\n<ul>\n<li>El autob\u00fas a Port Everglades (Fort Lauderdale) terecoger\u00e1 alrededor de las 5:30 am de tu hotel.<\/li>\n<li>Llegar\u00e1s al puerto alrededor de las 6:30 am.<\/li>\n<li>Una vez all\u00ed, deber\u00e1s presentar tu pasaporte y realizar el procedimiento de embarque.<\/li>\n<li>Al rededor de las 7:30 am, estar\u00e1s desayunando en el barco (esto generalmente es gratis)<\/li>\n<li>A las 8 am el barco partir\u00e1. Tardar\u00e1 entre 3,5 y 4 horas en llegar a Bahamas.<\/li>\n<li>Bajar del barco tomar\u00e1 alrededor de 20 minutos.<\/li>\n<li>Una vez que hayas debordado, no estar\u00e1s en el hermoso para\u00edso de tus sue\u00f1os, sino en un puerto, a 15 minutos en bus de donde est\u00e1 la diversi\u00f3n.<\/li>\n<li>Tu y el resto de los pasajeros subir\u00e1n a los autobuses que los llevar\u00e1n a un resort. \u00a1Y ahora estamos hablando!. El resort ser\u00e1 hermoso y tu d\u00eda en Bahamas habr\u00e1 comenzado oficialmente. Esto ser\u00e1 alrededor de las 12:30 pm.<\/li>\n<li>Por lo general, el paquete de un d\u00eda incluir\u00e1 acceso gratuito a las instalaciones del resort en el que pasar\u00e1s el d\u00eda. Eso significa que podr\u00e1s utilizar su piscina y toallas y acceder a su playa privada.<\/li>\n<li>Para las 6 pm deber\u00e1s regresar al punto de encuentro para que pasen a buscarte y te lleven de regreso al barco.<\/li>\n<\/ul>\n<h5>\u00bfPor qu\u00e9 importa esto? Porque podr\u00edas estar pensando que disfrutar\u00e1s un d\u00eda completo en Bahamas, pero no es as\u00ed. El d\u00eda pasar\u00e1 muy r\u00e1pido.<\/h5>\n<p><strong>\u00bfQu\u00e9 hacer?<\/strong><\/p>\n<ol>\n<li>Si ir y regresar el mismo d\u00eda es la \u00fanica opci\u00f3n que tienes: HAZLO de todos modos. Todav\u00eda vale la pena.<\/li>\n<li>Si puedes quedarte al menos una noche en Bahamas, lo recomendamos. De esa manera puedes pasar m\u00e1s tiempo y planificar algunas actividades.<\/li>\n<\/ol>\n<p><strong>M\u00e1s detalles sobre el tour de un d\u00eda:<\/strong><\/p>\n<ul>\n<li>Recogida y regreso a tu hotel: generalmente pasar\u00e1n a buscarte alrededor de las 5:30 a.m. Volver\u00e1s a tu hotel alrededor de la 1 am.<\/li>\n<li>Duraci\u00f3n del recorrido: el tiempo de viaje es de aproximadamente 4 horas en cada sentido. Tendr\u00e1s alrededor de 5\/6 horas para pasar en Bahamas.<\/li>\n<li>El desayuno y a veces la cena suelen estar incluidos.<\/li>\n<li>Los barcos no salen todos los d\u00edas.<\/li>\n<\/ul>\n<p><strong>Precio promedio:<\/strong><\/p>\n<ul>\n<li>Viaje de 1 d\u00eda: alrededor de $ 179<\/li>\n<\/ul>\n","protected":false},"excerpt":{"rendered":"<p>Aguas cristalinas, playas paradis\u00edacas, diversi\u00f3n bajo el sol y en el agua, relajaci\u00f3n total. Eso es lo que te viene a la mente cuando piensas en Bahamas. En resumen: Las Bahamas son muchas islas, algunas privadas y otras no. El tour de un d\u00eda te <a class=\"more-link\" href=\"https:\/\/enjoymiamibeach.com\/espanol\/miami-beach-tours\/miami-to-bahamas-tour\/\">Read More &#8230;<\/a><\/p>\n","protected":false},"author":2,"featured_media":0,"parent":12,"menu_order":0,"comment_status":"closed","ping_status":"closed","template":"","meta":[],"yoast_head":"<!-- This site is optimized with the Yoast SEO plugin v18.8 - https:\/\/yoast.com\/wordpress\/plugins\/seo\/ -->\n<title>Tour a Bahamas - Transportaci\u00f3n - ENJOY MIAMI BEACH<\/title>\n<meta name=\"robots\" content=\"index, follow, max-snippet:-1, max-image-preview:large, max-video-preview:-1\" \/>\n<link rel=\"canonical\" href=\"https:\/\/enjoymiamibeach.com\/espanol\/miami-beach-tours\/miami-to-bahamas-tour\/\" \/>\n<meta property=\"og:locale\" content=\"es_ES\" \/>\n<meta property=\"og:type\" content=\"article\" \/>\n<meta property=\"og:title\" content=\"Tour a Bahamas - Transportaci\u00f3n - ENJOY MIAMI BEACH\" \/>\n<meta property=\"og:description\" content=\"Aguas cristalinas, playas paradis\u00edacas, diversi\u00f3n bajo el sol y en el agua, relajaci\u00f3n total. Eso es lo que te viene a la mente cuando piensas en Bahamas. En resumen: Las Bahamas son muchas islas, algunas privadas y otras no. El tour de un d\u00eda te Read More ...\" \/>\n<meta property=\"og:url\" content=\"https:\/\/enjoymiamibeach.com\/espanol\/miami-beach-tours\/miami-to-bahamas-tour\/\" \/>\n<meta property=\"og:site_name\" content=\"ENJOY MIAMI BEACH\" \/>\n<meta property=\"article:modified_time\" content=\"2020-02-17T00:28:07+00:00\" \/>\n<meta name=\"twitter:card\" content=\"summary\" \/>\n<meta name=\"twitter:label1\" content=\"Tiempo de lectura\" \/>\n\t<meta name=\"twitter:data1\" content=\"3 minutos\" \/>\n<script type=\"application\/ld+json\" class=\"yoast-schema-graph\">{\"@context\":\"https:\/\/schema.org\",\"@graph\":[{\"@type\":\"WebSite\",\"@id\":\"https:\/\/enjoymiamibeach.com\/espanol\/#website\",\"url\":\"https:\/\/enjoymiamibeach.com\/espanol\/\",\"name\":\"ENJOY MIAMI BEACH\",\"description\":\"Miami Beach informaci\u00f3n para el turista - precios de taxi - Ocean DR - Lincoln RD\",\"potentialAction\":[{\"@type\":\"SearchAction\",\"target\":{\"@type\":\"EntryPoint\",\"urlTemplate\":\"https:\/\/enjoymiamibeach.com\/espanol\/?s={search_term_string}\"},\"query-input\":\"required name=search_term_string\"}],\"inLanguage\":\"es\"},{\"@type\":\"WebPage\",\"@id\":\"https:\/\/enjoymiamibeach.com\/espanol\/miami-beach-tours\/miami-to-bahamas-tour\/#webpage\",\"url\":\"https:\/\/enjoymiamibeach.com\/espanol\/miami-beach-tours\/miami-to-bahamas-tour\/\",\"name\":\"Tour a Bahamas - Transportaci\u00f3n - ENJOY MIAMI BEACH\",\"isPartOf\":{\"@id\":\"https:\/\/enjoymiamibeach.com\/espanol\/#website\"},\"datePublished\":\"2016-05-21T15:29:57+00:00\",\"dateModified\":\"2020-02-17T00:28:07+00:00\",\"breadcrumb\":{\"@id\":\"https:\/\/enjoymiamibeach.com\/espanol\/miami-beach-tours\/miami-to-bahamas-tour\/#breadcrumb\"},\"inLanguage\":\"es\",\"potentialAction\":[{\"@type\":\"ReadAction\",\"target\":[\"https:\/\/enjoymiamibeach.com\/espanol\/miami-beach-tours\/miami-to-bahamas-tour\/\"]}]},{\"@type\":\"BreadcrumbList\",\"@id\":\"https:\/\/enjoymiamibeach.com\/espanol\/miami-beach-tours\/miami-to-bahamas-tour\/#breadcrumb\",\"itemListElement\":[{\"@type\":\"ListItem\",\"position\":1,\"name\":\"Home\",\"item\":\"https:\/\/enjoymiamibeach.com\/espanol\/\"},{\"@type\":\"ListItem\",\"position\":2,\"name\":\"Tours\",\"item\":\"https:\/\/enjoymiamibeach.com\/espanol\/miami-beach-tours\/\"},{\"@type\":\"ListItem\",\"position\":3,\"name\":\"Tour a Bahamas &#8211; Transportaci\u00f3n\"}]}]}<\/script>\n<!-- \/ Yoast SEO plugin. -->","yoast_head_json":{"title":"Tour a Bahamas - Transportaci\u00f3n - ENJOY MIAMI BEACH","robots":{"index":"index","follow":"follow","max-snippet":"max-snippet:-1","max-image-preview":"max-image-preview:large","max-video-preview":"max-video-preview:-1"},"canonical":"https:\/\/enjoymiamibeach.com\/espanol\/miami-beach-tours\/miami-to-bahamas-tour\/","og_locale":"es_ES","og_type":"article","og_title":"Tour a Bahamas - Transportaci\u00f3n - ENJOY MIAMI BEACH","og_description":"Aguas cristalinas, playas paradis\u00edacas, diversi\u00f3n bajo el sol y en el agua, relajaci\u00f3n total. Eso es lo que te viene a la mente cuando piensas en Bahamas. En resumen: Las Bahamas son muchas islas, algunas privadas y otras no. El tour de un d\u00eda te Read More ...","og_url":"https:\/\/enjoymiamibeach.com\/espanol\/miami-beach-tours\/miami-to-bahamas-tour\/","og_site_name":"ENJOY MIAMI BEACH","article_modified_time":"2020-02-17T00:28:07+00:00","twitter_card":"summary","twitter_misc":{"Tiempo de lectura":"3 minutos"},"schema":{"@context":"https:\/\/schema.org","@graph":[{"@type":"WebSite","@id":"https:\/\/enjoymiamibeach.com\/espanol\/#website","url":"https:\/\/enjoymiamibeach.com\/espanol\/","name":"ENJOY MIAMI BEACH","description":"Miami Beach informaci\u00f3n para el turista - precios de taxi - Ocean DR - Lincoln RD","potentialAction":[{"@type":"SearchAction","target":{"@type":"EntryPoint","urlTemplate":"https:\/\/enjoymiamibeach.com\/espanol\/?s={search_term_string}"},"query-input":"required name=search_term_string"}],"inLanguage":"es"},{"@type":"WebPage","@id":"https:\/\/enjoymiamibeach.com\/espanol\/miami-beach-tours\/miami-to-bahamas-tour\/#webpage","url":"https:\/\/enjoymiamibeach.com\/espanol\/miami-beach-tours\/miami-to-bahamas-tour\/","name":"Tour a Bahamas - Transportaci\u00f3n - ENJOY MIAMI BEACH","isPartOf":{"@id":"https:\/\/enjoymiamibeach.com\/espanol\/#website"},"datePublished":"2016-05-21T15:29:57+00:00","dateModified":"2020-02-17T00:28:07+00:00","breadcrumb":{"@id":"https:\/\/enjoymiamibeach.com\/espanol\/miami-beach-tours\/miami-to-bahamas-tour\/#breadcrumb"},"inLanguage":"es","potentialAction":[{"@type":"ReadAction","target":["https:\/\/enjoymiamibeach.com\/espanol\/miami-beach-tours\/miami-to-bahamas-tour\/"]}]},{"@type":"BreadcrumbList","@id":"https:\/\/enjoymiamibeach.com\/espanol\/miami-beach-tours\/miami-to-bahamas-tour\/#breadcrumb","itemListElement":[{"@type":"ListItem","position":1,"name":"Home","item":"https:\/\/enjoymiamibeach.com\/espanol\/"},{"@type":"ListItem","position":2,"name":"Tours","item":"https:\/\/enjoymiamibeach.com\/espanol\/miami-beach-tours\/"},{"@type":"ListItem","position":3,"name":"Tour a Bahamas &#8211; Transportaci\u00f3n"}]}]}},"_links":{"self":[{"href":"https:\/\/enjoymiamibeach.com\/espanol\/wp-json\/wp\/v2\/pages\/396"}],"collection":[{"href":"https:\/\/enjoymiamibeach.com\/espanol\/wp-json\/wp\/v2\/pages"}],"about":[{"href":"https:\/\/enjoymiamibeach.com\/espanol\/wp-json\/wp\/v2\/types\/page"}],"author":[{"embeddable":true,"href":"https:\/\/enjoymiamibeach.com\/espanol\/wp-json\/wp\/v2\/users\/2"}],"replies":[{"embeddable":true,"href":"https:\/\/enjoymiamibeach.com\/espanol\/wp-json\/wp\/v2\/comments?post=396"}],"version-history":[{"count":16,"href":"https:\/\/enjoymiamibeach.com\/espanol\/wp-json\/wp\/v2\/pages\/396\/revisions"}],"predecessor-version":[{"id":1452,"href":"https:\/\/enjoymiamibeach.com\/espanol\/wp-json\/wp\/v2\/pages\/396\/revisions\/1452"}],"up":[{"embeddable":true,"href":"https:\/\/enjoymiamibeach.com\/espanol\/wp-json\/wp\/v2\/pages\/12"}],"wp:attachment":[{"href":"https:\/\/enjoymiamibeach.com\/espanol\/wp-json\/wp\/v2\/media?parent=396"}],"curies":[{"name":"wp","href":"https:\/\/api.w.org\/{rel}","templated":true}]}}