{"id":372,"date":"2016-05-19T17:02:24","date_gmt":"2016-05-19T22:02:24","guid":{"rendered":"https:\/\/enjoymiamibeach.com\/espanol\/?page_id=372"},"modified":"2019-11-30T19:50:22","modified_gmt":"2019-12-01T00:50:22","slug":"sunset-cruise-tour","status":"publish","type":"page","link":"https:\/\/enjoymiamibeach.com\/espanol\/miami-beach-tours\/sunset-cruise-tour\/","title":{"rendered":"Tour en Crucero al Atardecer"},"content":{"rendered":"<p>Rom\u00e1ntico, relajante, divertido. Termina tu d\u00eda o comienza la noche navegando por la bah\u00eda.<\/p>\n<p><strong>En resumen:<\/strong><\/p>\n<p>Navega alrededor de la Bah\u00eda de Biscayne (como lo har\u00edas en el recorrido en bote durante el d\u00eda) y ve el atardecer. Ten en cuenta que, en realidad, no podr\u00e1s ver la puesta de sol en el horizonte porque Miami est\u00e1 en la costa Este, pero el cielo tendr\u00e1 hermosos tonos de rojo, naranja y rosa.<\/p>\n<p><strong>M\u00e1s detalles:<\/strong><\/p>\n<ul>\n<li>Duraci\u00f3n del recorrdo: alrededor de 2 horas<\/li>\n<li>Toma este tour desde Bayside Marketplace<\/li>\n<li>Estos barcos suelen ser m\u00e1s peque\u00f1os y toman menos personas<\/li>\n<li>La mayor\u00eda de los barcos venden bebidas y refrigerios. Algunos de estos tours incluyen una bebida gratis.<\/li>\n<li>A veces puedes obtener una buena oferta para este tour a trav\u00e9s de Groupon.<\/li>\n<li>La mayor\u00eda de esos tours no salen todos los d\u00edas.<\/li>\n<\/ul>\n<p>Precio promedio: $40 \u2013 $50<\/p>\n","protected":false},"excerpt":{"rendered":"<p>Rom\u00e1ntico, relajante, divertido. Termina tu d\u00eda o comienza la noche navegando por la bah\u00eda. En resumen: Navega alrededor de la Bah\u00eda de Biscayne (como lo har\u00edas en el recorrido en bote durante el d\u00eda) y ve el atardecer. Ten en cuenta que, en realidad, no <a class=\"more-link\" href=\"https:\/\/enjoymiamibeach.com\/espanol\/miami-beach-tours\/sunset-cruise-tour\/\">Read More &#8230;<\/a><\/p>\n","protected":false},"author":2,"featured_media":0,"parent":12,"menu_order":0,"comment_status":"closed","ping_status":"closed","template":"","meta":[],"yoast_head":"<!-- This site is optimized with the Yoast SEO plugin v18.8 - https:\/\/yoast.com\/wordpress\/plugins\/seo\/ -->\n<title>Tour en Crucero al Atardecer - ENJOY MIAMI BEACH<\/title>\n<meta name=\"robots\" content=\"index, follow, max-snippet:-1, max-image-preview:large, max-video-preview:-1\" \/>\n<link rel=\"canonical\" href=\"https:\/\/enjoymiamibeach.com\/espanol\/miami-beach-tours\/sunset-cruise-tour\/\" \/>\n<meta property=\"og:locale\" content=\"es_ES\" \/>\n<meta property=\"og:type\" content=\"article\" \/>\n<meta property=\"og:title\" content=\"Tour en Crucero al Atardecer - ENJOY MIAMI BEACH\" \/>\n<meta property=\"og:description\" content=\"Rom\u00e1ntico, relajante, divertido. Termina tu d\u00eda o comienza la noche navegando por la bah\u00eda. En resumen: Navega alrededor de la Bah\u00eda de Biscayne (como lo har\u00edas en el recorrido en bote durante el d\u00eda) y ve el atardecer. Ten en cuenta que, en realidad, no Read More ...\" \/>\n<meta property=\"og:url\" content=\"https:\/\/enjoymiamibeach.com\/espanol\/miami-beach-tours\/sunset-cruise-tour\/\" \/>\n<meta property=\"og:site_name\" content=\"ENJOY MIAMI BEACH\" \/>\n<meta property=\"article:modified_time\" content=\"2019-12-01T00:50:22+00:00\" \/>\n<meta name=\"twitter:card\" content=\"summary\" \/>\n<meta name=\"twitter:label1\" content=\"Tiempo de lectura\" \/>\n\t<meta name=\"twitter:data1\" content=\"1 minuto\" \/>\n<script type=\"application\/ld+json\" class=\"yoast-schema-graph\">{\"@context\":\"https:\/\/schema.org\",\"@graph\":[{\"@type\":\"WebSite\",\"@id\":\"https:\/\/enjoymiamibeach.com\/espanol\/#website\",\"url\":\"https:\/\/enjoymiamibeach.com\/espanol\/\",\"name\":\"ENJOY MIAMI BEACH\",\"description\":\"Miami Beach informaci\u00f3n para el turista - precios de taxi - Ocean DR - Lincoln RD\",\"potentialAction\":[{\"@type\":\"SearchAction\",\"target\":{\"@type\":\"EntryPoint\",\"urlTemplate\":\"https:\/\/enjoymiamibeach.com\/espanol\/?s={search_term_string}\"},\"query-input\":\"required name=search_term_string\"}],\"inLanguage\":\"es\"},{\"@type\":\"WebPage\",\"@id\":\"https:\/\/enjoymiamibeach.com\/espanol\/miami-beach-tours\/sunset-cruise-tour\/#webpage\",\"url\":\"https:\/\/enjoymiamibeach.com\/espanol\/miami-beach-tours\/sunset-cruise-tour\/\",\"name\":\"Tour en Crucero al Atardecer - ENJOY MIAMI BEACH\",\"isPartOf\":{\"@id\":\"https:\/\/enjoymiamibeach.com\/espanol\/#website\"},\"datePublished\":\"2016-05-19T22:02:24+00:00\",\"dateModified\":\"2019-12-01T00:50:22+00:00\",\"breadcrumb\":{\"@id\":\"https:\/\/enjoymiamibeach.com\/espanol\/miami-beach-tours\/sunset-cruise-tour\/#breadcrumb\"},\"inLanguage\":\"es\",\"potentialAction\":[{\"@type\":\"ReadAction\",\"target\":[\"https:\/\/enjoymiamibeach.com\/espanol\/miami-beach-tours\/sunset-cruise-tour\/\"]}]},{\"@type\":\"BreadcrumbList\",\"@id\":\"https:\/\/enjoymiamibeach.com\/espanol\/miami-beach-tours\/sunset-cruise-tour\/#breadcrumb\",\"itemListElement\":[{\"@type\":\"ListItem\",\"position\":1,\"name\":\"Home\",\"item\":\"https:\/\/enjoymiamibeach.com\/espanol\/\"},{\"@type\":\"ListItem\",\"position\":2,\"name\":\"Tours\",\"item\":\"https:\/\/enjoymiamibeach.com\/espanol\/miami-beach-tours\/\"},{\"@type\":\"ListItem\",\"position\":3,\"name\":\"Tour en Crucero al Atardecer\"}]}]}<\/script>\n<!-- \/ Yoast SEO plugin. -->","yoast_head_json":{"title":"Tour en Crucero al Atardecer - ENJOY MIAMI BEACH","robots":{"index":"index","follow":"follow","max-snippet":"max-snippet:-1","max-image-preview":"max-image-preview:large","max-video-preview":"max-video-preview:-1"},"canonical":"https:\/\/enjoymiamibeach.com\/espanol\/miami-beach-tours\/sunset-cruise-tour\/","og_locale":"es_ES","og_type":"article","og_title":"Tour en Crucero al Atardecer - ENJOY MIAMI BEACH","og_description":"Rom\u00e1ntico, relajante, divertido. Termina tu d\u00eda o comienza la noche navegando por la bah\u00eda. En resumen: Navega alrededor de la Bah\u00eda de Biscayne (como lo har\u00edas en el recorrido en bote durante el d\u00eda) y ve el atardecer. Ten en cuenta que, en realidad, no Read More ...","og_url":"https:\/\/enjoymiamibeach.com\/espanol\/miami-beach-tours\/sunset-cruise-tour\/","og_site_name":"ENJOY MIAMI BEACH","article_modified_time":"2019-12-01T00:50:22+00:00","twitter_card":"summary","twitter_misc":{"Tiempo de lectura":"1 minuto"},"schema":{"@context":"https:\/\/schema.org","@graph":[{"@type":"WebSite","@id":"https:\/\/enjoymiamibeach.com\/espanol\/#website","url":"https:\/\/enjoymiamibeach.com\/espanol\/","name":"ENJOY MIAMI BEACH","description":"Miami Beach informaci\u00f3n para el turista - precios de taxi - Ocean DR - Lincoln RD","potentialAction":[{"@type":"SearchAction","target":{"@type":"EntryPoint","urlTemplate":"https:\/\/enjoymiamibeach.com\/espanol\/?s={search_term_string}"},"query-input":"required name=search_term_string"}],"inLanguage":"es"},{"@type":"WebPage","@id":"https:\/\/enjoymiamibeach.com\/espanol\/miami-beach-tours\/sunset-cruise-tour\/#webpage","url":"https:\/\/enjoymiamibeach.com\/espanol\/miami-beach-tours\/sunset-cruise-tour\/","name":"Tour en Crucero al Atardecer - ENJOY MIAMI BEACH","isPartOf":{"@id":"https:\/\/enjoymiamibeach.com\/espanol\/#website"},"datePublished":"2016-05-19T22:02:24+00:00","dateModified":"2019-12-01T00:50:22+00:00","breadcrumb":{"@id":"https:\/\/enjoymiamibeach.com\/espanol\/miami-beach-tours\/sunset-cruise-tour\/#breadcrumb"},"inLanguage":"es","potentialAction":[{"@type":"ReadAction","target":["https:\/\/enjoymiamibeach.com\/espanol\/miami-beach-tours\/sunset-cruise-tour\/"]}]},{"@type":"BreadcrumbList","@id":"https:\/\/enjoymiamibeach.com\/espanol\/miami-beach-tours\/sunset-cruise-tour\/#breadcrumb","itemListElement":[{"@type":"ListItem","position":1,"name":"Home","item":"https:\/\/enjoymiamibeach.com\/espanol\/"},{"@type":"ListItem","position":2,"name":"Tours","item":"https:\/\/enjoymiamibeach.com\/espanol\/miami-beach-tours\/"},{"@type":"ListItem","position":3,"name":"Tour en Crucero al Atardecer"}]}]}},"_links":{"self":[{"href":"https:\/\/enjoymiamibeach.com\/espanol\/wp-json\/wp\/v2\/pages\/372"}],"collection":[{"href":"https:\/\/enjoymiamibeach.com\/espanol\/wp-json\/wp\/v2\/pages"}],"about":[{"href":"https:\/\/enjoymiamibeach.com\/espanol\/wp-json\/wp\/v2\/types\/page"}],"author":[{"embeddable":true,"href":"https:\/\/enjoymiamibeach.com\/espanol\/wp-json\/wp\/v2\/users\/2"}],"replies":[{"embeddable":true,"href":"https:\/\/enjoymiamibeach.com\/espanol\/wp-json\/wp\/v2\/comments?post=372"}],"version-history":[{"count":4,"href":"https:\/\/enjoymiamibeach.com\/espanol\/wp-json\/wp\/v2\/pages\/372\/revisions"}],"predecessor-version":[{"id":1344,"href":"https:\/\/enjoymiamibeach.com\/espanol\/wp-json\/wp\/v2\/pages\/372\/revisions\/1344"}],"up":[{"embeddable":true,"href":"https:\/\/enjoymiamibeach.com\/espanol\/wp-json\/wp\/v2\/pages\/12"}],"wp:attachment":[{"href":"https:\/\/enjoymiamibeach.com\/espanol\/wp-json\/wp\/v2\/media?parent=372"}],"curies":[{"name":"wp","href":"https:\/\/api.w.org\/{rel}","templated":true}]}}