{"id":357,"date":"2016-05-19T13:46:59","date_gmt":"2016-05-19T18:46:59","guid":{"rendered":"https:\/\/enjoymiamibeach.com\/espanol\/?page_id=357"},"modified":"2020-02-16T16:14:26","modified_gmt":"2020-02-16T21:14:26","slug":"everglades-tour","status":"publish","type":"page","link":"https:\/\/enjoymiamibeach.com\/espanol\/miami-beach-tours\/everglades-tour\/","title":{"rendered":"Excursi\u00f3n a los Everglades"},"content":{"rendered":"<h4>Este es para los amantes de la naturaleza y las almas aventureras.<\/h4>\n<h5>En resumen:<\/h5>\n<p>Despu\u00e9s de viajar 1 hora llegar\u00e1s al parque. Una vez all\u00ed te llevar\u00e1n a pasear en un aerobote y te ense\u00f1ar\u00e1n la historia y la importancia de este incre\u00edble h\u00e1bitat natural llamado Everglades. Lo m\u00e1s probable es que veas caimanes nadando libremente a tu alrededor o cerca de ti. Luego volver\u00e1s a tierra firme para visitar la reserva. Algunos tours tambi\u00e9n ofrecen un show y la oportunidad de sacarse una foto con un caim\u00e1n.<\/p>\n<h5>M\u00e1s detalles:<\/h5>\n<ul>\n<li>Recogida y regreso a tu hotel (primero te llevar\u00e1n a su oficina y desde all\u00ed comenzar\u00e1 el recorrido)<\/li>\n<li>Duraci\u00f3n del recorrido: alrededor de 5\/6 horas (incluida la hora de recogida y regreso)<\/li>\n<li>La entrada al parque est\u00e1 incluida.<\/li>\n<li>Aunque la h\u00e9lice del aerobote es muy ruidosa, te dar\u00e1n tapones desechables para los o\u00eddos, as\u00ed que \u00a1no te preocupes!<\/li>\n<li>El gu\u00eda te informar\u00e1 sobre los Everglades, su ecosistema y su importancia.<\/li>\n<li>Algunos tours ofrecen un show educativo sobre la vida silvestre.<\/li>\n<li>Muchos recorridos ofrecen tiempo libre para explorar el parque.<\/li>\n<\/ul>\n<h5>Precio promedio:<\/h5>\n<p>$45 &#8211; $55<\/p>\n\n\t\t<style type=\"text\/css\">\n\t\t\t#gallery-1 {\n\t\t\t\tmargin: auto;\n\t\t\t}\n\t\t\t#gallery-1 .gallery-item {\n\t\t\t\tfloat: left;\n\t\t\t\tmargin-top: 10px;\n\t\t\t\ttext-align: center;\n\t\t\t\twidth: 33%;\n\t\t\t}\n\t\t\t#gallery-1 img {\n\t\t\t\tborder: 2px solid #cfcfcf;\n\t\t\t}\n\t\t\t#gallery-1 .gallery-caption {\n\t\t\t\tmargin-left: 0;\n\t\t\t}\n\t\t\t\/* see gallery_shortcode() in wp-includes\/media.php *\/\n\t\t<\/style>\n\t\t<div id='gallery-1' class='gallery galleryid-357 gallery-columns-3 gallery-size-medium'><dl class='gallery-item'>\n\t\t\t<dt class='gallery-icon landscape'>\n\t\t\t\t<a href='https:\/\/enjoymiamibeach.com\/espanol\/wp-content\/uploads\/2016\/05\/everglades-miami-1.jpg'><img width=\"300\" height=\"200\" src=\"https:\/\/enjoymiamibeach.com\/espanol\/wp-content\/uploads\/2016\/05\/everglades-miami-1-300x200.jpg\" class=\"attachment-medium size-medium\" alt=\"Everglades Miami\" loading=\"lazy\" srcset=\"https:\/\/enjoymiamibeach.com\/espanol\/wp-content\/uploads\/2016\/05\/everglades-miami-1-300x200.jpg 300w, https:\/\/enjoymiamibeach.com\/espanol\/wp-content\/uploads\/2016\/05\/everglades-miami-1-768x512.jpg 768w, https:\/\/enjoymiamibeach.com\/espanol\/wp-content\/uploads\/2016\/05\/everglades-miami-1-1024x682.jpg 1024w, https:\/\/enjoymiamibeach.com\/espanol\/wp-content\/uploads\/2016\/05\/everglades-miami-1-480x320.jpg 480w, https:\/\/enjoymiamibeach.com\/espanol\/wp-content\/uploads\/2016\/05\/everglades-miami-1-880x586.jpg 880w, https:\/\/enjoymiamibeach.com\/espanol\/wp-content\/uploads\/2016\/05\/everglades-miami-1-385x257.jpg 385w, https:\/\/enjoymiamibeach.com\/espanol\/wp-content\/uploads\/2016\/05\/everglades-miami-1-272x182.jpg 272w, https:\/\/enjoymiamibeach.com\/espanol\/wp-content\/uploads\/2016\/05\/everglades-miami-1.jpg 2000w\" sizes=\"(max-width: 300px) 100vw, 300px\" \/><\/a>\n\t\t\t<\/dt><\/dl><dl class='gallery-item'>\n\t\t\t<dt class='gallery-icon landscape'>\n\t\t\t\t<a href='https:\/\/enjoymiamibeach.com\/espanol\/wp-content\/uploads\/2016\/05\/everglades-miami-5.jpg'><img width=\"300\" height=\"200\" src=\"https:\/\/enjoymiamibeach.com\/espanol\/wp-content\/uploads\/2016\/05\/everglades-miami-5-300x200.jpg\" class=\"attachment-medium size-medium\" alt=\"Everglades Miami\" loading=\"lazy\" srcset=\"https:\/\/enjoymiamibeach.com\/espanol\/wp-content\/uploads\/2016\/05\/everglades-miami-5-300x200.jpg 300w, https:\/\/enjoymiamibeach.com\/espanol\/wp-content\/uploads\/2016\/05\/everglades-miami-5-768x512.jpg 768w, https:\/\/enjoymiamibeach.com\/espanol\/wp-content\/uploads\/2016\/05\/everglades-miami-5-1024x682.jpg 1024w, https:\/\/enjoymiamibeach.com\/espanol\/wp-content\/uploads\/2016\/05\/everglades-miami-5-480x320.jpg 480w, https:\/\/enjoymiamibeach.com\/espanol\/wp-content\/uploads\/2016\/05\/everglades-miami-5-880x586.jpg 880w, https:\/\/enjoymiamibeach.com\/espanol\/wp-content\/uploads\/2016\/05\/everglades-miami-5-385x257.jpg 385w, https:\/\/enjoymiamibeach.com\/espanol\/wp-content\/uploads\/2016\/05\/everglades-miami-5-272x182.jpg 272w, https:\/\/enjoymiamibeach.com\/espanol\/wp-content\/uploads\/2016\/05\/everglades-miami-5.jpg 2000w\" sizes=\"(max-width: 300px) 100vw, 300px\" \/><\/a>\n\t\t\t<\/dt><\/dl><dl class='gallery-item'>\n\t\t\t<dt class='gallery-icon landscape'>\n\t\t\t\t<a href='https:\/\/enjoymiamibeach.com\/espanol\/wp-content\/uploads\/2016\/05\/everglades-miami-3.jpg'><img width=\"300\" height=\"200\" src=\"https:\/\/enjoymiamibeach.com\/espanol\/wp-content\/uploads\/2016\/05\/everglades-miami-3-300x200.jpg\" class=\"attachment-medium size-medium\" alt=\"Everglades Miami\" loading=\"lazy\" srcset=\"https:\/\/enjoymiamibeach.com\/espanol\/wp-content\/uploads\/2016\/05\/everglades-miami-3-300x200.jpg 300w, https:\/\/enjoymiamibeach.com\/espanol\/wp-content\/uploads\/2016\/05\/everglades-miami-3-768x512.jpg 768w, https:\/\/enjoymiamibeach.com\/espanol\/wp-content\/uploads\/2016\/05\/everglades-miami-3-1024x682.jpg 1024w, https:\/\/enjoymiamibeach.com\/espanol\/wp-content\/uploads\/2016\/05\/everglades-miami-3-480x320.jpg 480w, https:\/\/enjoymiamibeach.com\/espanol\/wp-content\/uploads\/2016\/05\/everglades-miami-3-880x586.jpg 880w, https:\/\/enjoymiamibeach.com\/espanol\/wp-content\/uploads\/2016\/05\/everglades-miami-3-385x257.jpg 385w, https:\/\/enjoymiamibeach.com\/espanol\/wp-content\/uploads\/2016\/05\/everglades-miami-3-272x182.jpg 272w, https:\/\/enjoymiamibeach.com\/espanol\/wp-content\/uploads\/2016\/05\/everglades-miami-3.jpg 2000w\" sizes=\"(max-width: 300px) 100vw, 300px\" \/><\/a>\n\t\t\t<\/dt><\/dl><br style=\"clear: both\" \/><dl class='gallery-item'>\n\t\t\t<dt class='gallery-icon landscape'>\n\t\t\t\t<a href='https:\/\/enjoymiamibeach.com\/espanol\/wp-content\/uploads\/2016\/05\/everglades-miami-4.jpg'><img width=\"300\" height=\"200\" src=\"https:\/\/enjoymiamibeach.com\/espanol\/wp-content\/uploads\/2016\/05\/everglades-miami-4-300x200.jpg\" class=\"attachment-medium size-medium\" alt=\"Everglades Miami\" loading=\"lazy\" srcset=\"https:\/\/enjoymiamibeach.com\/espanol\/wp-content\/uploads\/2016\/05\/everglades-miami-4-300x200.jpg 300w, https:\/\/enjoymiamibeach.com\/espanol\/wp-content\/uploads\/2016\/05\/everglades-miami-4-768x512.jpg 768w, https:\/\/enjoymiamibeach.com\/espanol\/wp-content\/uploads\/2016\/05\/everglades-miami-4-1024x682.jpg 1024w, https:\/\/enjoymiamibeach.com\/espanol\/wp-content\/uploads\/2016\/05\/everglades-miami-4-480x320.jpg 480w, https:\/\/enjoymiamibeach.com\/espanol\/wp-content\/uploads\/2016\/05\/everglades-miami-4-880x586.jpg 880w, https:\/\/enjoymiamibeach.com\/espanol\/wp-content\/uploads\/2016\/05\/everglades-miami-4-385x257.jpg 385w, https:\/\/enjoymiamibeach.com\/espanol\/wp-content\/uploads\/2016\/05\/everglades-miami-4-272x182.jpg 272w, https:\/\/enjoymiamibeach.com\/espanol\/wp-content\/uploads\/2016\/05\/everglades-miami-4.jpg 2000w\" sizes=\"(max-width: 300px) 100vw, 300px\" \/><\/a>\n\t\t\t<\/dt><\/dl><dl class='gallery-item'>\n\t\t\t<dt class='gallery-icon landscape'>\n\t\t\t\t<a href='https:\/\/enjoymiamibeach.com\/espanol\/wp-content\/uploads\/2016\/05\/everglades-miami-2.jpg'><img width=\"300\" height=\"200\" src=\"https:\/\/enjoymiamibeach.com\/espanol\/wp-content\/uploads\/2016\/05\/everglades-miami-2-300x200.jpg\" class=\"attachment-medium size-medium\" alt=\"Everglades Miami\" loading=\"lazy\" srcset=\"https:\/\/enjoymiamibeach.com\/espanol\/wp-content\/uploads\/2016\/05\/everglades-miami-2-300x200.jpg 300w, https:\/\/enjoymiamibeach.com\/espanol\/wp-content\/uploads\/2016\/05\/everglades-miami-2-768x512.jpg 768w, https:\/\/enjoymiamibeach.com\/espanol\/wp-content\/uploads\/2016\/05\/everglades-miami-2-1024x682.jpg 1024w, https:\/\/enjoymiamibeach.com\/espanol\/wp-content\/uploads\/2016\/05\/everglades-miami-2-480x320.jpg 480w, https:\/\/enjoymiamibeach.com\/espanol\/wp-content\/uploads\/2016\/05\/everglades-miami-2-880x586.jpg 880w, https:\/\/enjoymiamibeach.com\/espanol\/wp-content\/uploads\/2016\/05\/everglades-miami-2-385x257.jpg 385w, https:\/\/enjoymiamibeach.com\/espanol\/wp-content\/uploads\/2016\/05\/everglades-miami-2-272x182.jpg 272w, https:\/\/enjoymiamibeach.com\/espanol\/wp-content\/uploads\/2016\/05\/everglades-miami-2.jpg 2000w\" sizes=\"(max-width: 300px) 100vw, 300px\" \/><\/a>\n\t\t\t<\/dt><\/dl><dl class='gallery-item'>\n\t\t\t<dt class='gallery-icon landscape'>\n\t\t\t\t<a href='https:\/\/enjoymiamibeach.com\/espanol\/wp-content\/uploads\/2016\/05\/everglades-miami-6.jpg'><img width=\"300\" height=\"200\" src=\"https:\/\/enjoymiamibeach.com\/espanol\/wp-content\/uploads\/2016\/05\/everglades-miami-6-300x200.jpg\" class=\"attachment-medium size-medium\" alt=\"Everglades Miami\" loading=\"lazy\" srcset=\"https:\/\/enjoymiamibeach.com\/espanol\/wp-content\/uploads\/2016\/05\/everglades-miami-6-300x200.jpg 300w, https:\/\/enjoymiamibeach.com\/espanol\/wp-content\/uploads\/2016\/05\/everglades-miami-6-768x512.jpg 768w, https:\/\/enjoymiamibeach.com\/espanol\/wp-content\/uploads\/2016\/05\/everglades-miami-6-1024x682.jpg 1024w, https:\/\/enjoymiamibeach.com\/espanol\/wp-content\/uploads\/2016\/05\/everglades-miami-6-480x320.jpg 480w, https:\/\/enjoymiamibeach.com\/espanol\/wp-content\/uploads\/2016\/05\/everglades-miami-6-880x586.jpg 880w, https:\/\/enjoymiamibeach.com\/espanol\/wp-content\/uploads\/2016\/05\/everglades-miami-6-385x257.jpg 385w, https:\/\/enjoymiamibeach.com\/espanol\/wp-content\/uploads\/2016\/05\/everglades-miami-6-272x182.jpg 272w, https:\/\/enjoymiamibeach.com\/espanol\/wp-content\/uploads\/2016\/05\/everglades-miami-6.jpg 2000w\" sizes=\"(max-width: 300px) 100vw, 300px\" \/><\/a>\n\t\t\t<\/dt><\/dl><br style=\"clear: both\" \/>\n\t\t<\/div>\n\n","protected":false},"excerpt":{"rendered":"<p>Este es para los amantes de la naturaleza y las almas aventureras. En resumen: Despu\u00e9s de viajar 1 hora llegar\u00e1s al parque. Una vez all\u00ed te llevar\u00e1n a pasear en un aerobote y te ense\u00f1ar\u00e1n la historia y la importancia de este incre\u00edble h\u00e1bitat natural <a class=\"more-link\" href=\"https:\/\/enjoymiamibeach.com\/espanol\/miami-beach-tours\/everglades-tour\/\">Read More &#8230;<\/a><\/p>\n","protected":false},"author":2,"featured_media":1159,"parent":12,"menu_order":0,"comment_status":"closed","ping_status":"closed","template":"","meta":[],"yoast_head":"<!-- This site is optimized with the Yoast SEO plugin v18.8 - https:\/\/yoast.com\/wordpress\/plugins\/seo\/ -->\n<title>Excursi\u00f3n a los Everglades - ENJOY MIAMI BEACH<\/title>\n<meta name=\"robots\" content=\"index, follow, max-snippet:-1, max-image-preview:large, max-video-preview:-1\" \/>\n<link rel=\"canonical\" href=\"https:\/\/enjoymiamibeach.com\/espanol\/miami-beach-tours\/everglades-tour\/\" \/>\n<meta property=\"og:locale\" content=\"es_ES\" \/>\n<meta property=\"og:type\" content=\"article\" \/>\n<meta property=\"og:title\" content=\"Excursi\u00f3n a los Everglades - ENJOY MIAMI BEACH\" \/>\n<meta property=\"og:description\" content=\"Este es para los amantes de la naturaleza y las almas aventureras. En resumen: Despu\u00e9s de viajar 1 hora llegar\u00e1s al parque. Una vez all\u00ed te llevar\u00e1n a pasear en un aerobote y te ense\u00f1ar\u00e1n la historia y la importancia de este incre\u00edble h\u00e1bitat natural Read More ...\" \/>\n<meta property=\"og:url\" content=\"https:\/\/enjoymiamibeach.com\/espanol\/miami-beach-tours\/everglades-tour\/\" \/>\n<meta property=\"og:site_name\" content=\"ENJOY MIAMI BEACH\" \/>\n<meta property=\"article:modified_time\" content=\"2020-02-16T21:14:26+00:00\" \/>\n<meta property=\"og:image\" content=\"https:\/\/enjoymiamibeach.com\/espanol\/wp-content\/uploads\/2016\/05\/everglades-miami-1.jpg\" \/>\n\t<meta property=\"og:image:width\" content=\"2000\" \/>\n\t<meta property=\"og:image:height\" content=\"1333\" \/>\n\t<meta property=\"og:image:type\" content=\"image\/jpeg\" \/>\n<meta name=\"twitter:card\" content=\"summary\" \/>\n<meta name=\"twitter:label1\" content=\"Tiempo de lectura\" \/>\n\t<meta name=\"twitter:data1\" content=\"1 minuto\" \/>\n<script type=\"application\/ld+json\" class=\"yoast-schema-graph\">{\"@context\":\"https:\/\/schema.org\",\"@graph\":[{\"@type\":\"WebSite\",\"@id\":\"https:\/\/enjoymiamibeach.com\/espanol\/#website\",\"url\":\"https:\/\/enjoymiamibeach.com\/espanol\/\",\"name\":\"ENJOY MIAMI BEACH\",\"description\":\"Miami Beach informaci\u00f3n para el turista - precios de taxi - Ocean DR - Lincoln RD\",\"potentialAction\":[{\"@type\":\"SearchAction\",\"target\":{\"@type\":\"EntryPoint\",\"urlTemplate\":\"https:\/\/enjoymiamibeach.com\/espanol\/?s={search_term_string}\"},\"query-input\":\"required name=search_term_string\"}],\"inLanguage\":\"es\"},{\"@type\":\"ImageObject\",\"inLanguage\":\"es\",\"@id\":\"https:\/\/enjoymiamibeach.com\/espanol\/miami-beach-tours\/everglades-tour\/#primaryimage\",\"url\":\"https:\/\/enjoymiamibeach.com\/espanol\/wp-content\/uploads\/2016\/05\/everglades-miami-1.jpg\",\"contentUrl\":\"https:\/\/enjoymiamibeach.com\/espanol\/wp-content\/uploads\/2016\/05\/everglades-miami-1.jpg\",\"width\":2000,\"height\":1333,\"caption\":\"Everglades Miami\"},{\"@type\":\"WebPage\",\"@id\":\"https:\/\/enjoymiamibeach.com\/espanol\/miami-beach-tours\/everglades-tour\/#webpage\",\"url\":\"https:\/\/enjoymiamibeach.com\/espanol\/miami-beach-tours\/everglades-tour\/\",\"name\":\"Excursi\u00f3n a los Everglades - ENJOY MIAMI BEACH\",\"isPartOf\":{\"@id\":\"https:\/\/enjoymiamibeach.com\/espanol\/#website\"},\"primaryImageOfPage\":{\"@id\":\"https:\/\/enjoymiamibeach.com\/espanol\/miami-beach-tours\/everglades-tour\/#primaryimage\"},\"datePublished\":\"2016-05-19T18:46:59+00:00\",\"dateModified\":\"2020-02-16T21:14:26+00:00\",\"breadcrumb\":{\"@id\":\"https:\/\/enjoymiamibeach.com\/espanol\/miami-beach-tours\/everglades-tour\/#breadcrumb\"},\"inLanguage\":\"es\",\"potentialAction\":[{\"@type\":\"ReadAction\",\"target\":[\"https:\/\/enjoymiamibeach.com\/espanol\/miami-beach-tours\/everglades-tour\/\"]}]},{\"@type\":\"BreadcrumbList\",\"@id\":\"https:\/\/enjoymiamibeach.com\/espanol\/miami-beach-tours\/everglades-tour\/#breadcrumb\",\"itemListElement\":[{\"@type\":\"ListItem\",\"position\":1,\"name\":\"Home\",\"item\":\"https:\/\/enjoymiamibeach.com\/espanol\/\"},{\"@type\":\"ListItem\",\"position\":2,\"name\":\"Tours\",\"item\":\"https:\/\/enjoymiamibeach.com\/espanol\/miami-beach-tours\/\"},{\"@type\":\"ListItem\",\"position\":3,\"name\":\"Excursi\u00f3n a los Everglades\"}]}]}<\/script>\n<!-- \/ Yoast SEO plugin. -->","yoast_head_json":{"title":"Excursi\u00f3n a los Everglades - ENJOY MIAMI BEACH","robots":{"index":"index","follow":"follow","max-snippet":"max-snippet:-1","max-image-preview":"max-image-preview:large","max-video-preview":"max-video-preview:-1"},"canonical":"https:\/\/enjoymiamibeach.com\/espanol\/miami-beach-tours\/everglades-tour\/","og_locale":"es_ES","og_type":"article","og_title":"Excursi\u00f3n a los Everglades - ENJOY MIAMI BEACH","og_description":"Este es para los amantes de la naturaleza y las almas aventureras. En resumen: Despu\u00e9s de viajar 1 hora llegar\u00e1s al parque. Una vez all\u00ed te llevar\u00e1n a pasear en un aerobote y te ense\u00f1ar\u00e1n la historia y la importancia de este incre\u00edble h\u00e1bitat natural Read More ...","og_url":"https:\/\/enjoymiamibeach.com\/espanol\/miami-beach-tours\/everglades-tour\/","og_site_name":"ENJOY MIAMI BEACH","article_modified_time":"2020-02-16T21:14:26+00:00","og_image":[{"width":2000,"height":1333,"url":"https:\/\/enjoymiamibeach.com\/espanol\/wp-content\/uploads\/2016\/05\/everglades-miami-1.jpg","type":"image\/jpeg"}],"twitter_card":"summary","twitter_misc":{"Tiempo de lectura":"1 minuto"},"schema":{"@context":"https:\/\/schema.org","@graph":[{"@type":"WebSite","@id":"https:\/\/enjoymiamibeach.com\/espanol\/#website","url":"https:\/\/enjoymiamibeach.com\/espanol\/","name":"ENJOY MIAMI BEACH","description":"Miami Beach informaci\u00f3n para el turista - precios de taxi - Ocean DR - Lincoln RD","potentialAction":[{"@type":"SearchAction","target":{"@type":"EntryPoint","urlTemplate":"https:\/\/enjoymiamibeach.com\/espanol\/?s={search_term_string}"},"query-input":"required name=search_term_string"}],"inLanguage":"es"},{"@type":"ImageObject","inLanguage":"es","@id":"https:\/\/enjoymiamibeach.com\/espanol\/miami-beach-tours\/everglades-tour\/#primaryimage","url":"https:\/\/enjoymiamibeach.com\/espanol\/wp-content\/uploads\/2016\/05\/everglades-miami-1.jpg","contentUrl":"https:\/\/enjoymiamibeach.com\/espanol\/wp-content\/uploads\/2016\/05\/everglades-miami-1.jpg","width":2000,"height":1333,"caption":"Everglades Miami"},{"@type":"WebPage","@id":"https:\/\/enjoymiamibeach.com\/espanol\/miami-beach-tours\/everglades-tour\/#webpage","url":"https:\/\/enjoymiamibeach.com\/espanol\/miami-beach-tours\/everglades-tour\/","name":"Excursi\u00f3n a los Everglades - ENJOY MIAMI BEACH","isPartOf":{"@id":"https:\/\/enjoymiamibeach.com\/espanol\/#website"},"primaryImageOfPage":{"@id":"https:\/\/enjoymiamibeach.com\/espanol\/miami-beach-tours\/everglades-tour\/#primaryimage"},"datePublished":"2016-05-19T18:46:59+00:00","dateModified":"2020-02-16T21:14:26+00:00","breadcrumb":{"@id":"https:\/\/enjoymiamibeach.com\/espanol\/miami-beach-tours\/everglades-tour\/#breadcrumb"},"inLanguage":"es","potentialAction":[{"@type":"ReadAction","target":["https:\/\/enjoymiamibeach.com\/espanol\/miami-beach-tours\/everglades-tour\/"]}]},{"@type":"BreadcrumbList","@id":"https:\/\/enjoymiamibeach.com\/espanol\/miami-beach-tours\/everglades-tour\/#breadcrumb","itemListElement":[{"@type":"ListItem","position":1,"name":"Home","item":"https:\/\/enjoymiamibeach.com\/espanol\/"},{"@type":"ListItem","position":2,"name":"Tours","item":"https:\/\/enjoymiamibeach.com\/espanol\/miami-beach-tours\/"},{"@type":"ListItem","position":3,"name":"Excursi\u00f3n a los Everglades"}]}]}},"_links":{"self":[{"href":"https:\/\/enjoymiamibeach.com\/espanol\/wp-json\/wp\/v2\/pages\/357"}],"collection":[{"href":"https:\/\/enjoymiamibeach.com\/espanol\/wp-json\/wp\/v2\/pages"}],"about":[{"href":"https:\/\/enjoymiamibeach.com\/espanol\/wp-json\/wp\/v2\/types\/page"}],"author":[{"embeddable":true,"href":"https:\/\/enjoymiamibeach.com\/espanol\/wp-json\/wp\/v2\/users\/2"}],"replies":[{"embeddable":true,"href":"https:\/\/enjoymiamibeach.com\/espanol\/wp-json\/wp\/v2\/comments?post=357"}],"version-history":[{"count":11,"href":"https:\/\/enjoymiamibeach.com\/espanol\/wp-json\/wp\/v2\/pages\/357\/revisions"}],"predecessor-version":[{"id":1439,"href":"https:\/\/enjoymiamibeach.com\/espanol\/wp-json\/wp\/v2\/pages\/357\/revisions\/1439"}],"up":[{"embeddable":true,"href":"https:\/\/enjoymiamibeach.com\/espanol\/wp-json\/wp\/v2\/pages\/12"}],"wp:featuredmedia":[{"embeddable":true,"href":"https:\/\/enjoymiamibeach.com\/espanol\/wp-json\/wp\/v2\/media\/1159"}],"wp:attachment":[{"href":"https:\/\/enjoymiamibeach.com\/espanol\/wp-json\/wp\/v2\/media?parent=357"}],"curies":[{"name":"wp","href":"https:\/\/api.w.org\/{rel}","templated":true}]}}