{"id":351,"date":"2016-05-19T13:09:10","date_gmt":"2016-05-19T18:09:10","guid":{"rendered":"https:\/\/enjoymiamibeach.com\/espanol\/?page_id=351"},"modified":"2020-01-19T12:58:29","modified_gmt":"2020-01-19T17:58:29","slug":"miami-boat-tour","status":"publish","type":"page","link":"https:\/\/enjoymiamibeach.com\/espanol\/miami-beach-tours\/miami-boat-tour\/","title":{"rendered":"Excursi\u00f3n en Bote por la Bah\u00eda"},"content":{"rendered":"<p>Ya sea que te guste \u00abver las mansiones de los ricos y famosos\u00bb o no, este tour ofrece una gran oportunidad para apreciar Miami desde un \u00e1ngulo diferente.<\/p>\n<p><strong>En resumen:<\/strong><\/p>\n<p>Observa Miami desde el agua. Admira el horizonte, toma un poco de sol, respira el aire fresco del oc\u00e9ano y aprende un poco sobre cu\u00e1nto pag\u00f3 tal o cual celebridad por su mansi\u00f3n, d\u00f3nde se filmaron ciertas pel\u00edculas famosas, etc. Definitivamente, informaci\u00f3n valiosa \ud83d\ude09<\/p>\n<p><strong>M\u00e1s detalles:<\/strong><\/p>\n<ul>\n<li>Recogida y regreso a su hotel: te llevar\u00e1n a Bayside Miami (todas las compa\u00f1\u00edas tienen sus puestos all\u00ed)<\/li>\n<li>Tambi\u00e9n puedes ir por tu cuenta a Bayside y tomar el bote all\u00ed (ahorrar\u00e1s un par de d\u00f3lares, pero ten en cuenta que deber\u00e1s pagar por el estacionamiento)<\/li>\n<li>Duraci\u00f3n del recorrido: alrededor de 3 horas (incluida la hora de recogida y retorno)<\/li>\n<li>Tour narrado alrededor de la Bah\u00eda de Biscayne<\/li>\n<li>Admira el horizonte de Miami, el puerto, la isla Fisher, Miami Beach y las islas donde est\u00e1n las mansiones de los ricos y famosos (tambi\u00e9n conocidas como \u00abMillionaire&#8217;s Row\u00bb)<\/li>\n<li>La mayor\u00eda de los barcos venden bebidas y bocadillos, as\u00ed como fotos de recuerdo.<\/li>\n<li>Disfruta de tiempo libre para recorrer Bayside Marketplace.<\/li>\n<\/ul>\n<p>Precio promedio: $39<\/p>\n","protected":false},"excerpt":{"rendered":"<p>Ya sea que te guste \u00abver las mansiones de los ricos y famosos\u00bb o no, este tour ofrece una gran oportunidad para apreciar Miami desde un \u00e1ngulo diferente. En resumen: Observa Miami desde el agua. Admira el horizonte, toma un poco de sol, respira el <a class=\"more-link\" href=\"https:\/\/enjoymiamibeach.com\/espanol\/miami-beach-tours\/miami-boat-tour\/\">Read More &#8230;<\/a><\/p>\n","protected":false},"author":2,"featured_media":0,"parent":12,"menu_order":0,"comment_status":"closed","ping_status":"closed","template":"","meta":[],"yoast_head":"<!-- This site is optimized with the Yoast SEO plugin v18.8 - https:\/\/yoast.com\/wordpress\/plugins\/seo\/ -->\n<title>Excursi\u00f3n en Bote por la Bah\u00eda - ENJOY MIAMI BEACH<\/title>\n<meta name=\"robots\" content=\"index, follow, max-snippet:-1, max-image-preview:large, max-video-preview:-1\" \/>\n<link rel=\"canonical\" href=\"https:\/\/enjoymiamibeach.com\/espanol\/miami-beach-tours\/miami-boat-tour\/\" \/>\n<meta property=\"og:locale\" content=\"es_ES\" \/>\n<meta property=\"og:type\" content=\"article\" \/>\n<meta property=\"og:title\" content=\"Excursi\u00f3n en Bote por la Bah\u00eda - ENJOY MIAMI BEACH\" \/>\n<meta property=\"og:description\" content=\"Ya sea que te guste \u00abver las mansiones de los ricos y famosos\u00bb o no, este tour ofrece una gran oportunidad para apreciar Miami desde un \u00e1ngulo diferente. En resumen: Observa Miami desde el agua. Admira el horizonte, toma un poco de sol, respira el Read More ...\" \/>\n<meta property=\"og:url\" content=\"https:\/\/enjoymiamibeach.com\/espanol\/miami-beach-tours\/miami-boat-tour\/\" \/>\n<meta property=\"og:site_name\" content=\"ENJOY MIAMI BEACH\" \/>\n<meta property=\"article:modified_time\" content=\"2020-01-19T17:58:29+00:00\" \/>\n<meta name=\"twitter:card\" content=\"summary\" \/>\n<meta name=\"twitter:label1\" content=\"Tiempo de lectura\" \/>\n\t<meta name=\"twitter:data1\" content=\"1 minuto\" \/>\n<script type=\"application\/ld+json\" class=\"yoast-schema-graph\">{\"@context\":\"https:\/\/schema.org\",\"@graph\":[{\"@type\":\"WebSite\",\"@id\":\"https:\/\/enjoymiamibeach.com\/espanol\/#website\",\"url\":\"https:\/\/enjoymiamibeach.com\/espanol\/\",\"name\":\"ENJOY MIAMI BEACH\",\"description\":\"Miami Beach informaci\u00f3n para el turista - precios de taxi - Ocean DR - Lincoln RD\",\"potentialAction\":[{\"@type\":\"SearchAction\",\"target\":{\"@type\":\"EntryPoint\",\"urlTemplate\":\"https:\/\/enjoymiamibeach.com\/espanol\/?s={search_term_string}\"},\"query-input\":\"required name=search_term_string\"}],\"inLanguage\":\"es\"},{\"@type\":\"WebPage\",\"@id\":\"https:\/\/enjoymiamibeach.com\/espanol\/miami-beach-tours\/miami-boat-tour\/#webpage\",\"url\":\"https:\/\/enjoymiamibeach.com\/espanol\/miami-beach-tours\/miami-boat-tour\/\",\"name\":\"Excursi\u00f3n en Bote por la Bah\u00eda - ENJOY MIAMI BEACH\",\"isPartOf\":{\"@id\":\"https:\/\/enjoymiamibeach.com\/espanol\/#website\"},\"datePublished\":\"2016-05-19T18:09:10+00:00\",\"dateModified\":\"2020-01-19T17:58:29+00:00\",\"breadcrumb\":{\"@id\":\"https:\/\/enjoymiamibeach.com\/espanol\/miami-beach-tours\/miami-boat-tour\/#breadcrumb\"},\"inLanguage\":\"es\",\"potentialAction\":[{\"@type\":\"ReadAction\",\"target\":[\"https:\/\/enjoymiamibeach.com\/espanol\/miami-beach-tours\/miami-boat-tour\/\"]}]},{\"@type\":\"BreadcrumbList\",\"@id\":\"https:\/\/enjoymiamibeach.com\/espanol\/miami-beach-tours\/miami-boat-tour\/#breadcrumb\",\"itemListElement\":[{\"@type\":\"ListItem\",\"position\":1,\"name\":\"Home\",\"item\":\"https:\/\/enjoymiamibeach.com\/espanol\/\"},{\"@type\":\"ListItem\",\"position\":2,\"name\":\"Tours\",\"item\":\"https:\/\/enjoymiamibeach.com\/espanol\/miami-beach-tours\/\"},{\"@type\":\"ListItem\",\"position\":3,\"name\":\"Excursi\u00f3n en Bote por la Bah\u00eda\"}]}]}<\/script>\n<!-- \/ Yoast SEO plugin. -->","yoast_head_json":{"title":"Excursi\u00f3n en Bote por la Bah\u00eda - ENJOY MIAMI BEACH","robots":{"index":"index","follow":"follow","max-snippet":"max-snippet:-1","max-image-preview":"max-image-preview:large","max-video-preview":"max-video-preview:-1"},"canonical":"https:\/\/enjoymiamibeach.com\/espanol\/miami-beach-tours\/miami-boat-tour\/","og_locale":"es_ES","og_type":"article","og_title":"Excursi\u00f3n en Bote por la Bah\u00eda - ENJOY MIAMI BEACH","og_description":"Ya sea que te guste \u00abver las mansiones de los ricos y famosos\u00bb o no, este tour ofrece una gran oportunidad para apreciar Miami desde un \u00e1ngulo diferente. En resumen: Observa Miami desde el agua. Admira el horizonte, toma un poco de sol, respira el Read More ...","og_url":"https:\/\/enjoymiamibeach.com\/espanol\/miami-beach-tours\/miami-boat-tour\/","og_site_name":"ENJOY MIAMI BEACH","article_modified_time":"2020-01-19T17:58:29+00:00","twitter_card":"summary","twitter_misc":{"Tiempo de lectura":"1 minuto"},"schema":{"@context":"https:\/\/schema.org","@graph":[{"@type":"WebSite","@id":"https:\/\/enjoymiamibeach.com\/espanol\/#website","url":"https:\/\/enjoymiamibeach.com\/espanol\/","name":"ENJOY MIAMI BEACH","description":"Miami Beach informaci\u00f3n para el turista - precios de taxi - Ocean DR - Lincoln RD","potentialAction":[{"@type":"SearchAction","target":{"@type":"EntryPoint","urlTemplate":"https:\/\/enjoymiamibeach.com\/espanol\/?s={search_term_string}"},"query-input":"required name=search_term_string"}],"inLanguage":"es"},{"@type":"WebPage","@id":"https:\/\/enjoymiamibeach.com\/espanol\/miami-beach-tours\/miami-boat-tour\/#webpage","url":"https:\/\/enjoymiamibeach.com\/espanol\/miami-beach-tours\/miami-boat-tour\/","name":"Excursi\u00f3n en Bote por la Bah\u00eda - ENJOY MIAMI BEACH","isPartOf":{"@id":"https:\/\/enjoymiamibeach.com\/espanol\/#website"},"datePublished":"2016-05-19T18:09:10+00:00","dateModified":"2020-01-19T17:58:29+00:00","breadcrumb":{"@id":"https:\/\/enjoymiamibeach.com\/espanol\/miami-beach-tours\/miami-boat-tour\/#breadcrumb"},"inLanguage":"es","potentialAction":[{"@type":"ReadAction","target":["https:\/\/enjoymiamibeach.com\/espanol\/miami-beach-tours\/miami-boat-tour\/"]}]},{"@type":"BreadcrumbList","@id":"https:\/\/enjoymiamibeach.com\/espanol\/miami-beach-tours\/miami-boat-tour\/#breadcrumb","itemListElement":[{"@type":"ListItem","position":1,"name":"Home","item":"https:\/\/enjoymiamibeach.com\/espanol\/"},{"@type":"ListItem","position":2,"name":"Tours","item":"https:\/\/enjoymiamibeach.com\/espanol\/miami-beach-tours\/"},{"@type":"ListItem","position":3,"name":"Excursi\u00f3n en Bote por la Bah\u00eda"}]}]}},"_links":{"self":[{"href":"https:\/\/enjoymiamibeach.com\/espanol\/wp-json\/wp\/v2\/pages\/351"}],"collection":[{"href":"https:\/\/enjoymiamibeach.com\/espanol\/wp-json\/wp\/v2\/pages"}],"about":[{"href":"https:\/\/enjoymiamibeach.com\/espanol\/wp-json\/wp\/v2\/types\/page"}],"author":[{"embeddable":true,"href":"https:\/\/enjoymiamibeach.com\/espanol\/wp-json\/wp\/v2\/users\/2"}],"replies":[{"embeddable":true,"href":"https:\/\/enjoymiamibeach.com\/espanol\/wp-json\/wp\/v2\/comments?post=351"}],"version-history":[{"count":7,"href":"https:\/\/enjoymiamibeach.com\/espanol\/wp-json\/wp\/v2\/pages\/351\/revisions"}],"predecessor-version":[{"id":1428,"href":"https:\/\/enjoymiamibeach.com\/espanol\/wp-json\/wp\/v2\/pages\/351\/revisions\/1428"}],"up":[{"embeddable":true,"href":"https:\/\/enjoymiamibeach.com\/espanol\/wp-json\/wp\/v2\/pages\/12"}],"wp:attachment":[{"href":"https:\/\/enjoymiamibeach.com\/espanol\/wp-json\/wp\/v2\/media?parent=351"}],"curies":[{"name":"wp","href":"https:\/\/api.w.org\/{rel}","templated":true}]}}