{"id":345,"date":"2016-05-12T20:04:28","date_gmt":"2016-05-13T01:04:28","guid":{"rendered":"https:\/\/enjoymiamibeach.com\/espanol\/?page_id=345"},"modified":"2020-02-16T12:17:52","modified_gmt":"2020-02-16T17:17:52","slug":"miami-city-tour","status":"publish","type":"page","link":"https:\/\/enjoymiamibeach.com\/espanol\/miami-beach-tours\/miami-city-tour\/","title":{"rendered":"Tour de la Ciudad de Miami"},"content":{"rendered":"<h4>Una excelente manera de ver Miami y Miami Beach y aprender de un gu\u00eda tur\u00edstico experto.<\/h4>\n<p><img loading=\"lazy\" class=\"aligncenter size-large wp-image-869\" src=\"https:\/\/enjoymiamibeach.com\/espanol\/wp-content\/uploads\/2016\/05\/miami-city-tour-1024x633.jpg\" alt=\"miami city tour\" width=\"880\" height=\"544\" srcset=\"https:\/\/enjoymiamibeach.com\/espanol\/wp-content\/uploads\/2016\/05\/miami-city-tour-1024x633.jpg 1024w, https:\/\/enjoymiamibeach.com\/espanol\/wp-content\/uploads\/2016\/05\/miami-city-tour-300x186.jpg 300w, https:\/\/enjoymiamibeach.com\/espanol\/wp-content\/uploads\/2016\/05\/miami-city-tour-768x475.jpg 768w, https:\/\/enjoymiamibeach.com\/espanol\/wp-content\/uploads\/2016\/05\/miami-city-tour.jpg 2000w\" sizes=\"(max-width: 880px) 100vw, 880px\" \/><\/p>\n<p>\u00a0<\/p>\n<h5>En resumen:<\/h5>\n<p>Conoce la ciudad y sus puntos de atracci\u00f3n en un per\u00edodo de tiempo corto.<\/p>\n<h5>M\u00e1s detales:<\/h5>\n<ul>\n<li>Incluye la recogida y regreso a tu hotel (primero te llevar\u00e1n a su oficina y desde all\u00ed comenzar\u00e1 el recorrido)<\/li>\n<li>Duraci\u00f3n del recorrido: alrededor de 4 horas (incluida la hora de recogida y retorno)<\/li>\n<li>Visita South Beach y el hist\u00f3rico distrito Art Deco, Bayside, el centro de Miami, el distrito financiero (Brickell), el hist\u00f3rico Coconut Grove, Coral Gables, el hotel Biltmore, la Piscina Veneciana, Miracle Mile y Little Havana (la Peque\u00f1a Havana).<\/li>\n<li>Tendr\u00e1s algo de tiempo libre para explorar. Por lo general, ofrecen dos paradas: Bayside Marketplace y Little Havana<\/li>\n<li>La mayor\u00eda de los gu\u00edas tur\u00edsticos hablan ingl\u00e9s y espa\u00f1ol.<\/li>\n<\/ul>\n<h5>Precio promedio:<\/h5>\n<p>$39 &#8211; $55<\/p>\n\n\n<p><\/p>\n","protected":false},"excerpt":{"rendered":"<p>Una excelente manera de ver Miami y Miami Beach y aprender de un gu\u00eda tur\u00edstico experto. \u00a0 En resumen: Conoce la ciudad y sus puntos de atracci\u00f3n en un per\u00edodo de tiempo corto. M\u00e1s detales: Incluye la recogida y regreso a tu hotel (primero te <a class=\"more-link\" href=\"https:\/\/enjoymiamibeach.com\/espanol\/miami-beach-tours\/miami-city-tour\/\">Read More &#8230;<\/a><\/p>\n","protected":false},"author":2,"featured_media":869,"parent":12,"menu_order":0,"comment_status":"closed","ping_status":"closed","template":"","meta":[],"yoast_head":"<!-- This site is optimized with the Yoast SEO plugin v18.8 - https:\/\/yoast.com\/wordpress\/plugins\/seo\/ -->\n<title>Tour de la Ciudad de Miami - ENJOY MIAMI BEACH<\/title>\n<meta name=\"robots\" content=\"index, follow, max-snippet:-1, max-image-preview:large, max-video-preview:-1\" \/>\n<link rel=\"canonical\" href=\"https:\/\/enjoymiamibeach.com\/espanol\/miami-beach-tours\/miami-city-tour\/\" \/>\n<meta property=\"og:locale\" content=\"es_ES\" \/>\n<meta property=\"og:type\" content=\"article\" \/>\n<meta property=\"og:title\" content=\"Tour de la Ciudad de Miami - ENJOY MIAMI BEACH\" \/>\n<meta property=\"og:description\" content=\"Una excelente manera de ver Miami y Miami Beach y aprender de un gu\u00eda tur\u00edstico experto. \u00a0 En resumen: Conoce la ciudad y sus puntos de atracci\u00f3n en un per\u00edodo de tiempo corto. M\u00e1s detales: Incluye la recogida y regreso a tu hotel (primero te Read More ...\" \/>\n<meta property=\"og:url\" content=\"https:\/\/enjoymiamibeach.com\/espanol\/miami-beach-tours\/miami-city-tour\/\" \/>\n<meta property=\"og:site_name\" content=\"ENJOY MIAMI BEACH\" \/>\n<meta property=\"article:modified_time\" content=\"2020-02-16T17:17:52+00:00\" \/>\n<meta property=\"og:image\" content=\"https:\/\/enjoymiamibeach.com\/espanol\/wp-content\/uploads\/2016\/05\/miami-city-tour.jpg\" \/>\n\t<meta property=\"og:image:width\" content=\"2000\" \/>\n\t<meta property=\"og:image:height\" content=\"1237\" \/>\n\t<meta property=\"og:image:type\" content=\"image\/jpeg\" \/>\n<meta name=\"twitter:card\" content=\"summary\" \/>\n<meta name=\"twitter:label1\" content=\"Tiempo de lectura\" \/>\n\t<meta name=\"twitter:data1\" content=\"1 minuto\" \/>\n<script type=\"application\/ld+json\" class=\"yoast-schema-graph\">{\"@context\":\"https:\/\/schema.org\",\"@graph\":[{\"@type\":\"WebSite\",\"@id\":\"https:\/\/enjoymiamibeach.com\/espanol\/#website\",\"url\":\"https:\/\/enjoymiamibeach.com\/espanol\/\",\"name\":\"ENJOY MIAMI BEACH\",\"description\":\"Miami Beach informaci\u00f3n para el turista - precios de taxi - Ocean DR - Lincoln RD\",\"potentialAction\":[{\"@type\":\"SearchAction\",\"target\":{\"@type\":\"EntryPoint\",\"urlTemplate\":\"https:\/\/enjoymiamibeach.com\/espanol\/?s={search_term_string}\"},\"query-input\":\"required name=search_term_string\"}],\"inLanguage\":\"es\"},{\"@type\":\"ImageObject\",\"inLanguage\":\"es\",\"@id\":\"https:\/\/enjoymiamibeach.com\/espanol\/miami-beach-tours\/miami-city-tour\/#primaryimage\",\"url\":\"https:\/\/enjoymiamibeach.com\/espanol\/wp-content\/uploads\/2016\/05\/miami-city-tour.jpg\",\"contentUrl\":\"https:\/\/enjoymiamibeach.com\/espanol\/wp-content\/uploads\/2016\/05\/miami-city-tour.jpg\",\"width\":2000,\"height\":1237,\"caption\":\"miami city tour\"},{\"@type\":\"WebPage\",\"@id\":\"https:\/\/enjoymiamibeach.com\/espanol\/miami-beach-tours\/miami-city-tour\/#webpage\",\"url\":\"https:\/\/enjoymiamibeach.com\/espanol\/miami-beach-tours\/miami-city-tour\/\",\"name\":\"Tour de la Ciudad de Miami - ENJOY MIAMI BEACH\",\"isPartOf\":{\"@id\":\"https:\/\/enjoymiamibeach.com\/espanol\/#website\"},\"primaryImageOfPage\":{\"@id\":\"https:\/\/enjoymiamibeach.com\/espanol\/miami-beach-tours\/miami-city-tour\/#primaryimage\"},\"datePublished\":\"2016-05-13T01:04:28+00:00\",\"dateModified\":\"2020-02-16T17:17:52+00:00\",\"breadcrumb\":{\"@id\":\"https:\/\/enjoymiamibeach.com\/espanol\/miami-beach-tours\/miami-city-tour\/#breadcrumb\"},\"inLanguage\":\"es\",\"potentialAction\":[{\"@type\":\"ReadAction\",\"target\":[\"https:\/\/enjoymiamibeach.com\/espanol\/miami-beach-tours\/miami-city-tour\/\"]}]},{\"@type\":\"BreadcrumbList\",\"@id\":\"https:\/\/enjoymiamibeach.com\/espanol\/miami-beach-tours\/miami-city-tour\/#breadcrumb\",\"itemListElement\":[{\"@type\":\"ListItem\",\"position\":1,\"name\":\"Home\",\"item\":\"https:\/\/enjoymiamibeach.com\/espanol\/\"},{\"@type\":\"ListItem\",\"position\":2,\"name\":\"Tours\",\"item\":\"https:\/\/enjoymiamibeach.com\/espanol\/miami-beach-tours\/\"},{\"@type\":\"ListItem\",\"position\":3,\"name\":\"Tour de la Ciudad de Miami\"}]}]}<\/script>\n<!-- \/ Yoast SEO plugin. -->","yoast_head_json":{"title":"Tour de la Ciudad de Miami - ENJOY MIAMI BEACH","robots":{"index":"index","follow":"follow","max-snippet":"max-snippet:-1","max-image-preview":"max-image-preview:large","max-video-preview":"max-video-preview:-1"},"canonical":"https:\/\/enjoymiamibeach.com\/espanol\/miami-beach-tours\/miami-city-tour\/","og_locale":"es_ES","og_type":"article","og_title":"Tour de la Ciudad de Miami - ENJOY MIAMI BEACH","og_description":"Una excelente manera de ver Miami y Miami Beach y aprender de un gu\u00eda tur\u00edstico experto. \u00a0 En resumen: Conoce la ciudad y sus puntos de atracci\u00f3n en un per\u00edodo de tiempo corto. M\u00e1s detales: Incluye la recogida y regreso a tu hotel (primero te Read More ...","og_url":"https:\/\/enjoymiamibeach.com\/espanol\/miami-beach-tours\/miami-city-tour\/","og_site_name":"ENJOY MIAMI BEACH","article_modified_time":"2020-02-16T17:17:52+00:00","og_image":[{"width":2000,"height":1237,"url":"https:\/\/enjoymiamibeach.com\/espanol\/wp-content\/uploads\/2016\/05\/miami-city-tour.jpg","type":"image\/jpeg"}],"twitter_card":"summary","twitter_misc":{"Tiempo de lectura":"1 minuto"},"schema":{"@context":"https:\/\/schema.org","@graph":[{"@type":"WebSite","@id":"https:\/\/enjoymiamibeach.com\/espanol\/#website","url":"https:\/\/enjoymiamibeach.com\/espanol\/","name":"ENJOY MIAMI BEACH","description":"Miami Beach informaci\u00f3n para el turista - precios de taxi - Ocean DR - Lincoln RD","potentialAction":[{"@type":"SearchAction","target":{"@type":"EntryPoint","urlTemplate":"https:\/\/enjoymiamibeach.com\/espanol\/?s={search_term_string}"},"query-input":"required name=search_term_string"}],"inLanguage":"es"},{"@type":"ImageObject","inLanguage":"es","@id":"https:\/\/enjoymiamibeach.com\/espanol\/miami-beach-tours\/miami-city-tour\/#primaryimage","url":"https:\/\/enjoymiamibeach.com\/espanol\/wp-content\/uploads\/2016\/05\/miami-city-tour.jpg","contentUrl":"https:\/\/enjoymiamibeach.com\/espanol\/wp-content\/uploads\/2016\/05\/miami-city-tour.jpg","width":2000,"height":1237,"caption":"miami city tour"},{"@type":"WebPage","@id":"https:\/\/enjoymiamibeach.com\/espanol\/miami-beach-tours\/miami-city-tour\/#webpage","url":"https:\/\/enjoymiamibeach.com\/espanol\/miami-beach-tours\/miami-city-tour\/","name":"Tour de la Ciudad de Miami - ENJOY MIAMI BEACH","isPartOf":{"@id":"https:\/\/enjoymiamibeach.com\/espanol\/#website"},"primaryImageOfPage":{"@id":"https:\/\/enjoymiamibeach.com\/espanol\/miami-beach-tours\/miami-city-tour\/#primaryimage"},"datePublished":"2016-05-13T01:04:28+00:00","dateModified":"2020-02-16T17:17:52+00:00","breadcrumb":{"@id":"https:\/\/enjoymiamibeach.com\/espanol\/miami-beach-tours\/miami-city-tour\/#breadcrumb"},"inLanguage":"es","potentialAction":[{"@type":"ReadAction","target":["https:\/\/enjoymiamibeach.com\/espanol\/miami-beach-tours\/miami-city-tour\/"]}]},{"@type":"BreadcrumbList","@id":"https:\/\/enjoymiamibeach.com\/espanol\/miami-beach-tours\/miami-city-tour\/#breadcrumb","itemListElement":[{"@type":"ListItem","position":1,"name":"Home","item":"https:\/\/enjoymiamibeach.com\/espanol\/"},{"@type":"ListItem","position":2,"name":"Tours","item":"https:\/\/enjoymiamibeach.com\/espanol\/miami-beach-tours\/"},{"@type":"ListItem","position":3,"name":"Tour de la Ciudad de Miami"}]}]}},"_links":{"self":[{"href":"https:\/\/enjoymiamibeach.com\/espanol\/wp-json\/wp\/v2\/pages\/345"}],"collection":[{"href":"https:\/\/enjoymiamibeach.com\/espanol\/wp-json\/wp\/v2\/pages"}],"about":[{"href":"https:\/\/enjoymiamibeach.com\/espanol\/wp-json\/wp\/v2\/types\/page"}],"author":[{"embeddable":true,"href":"https:\/\/enjoymiamibeach.com\/espanol\/wp-json\/wp\/v2\/users\/2"}],"replies":[{"embeddable":true,"href":"https:\/\/enjoymiamibeach.com\/espanol\/wp-json\/wp\/v2\/comments?post=345"}],"version-history":[{"count":9,"href":"https:\/\/enjoymiamibeach.com\/espanol\/wp-json\/wp\/v2\/pages\/345\/revisions"}],"predecessor-version":[{"id":1435,"href":"https:\/\/enjoymiamibeach.com\/espanol\/wp-json\/wp\/v2\/pages\/345\/revisions\/1435"}],"up":[{"embeddable":true,"href":"https:\/\/enjoymiamibeach.com\/espanol\/wp-json\/wp\/v2\/pages\/12"}],"wp:featuredmedia":[{"embeddable":true,"href":"https:\/\/enjoymiamibeach.com\/espanol\/wp-json\/wp\/v2\/media\/869"}],"wp:attachment":[{"href":"https:\/\/enjoymiamibeach.com\/espanol\/wp-json\/wp\/v2\/media?parent=345"}],"curies":[{"name":"wp","href":"https:\/\/api.w.org\/{rel}","templated":true}]}}