{"id":341,"date":"2016-05-12T19:45:15","date_gmt":"2016-05-13T00:45:15","guid":{"rendered":"https:\/\/enjoymiamibeach.com\/espanol\/?page_id=341"},"modified":"2020-02-16T10:16:15","modified_gmt":"2020-02-16T15:16:15","slug":"hop-on-hop-off-bus-miami","status":"publish","type":"page","link":"https:\/\/enjoymiamibeach.com\/espanol\/miami-beach-tours\/hop-on-hop-off-bus-miami\/","title":{"rendered":"Hop-On, Hop-Off Bus Miami"},"content":{"rendered":"<h3>Si no tienes auto, tienes dos d\u00edas libres, y deseas visitar lugares que est\u00e1n demasiado lejos para ir con el transporte p\u00fablico, mientras aprendes un poco sobre la ciudad, \u00e9ste es el tour para ti. Nosotros mismos lo hemos hecho en Miami y en otras ciudades y pa\u00edses. Sinceramente funciona.<\/h3>\n<h3><\/h3>\n<p>Es el famoso autob\u00fas rojo de dos pisos de estilo ingl\u00e9s y hay varias compa\u00f1\u00edas que ofrecen el servicio.<\/p>\n<p>C\u00f3mo funciona:<\/p>\n<ul>\n<li>Compra tu boleto (puedes hacerlo a trav\u00e9s de los enlaces que te damos abajo o preguntarle al conserje de tu hotel d\u00f3nde comprarlos)<\/li>\n<li>Ve a la parada m\u00e1s cercana (p\u00eddele a tu conserje que te de un mapa con las paradas o que te indique d\u00f3nde est\u00e1 la m\u00e1s cercana)<\/li>\n<li>Algunas compa\u00f1\u00edas ofrecen recogerte en tu hotel.<\/li>\n<li>S\u00fabete al\u00a0autob\u00fas<\/li>\n<li>Te dar\u00e1n auriculares para puedas escuchar la gu\u00eda pregrabada en tu idioma (la mayor\u00eda de los autobuses ofrecen ingl\u00e9s, espa\u00f1ol, alem\u00e1n, franc\u00e9s, italiano, portugu\u00e9s y ruso)<\/li>\n<li>Cuando el autob\u00fas llegue a una parada que te interese, puedes bajar y pasear.<\/li>\n<li>Mira tu mapa (puedes obtener uno a bordo) para saber\u00a0cu\u00e1ndo viene el pr\u00f3ximo autob\u00fas. La mayor\u00eda de los autobuses pasan\u00a0cada 30\/40 minutos. El mapa te indicar\u00e1 la hora en que el \u00faltimo\u00a0autob\u00fas llega a cada parada en particular. Esto es importante porque no querr\u00e1s perder \u00e9se y quedar varado.<\/li>\n<li>La mayor\u00eda de los servicios tienen diferentes rutas, a menudo identificadas con colores (ruta roja, ruta azul, etc.) Hay una terminal \/ parada com\u00fan donde convergen todas estas rutas y podr\u00e1s cambiar a una ruta diferente. Todas las rutas est\u00e1n incluidas en el precio de tu boleto.<\/li>\n<li>Cada recorrido (si no te bajas del autob\u00fas) dura alrededor de 90 minutos.<\/li>\n<\/ul>\n<p>A continuaci\u00f3n est\u00e1n las dos compa\u00f1\u00edas de autobuses de dos pisos m\u00e1s populares que operan en Miami.<\/p>\n<hr \/>\n<h3>1) Miami Double Decker<\/h3>\n<p>Funciona de 9:30 a.m. a 6:30 p.m (Ese es el horario de partida desde la oficina en incoln Rd).<\/p>\n<p>Tiene tres rutas: Una por South Beach, otra que va hasta el <a href=\"https:\/\/enjoymiamibeach.com\/espanol\/activities\/miami-seaquarium\/\" target=\"_blank\" rel=\"noopener noreferrer\">Miami Seaquarium<\/a> y otra que recorre las \u00e1reas de Coconut Grove, Little Havana y Bayside Market Place<\/p>\n<hr \/>\n<h3>2) Big Bus Tours<\/h3>\n<p><img loading=\"lazy\" class=\"aligncenter size-large wp-image-908\" src=\"https:\/\/enjoymiamibeach.com\/espanol\/wp-content\/uploads\/2016\/05\/Big-Bus-Hop-On-Hop-Of-Double-Decker-Bus-1024x633.jpg\" alt=\"Hop On Hop Off Bus Miami - Big Bus\" width=\"880\" height=\"544\" srcset=\"https:\/\/enjoymiamibeach.com\/espanol\/wp-content\/uploads\/2016\/05\/Big-Bus-Hop-On-Hop-Of-Double-Decker-Bus-1024x633.jpg 1024w, https:\/\/enjoymiamibeach.com\/espanol\/wp-content\/uploads\/2016\/05\/Big-Bus-Hop-On-Hop-Of-Double-Decker-Bus-300x185.jpg 300w, https:\/\/enjoymiamibeach.com\/espanol\/wp-content\/uploads\/2016\/05\/Big-Bus-Hop-On-Hop-Of-Double-Decker-Bus-768x475.jpg 768w, https:\/\/enjoymiamibeach.com\/espanol\/wp-content\/uploads\/2016\/05\/Big-Bus-Hop-On-Hop-Of-Double-Decker-Bus.jpg 1448w\" sizes=\"(max-width: 880px) 100vw, 880px\" \/><\/p>\n<p>Tiene tres rutas<\/p>\n<p>Description from the <a href=\"http:\/\/eng.bigbustours.com\/miami\/home.html\" target=\"_blank\" rel=\"noopener noreferrer\">Big Bus Tours website<\/a>:<\/p>\n<p style=\"padding-left: 30px;\"><em>Nuestros recorridos en autob\u00fas por Miami visitan los mejores lugares de inter\u00e9s y atracciones de la ciudad. Explore todos los barrios imperdibles, desde Little Havana hasta South Beach, y Wynwood Walls hasta el centro de la ciudad. Suba y baje todo lo que quiera, con m\u00e1s de 20 paradas justo en los puntos clave de inter\u00e9s.<\/em><\/p>\n<p style=\"padding-left: 30px;\"><em>South Beach, Wynwood Walls, La Peque\u00f1a Habana. . . has escuchado esos nombres antes, y nuestro recorrido en autob\u00fas por Miami los trae a la vida de forma espectacular. S\u00fabase para disfrutar de vistas panor\u00e1micas del distrito Art Deco y South Beach, y b\u00e1jese para explorar calles emblem\u00e1ticas como Ocean Drive y Calle Ocho. Caiga bajo el hechizo de la Ciudad M\u00e1gica con Big Bus Tours.<\/em><\/p>\n<hr \/>\n","protected":false},"excerpt":{"rendered":"<p>Si no tienes auto, tienes dos d\u00edas libres, y deseas visitar lugares que est\u00e1n demasiado lejos para ir con el transporte p\u00fablico, mientras aprendes un poco sobre la ciudad, \u00e9ste es el tour para ti. Nosotros mismos lo hemos hecho en Miami y en otras <a class=\"more-link\" href=\"https:\/\/enjoymiamibeach.com\/espanol\/miami-beach-tours\/hop-on-hop-off-bus-miami\/\">Read More &#8230;<\/a><\/p>\n","protected":false},"author":2,"featured_media":0,"parent":12,"menu_order":0,"comment_status":"closed","ping_status":"closed","template":"","meta":[],"yoast_head":"<!-- This site is optimized with the Yoast SEO plugin v18.8 - https:\/\/yoast.com\/wordpress\/plugins\/seo\/ -->\n<title>Hop-On, Hop-Off Bus Miami - ENJOY MIAMI BEACH<\/title>\n<meta name=\"robots\" content=\"index, follow, max-snippet:-1, max-image-preview:large, max-video-preview:-1\" \/>\n<link rel=\"canonical\" href=\"https:\/\/enjoymiamibeach.com\/espanol\/miami-beach-tours\/hop-on-hop-off-bus-miami\/\" \/>\n<meta property=\"og:locale\" content=\"es_ES\" \/>\n<meta property=\"og:type\" content=\"article\" \/>\n<meta property=\"og:title\" content=\"Hop-On, Hop-Off Bus Miami - ENJOY MIAMI BEACH\" \/>\n<meta property=\"og:description\" content=\"Si no tienes auto, tienes dos d\u00edas libres, y deseas visitar lugares que est\u00e1n demasiado lejos para ir con el transporte p\u00fablico, mientras aprendes un poco sobre la ciudad, \u00e9ste es el tour para ti. Nosotros mismos lo hemos hecho en Miami y en otras Read More ...\" \/>\n<meta property=\"og:url\" content=\"https:\/\/enjoymiamibeach.com\/espanol\/miami-beach-tours\/hop-on-hop-off-bus-miami\/\" \/>\n<meta property=\"og:site_name\" content=\"ENJOY MIAMI BEACH\" \/>\n<meta property=\"article:modified_time\" content=\"2020-02-16T15:16:15+00:00\" \/>\n<meta property=\"og:image\" content=\"https:\/\/enjoymiamibeach.com\/espanol\/wp-content\/uploads\/2016\/05\/Big-Bus-Hop-On-Hop-Of-Double-Decker-Bus-1024x633.jpg\" \/>\n<meta name=\"twitter:card\" content=\"summary\" \/>\n<meta name=\"twitter:label1\" content=\"Tiempo de lectura\" \/>\n\t<meta name=\"twitter:data1\" content=\"3 minutos\" \/>\n<script type=\"application\/ld+json\" class=\"yoast-schema-graph\">{\"@context\":\"https:\/\/schema.org\",\"@graph\":[{\"@type\":\"WebSite\",\"@id\":\"https:\/\/enjoymiamibeach.com\/espanol\/#website\",\"url\":\"https:\/\/enjoymiamibeach.com\/espanol\/\",\"name\":\"ENJOY MIAMI BEACH\",\"description\":\"Miami Beach informaci\u00f3n para el turista - precios de taxi - Ocean DR - Lincoln RD\",\"potentialAction\":[{\"@type\":\"SearchAction\",\"target\":{\"@type\":\"EntryPoint\",\"urlTemplate\":\"https:\/\/enjoymiamibeach.com\/espanol\/?s={search_term_string}\"},\"query-input\":\"required name=search_term_string\"}],\"inLanguage\":\"es\"},{\"@type\":\"ImageObject\",\"inLanguage\":\"es\",\"@id\":\"https:\/\/enjoymiamibeach.com\/espanol\/miami-beach-tours\/hop-on-hop-off-bus-miami\/#primaryimage\",\"url\":\"https:\/\/enjoymiamibeach.com\/espanol\/wp-content\/uploads\/2016\/05\/Big-Bus-Hop-On-Hop-Of-Double-Decker-Bus.jpg\",\"contentUrl\":\"https:\/\/enjoymiamibeach.com\/espanol\/wp-content\/uploads\/2016\/05\/Big-Bus-Hop-On-Hop-Of-Double-Decker-Bus.jpg\",\"width\":1448,\"height\":895,\"caption\":\"Hop On Hop Off Bus Miami - Big Bus\"},{\"@type\":\"WebPage\",\"@id\":\"https:\/\/enjoymiamibeach.com\/espanol\/miami-beach-tours\/hop-on-hop-off-bus-miami\/#webpage\",\"url\":\"https:\/\/enjoymiamibeach.com\/espanol\/miami-beach-tours\/hop-on-hop-off-bus-miami\/\",\"name\":\"Hop-On, Hop-Off Bus Miami - ENJOY MIAMI BEACH\",\"isPartOf\":{\"@id\":\"https:\/\/enjoymiamibeach.com\/espanol\/#website\"},\"primaryImageOfPage\":{\"@id\":\"https:\/\/enjoymiamibeach.com\/espanol\/miami-beach-tours\/hop-on-hop-off-bus-miami\/#primaryimage\"},\"datePublished\":\"2016-05-13T00:45:15+00:00\",\"dateModified\":\"2020-02-16T15:16:15+00:00\",\"breadcrumb\":{\"@id\":\"https:\/\/enjoymiamibeach.com\/espanol\/miami-beach-tours\/hop-on-hop-off-bus-miami\/#breadcrumb\"},\"inLanguage\":\"es\",\"potentialAction\":[{\"@type\":\"ReadAction\",\"target\":[\"https:\/\/enjoymiamibeach.com\/espanol\/miami-beach-tours\/hop-on-hop-off-bus-miami\/\"]}]},{\"@type\":\"BreadcrumbList\",\"@id\":\"https:\/\/enjoymiamibeach.com\/espanol\/miami-beach-tours\/hop-on-hop-off-bus-miami\/#breadcrumb\",\"itemListElement\":[{\"@type\":\"ListItem\",\"position\":1,\"name\":\"Home\",\"item\":\"https:\/\/enjoymiamibeach.com\/espanol\/\"},{\"@type\":\"ListItem\",\"position\":2,\"name\":\"Tours\",\"item\":\"https:\/\/enjoymiamibeach.com\/espanol\/miami-beach-tours\/\"},{\"@type\":\"ListItem\",\"position\":3,\"name\":\"Hop-On, Hop-Off Bus Miami\"}]}]}<\/script>\n<!-- \/ Yoast SEO plugin. -->","yoast_head_json":{"title":"Hop-On, Hop-Off Bus Miami - ENJOY MIAMI BEACH","robots":{"index":"index","follow":"follow","max-snippet":"max-snippet:-1","max-image-preview":"max-image-preview:large","max-video-preview":"max-video-preview:-1"},"canonical":"https:\/\/enjoymiamibeach.com\/espanol\/miami-beach-tours\/hop-on-hop-off-bus-miami\/","og_locale":"es_ES","og_type":"article","og_title":"Hop-On, Hop-Off Bus Miami - ENJOY MIAMI BEACH","og_description":"Si no tienes auto, tienes dos d\u00edas libres, y deseas visitar lugares que est\u00e1n demasiado lejos para ir con el transporte p\u00fablico, mientras aprendes un poco sobre la ciudad, \u00e9ste es el tour para ti. Nosotros mismos lo hemos hecho en Miami y en otras Read More ...","og_url":"https:\/\/enjoymiamibeach.com\/espanol\/miami-beach-tours\/hop-on-hop-off-bus-miami\/","og_site_name":"ENJOY MIAMI BEACH","article_modified_time":"2020-02-16T15:16:15+00:00","og_image":[{"url":"https:\/\/enjoymiamibeach.com\/espanol\/wp-content\/uploads\/2016\/05\/Big-Bus-Hop-On-Hop-Of-Double-Decker-Bus-1024x633.jpg"}],"twitter_card":"summary","twitter_misc":{"Tiempo de lectura":"3 minutos"},"schema":{"@context":"https:\/\/schema.org","@graph":[{"@type":"WebSite","@id":"https:\/\/enjoymiamibeach.com\/espanol\/#website","url":"https:\/\/enjoymiamibeach.com\/espanol\/","name":"ENJOY MIAMI BEACH","description":"Miami Beach informaci\u00f3n para el turista - precios de taxi - Ocean DR - Lincoln RD","potentialAction":[{"@type":"SearchAction","target":{"@type":"EntryPoint","urlTemplate":"https:\/\/enjoymiamibeach.com\/espanol\/?s={search_term_string}"},"query-input":"required name=search_term_string"}],"inLanguage":"es"},{"@type":"ImageObject","inLanguage":"es","@id":"https:\/\/enjoymiamibeach.com\/espanol\/miami-beach-tours\/hop-on-hop-off-bus-miami\/#primaryimage","url":"https:\/\/enjoymiamibeach.com\/espanol\/wp-content\/uploads\/2016\/05\/Big-Bus-Hop-On-Hop-Of-Double-Decker-Bus.jpg","contentUrl":"https:\/\/enjoymiamibeach.com\/espanol\/wp-content\/uploads\/2016\/05\/Big-Bus-Hop-On-Hop-Of-Double-Decker-Bus.jpg","width":1448,"height":895,"caption":"Hop On Hop Off Bus Miami - Big Bus"},{"@type":"WebPage","@id":"https:\/\/enjoymiamibeach.com\/espanol\/miami-beach-tours\/hop-on-hop-off-bus-miami\/#webpage","url":"https:\/\/enjoymiamibeach.com\/espanol\/miami-beach-tours\/hop-on-hop-off-bus-miami\/","name":"Hop-On, Hop-Off Bus Miami - ENJOY MIAMI BEACH","isPartOf":{"@id":"https:\/\/enjoymiamibeach.com\/espanol\/#website"},"primaryImageOfPage":{"@id":"https:\/\/enjoymiamibeach.com\/espanol\/miami-beach-tours\/hop-on-hop-off-bus-miami\/#primaryimage"},"datePublished":"2016-05-13T00:45:15+00:00","dateModified":"2020-02-16T15:16:15+00:00","breadcrumb":{"@id":"https:\/\/enjoymiamibeach.com\/espanol\/miami-beach-tours\/hop-on-hop-off-bus-miami\/#breadcrumb"},"inLanguage":"es","potentialAction":[{"@type":"ReadAction","target":["https:\/\/enjoymiamibeach.com\/espanol\/miami-beach-tours\/hop-on-hop-off-bus-miami\/"]}]},{"@type":"BreadcrumbList","@id":"https:\/\/enjoymiamibeach.com\/espanol\/miami-beach-tours\/hop-on-hop-off-bus-miami\/#breadcrumb","itemListElement":[{"@type":"ListItem","position":1,"name":"Home","item":"https:\/\/enjoymiamibeach.com\/espanol\/"},{"@type":"ListItem","position":2,"name":"Tours","item":"https:\/\/enjoymiamibeach.com\/espanol\/miami-beach-tours\/"},{"@type":"ListItem","position":3,"name":"Hop-On, Hop-Off Bus Miami"}]}]}},"_links":{"self":[{"href":"https:\/\/enjoymiamibeach.com\/espanol\/wp-json\/wp\/v2\/pages\/341"}],"collection":[{"href":"https:\/\/enjoymiamibeach.com\/espanol\/wp-json\/wp\/v2\/pages"}],"about":[{"href":"https:\/\/enjoymiamibeach.com\/espanol\/wp-json\/wp\/v2\/types\/page"}],"author":[{"embeddable":true,"href":"https:\/\/enjoymiamibeach.com\/espanol\/wp-json\/wp\/v2\/users\/2"}],"replies":[{"embeddable":true,"href":"https:\/\/enjoymiamibeach.com\/espanol\/wp-json\/wp\/v2\/comments?post=341"}],"version-history":[{"count":10,"href":"https:\/\/enjoymiamibeach.com\/espanol\/wp-json\/wp\/v2\/pages\/341\/revisions"}],"predecessor-version":[{"id":1433,"href":"https:\/\/enjoymiamibeach.com\/espanol\/wp-json\/wp\/v2\/pages\/341\/revisions\/1433"}],"up":[{"embeddable":true,"href":"https:\/\/enjoymiamibeach.com\/espanol\/wp-json\/wp\/v2\/pages\/12"}],"wp:attachment":[{"href":"https:\/\/enjoymiamibeach.com\/espanol\/wp-json\/wp\/v2\/media?parent=341"}],"curies":[{"name":"wp","href":"https:\/\/api.w.org\/{rel}","templated":true}]}}