{"id":278,"date":"2016-04-19T20:22:48","date_gmt":"2016-04-20T01:22:48","guid":{"rendered":"https:\/\/enjoymiamibeach.com\/espanol\/?page_id=278"},"modified":"2019-01-14T13:26:55","modified_gmt":"2019-01-14T18:26:55","slug":"ride-the-south-beach-local","status":"publish","type":"page","link":"https:\/\/enjoymiamibeach.com\/espanol\/transportation\/ride-the-south-beach-local\/","title":{"rendered":"Tomar el South Beach Local"},"content":{"rendered":"<p>\u00bfQuieres familiarizarte con el \u00e1rea de South Beach de una manera<br \/>\ntranquila y accesible? Toma el South Beach Local, un peque\u00f1o autob\u00fas<br \/>\np\u00fablico que viaja en un circuito circular desde la calle 23 hacia el sur, hasta South Pointe Dr (que es la calle m\u00e1s al sur de Miami Beach)<\/p>\n<p>Cuesta s\u00f3lo 25\u00a2 por viaje y sale cada 15 a 30 minutos dependiendo de<br \/>\nla hora del d\u00eda (ver el horario a continuaci\u00f3n)<\/p>\n<p>Te llevar\u00e1 a algunos de los mejores lugares de South Beach, como el<br \/>\n<a href=\"https:\/\/enjoymiamibeach.com\/espanol\/activities\/new-world-symphony\/\">New World Symphony<\/a>, <a href=\"https:\/\/enjoymiamibeach.com\/espanol\/shopping-malls\/shopping-in-south-beach\/#lincoln-rd-info\">Lincoln Rd Mall<\/a>, Espa\u00f1ola Way, World Erotic Art<br \/>\nMuseum, <a href=\"https:\/\/enjoymiamibeach.com\/espanol\/activities\/wolfsonian-fiu-museum\/\">Wolfsonian Museum FIU<\/a>, Art Deco Museum, <a href=\"https:\/\/enjoymiamibeach.com\/espanol\/ocean-drive\/\">Ocean Drive<\/a>,<br \/>\nJewish Museum, South Pointe Park, <a href=\"https:\/\/enjoymiamibeach.com\/espanol\/outdoors\/flamingo-park\/\">Flamingo Park<\/a>, <a href=\"https:\/\/enjoymiamibeach.com\/espanol\/activities\/holocaust-memorial\/\">Holocaust Memorial<\/a>, y el <a href=\"https:\/\/enjoymiamibeach.com\/espanol\/activities\/miami-beach-botanical-garden\/\">Jard\u00edn Bot\u00e1nico de Miami Beach<\/a>.<\/p>\n<p>It will take you to some of the best places in South Beach such as, the <a href=\"https:\/\/enjoymiamibeach.com\/espanol\/activities\/new-world-symphony\/\">New World Symphony<\/a>, <a href=\"https:\/\/enjoymiamibeach.com\/espanol\/shopping-malls\/shopping-in-south-beach\/#lincoln-rd-info\">Lincoln Rd Mall<\/a>, Espa\u00f1ola Way, the World Erotic Art Museum, the <a href=\"https:\/\/enjoymiamibeach.com\/espanol\/activities\/wolfsonian-fiu-museum\/\">Wolfsonian Museum FIU<\/a>, the\u00a0Art Deco Museum, <a href=\"https:\/\/enjoymiamibeach.com\/espanol\/ocean-drive\/\">Ocean Drive<\/a>, the Jewish Museum, South Pointe Park, <a href=\"https:\/\/enjoymiamibeach.com\/espanol\/outdoors\/flamingo-park\/\">Flamingo Park<\/a>, <a href=\"https:\/\/enjoymiamibeach.com\/espanol\/activities\/holocaust-memorial\/\">Holocaust Memorial<\/a>, and the <a href=\"https:\/\/enjoymiamibeach.com\/espanol\/activities\/miami-beach-botanical-garden\/\">Miami Beach Botanical Garden<\/a>.<\/p>\n<p>SCHEDULE<\/p>\n<p>MONDAY &#8211; FRIDAY<\/p>\n<div id=\"ctl00_maincontent_Contentblock1\">\n<p align=\"left\">7:40 a.m.\u00a0\u2013\u00a08:20 a.m. Every 30 minutes<\/p>\n<p align=\"left\">8:20 a.m. \u2013 10:00 a.m. Every 20 minutes<br \/>\n10:00 a.m. \u2013 6:00 p.m. Every 13 minutes<br \/>\n6:00 p.m. \u2013 12:46 a.m. Every 20 minutes<\/p>\n<p>SATURDAY<br \/>\n7:40 a.m.\u00a0\u2013\u00a08:20 a.m. Every 30 minutes<\/p>\n<p align=\"left\">8:20 a.m. \u2013 10:00 a.m. Every 20 minutes<br \/>\n10:00 a.m. \u2013 5:30 p.m. Every 13 minutes<br \/>\n5:30 p.m. \u2013 12:49 a.m. Every 20 minutes<\/p>\n<p>SUNDAY<br \/>\n10:00 a.m. \u2013 10:40 a.m. Every 30 minutes<br \/>\n10:40 a.m. \u2013 12:00 p.m. Every 20 minutes<br \/>\n12:00 p.m. \u2013 5:30 p.m. Every 13 minutes<br \/>\n5:30 p.m. \u2013 12:49 a.m. Every 20 minutes<\/p>\n<\/div>\n<div id=\"ctl00_maincontent_Contentblock1\"><\/div>\n","protected":false},"excerpt":{"rendered":"<p>\u00bfQuieres familiarizarte con el \u00e1rea de South Beach de una manera tranquila y accesible? Toma el South Beach Local, un peque\u00f1o autob\u00fas p\u00fablico que viaja en un circuito circular desde la calle 23 hacia el sur, hasta South Pointe Dr (que es la calle m\u00e1s <a class=\"more-link\" href=\"https:\/\/enjoymiamibeach.com\/espanol\/transportation\/ride-the-south-beach-local\/\">Read More &#8230;<\/a><\/p>\n","protected":false},"author":2,"featured_media":0,"parent":19,"menu_order":0,"comment_status":"closed","ping_status":"closed","template":"","meta":[],"yoast_head":"<!-- This site is optimized with the Yoast SEO plugin v18.8 - https:\/\/yoast.com\/wordpress\/plugins\/seo\/ -->\n<title>Tomar el South Beach Local - ENJOY MIAMI BEACH<\/title>\n<meta name=\"robots\" content=\"index, follow, max-snippet:-1, max-image-preview:large, max-video-preview:-1\" \/>\n<link rel=\"canonical\" href=\"https:\/\/enjoymiamibeach.com\/espanol\/transportation\/ride-the-south-beach-local\/\" \/>\n<meta property=\"og:locale\" content=\"es_ES\" \/>\n<meta property=\"og:type\" content=\"article\" \/>\n<meta property=\"og:title\" content=\"Tomar el South Beach Local - ENJOY MIAMI BEACH\" \/>\n<meta property=\"og:description\" content=\"\u00bfQuieres familiarizarte con el \u00e1rea de South Beach de una manera tranquila y accesible? Toma el South Beach Local, un peque\u00f1o autob\u00fas p\u00fablico que viaja en un circuito circular desde la calle 23 hacia el sur, hasta South Pointe Dr (que es la calle m\u00e1s Read More ...\" \/>\n<meta property=\"og:url\" content=\"https:\/\/enjoymiamibeach.com\/espanol\/transportation\/ride-the-south-beach-local\/\" \/>\n<meta property=\"og:site_name\" content=\"ENJOY MIAMI BEACH\" \/>\n<meta property=\"article:modified_time\" content=\"2019-01-14T18:26:55+00:00\" \/>\n<meta name=\"twitter:card\" content=\"summary\" \/>\n<meta name=\"twitter:label1\" content=\"Tiempo de lectura\" \/>\n\t<meta name=\"twitter:data1\" content=\"1 minuto\" \/>\n<script type=\"application\/ld+json\" class=\"yoast-schema-graph\">{\"@context\":\"https:\/\/schema.org\",\"@graph\":[{\"@type\":\"WebSite\",\"@id\":\"https:\/\/enjoymiamibeach.com\/espanol\/#website\",\"url\":\"https:\/\/enjoymiamibeach.com\/espanol\/\",\"name\":\"ENJOY MIAMI BEACH\",\"description\":\"Miami Beach informaci\u00f3n para el turista - precios de taxi - Ocean DR - Lincoln RD\",\"potentialAction\":[{\"@type\":\"SearchAction\",\"target\":{\"@type\":\"EntryPoint\",\"urlTemplate\":\"https:\/\/enjoymiamibeach.com\/espanol\/?s={search_term_string}\"},\"query-input\":\"required name=search_term_string\"}],\"inLanguage\":\"es\"},{\"@type\":\"WebPage\",\"@id\":\"https:\/\/enjoymiamibeach.com\/espanol\/transportation\/ride-the-south-beach-local\/#webpage\",\"url\":\"https:\/\/enjoymiamibeach.com\/espanol\/transportation\/ride-the-south-beach-local\/\",\"name\":\"Tomar el South Beach Local - ENJOY MIAMI BEACH\",\"isPartOf\":{\"@id\":\"https:\/\/enjoymiamibeach.com\/espanol\/#website\"},\"datePublished\":\"2016-04-20T01:22:48+00:00\",\"dateModified\":\"2019-01-14T18:26:55+00:00\",\"breadcrumb\":{\"@id\":\"https:\/\/enjoymiamibeach.com\/espanol\/transportation\/ride-the-south-beach-local\/#breadcrumb\"},\"inLanguage\":\"es\",\"potentialAction\":[{\"@type\":\"ReadAction\",\"target\":[\"https:\/\/enjoymiamibeach.com\/espanol\/transportation\/ride-the-south-beach-local\/\"]}]},{\"@type\":\"BreadcrumbList\",\"@id\":\"https:\/\/enjoymiamibeach.com\/espanol\/transportation\/ride-the-south-beach-local\/#breadcrumb\",\"itemListElement\":[{\"@type\":\"ListItem\",\"position\":1,\"name\":\"Home\",\"item\":\"https:\/\/enjoymiamibeach.com\/espanol\/\"},{\"@type\":\"ListItem\",\"position\":2,\"name\":\"Transportation\",\"item\":\"https:\/\/enjoymiamibeach.com\/espanol\/transportation\/\"},{\"@type\":\"ListItem\",\"position\":3,\"name\":\"Tomar el South Beach Local\"}]}]}<\/script>\n<!-- \/ Yoast SEO plugin. -->","yoast_head_json":{"title":"Tomar el South Beach Local - ENJOY MIAMI BEACH","robots":{"index":"index","follow":"follow","max-snippet":"max-snippet:-1","max-image-preview":"max-image-preview:large","max-video-preview":"max-video-preview:-1"},"canonical":"https:\/\/enjoymiamibeach.com\/espanol\/transportation\/ride-the-south-beach-local\/","og_locale":"es_ES","og_type":"article","og_title":"Tomar el South Beach Local - ENJOY MIAMI BEACH","og_description":"\u00bfQuieres familiarizarte con el \u00e1rea de South Beach de una manera tranquila y accesible? Toma el South Beach Local, un peque\u00f1o autob\u00fas p\u00fablico que viaja en un circuito circular desde la calle 23 hacia el sur, hasta South Pointe Dr (que es la calle m\u00e1s Read More ...","og_url":"https:\/\/enjoymiamibeach.com\/espanol\/transportation\/ride-the-south-beach-local\/","og_site_name":"ENJOY MIAMI BEACH","article_modified_time":"2019-01-14T18:26:55+00:00","twitter_card":"summary","twitter_misc":{"Tiempo de lectura":"1 minuto"},"schema":{"@context":"https:\/\/schema.org","@graph":[{"@type":"WebSite","@id":"https:\/\/enjoymiamibeach.com\/espanol\/#website","url":"https:\/\/enjoymiamibeach.com\/espanol\/","name":"ENJOY MIAMI BEACH","description":"Miami Beach informaci\u00f3n para el turista - precios de taxi - Ocean DR - Lincoln RD","potentialAction":[{"@type":"SearchAction","target":{"@type":"EntryPoint","urlTemplate":"https:\/\/enjoymiamibeach.com\/espanol\/?s={search_term_string}"},"query-input":"required name=search_term_string"}],"inLanguage":"es"},{"@type":"WebPage","@id":"https:\/\/enjoymiamibeach.com\/espanol\/transportation\/ride-the-south-beach-local\/#webpage","url":"https:\/\/enjoymiamibeach.com\/espanol\/transportation\/ride-the-south-beach-local\/","name":"Tomar el South Beach Local - ENJOY MIAMI BEACH","isPartOf":{"@id":"https:\/\/enjoymiamibeach.com\/espanol\/#website"},"datePublished":"2016-04-20T01:22:48+00:00","dateModified":"2019-01-14T18:26:55+00:00","breadcrumb":{"@id":"https:\/\/enjoymiamibeach.com\/espanol\/transportation\/ride-the-south-beach-local\/#breadcrumb"},"inLanguage":"es","potentialAction":[{"@type":"ReadAction","target":["https:\/\/enjoymiamibeach.com\/espanol\/transportation\/ride-the-south-beach-local\/"]}]},{"@type":"BreadcrumbList","@id":"https:\/\/enjoymiamibeach.com\/espanol\/transportation\/ride-the-south-beach-local\/#breadcrumb","itemListElement":[{"@type":"ListItem","position":1,"name":"Home","item":"https:\/\/enjoymiamibeach.com\/espanol\/"},{"@type":"ListItem","position":2,"name":"Transportation","item":"https:\/\/enjoymiamibeach.com\/espanol\/transportation\/"},{"@type":"ListItem","position":3,"name":"Tomar el South Beach Local"}]}]}},"_links":{"self":[{"href":"https:\/\/enjoymiamibeach.com\/espanol\/wp-json\/wp\/v2\/pages\/278"}],"collection":[{"href":"https:\/\/enjoymiamibeach.com\/espanol\/wp-json\/wp\/v2\/pages"}],"about":[{"href":"https:\/\/enjoymiamibeach.com\/espanol\/wp-json\/wp\/v2\/types\/page"}],"author":[{"embeddable":true,"href":"https:\/\/enjoymiamibeach.com\/espanol\/wp-json\/wp\/v2\/users\/2"}],"replies":[{"embeddable":true,"href":"https:\/\/enjoymiamibeach.com\/espanol\/wp-json\/wp\/v2\/comments?post=278"}],"version-history":[{"count":5,"href":"https:\/\/enjoymiamibeach.com\/espanol\/wp-json\/wp\/v2\/pages\/278\/revisions"}],"predecessor-version":[{"id":1292,"href":"https:\/\/enjoymiamibeach.com\/espanol\/wp-json\/wp\/v2\/pages\/278\/revisions\/1292"}],"up":[{"embeddable":true,"href":"https:\/\/enjoymiamibeach.com\/espanol\/wp-json\/wp\/v2\/pages\/19"}],"wp:attachment":[{"href":"https:\/\/enjoymiamibeach.com\/espanol\/wp-json\/wp\/v2\/media?parent=278"}],"curies":[{"name":"wp","href":"https:\/\/api.w.org\/{rel}","templated":true}]}}