{"id":24,"date":"2016-03-03T20:17:32","date_gmt":"2016-03-04T01:17:32","guid":{"rendered":"https:\/\/enjoymiamibeach.com\/espanol\/?page_id=24"},"modified":"2019-12-22T14:21:48","modified_gmt":"2019-12-22T19:21:48","slug":"contact-us","status":"publish","type":"page","link":"https:\/\/enjoymiamibeach.com\/espanol\/contact-us\/","title":{"rendered":"Cont\u00e1ctanos"},"content":{"rendered":"<p>Estamos muy contentos de que nos hayas visitado y desees obtener m\u00e1s informaci\u00f3n sobre Miami Beach. Esta p\u00e1gina est\u00e1 hecha con mucho amor e inter\u00e9s en ayudar a las personas a tener una experiencia maravillosa mientras visitan nuestra ciudad.<\/p>\n<p>Si tienes preguntas o deseas comunicarte con nosotros, d\u00e9jenos un mensaje.<\/p>\n<p>[contact-form][contact-field label=&#8217;Name&#8217; type=&#8217;name&#8217; required=&#8217;1&#8217;\/][contact-field label=&#8217;Email&#8217; type=&#8217;email&#8217; required=&#8217;1&#8217;\/][contact-field label=&#8217;Message&#8217; type=&#8217;textarea&#8217; required=&#8217;1&#8217;\/][\/contact-form]<\/p>\n","protected":false},"excerpt":{"rendered":"<p>Estamos muy contentos de que nos hayas visitado y desees obtener m\u00e1s informaci\u00f3n sobre Miami Beach. Esta p\u00e1gina est\u00e1 hecha con mucho amor e inter\u00e9s en ayudar a las personas a tener una experiencia maravillosa mientras visitan nuestra ciudad. Si tienes preguntas o deseas comunicarte <a class=\"more-link\" href=\"https:\/\/enjoymiamibeach.com\/espanol\/contact-us\/\">Read More &#8230;<\/a><\/p>\n","protected":false},"author":2,"featured_media":0,"parent":0,"menu_order":0,"comment_status":"closed","ping_status":"closed","template":"","meta":[],"yoast_head":"<!-- This site is optimized with the Yoast SEO plugin v18.8 - https:\/\/yoast.com\/wordpress\/plugins\/seo\/ -->\n<title>Cont\u00e1ctanos - ENJOY MIAMI BEACH<\/title>\n<meta name=\"robots\" content=\"index, follow, max-snippet:-1, max-image-preview:large, max-video-preview:-1\" \/>\n<link rel=\"canonical\" href=\"https:\/\/enjoymiamibeach.com\/espanol\/contact-us\/\" \/>\n<meta property=\"og:locale\" content=\"es_ES\" \/>\n<meta property=\"og:type\" content=\"article\" \/>\n<meta property=\"og:title\" content=\"Cont\u00e1ctanos - ENJOY MIAMI BEACH\" \/>\n<meta property=\"og:description\" content=\"Estamos muy contentos de que nos hayas visitado y desees obtener m\u00e1s informaci\u00f3n sobre Miami Beach. Esta p\u00e1gina est\u00e1 hecha con mucho amor e inter\u00e9s en ayudar a las personas a tener una experiencia maravillosa mientras visitan nuestra ciudad. Si tienes preguntas o deseas comunicarte Read More ...\" \/>\n<meta property=\"og:url\" content=\"https:\/\/enjoymiamibeach.com\/espanol\/contact-us\/\" \/>\n<meta property=\"og:site_name\" content=\"ENJOY MIAMI BEACH\" \/>\n<meta property=\"article:modified_time\" content=\"2019-12-22T19:21:48+00:00\" \/>\n<meta name=\"twitter:card\" content=\"summary\" \/>\n<script type=\"application\/ld+json\" class=\"yoast-schema-graph\">{\"@context\":\"https:\/\/schema.org\",\"@graph\":[{\"@type\":\"WebSite\",\"@id\":\"https:\/\/enjoymiamibeach.com\/espanol\/#website\",\"url\":\"https:\/\/enjoymiamibeach.com\/espanol\/\",\"name\":\"ENJOY MIAMI BEACH\",\"description\":\"Miami Beach informaci\u00f3n para el turista - precios de taxi - Ocean DR - Lincoln RD\",\"potentialAction\":[{\"@type\":\"SearchAction\",\"target\":{\"@type\":\"EntryPoint\",\"urlTemplate\":\"https:\/\/enjoymiamibeach.com\/espanol\/?s={search_term_string}\"},\"query-input\":\"required name=search_term_string\"}],\"inLanguage\":\"es\"},{\"@type\":\"WebPage\",\"@id\":\"https:\/\/enjoymiamibeach.com\/espanol\/contact-us\/#webpage\",\"url\":\"https:\/\/enjoymiamibeach.com\/espanol\/contact-us\/\",\"name\":\"Cont\u00e1ctanos - ENJOY MIAMI BEACH\",\"isPartOf\":{\"@id\":\"https:\/\/enjoymiamibeach.com\/espanol\/#website\"},\"datePublished\":\"2016-03-04T01:17:32+00:00\",\"dateModified\":\"2019-12-22T19:21:48+00:00\",\"breadcrumb\":{\"@id\":\"https:\/\/enjoymiamibeach.com\/espanol\/contact-us\/#breadcrumb\"},\"inLanguage\":\"es\",\"potentialAction\":[{\"@type\":\"ReadAction\",\"target\":[\"https:\/\/enjoymiamibeach.com\/espanol\/contact-us\/\"]}]},{\"@type\":\"BreadcrumbList\",\"@id\":\"https:\/\/enjoymiamibeach.com\/espanol\/contact-us\/#breadcrumb\",\"itemListElement\":[{\"@type\":\"ListItem\",\"position\":1,\"name\":\"Home\",\"item\":\"https:\/\/enjoymiamibeach.com\/espanol\/\"},{\"@type\":\"ListItem\",\"position\":2,\"name\":\"Cont\u00e1ctanos\"}]}]}<\/script>\n<!-- \/ Yoast SEO plugin. -->","yoast_head_json":{"title":"Cont\u00e1ctanos - ENJOY MIAMI BEACH","robots":{"index":"index","follow":"follow","max-snippet":"max-snippet:-1","max-image-preview":"max-image-preview:large","max-video-preview":"max-video-preview:-1"},"canonical":"https:\/\/enjoymiamibeach.com\/espanol\/contact-us\/","og_locale":"es_ES","og_type":"article","og_title":"Cont\u00e1ctanos - ENJOY MIAMI BEACH","og_description":"Estamos muy contentos de que nos hayas visitado y desees obtener m\u00e1s informaci\u00f3n sobre Miami Beach. Esta p\u00e1gina est\u00e1 hecha con mucho amor e inter\u00e9s en ayudar a las personas a tener una experiencia maravillosa mientras visitan nuestra ciudad. Si tienes preguntas o deseas comunicarte Read More ...","og_url":"https:\/\/enjoymiamibeach.com\/espanol\/contact-us\/","og_site_name":"ENJOY MIAMI BEACH","article_modified_time":"2019-12-22T19:21:48+00:00","twitter_card":"summary","schema":{"@context":"https:\/\/schema.org","@graph":[{"@type":"WebSite","@id":"https:\/\/enjoymiamibeach.com\/espanol\/#website","url":"https:\/\/enjoymiamibeach.com\/espanol\/","name":"ENJOY MIAMI BEACH","description":"Miami Beach informaci\u00f3n para el turista - precios de taxi - Ocean DR - Lincoln RD","potentialAction":[{"@type":"SearchAction","target":{"@type":"EntryPoint","urlTemplate":"https:\/\/enjoymiamibeach.com\/espanol\/?s={search_term_string}"},"query-input":"required name=search_term_string"}],"inLanguage":"es"},{"@type":"WebPage","@id":"https:\/\/enjoymiamibeach.com\/espanol\/contact-us\/#webpage","url":"https:\/\/enjoymiamibeach.com\/espanol\/contact-us\/","name":"Cont\u00e1ctanos - ENJOY MIAMI BEACH","isPartOf":{"@id":"https:\/\/enjoymiamibeach.com\/espanol\/#website"},"datePublished":"2016-03-04T01:17:32+00:00","dateModified":"2019-12-22T19:21:48+00:00","breadcrumb":{"@id":"https:\/\/enjoymiamibeach.com\/espanol\/contact-us\/#breadcrumb"},"inLanguage":"es","potentialAction":[{"@type":"ReadAction","target":["https:\/\/enjoymiamibeach.com\/espanol\/contact-us\/"]}]},{"@type":"BreadcrumbList","@id":"https:\/\/enjoymiamibeach.com\/espanol\/contact-us\/#breadcrumb","itemListElement":[{"@type":"ListItem","position":1,"name":"Home","item":"https:\/\/enjoymiamibeach.com\/espanol\/"},{"@type":"ListItem","position":2,"name":"Cont\u00e1ctanos"}]}]}},"_links":{"self":[{"href":"https:\/\/enjoymiamibeach.com\/espanol\/wp-json\/wp\/v2\/pages\/24"}],"collection":[{"href":"https:\/\/enjoymiamibeach.com\/espanol\/wp-json\/wp\/v2\/pages"}],"about":[{"href":"https:\/\/enjoymiamibeach.com\/espanol\/wp-json\/wp\/v2\/types\/page"}],"author":[{"embeddable":true,"href":"https:\/\/enjoymiamibeach.com\/espanol\/wp-json\/wp\/v2\/users\/2"}],"replies":[{"embeddable":true,"href":"https:\/\/enjoymiamibeach.com\/espanol\/wp-json\/wp\/v2\/comments?post=24"}],"version-history":[{"count":6,"href":"https:\/\/enjoymiamibeach.com\/espanol\/wp-json\/wp\/v2\/pages\/24\/revisions"}],"predecessor-version":[{"id":1371,"href":"https:\/\/enjoymiamibeach.com\/espanol\/wp-json\/wp\/v2\/pages\/24\/revisions\/1371"}],"wp:attachment":[{"href":"https:\/\/enjoymiamibeach.com\/espanol\/wp-json\/wp\/v2\/media?parent=24"}],"curies":[{"name":"wp","href":"https:\/\/api.w.org\/{rel}","templated":true}]}}