{"id":180,"date":"2016-03-07T23:09:27","date_gmt":"2016-03-08T04:09:27","guid":{"rendered":"https:\/\/enjoymiamibeach.com\/espanol\/?page_id=180"},"modified":"2019-07-22T03:05:39","modified_gmt":"2019-07-22T08:05:39","slug":"donde-comprar-electronicos-en-miami","status":"publish","type":"page","link":"https:\/\/enjoymiamibeach.com\/espanol\/shopping-malls-miami-beach\/donde-comprar-electronicos-en-miami\/","title":{"rendered":"D\u00f3nde comprar Electr\u00f3nicos"},"content":{"rendered":"<p>Cuando comprar por internet se hizo com\u00fan, las tiendas de electr\u00f3nicos se vieron afectadas, lo que caus\u00f3 el cierre de la mayor\u00eda de los grandes minoristas.<\/p>\n<p>En este momento, el \u00fanico lugar que nos atrevemos a recomendar es <a href=\"http:\/\/www.bestbuy.com\/\" target=\"_blank\" rel=\"noopener noreferrer\">Best Buy<\/a>. Lo que es bueno: es seguro ir de compras all\u00ed, uno sabe lo que est\u00e1 recibiendo y puede devolver o cambiar lo que compr\u00f3 f\u00e1cilmente. Lo que no es tan bueno: porque hoy en d\u00eda la mayor\u00eda de la gente prefiere comprar en l\u00ednea, sus tiendas no tienen todo el cat\u00e1logo.<\/p>\n<p>Si lo que buscas no est\u00e1 en la tienda y tienes tiempo, puedes pedirles que ordenen el art\u00edculo para ti. Tambi\u00e9n puedes comprar todo enteramente por internet y hacer enviar los productos a tu hotel (verifica primero para asegurarte de que pueden guardarte los paquetes) o a la tienda Best Buy m\u00e1s cercana.<\/p>\n<p><strong>Aqu\u00ed est\u00e1 la lista de tiendas Best Buy en Miami Beach y Miami:<\/strong><\/p>\n<ul>\n<li><span class=\"widget-pane-section-info-text\"><a href=\"https:\/\/enjoymiamibeach.com\/espanol\/shopping-malls-miami-beach\/compras-en-south-beach-miami\/#5th-alton-info\">Fifth &amp; Alton<\/a> (tienda m\u00e1s cercana si te est\u00e1s quedando en Miami Beach)<br \/>\n<a href=\"https:\/\/www.google.com\/maps\/place\/Best+Buy\/@25.774793,-80.1399703,15z\/data=!4m2!3m1!1s0x0:0x23ca3eea8f1c1b42?sa=X&amp;ved=0ahUKEwi41_r4kuHSAhVBfiYKHZk7BbgQ_BIIfzAK\" target=\"_blank\" rel=\"noopener noreferrer\"> 1131 5th St, Miami Beach, FL 33139<\/a><\/span><\/li>\n<li>Aventura<br \/>\n<a href=\"https:\/\/www.google.com\/maps\/place\/Best+Buy\/@25.970376,-80.142357,15z\/data=!4m2!3m1!1s0x0:0x1179d79532548fa1?sa=X&amp;ved=0ahUKEwjYmI-Jk-HSAhWGLSYKHa0ECHUQ_BIIdzAK\" target=\"_blank\" rel=\"noopener noreferrer\"> <span class=\"widget-pane-section-info-text\">21035 Biscayne Blvd, Aventura, FL 33180<\/span><\/a><\/li>\n<li>Hialeah<br \/>\n<a href=\"https:\/\/www.google.com\/maps\/place\/Best+Buy\/@25.858421,-80.32164,15z\/data=!4m2!3m1!1s0x0:0xc55742af23251c1c?sa=X&amp;ved=0ahUKEwjY7dWZk-HSAhWBdyYKHTQXCFcQ_BIIczAK\" target=\"_blank\" rel=\"noopener noreferrer\"> <span class=\"widget-pane-section-info-text\">4001 W 20Th Ave, Hialeah, FL 33012-4526<\/span><\/a><\/li>\n<li>Miami International Mall<br \/>\n<a href=\"https:\/\/www.google.com\/maps\/place\/Best+Buy+Mobile\/@25.787266,-80.364549,15z\/data=!4m2!3m1!1s0x0:0x2d440e6f3fa72ad?sa=X&amp;ved=0ahUKEwjnuZeok-HSAhUI6CYKHdM1B7cQ_BIIcjAK\" target=\"_blank\" rel=\"noopener noreferrer\"> <span class=\"widget-pane-section-info-text\">10760 NW 17th St, Miami, FL 33172<\/span><\/a><\/li>\n<li>Dadeland Mall<br \/>\n<a href=\"https:\/\/www.google.com\/maps\/place\/Best+Buy\/@25.693437,-80.305901,15z\/data=!4m2!3m1!1s0x0:0x2e2a4bc8a9f01177?sa=X&amp;ved=0ahUKEwi36-G3k-HSAhWBKCYKHR0eCaMQ_BIIfjAK\" target=\"_blank\" rel=\"noopener noreferrer\"> <span class=\"widget-pane-section-info-text\">8450 S Dixie Hwy, Miami, FL 33143<\/span><\/a><\/li>\n<\/ul>\n<hr \/>\n<h4>Porque sabemos que se lo est\u00e1 preguntando: TODAS ESTAS TIENDAS ABIERTAN TODOS LOS D\u00cdAS (S\u00ed, \u00a1incluso los Domingos!)<\/h4>\n<hr \/>\n<p>Otra opci\u00f3n es <a href=\"http:\/\/www.brandsmartusa.com\/\" target=\"_blank\" rel=\"noopener noreferrer\">BrandSmart USA<\/a>, donde venden de todo, desde tabletas hasta refrigeradores.<\/p>\n<p><strong>Aqu\u00ed est\u00e1n las tiendas en y cerca de Miami (si te vas a quedar en Miami Beach, ten en cuenta que est\u00e1n lejos y no son f\u00e1cilmente accesibles<\/strong><\/p>\n<ul>\n<li><a href=\"https:\/\/www.google.com\/maps\/place\/BrandsMart+USA\/@25.9237799,-80.272204,15z\/data=!4m2!3m1!1s0x0:0xfa941d17c865cef5?sa=X&amp;ved=0ahUKEwjG2_zMk-HSAhWMJiYKHbRUC_oQ_BIIhwEwCg\" target=\"_blank\" rel=\"noopener noreferrer\"><span class=\"_Xbe\">4320 NW 167th St, Miami Gardens, FL 33054<\/span><\/a><\/li>\n<li><a href=\"https:\/\/www.google.com\/maps\/place\/BrandsMart+USA\/@25.6872493,-80.3119614,15z\/data=!4m5!3m4!1s0x0:0xd8f98c463dbf74e9!8m2!3d25.6872493!4d-80.3119614\" target=\"_blank\" rel=\"noopener noreferrer\"><span class=\"_Xbe\">7260 N Kendall Dr, Kendall, FL 33156<\/span><\/a><\/li>\n<li><a href=\"https:\/\/www.google.com\/maps\/place\/BrandsMart+USA\/@25.6201227,-80.3434167,15z\/data=!4m5!3m4!1s0x0:0xf3ba3ebc06e53dad!8m2!3d25.6201227!4d-80.3434167\" target=\"_blank\" rel=\"noopener noreferrer\"><span class=\"_Xbe\">16051 S Dixie Hwy, Miami, FL 33157<\/span><\/a><\/li>\n<\/ul>\n<hr \/>\n<p>Otra cosa: recuerde que <a href=\"http:\/\/www.walmart.com\/\" target=\"_blank\" rel=\"noopener noreferrer\">Walmart<\/a>, <a href=\"http:\/\/www.target.com\/\" target=\"_blank\" rel=\"noopener noreferrer\">Target<\/a>, <a href=\"http:\/\/www.kmart.com\/\" target=\"_blank\" rel=\"noopener noreferrer\">Kmart<\/a>, y\u00a0<a href=\"http:\/\/www.sears.com\" target=\"_blank\" rel=\"noopener noreferrer\">Sears<\/a>, todos tienen una secci\u00f3n de electr\u00f3nica con los art\u00edculos b\u00e1sicos y precios competitivos. Aqu\u00ed hay algunas direcciones:<\/p>\n<p><strong>Walmart (hemos enumerado s\u00f3lo los supercentros porque son m\u00e1s grandes):<\/strong><\/p>\n<ul>\n<li><a href=\"https:\/\/www.google.com\/maps\/place\/Walmart+Supercenter\/@25.8421394,-80.2799998,13z\/data=!4m8!1m2!2m1!1swalmart!3m4!1s0x0:0x5b21c4e361bff22f!8m2!3d25.8433215!4d-80.2510607\" target=\"_blank\" rel=\"noopener noreferrer\"><span class=\"widget-pane-section-info-text\">3200 NW 79th St, Miami, FL 33147<\/span><\/a> (\u00e9ste es el m\u00e1s cercano y m\u00e1s accesible desde Miami Beach)<br \/>\nAbre de 7am a 11pm<\/li>\n<li><span class=\"widget-pane-section-info-text\"><a href=\"https:\/\/www.google.com\/maps\/place\/Walmart+Supercenter\/@25.8872434,-80.2741634,13z\/data=!4m8!1m2!2m1!1swalmart!3m4!1s0x0:0x5baaa2af008c90ef!8m2!3d25.9282623!4d-80.1712704\" target=\"_blank\" rel=\"noopener noreferrer\">1425 NE 163rd St, North Miami Beach, FL 33162<\/a><br \/>\nAbre de 6am a 1am<\/span><\/li>\n<li><a href=\"https:\/\/www.google.com\/maps\/place\/Walmart+Supercenter\/@25.8872434,-80.2741634,13z\/data=!4m8!1m2!2m1!1swalmart!3m4!1s0x0:0x412ffdbe9c3ea34d!8m2!3d25.93574!4d-80.207684\" target=\"_blank\" rel=\"noopener noreferrer\"><span class=\"widget-pane-section-info-text\">17650 NW 2nd Ave, Miami Gardens, FL 33169<\/span><\/a><br \/>\n<span class=\"widget-pane-section-info-text\">Abre de 6:30am a 1:30am<\/span><\/li>\n<li><a href=\"https:\/\/www.google.com\/maps\/place\/Walmart+Supercenter\/@25.8872434,-80.2741634,13z\/data=!4m8!1m2!2m1!1swalmart!3m4!1s0x0:0x84c99d48a13b9f62!8m2!3d25.9528837!4d-80.2437007\" target=\"_blank\" rel=\"noopener noreferrer\"><span class=\"widget-pane-section-info-text\">19501 NW 27th Ave, Miami Gardens, FL 33056<\/span><\/a><br \/>\n<span class=\"widget-pane-section-info-text\">Abre de 6am a 12am<\/span><\/li>\n<li><a href=\"https:\/\/www.google.com\/maps\/place\/Walmart+Supercenter\/@25.8433754,-80.2578555,13z\/data=!3m1!5s0x88d9b913aa9f4911:0xb43516d7f3270f30!4m8!1m2!2m1!1swalmart!3m4!1s0x0:0x78f3a00f886b0596!8m2!3d25.7870532!4d-80.3353357\" target=\"_blank\" rel=\"noopener noreferrer\"><span class=\"widget-pane-section-info-text\">8651 NW 13th Terrace, Doral, FL 33126<\/span><\/a><br \/>\nAbre las 24 horas<\/li>\n<li><a href=\"https:\/\/www.google.com\/maps\/place\/9191+W+Flagler+St,+Miami,+FL+33172\/@25.7702977,-80.3456488,17z\/data=!3m1!4b1!4m5!3m4!1s0x88d9b91f7e51e03d:0x3430f16e6cbf0f9a!8m2!3d25.7702977!4d-80.3434601\" target=\"_blank\" rel=\"noopener noreferrer\"><span class=\"widget-pane-section-info-text\">9191 W Flagler St, Miami, FL 33174<\/span><\/a><br \/>\n<span class=\"widget-pane-section-info-text\">Abre de 6am a 12am<\/span><\/li>\n<li><span class=\"widget-pane-section-info-text\"><a href=\"https:\/\/www.google.com\/maps\/place\/Walmart+Supercenter\/@25.7806345,-80.2492725,13z\/data=!3m1!5s0x88d9b8ed81f694f5:0xb22ccd0f1671bcb0!4m8!1m2!2m1!1swalmart!3m4!1s0x0:0x73afc1a880f5d66f!8m2!3d25.7459603!4d-80.332793\" target=\"_blank\" rel=\"noopener noreferrer\">8400 Coral Way, Miami, FL 33155<\/a><br \/>\n<\/span><span class=\"widget-pane-section-info-text\">Abre de 6:30am a 10:30pm<\/span><\/li>\n<\/ul>\n<p><strong>Target:<\/strong><\/p>\n<ul>\n<li><a href=\"https:\/\/www.google.com\/maps\/place\/Target\/@25.8100794,-80.1936829,15z\/data=!4m5!3m4!1s0x0:0x26dce21fb049a47d!8m2!3d25.8100794!4d-80.1936829\" target=\"_blank\" rel=\"noopener noreferrer\"><span class=\"_Xbe\">3401 N Miami Ave, Miami, FL 33127<\/span><\/a> (este es el m\u00e1s cercano a Miami Beach)<\/li>\n<li><a href=\"https:\/\/www.google.com\/maps\/place\/Target\/@25.906425,-80.156361,15z\/data=!4m5!3m4!1s0x0:0x38fdd1612d58627f!8m2!3d25.906425!4d-80.156361\" target=\"_blank\" rel=\"noopener noreferrer\"><span class=\"widget-pane-section-info-text\">14075 Biscayne Blvd, North Miami Beach, FL 33181<\/span><\/a><\/li>\n<li><a href=\"https:\/\/www.google.com\/maps\/place\/Target\/@25.9714975,-80.1404645,15z\/data=!4m2!3m1!1s0x0:0x2cdb72ffaac92466?sa=X&amp;ved=0ahUKEwjKmqj0luHSAhVGLSYKHaOqCvkQ_BIIbjAK\" target=\"_blank\" rel=\"noopener noreferrer\"><span class=\"widget-pane-section-info-text\">21265 Biscayne Blvd, Aventura, FL 33180<\/span><\/a><\/li>\n<li><a href=\"https:\/\/www.google.com\/maps\/place\/Target\/@25.8536051,-80.3181184,15z\/data=!4m2!3m1!1s0x0:0x5c5d45f9c8ca429a?sa=X&amp;ved=0ahUKEwjU1MiAl-HSAhVJeCYKHf8pABIQ_BIIbDAK\" target=\"_blank\" rel=\"noopener noreferrer\"><span class=\"widget-pane-section-info-text\">1750 W 37th St, Hialeah, FL 33012<\/span><\/a><\/li>\n<\/ul>\n<p><strong>Kmart:<\/strong><\/p>\n<ul>\n<li><a href=\"https:\/\/www.google.com\/maps\/place\/Kmart\/@25.8735401,-80.1730586,15z\/data=!4m2!3m1!1s0x0:0x5b7b09bfbd3bf71d?sa=X&amp;ved=0ahUKEwjX_OiOl-HSAhXJOiYKHe-SDC8Q_BIIdDAK\" target=\"_blank\" rel=\"noopener noreferrer\"><span class=\"_Xbe\">10700 Biscayne Blvd, Miami, FL 33138<\/span><\/a><\/li>\n<li><a href=\"https:\/\/www.google.com\/maps\/place\/Kmart\/@25.779806,-80.258805,15z\/data=!4m5!3m4!1s0x0:0xc5a3b1022ef4e4d6!8m2!3d25.779806!4d-80.258805\" target=\"_blank\" rel=\"noopener noreferrer\"><span class=\"_Xbe\">3825 NW 7th St, Miami, FL 33126<\/span><\/a><\/li>\n<li><a href=\"https:\/\/www.google.com\/maps\/place\/Kmart\/@25.9268149,-80.182539,15z\/data=!4m2!3m1!1s0x0:0xe83cff3deff31572?sa=X&amp;ved=0ahUKEwjeq_-ll-HSAhUJ7iYKHRTPBpUQ_BIIeTAK\" target=\"_blank\" rel=\"noopener noreferrer\"><span class=\"_Xbe\">900 N Miami Beach Blvd, North Miami Beach, FL 33162<\/span><\/a><\/li>\n<\/ul>\n<hr \/>\n<p><strong>Por \u00faltimo, un consejo: tenga cuidado con las tiendas m\u00e1s peque\u00f1as que tienen un mont\u00f3n de electr\u00f3nicos a precios incre\u00edblemente baratos en las vidrieras. Si el precio es demasiado<br \/>\nbueno para ser cierto, desconf\u00ede.<\/strong><\/p>\n<hr \/>\n","protected":false},"excerpt":{"rendered":"<p>Cuando comprar por internet se hizo com\u00fan, las tiendas de electr\u00f3nicos se vieron afectadas, lo que caus\u00f3 el cierre de la mayor\u00eda de los grandes minoristas. En este momento, el \u00fanico lugar que nos atrevemos a recomendar es Best Buy. Lo que es bueno: es <a class=\"more-link\" href=\"https:\/\/enjoymiamibeach.com\/espanol\/shopping-malls-miami-beach\/donde-comprar-electronicos-en-miami\/\">Read More &#8230;<\/a><\/p>\n","protected":false},"author":2,"featured_media":0,"parent":173,"menu_order":0,"comment_status":"closed","ping_status":"closed","template":"","meta":[],"yoast_head":"<!-- This site is optimized with the Yoast SEO plugin v18.8 - https:\/\/yoast.com\/wordpress\/plugins\/seo\/ -->\n<title>D\u00f3nde comprar Electr\u00f3nicos - ENJOY MIAMI BEACH<\/title>\n<meta name=\"robots\" content=\"index, follow, max-snippet:-1, max-image-preview:large, max-video-preview:-1\" \/>\n<link rel=\"canonical\" href=\"https:\/\/enjoymiamibeach.com\/espanol\/shopping-malls-miami-beach\/donde-comprar-electronicos-en-miami\/\" \/>\n<meta property=\"og:locale\" content=\"es_ES\" \/>\n<meta property=\"og:type\" content=\"article\" \/>\n<meta property=\"og:title\" content=\"D\u00f3nde comprar Electr\u00f3nicos - ENJOY MIAMI BEACH\" \/>\n<meta property=\"og:description\" content=\"Cuando comprar por internet se hizo com\u00fan, las tiendas de electr\u00f3nicos se vieron afectadas, lo que caus\u00f3 el cierre de la mayor\u00eda de los grandes minoristas. En este momento, el \u00fanico lugar que nos atrevemos a recomendar es Best Buy. Lo que es bueno: es Read More ...\" \/>\n<meta property=\"og:url\" content=\"https:\/\/enjoymiamibeach.com\/espanol\/shopping-malls-miami-beach\/donde-comprar-electronicos-en-miami\/\" \/>\n<meta property=\"og:site_name\" content=\"ENJOY MIAMI BEACH\" \/>\n<meta property=\"article:modified_time\" content=\"2019-07-22T08:05:39+00:00\" \/>\n<meta name=\"twitter:card\" content=\"summary\" \/>\n<meta name=\"twitter:label1\" content=\"Tiempo de lectura\" \/>\n\t<meta name=\"twitter:data1\" content=\"3 minutos\" \/>\n<script type=\"application\/ld+json\" class=\"yoast-schema-graph\">{\"@context\":\"https:\/\/schema.org\",\"@graph\":[{\"@type\":\"WebSite\",\"@id\":\"https:\/\/enjoymiamibeach.com\/espanol\/#website\",\"url\":\"https:\/\/enjoymiamibeach.com\/espanol\/\",\"name\":\"ENJOY MIAMI BEACH\",\"description\":\"Miami Beach informaci\u00f3n para el turista - precios de taxi - Ocean DR - Lincoln RD\",\"potentialAction\":[{\"@type\":\"SearchAction\",\"target\":{\"@type\":\"EntryPoint\",\"urlTemplate\":\"https:\/\/enjoymiamibeach.com\/espanol\/?s={search_term_string}\"},\"query-input\":\"required name=search_term_string\"}],\"inLanguage\":\"es\"},{\"@type\":\"WebPage\",\"@id\":\"https:\/\/enjoymiamibeach.com\/espanol\/shopping-malls-miami-beach\/donde-comprar-electronicos-en-miami\/#webpage\",\"url\":\"https:\/\/enjoymiamibeach.com\/espanol\/shopping-malls-miami-beach\/donde-comprar-electronicos-en-miami\/\",\"name\":\"D\u00f3nde comprar Electr\u00f3nicos - ENJOY MIAMI BEACH\",\"isPartOf\":{\"@id\":\"https:\/\/enjoymiamibeach.com\/espanol\/#website\"},\"datePublished\":\"2016-03-08T04:09:27+00:00\",\"dateModified\":\"2019-07-22T08:05:39+00:00\",\"breadcrumb\":{\"@id\":\"https:\/\/enjoymiamibeach.com\/espanol\/shopping-malls-miami-beach\/donde-comprar-electronicos-en-miami\/#breadcrumb\"},\"inLanguage\":\"es\",\"potentialAction\":[{\"@type\":\"ReadAction\",\"target\":[\"https:\/\/enjoymiamibeach.com\/espanol\/shopping-malls-miami-beach\/donde-comprar-electronicos-en-miami\/\"]}]},{\"@type\":\"BreadcrumbList\",\"@id\":\"https:\/\/enjoymiamibeach.com\/espanol\/shopping-malls-miami-beach\/donde-comprar-electronicos-en-miami\/#breadcrumb\",\"itemListElement\":[{\"@type\":\"ListItem\",\"position\":1,\"name\":\"Home\",\"item\":\"https:\/\/enjoymiamibeach.com\/espanol\/\"},{\"@type\":\"ListItem\",\"position\":2,\"name\":\"Shopping Malls \/ D\u00f3nde ir de compras\",\"item\":\"https:\/\/enjoymiamibeach.com\/espanol\/shopping-malls-miami-beach\/\"},{\"@type\":\"ListItem\",\"position\":3,\"name\":\"D\u00f3nde comprar Electr\u00f3nicos\"}]}]}<\/script>\n<!-- \/ Yoast SEO plugin. -->","yoast_head_json":{"title":"D\u00f3nde comprar Electr\u00f3nicos - ENJOY MIAMI BEACH","robots":{"index":"index","follow":"follow","max-snippet":"max-snippet:-1","max-image-preview":"max-image-preview:large","max-video-preview":"max-video-preview:-1"},"canonical":"https:\/\/enjoymiamibeach.com\/espanol\/shopping-malls-miami-beach\/donde-comprar-electronicos-en-miami\/","og_locale":"es_ES","og_type":"article","og_title":"D\u00f3nde comprar Electr\u00f3nicos - ENJOY MIAMI BEACH","og_description":"Cuando comprar por internet se hizo com\u00fan, las tiendas de electr\u00f3nicos se vieron afectadas, lo que caus\u00f3 el cierre de la mayor\u00eda de los grandes minoristas. En este momento, el \u00fanico lugar que nos atrevemos a recomendar es Best Buy. Lo que es bueno: es Read More ...","og_url":"https:\/\/enjoymiamibeach.com\/espanol\/shopping-malls-miami-beach\/donde-comprar-electronicos-en-miami\/","og_site_name":"ENJOY MIAMI BEACH","article_modified_time":"2019-07-22T08:05:39+00:00","twitter_card":"summary","twitter_misc":{"Tiempo de lectura":"3 minutos"},"schema":{"@context":"https:\/\/schema.org","@graph":[{"@type":"WebSite","@id":"https:\/\/enjoymiamibeach.com\/espanol\/#website","url":"https:\/\/enjoymiamibeach.com\/espanol\/","name":"ENJOY MIAMI BEACH","description":"Miami Beach informaci\u00f3n para el turista - precios de taxi - Ocean DR - Lincoln RD","potentialAction":[{"@type":"SearchAction","target":{"@type":"EntryPoint","urlTemplate":"https:\/\/enjoymiamibeach.com\/espanol\/?s={search_term_string}"},"query-input":"required name=search_term_string"}],"inLanguage":"es"},{"@type":"WebPage","@id":"https:\/\/enjoymiamibeach.com\/espanol\/shopping-malls-miami-beach\/donde-comprar-electronicos-en-miami\/#webpage","url":"https:\/\/enjoymiamibeach.com\/espanol\/shopping-malls-miami-beach\/donde-comprar-electronicos-en-miami\/","name":"D\u00f3nde comprar Electr\u00f3nicos - ENJOY MIAMI BEACH","isPartOf":{"@id":"https:\/\/enjoymiamibeach.com\/espanol\/#website"},"datePublished":"2016-03-08T04:09:27+00:00","dateModified":"2019-07-22T08:05:39+00:00","breadcrumb":{"@id":"https:\/\/enjoymiamibeach.com\/espanol\/shopping-malls-miami-beach\/donde-comprar-electronicos-en-miami\/#breadcrumb"},"inLanguage":"es","potentialAction":[{"@type":"ReadAction","target":["https:\/\/enjoymiamibeach.com\/espanol\/shopping-malls-miami-beach\/donde-comprar-electronicos-en-miami\/"]}]},{"@type":"BreadcrumbList","@id":"https:\/\/enjoymiamibeach.com\/espanol\/shopping-malls-miami-beach\/donde-comprar-electronicos-en-miami\/#breadcrumb","itemListElement":[{"@type":"ListItem","position":1,"name":"Home","item":"https:\/\/enjoymiamibeach.com\/espanol\/"},{"@type":"ListItem","position":2,"name":"Shopping Malls \/ D\u00f3nde ir de compras","item":"https:\/\/enjoymiamibeach.com\/espanol\/shopping-malls-miami-beach\/"},{"@type":"ListItem","position":3,"name":"D\u00f3nde comprar Electr\u00f3nicos"}]}]}},"_links":{"self":[{"href":"https:\/\/enjoymiamibeach.com\/espanol\/wp-json\/wp\/v2\/pages\/180"}],"collection":[{"href":"https:\/\/enjoymiamibeach.com\/espanol\/wp-json\/wp\/v2\/pages"}],"about":[{"href":"https:\/\/enjoymiamibeach.com\/espanol\/wp-json\/wp\/v2\/types\/page"}],"author":[{"embeddable":true,"href":"https:\/\/enjoymiamibeach.com\/espanol\/wp-json\/wp\/v2\/users\/2"}],"replies":[{"embeddable":true,"href":"https:\/\/enjoymiamibeach.com\/espanol\/wp-json\/wp\/v2\/comments?post=180"}],"version-history":[{"count":17,"href":"https:\/\/enjoymiamibeach.com\/espanol\/wp-json\/wp\/v2\/pages\/180\/revisions"}],"predecessor-version":[{"id":1304,"href":"https:\/\/enjoymiamibeach.com\/espanol\/wp-json\/wp\/v2\/pages\/180\/revisions\/1304"}],"up":[{"embeddable":true,"href":"https:\/\/enjoymiamibeach.com\/espanol\/wp-json\/wp\/v2\/pages\/173"}],"wp:attachment":[{"href":"https:\/\/enjoymiamibeach.com\/espanol\/wp-json\/wp\/v2\/media?parent=180"}],"curies":[{"name":"wp","href":"https:\/\/api.w.org\/{rel}","templated":true}]}}