{"id":176,"date":"2016-03-07T23:03:10","date_gmt":"2016-03-08T04:03:10","guid":{"rendered":"https:\/\/enjoymiamibeach.com\/espanol\/?page_id=176"},"modified":"2018-10-06T08:21:31","modified_gmt":"2018-10-06T13:21:31","slug":"outlets-miami-beach","status":"publish","type":"page","link":"https:\/\/enjoymiamibeach.com\/espanol\/shopping-malls-miami-beach\/outlets-miami-beach\/","title":{"rendered":"Outlets"},"content":{"rendered":"<h3 id=\"go-to-dolphin-info\">Dolphin Mall:<\/h3>\n<p><span class=\"_Xbe\">11401 NW 12th St, Miami, FL 33172<\/span><\/p>\n<p>Este centro comercial es semi-outlet. Es decir, algunas de las tiendas son outlets, otras no.<\/p>\n<p>Est\u00e1 bastante cerca del aeropuerto, as\u00ed que si sales de tu hotel temprano pero tienes un vuelo tarde, \u00e9ste podr\u00eda ser un buen lugar para pasar el resto del d\u00eda y matar un poco de tiempo.<\/p>\n<p>\u00bfNecesitas transporte al Dolphin Mall? Reserva aqu\u00ed.<\/p>\n<p>&nbsp;<\/p>\n<hr \/>\n<h3 id=\"go-to-sawgrass-info\">Sawgrass Mills:<\/h3>\n<p><span class=\"_Xbe\">12801 W Sunrise Blvd, Sunrise, FL 33323<\/span><\/p>\n<p>Sawgrass (como lo llamamos para abreviar) es el 8vo. centro comercial m\u00e1s grande en los Estados Unidos, con m\u00e1s de 300 tiendas outlet. Un lugar para pasar un d\u00eda entero (y a\u00fan as\u00ed no podr\u00e1s recorrerlo en su totalidad).<\/p>\n<p>Nuestro consejo: usa zapatos c\u00f3modos, descansa de vez en cuando, trata de conseguir un plano \/mapa del lugar (obt\u00e9n uno en el mall o pregunta si tienen en tu hotel) y planifica con anticipaci\u00f3n las tiendas que deseas visitar.<\/p>\n<p>Otra cosa, puedes pedirle al conserje de tu hotel\u00a0un voucher para canjearlo en el centro de atenci\u00f3n al cliente del Sawgrass por una cuponera gratis.<\/p>\n<p>\u00bfNecesitas transporte a Sawgrass Mall? Reservalo aqu\u00ed.<\/p>\n<p>&nbsp;<\/p>\n<hr \/>\n<h3 id=\"go-to-fl-keys-outlet-info\">Florida Keys Outlet Marketplace:<\/h3>\n<p><span class=\"_Xbe\">250 E Palm Dr, Florida City, FL 33034<\/span><\/p>\n<p>Este centro comercial al aire libre es mucho m\u00e1s peque\u00f1o que los dos anteriores y cuenta con m\u00e1s de 50 tiendas minoristas que venden desde ropa de mujer, hasta zapatos, ropa para ni\u00f1os, etc.<\/p>\n<p>&nbsp;<\/p>\n<p>&nbsp;<\/p>\n<p>&nbsp;<\/p>\n","protected":false},"excerpt":{"rendered":"<p>Dolphin Mall: 11401 NW 12th St, Miami, FL 33172 Este centro comercial es semi-outlet. Es decir, algunas de las tiendas son outlets, otras no. Est\u00e1 bastante cerca del aeropuerto, as\u00ed que si sales de tu hotel temprano pero tienes un vuelo tarde, \u00e9ste podr\u00eda ser <a class=\"more-link\" href=\"https:\/\/enjoymiamibeach.com\/espanol\/shopping-malls-miami-beach\/outlets-miami-beach\/\">Read More &#8230;<\/a><\/p>\n","protected":false},"author":2,"featured_media":865,"parent":173,"menu_order":0,"comment_status":"closed","ping_status":"closed","template":"","meta":[],"yoast_head":"<!-- This site is optimized with the Yoast SEO plugin v18.8 - https:\/\/yoast.com\/wordpress\/plugins\/seo\/ -->\n<title>Outlets - ENJOY MIAMI BEACH<\/title>\n<meta name=\"robots\" content=\"index, follow, max-snippet:-1, max-image-preview:large, max-video-preview:-1\" \/>\n<link rel=\"canonical\" href=\"https:\/\/enjoymiamibeach.com\/espanol\/shopping-malls-miami-beach\/outlets-miami-beach\/\" \/>\n<meta property=\"og:locale\" content=\"es_ES\" \/>\n<meta property=\"og:type\" content=\"article\" \/>\n<meta property=\"og:title\" content=\"Outlets - ENJOY MIAMI BEACH\" \/>\n<meta property=\"og:description\" content=\"Dolphin Mall: 11401 NW 12th St, Miami, FL 33172 Este centro comercial es semi-outlet. Es decir, algunas de las tiendas son outlets, otras no. Est\u00e1 bastante cerca del aeropuerto, as\u00ed que si sales de tu hotel temprano pero tienes un vuelo tarde, \u00e9ste podr\u00eda ser Read More ...\" \/>\n<meta property=\"og:url\" content=\"https:\/\/enjoymiamibeach.com\/espanol\/shopping-malls-miami-beach\/outlets-miami-beach\/\" \/>\n<meta property=\"og:site_name\" content=\"ENJOY MIAMI BEACH\" \/>\n<meta property=\"article:modified_time\" content=\"2018-10-06T13:21:31+00:00\" \/>\n<meta property=\"og:image\" content=\"https:\/\/enjoymiamibeach.com\/espanol\/wp-content\/uploads\/2016\/03\/outlets-miami-beach.jpg\" \/>\n\t<meta property=\"og:image:width\" content=\"2000\" \/>\n\t<meta property=\"og:image:height\" content=\"1237\" \/>\n\t<meta property=\"og:image:type\" content=\"image\/jpeg\" \/>\n<meta name=\"twitter:card\" content=\"summary\" \/>\n<meta name=\"twitter:label1\" content=\"Tiempo de lectura\" \/>\n\t<meta name=\"twitter:data1\" content=\"1 minuto\" \/>\n<script type=\"application\/ld+json\" class=\"yoast-schema-graph\">{\"@context\":\"https:\/\/schema.org\",\"@graph\":[{\"@type\":\"WebSite\",\"@id\":\"https:\/\/enjoymiamibeach.com\/espanol\/#website\",\"url\":\"https:\/\/enjoymiamibeach.com\/espanol\/\",\"name\":\"ENJOY MIAMI BEACH\",\"description\":\"Miami Beach informaci\u00f3n para el turista - precios de taxi - Ocean DR - Lincoln RD\",\"potentialAction\":[{\"@type\":\"SearchAction\",\"target\":{\"@type\":\"EntryPoint\",\"urlTemplate\":\"https:\/\/enjoymiamibeach.com\/espanol\/?s={search_term_string}\"},\"query-input\":\"required name=search_term_string\"}],\"inLanguage\":\"es\"},{\"@type\":\"ImageObject\",\"inLanguage\":\"es\",\"@id\":\"https:\/\/enjoymiamibeach.com\/espanol\/shopping-malls-miami-beach\/outlets-miami-beach\/#primaryimage\",\"url\":\"https:\/\/enjoymiamibeach.com\/espanol\/wp-content\/uploads\/2016\/03\/outlets-miami-beach.jpg\",\"contentUrl\":\"https:\/\/enjoymiamibeach.com\/espanol\/wp-content\/uploads\/2016\/03\/outlets-miami-beach.jpg\",\"width\":2000,\"height\":1237,\"caption\":\"outlets miami beach\"},{\"@type\":\"WebPage\",\"@id\":\"https:\/\/enjoymiamibeach.com\/espanol\/shopping-malls-miami-beach\/outlets-miami-beach\/#webpage\",\"url\":\"https:\/\/enjoymiamibeach.com\/espanol\/shopping-malls-miami-beach\/outlets-miami-beach\/\",\"name\":\"Outlets - ENJOY MIAMI BEACH\",\"isPartOf\":{\"@id\":\"https:\/\/enjoymiamibeach.com\/espanol\/#website\"},\"primaryImageOfPage\":{\"@id\":\"https:\/\/enjoymiamibeach.com\/espanol\/shopping-malls-miami-beach\/outlets-miami-beach\/#primaryimage\"},\"datePublished\":\"2016-03-08T04:03:10+00:00\",\"dateModified\":\"2018-10-06T13:21:31+00:00\",\"breadcrumb\":{\"@id\":\"https:\/\/enjoymiamibeach.com\/espanol\/shopping-malls-miami-beach\/outlets-miami-beach\/#breadcrumb\"},\"inLanguage\":\"es\",\"potentialAction\":[{\"@type\":\"ReadAction\",\"target\":[\"https:\/\/enjoymiamibeach.com\/espanol\/shopping-malls-miami-beach\/outlets-miami-beach\/\"]}]},{\"@type\":\"BreadcrumbList\",\"@id\":\"https:\/\/enjoymiamibeach.com\/espanol\/shopping-malls-miami-beach\/outlets-miami-beach\/#breadcrumb\",\"itemListElement\":[{\"@type\":\"ListItem\",\"position\":1,\"name\":\"Home\",\"item\":\"https:\/\/enjoymiamibeach.com\/espanol\/\"},{\"@type\":\"ListItem\",\"position\":2,\"name\":\"Shopping Malls \/ D\u00f3nde ir de compras\",\"item\":\"https:\/\/enjoymiamibeach.com\/espanol\/shopping-malls-miami-beach\/\"},{\"@type\":\"ListItem\",\"position\":3,\"name\":\"Outlets\"}]}]}<\/script>\n<!-- \/ Yoast SEO plugin. -->","yoast_head_json":{"title":"Outlets - ENJOY MIAMI BEACH","robots":{"index":"index","follow":"follow","max-snippet":"max-snippet:-1","max-image-preview":"max-image-preview:large","max-video-preview":"max-video-preview:-1"},"canonical":"https:\/\/enjoymiamibeach.com\/espanol\/shopping-malls-miami-beach\/outlets-miami-beach\/","og_locale":"es_ES","og_type":"article","og_title":"Outlets - ENJOY MIAMI BEACH","og_description":"Dolphin Mall: 11401 NW 12th St, Miami, FL 33172 Este centro comercial es semi-outlet. Es decir, algunas de las tiendas son outlets, otras no. Est\u00e1 bastante cerca del aeropuerto, as\u00ed que si sales de tu hotel temprano pero tienes un vuelo tarde, \u00e9ste podr\u00eda ser Read More ...","og_url":"https:\/\/enjoymiamibeach.com\/espanol\/shopping-malls-miami-beach\/outlets-miami-beach\/","og_site_name":"ENJOY MIAMI BEACH","article_modified_time":"2018-10-06T13:21:31+00:00","og_image":[{"width":2000,"height":1237,"url":"https:\/\/enjoymiamibeach.com\/espanol\/wp-content\/uploads\/2016\/03\/outlets-miami-beach.jpg","type":"image\/jpeg"}],"twitter_card":"summary","twitter_misc":{"Tiempo de lectura":"1 minuto"},"schema":{"@context":"https:\/\/schema.org","@graph":[{"@type":"WebSite","@id":"https:\/\/enjoymiamibeach.com\/espanol\/#website","url":"https:\/\/enjoymiamibeach.com\/espanol\/","name":"ENJOY MIAMI BEACH","description":"Miami Beach informaci\u00f3n para el turista - precios de taxi - Ocean DR - Lincoln RD","potentialAction":[{"@type":"SearchAction","target":{"@type":"EntryPoint","urlTemplate":"https:\/\/enjoymiamibeach.com\/espanol\/?s={search_term_string}"},"query-input":"required name=search_term_string"}],"inLanguage":"es"},{"@type":"ImageObject","inLanguage":"es","@id":"https:\/\/enjoymiamibeach.com\/espanol\/shopping-malls-miami-beach\/outlets-miami-beach\/#primaryimage","url":"https:\/\/enjoymiamibeach.com\/espanol\/wp-content\/uploads\/2016\/03\/outlets-miami-beach.jpg","contentUrl":"https:\/\/enjoymiamibeach.com\/espanol\/wp-content\/uploads\/2016\/03\/outlets-miami-beach.jpg","width":2000,"height":1237,"caption":"outlets miami beach"},{"@type":"WebPage","@id":"https:\/\/enjoymiamibeach.com\/espanol\/shopping-malls-miami-beach\/outlets-miami-beach\/#webpage","url":"https:\/\/enjoymiamibeach.com\/espanol\/shopping-malls-miami-beach\/outlets-miami-beach\/","name":"Outlets - ENJOY MIAMI BEACH","isPartOf":{"@id":"https:\/\/enjoymiamibeach.com\/espanol\/#website"},"primaryImageOfPage":{"@id":"https:\/\/enjoymiamibeach.com\/espanol\/shopping-malls-miami-beach\/outlets-miami-beach\/#primaryimage"},"datePublished":"2016-03-08T04:03:10+00:00","dateModified":"2018-10-06T13:21:31+00:00","breadcrumb":{"@id":"https:\/\/enjoymiamibeach.com\/espanol\/shopping-malls-miami-beach\/outlets-miami-beach\/#breadcrumb"},"inLanguage":"es","potentialAction":[{"@type":"ReadAction","target":["https:\/\/enjoymiamibeach.com\/espanol\/shopping-malls-miami-beach\/outlets-miami-beach\/"]}]},{"@type":"BreadcrumbList","@id":"https:\/\/enjoymiamibeach.com\/espanol\/shopping-malls-miami-beach\/outlets-miami-beach\/#breadcrumb","itemListElement":[{"@type":"ListItem","position":1,"name":"Home","item":"https:\/\/enjoymiamibeach.com\/espanol\/"},{"@type":"ListItem","position":2,"name":"Shopping Malls \/ D\u00f3nde ir de compras","item":"https:\/\/enjoymiamibeach.com\/espanol\/shopping-malls-miami-beach\/"},{"@type":"ListItem","position":3,"name":"Outlets"}]}]}},"_links":{"self":[{"href":"https:\/\/enjoymiamibeach.com\/espanol\/wp-json\/wp\/v2\/pages\/176"}],"collection":[{"href":"https:\/\/enjoymiamibeach.com\/espanol\/wp-json\/wp\/v2\/pages"}],"about":[{"href":"https:\/\/enjoymiamibeach.com\/espanol\/wp-json\/wp\/v2\/types\/page"}],"author":[{"embeddable":true,"href":"https:\/\/enjoymiamibeach.com\/espanol\/wp-json\/wp\/v2\/users\/2"}],"replies":[{"embeddable":true,"href":"https:\/\/enjoymiamibeach.com\/espanol\/wp-json\/wp\/v2\/comments?post=176"}],"version-history":[{"count":12,"href":"https:\/\/enjoymiamibeach.com\/espanol\/wp-json\/wp\/v2\/pages\/176\/revisions"}],"predecessor-version":[{"id":1250,"href":"https:\/\/enjoymiamibeach.com\/espanol\/wp-json\/wp\/v2\/pages\/176\/revisions\/1250"}],"up":[{"embeddable":true,"href":"https:\/\/enjoymiamibeach.com\/espanol\/wp-json\/wp\/v2\/pages\/173"}],"wp:featuredmedia":[{"embeddable":true,"href":"https:\/\/enjoymiamibeach.com\/espanol\/wp-json\/wp\/v2\/media\/865"}],"wp:attachment":[{"href":"https:\/\/enjoymiamibeach.com\/espanol\/wp-json\/wp\/v2\/media?parent=176"}],"curies":[{"name":"wp","href":"https:\/\/api.w.org\/{rel}","templated":true}]}}