{"id":173,"date":"2016-03-07T23:01:49","date_gmt":"2016-03-08T04:01:49","guid":{"rendered":"https:\/\/enjoymiamibeach.com\/espanol\/?page_id=173"},"modified":"2019-12-29T13:08:54","modified_gmt":"2019-12-29T18:08:54","slug":"shopping-malls-miami-beach","status":"publish","type":"page","link":"https:\/\/enjoymiamibeach.com\/espanol\/shopping-malls-miami-beach\/","title":{"rendered":"Shopping Malls \/ D\u00f3nde ir de compras"},"content":{"rendered":"<h3>Ya sea que est\u00e9s buscando ofertas o interesado en art\u00edculos de lujo, Miami tiene una opci\u00f3n para ti.<\/h3>\n<p><img loading=\"lazy\" class=\"aligncenter size-large wp-image-863\" src=\"https:\/\/enjoymiamibeach.com\/espanol\/wp-content\/uploads\/2016\/03\/shopping-malls-miami-beach-1024x643.jpg\" alt=\"shopping malls miami beach\" width=\"880\" height=\"553\" srcset=\"https:\/\/enjoymiamibeach.com\/espanol\/wp-content\/uploads\/2016\/03\/shopping-malls-miami-beach-1024x643.jpg 1024w, https:\/\/enjoymiamibeach.com\/espanol\/wp-content\/uploads\/2016\/03\/shopping-malls-miami-beach-300x188.jpg 300w, https:\/\/enjoymiamibeach.com\/espanol\/wp-content\/uploads\/2016\/03\/shopping-malls-miami-beach-768x482.jpg 768w, https:\/\/enjoymiamibeach.com\/espanol\/wp-content\/uploads\/2016\/03\/shopping-malls-miami-beach.jpg 2000w\" sizes=\"(max-width: 880px) 100vw, 880px\" \/><\/p>\n<p>Para hacer la lista m\u00e1s organizada, hemos dividido las opciones de compras en categor\u00edas. (El * significa que son centros al aire libre) Tambi\u00e9n, ten en cuenta que algunos de estos lugares est\u00e1n fuera de Miami.<\/p>\n<h5>Baratos<\/h5>\n<ul>\n<li><a href=\"https:\/\/enjoymiamibeach.com\/shopping-malls\/outlets\/#go-to-dolphin-info\">Dolphin Mall<\/a><\/li>\n<li><a href=\"https:\/\/enjoymiamibeach.com\/shopping-malls\/outlets\/#go-to-fl-keys-outlet-info\">Florida Keys Outlet Marketplace*<\/a><\/li>\n<li>Mall at 163rd Street<\/li>\n<li><a href=\"http:\/\/malloftheamericas.com\/\" target=\"_blank\" rel=\"noopener noreferrer\">Mall Of The Americas<\/a><\/li>\n<li><a href=\"https:\/\/enjoymiamibeach.com\/shopping-malls\/outlets\/#go-to-sawgrass-info\">Sawgrass Mills<\/a><\/li>\n<\/ul>\n<h5>Intermedio\/Promedio<\/h5>\n<ul>\n<li><a href=\"https:\/\/www.aventuramall.com\/\" target=\"_blank\" rel=\"noopener noreferrer\">Aventura Mall<\/a><\/li>\n<li><a href=\"http:\/\/www.baysidemarketplace.com\/\" target=\"_blank\" rel=\"noopener noreferrer\">Bayside Marketplace<\/a>*<\/li>\n<li><a href=\"http:\/\/www.cocowalk.net\/\" target=\"_blank\" rel=\"noopener noreferrer\">CocoWalk<\/a>*<\/li>\n<li><a href=\"http:\/\/www.simon.com\/mall\/dadeland-mall\" target=\"_blank\" rel=\"noopener noreferrer\">Dadeland Mall<\/a><\/li>\n<li><a href=\"https:\/\/enjoymiamibeach.com\/shopping-malls\/shopping-in-south-beach\/#lincoln-rd-info\">Lincoln Road Mall*<\/a><\/li>\n<li><a href=\"http:\/\/www.simon.com\/mall\/miami-international-mall\" target=\"_blank\" rel=\"noopener noreferrer\">Miami International Mall<\/a><\/li>\n<li><a href=\"http:\/\/www.shopcoralgables.com\/\" target=\"_blank\" rel=\"noopener noreferrer\">Miracle Mile<\/a>*<\/li>\n<li><a href=\"http:\/\/midtownmiamishops.com\/\" target=\"_blank\" rel=\"noopener noreferrer\">Shops at Midtown Miami<\/a>*<\/li>\n<li><a href=\"http:\/\/www.simon.com\/mall\/the-falls\/stores\" target=\"_blank\" rel=\"noopener noreferrer\">The Falls<\/a>*<\/li>\n<li><a href=\"https:\/\/www.shopsatmerrickpark.com\" target=\"_blank\" rel=\"noopener noreferrer\">Shops at Merrick Park<\/a>*<\/li>\n<li><a href=\"http:\/\/www.shopsunsetplace.com\/\" target=\"_blank\" rel=\"noopener noreferrer\">The Shops at Sunset Place<\/a>*<\/li>\n<\/ul>\n<h5>Marcas de lujo<\/h5>\n<ul>\n<li><a href=\"https:\/\/www.balharbourshops.com\/\" target=\"_blank\" rel=\"noopener noreferrer\">Bal Harbor<\/a><\/li>\n<li><a href=\"http:\/\/brickellcitycentre.com\/\" target=\"_blank\" rel=\"noopener noreferrer\">Brickell City Centre<\/a><\/li>\n<li><a href=\"http:\/\/www.miamidesigndistrict.net\/\" target=\"_blank\" rel=\"noopener noreferrer\">Design District<\/a>*<\/li>\n<\/ul>\n<hr \/>\n<h5>Ve las <a href=\"https:\/\/enjoymiamibeach.com\/espanol\/shopping-malls-miami-beach\/compras-en-south-beach-miami\/\" target=\"_blank\" rel=\"noopener noreferrer\">opciones de compras que tienes en South Beach<\/a>.<\/h5>\n<h5>\u00bfQuieres comprar electr\u00f3nicos? <a href=\"https:\/\/enjoymiamibeach.com\/espanol\/shopping-malls-miami-beach\/where-to-buy-electronics-in-miami\/\" target=\"_blank\" rel=\"noopener noreferrer\">Aqu\u00ed hay informaci\u00f3n \u00fatil<\/a>.<\/h5>\n","protected":false},"excerpt":{"rendered":"<p>Ya sea que est\u00e9s buscando ofertas o interesado en art\u00edculos de lujo, Miami tiene una opci\u00f3n para ti. Para hacer la lista m\u00e1s organizada, hemos dividido las opciones de compras en categor\u00edas. (El * significa que son centros al aire libre) Tambi\u00e9n, ten en cuenta <a class=\"more-link\" href=\"https:\/\/enjoymiamibeach.com\/espanol\/shopping-malls-miami-beach\/\">Read More &#8230;<\/a><\/p>\n","protected":false},"author":2,"featured_media":863,"parent":0,"menu_order":0,"comment_status":"closed","ping_status":"closed","template":"","meta":[],"yoast_head":"<!-- This site is optimized with the Yoast SEO plugin v18.8 - https:\/\/yoast.com\/wordpress\/plugins\/seo\/ -->\n<title>Shopping Malls \/ D\u00f3nde ir de compras - ENJOY MIAMI BEACH<\/title>\n<meta name=\"robots\" content=\"index, follow, max-snippet:-1, max-image-preview:large, max-video-preview:-1\" \/>\n<link rel=\"canonical\" href=\"https:\/\/enjoymiamibeach.com\/espanol\/shopping-malls-miami-beach\/\" \/>\n<meta property=\"og:locale\" content=\"es_ES\" \/>\n<meta property=\"og:type\" content=\"article\" \/>\n<meta property=\"og:title\" content=\"Shopping Malls \/ D\u00f3nde ir de compras - ENJOY MIAMI BEACH\" \/>\n<meta property=\"og:description\" content=\"Ya sea que est\u00e9s buscando ofertas o interesado en art\u00edculos de lujo, Miami tiene una opci\u00f3n para ti. Para hacer la lista m\u00e1s organizada, hemos dividido las opciones de compras en categor\u00edas. (El * significa que son centros al aire libre) Tambi\u00e9n, ten en cuenta Read More ...\" \/>\n<meta property=\"og:url\" content=\"https:\/\/enjoymiamibeach.com\/espanol\/shopping-malls-miami-beach\/\" \/>\n<meta property=\"og:site_name\" content=\"ENJOY MIAMI BEACH\" \/>\n<meta property=\"article:modified_time\" content=\"2019-12-29T18:08:54+00:00\" \/>\n<meta property=\"og:image\" content=\"https:\/\/enjoymiamibeach.com\/espanol\/wp-content\/uploads\/2016\/03\/shopping-malls-miami-beach.jpg\" \/>\n\t<meta property=\"og:image:width\" content=\"2000\" \/>\n\t<meta property=\"og:image:height\" content=\"1256\" \/>\n\t<meta property=\"og:image:type\" content=\"image\/jpeg\" \/>\n<meta name=\"twitter:card\" content=\"summary\" \/>\n<meta name=\"twitter:label1\" content=\"Tiempo de lectura\" \/>\n\t<meta name=\"twitter:data1\" content=\"1 minuto\" \/>\n<script type=\"application\/ld+json\" class=\"yoast-schema-graph\">{\"@context\":\"https:\/\/schema.org\",\"@graph\":[{\"@type\":\"WebSite\",\"@id\":\"https:\/\/enjoymiamibeach.com\/espanol\/#website\",\"url\":\"https:\/\/enjoymiamibeach.com\/espanol\/\",\"name\":\"ENJOY MIAMI BEACH\",\"description\":\"Miami Beach informaci\u00f3n para el turista - precios de taxi - Ocean DR - Lincoln RD\",\"potentialAction\":[{\"@type\":\"SearchAction\",\"target\":{\"@type\":\"EntryPoint\",\"urlTemplate\":\"https:\/\/enjoymiamibeach.com\/espanol\/?s={search_term_string}\"},\"query-input\":\"required name=search_term_string\"}],\"inLanguage\":\"es\"},{\"@type\":\"ImageObject\",\"inLanguage\":\"es\",\"@id\":\"https:\/\/enjoymiamibeach.com\/espanol\/shopping-malls-miami-beach\/#primaryimage\",\"url\":\"https:\/\/enjoymiamibeach.com\/espanol\/wp-content\/uploads\/2016\/03\/shopping-malls-miami-beach.jpg\",\"contentUrl\":\"https:\/\/enjoymiamibeach.com\/espanol\/wp-content\/uploads\/2016\/03\/shopping-malls-miami-beach.jpg\",\"width\":2000,\"height\":1256,\"caption\":\"shopping malls miami beach\"},{\"@type\":\"WebPage\",\"@id\":\"https:\/\/enjoymiamibeach.com\/espanol\/shopping-malls-miami-beach\/#webpage\",\"url\":\"https:\/\/enjoymiamibeach.com\/espanol\/shopping-malls-miami-beach\/\",\"name\":\"Shopping Malls \/ D\u00f3nde ir de compras - ENJOY MIAMI BEACH\",\"isPartOf\":{\"@id\":\"https:\/\/enjoymiamibeach.com\/espanol\/#website\"},\"primaryImageOfPage\":{\"@id\":\"https:\/\/enjoymiamibeach.com\/espanol\/shopping-malls-miami-beach\/#primaryimage\"},\"datePublished\":\"2016-03-08T04:01:49+00:00\",\"dateModified\":\"2019-12-29T18:08:54+00:00\",\"breadcrumb\":{\"@id\":\"https:\/\/enjoymiamibeach.com\/espanol\/shopping-malls-miami-beach\/#breadcrumb\"},\"inLanguage\":\"es\",\"potentialAction\":[{\"@type\":\"ReadAction\",\"target\":[\"https:\/\/enjoymiamibeach.com\/espanol\/shopping-malls-miami-beach\/\"]}]},{\"@type\":\"BreadcrumbList\",\"@id\":\"https:\/\/enjoymiamibeach.com\/espanol\/shopping-malls-miami-beach\/#breadcrumb\",\"itemListElement\":[{\"@type\":\"ListItem\",\"position\":1,\"name\":\"Home\",\"item\":\"https:\/\/enjoymiamibeach.com\/espanol\/\"},{\"@type\":\"ListItem\",\"position\":2,\"name\":\"Shopping Malls \/ D\u00f3nde ir de compras\"}]}]}<\/script>\n<!-- \/ Yoast SEO plugin. -->","yoast_head_json":{"title":"Shopping Malls \/ D\u00f3nde ir de compras - ENJOY MIAMI BEACH","robots":{"index":"index","follow":"follow","max-snippet":"max-snippet:-1","max-image-preview":"max-image-preview:large","max-video-preview":"max-video-preview:-1"},"canonical":"https:\/\/enjoymiamibeach.com\/espanol\/shopping-malls-miami-beach\/","og_locale":"es_ES","og_type":"article","og_title":"Shopping Malls \/ D\u00f3nde ir de compras - ENJOY MIAMI BEACH","og_description":"Ya sea que est\u00e9s buscando ofertas o interesado en art\u00edculos de lujo, Miami tiene una opci\u00f3n para ti. Para hacer la lista m\u00e1s organizada, hemos dividido las opciones de compras en categor\u00edas. (El * significa que son centros al aire libre) Tambi\u00e9n, ten en cuenta Read More ...","og_url":"https:\/\/enjoymiamibeach.com\/espanol\/shopping-malls-miami-beach\/","og_site_name":"ENJOY MIAMI BEACH","article_modified_time":"2019-12-29T18:08:54+00:00","og_image":[{"width":2000,"height":1256,"url":"https:\/\/enjoymiamibeach.com\/espanol\/wp-content\/uploads\/2016\/03\/shopping-malls-miami-beach.jpg","type":"image\/jpeg"}],"twitter_card":"summary","twitter_misc":{"Tiempo de lectura":"1 minuto"},"schema":{"@context":"https:\/\/schema.org","@graph":[{"@type":"WebSite","@id":"https:\/\/enjoymiamibeach.com\/espanol\/#website","url":"https:\/\/enjoymiamibeach.com\/espanol\/","name":"ENJOY MIAMI BEACH","description":"Miami Beach informaci\u00f3n para el turista - precios de taxi - Ocean DR - Lincoln RD","potentialAction":[{"@type":"SearchAction","target":{"@type":"EntryPoint","urlTemplate":"https:\/\/enjoymiamibeach.com\/espanol\/?s={search_term_string}"},"query-input":"required name=search_term_string"}],"inLanguage":"es"},{"@type":"ImageObject","inLanguage":"es","@id":"https:\/\/enjoymiamibeach.com\/espanol\/shopping-malls-miami-beach\/#primaryimage","url":"https:\/\/enjoymiamibeach.com\/espanol\/wp-content\/uploads\/2016\/03\/shopping-malls-miami-beach.jpg","contentUrl":"https:\/\/enjoymiamibeach.com\/espanol\/wp-content\/uploads\/2016\/03\/shopping-malls-miami-beach.jpg","width":2000,"height":1256,"caption":"shopping malls miami beach"},{"@type":"WebPage","@id":"https:\/\/enjoymiamibeach.com\/espanol\/shopping-malls-miami-beach\/#webpage","url":"https:\/\/enjoymiamibeach.com\/espanol\/shopping-malls-miami-beach\/","name":"Shopping Malls \/ D\u00f3nde ir de compras - ENJOY MIAMI BEACH","isPartOf":{"@id":"https:\/\/enjoymiamibeach.com\/espanol\/#website"},"primaryImageOfPage":{"@id":"https:\/\/enjoymiamibeach.com\/espanol\/shopping-malls-miami-beach\/#primaryimage"},"datePublished":"2016-03-08T04:01:49+00:00","dateModified":"2019-12-29T18:08:54+00:00","breadcrumb":{"@id":"https:\/\/enjoymiamibeach.com\/espanol\/shopping-malls-miami-beach\/#breadcrumb"},"inLanguage":"es","potentialAction":[{"@type":"ReadAction","target":["https:\/\/enjoymiamibeach.com\/espanol\/shopping-malls-miami-beach\/"]}]},{"@type":"BreadcrumbList","@id":"https:\/\/enjoymiamibeach.com\/espanol\/shopping-malls-miami-beach\/#breadcrumb","itemListElement":[{"@type":"ListItem","position":1,"name":"Home","item":"https:\/\/enjoymiamibeach.com\/espanol\/"},{"@type":"ListItem","position":2,"name":"Shopping Malls \/ D\u00f3nde ir de compras"}]}]}},"_links":{"self":[{"href":"https:\/\/enjoymiamibeach.com\/espanol\/wp-json\/wp\/v2\/pages\/173"}],"collection":[{"href":"https:\/\/enjoymiamibeach.com\/espanol\/wp-json\/wp\/v2\/pages"}],"about":[{"href":"https:\/\/enjoymiamibeach.com\/espanol\/wp-json\/wp\/v2\/types\/page"}],"author":[{"embeddable":true,"href":"https:\/\/enjoymiamibeach.com\/espanol\/wp-json\/wp\/v2\/users\/2"}],"replies":[{"embeddable":true,"href":"https:\/\/enjoymiamibeach.com\/espanol\/wp-json\/wp\/v2\/comments?post=173"}],"version-history":[{"count":17,"href":"https:\/\/enjoymiamibeach.com\/espanol\/wp-json\/wp\/v2\/pages\/173\/revisions"}],"predecessor-version":[{"id":1415,"href":"https:\/\/enjoymiamibeach.com\/espanol\/wp-json\/wp\/v2\/pages\/173\/revisions\/1415"}],"wp:featuredmedia":[{"embeddable":true,"href":"https:\/\/enjoymiamibeach.com\/espanol\/wp-json\/wp\/v2\/media\/863"}],"wp:attachment":[{"href":"https:\/\/enjoymiamibeach.com\/espanol\/wp-json\/wp\/v2\/media?parent=173"}],"curies":[{"name":"wp","href":"https:\/\/api.w.org\/{rel}","templated":true}]}}