{"id":17,"date":"2016-03-03T20:16:41","date_gmt":"2016-03-03T20:16:41","guid":{"rendered":"https:\/\/enjoymiamibeach.com\/espanol\/?page_id=17"},"modified":"2019-12-26T13:40:34","modified_gmt":"2019-12-26T18:40:34","slug":"parking","status":"publish","type":"page","link":"https:\/\/enjoymiamibeach.com\/espanol\/parking\/","title":{"rendered":"Estacionamiento \/ Parqueo"},"content":{"rendered":"<h6>[Ir a <a href=\"https:\/\/enjoymiamibeach.com\/espanol\/parking\/#parkingmeterrates\">precios de los parkimetros<\/a>.]<\/h6>\n<h4>Cosas que debes saber antes de estacionar en Miami Beach:<\/h4>\n<ul>\n<li>Todos los lugares para estacionar son pagos. La mayor\u00eda de las calles tienen una o dos m\u00e1quinas donde puedes pagar para parquear. (Mira este video para aprender c\u00f3mo usarlos)<\/li>\n<\/ul>\n<ul>\n<li>Si est\u00e1s en una calle y no ves medidores o una m\u00e1quina para pagar, lo m\u00e1s probable es que est\u00e9s en un \u00e1rea residencial y no puedas estacionar all\u00ed a menos que tengas un sticker especial.<\/li>\n<\/ul>\n<ul>\n<li>Los estacionamientos (parqueos \/ playas de estacionamiento) tambi\u00e9n tienen medidores o m\u00e1quinas para pagar.<\/li>\n<\/ul>\n<ul>\n<li>A diferencia del estacionamiento en la calle y de los parqueos abiertos \/ playas de estacionamiento, donde debes pagar por adelantado, si estacionas en un garaje, pagar\u00e1s al final de tu estad\u00eda. Es decir, cuando ingreses al garaje recibir\u00e1s un boleto. Ll\u00e9valo contigo (pero ponlo en un lugar seguro; si lo pierdes, puede ser un problema) Una vez que est\u00e9s listo para partir, insertar\u00e1s tu boleto en una m\u00e1quina ubicada cerca de las entradas y salidas del garaje y te dir\u00e1n cu\u00e1nto debes. Adem\u00e1s, estacionar en garajes es m\u00e1s barato que en la calle o en playas de estacionamiento.<\/li>\n<\/ul>\n<ul>\n<li>If you have internet access on your smart phone, you can download <a href=\"http:\/\/us.parkmobile.com\/\" target=\"_blank\" rel=\"noopener noreferrer\">ParkMobile<\/a>, a free app that lets you pay and extend your parking stay from wherever you are using your credit card. Plus, the app will send you a text message when your parking session is about to expire.<\/li>\n<\/ul>\n<ul>\n<li>Street parking is free from 3am to 9am.<\/li>\n<\/ul>\n<ul>\n<li>Parking is enforced every day (yes, that means Sundays and holidays too)<\/li>\n<\/ul>\n<ul>\n<li>You must always park head on.<\/li>\n<\/ul>\n<ul>\n<li>You can park anywhere on the street as long as the curb is not painted.<\/li>\n<\/ul>\n<ul>\n<li>If you forget to pay and are parked properly (not in a restricted or forbidden area) you&#8217;ll get a ticket. Don&#8217;t worry, you WON&#8217;T GET TOWED.<\/li>\n<\/ul>\n<ul>\n<li>If you get towed&#8230; <a href=\"https:\/\/enjoymiamibeach.com\/espanol\/getting-towed-in-miami-beach-south-beach\/\" target=\"_blank\" rel=\"noopener noreferrer\">Here&#8217;s what you need to know<\/a>.<\/li>\n<\/ul>\n<p><iframe loading=\"lazy\" src=\"https:\/\/www.google.com\/maps\/d\/embed?mid=17q09fdjuDEwPLSWZNSBfthMuBHM\" width=\"640\" height=\"480\"><\/iframe><\/p>\n<hr \/>\n<h4 id=\"parkingmeterrates\">Parking meter rates:<\/h4>\n<h5>South of 23rd Street (South Beach):<\/h5>\n<p>Street parking anywhere south of 23rd Street is $4 per hour.<\/p>\n<p>Parking lots anywhere south of 23rd Street are $2 per hour.<\/p>\n<p>Hours:\u00a09:00 a.m. to 3:00 a.m.\u00a0Seven days per week.<\/p>\n<h5>East Middle Beach Zone:<\/h5>\n<p>All metered parking from 23 Street to 44\u00a0Street; and from Collins Avenue to Indian Creek is $3 per hour for street parking and $2 per hour for parking lots.<\/p>\n<p>Hours:\u00a09:00 a.m. to 3:00 a.m.\u00a0Seven days per week.<\/p>\n<h5>West Middle Beach Zone:<\/h5>\n<p>All metered parking north of 23 Street and south of 63\u00a0Street (except for the East Middle Beach Zone) is $1 per hour both, on the street and in parking lots.<\/p>\n<p>Hours:\u00a0\u00a08:00 a.m. to 6:00 p.m.\u00a0Seven days per week.<\/p>\n<h5>North Beach Zone:<\/h5>\n<p>All metered parking north of 63 Street is $1 per hour both, on the street and in parking lots.<\/p>\n<p>Hours:\u00a0\u00a08:00 a.m. to 6:00 p.m.\u00a0Seven days per week.<\/p>\n<hr \/>\n<p>For\u00a0garage\u00a0fees\u00a0click\u00a0<a href=\"http:\/\/web.miamibeachfl.gov\/WorkArea\/showcontent.aspx?id=85466\">HERE.<\/a><\/p>\n","protected":false},"excerpt":{"rendered":"<p>[Ir a precios de los parkimetros.] Cosas que debes saber antes de estacionar en Miami Beach: Todos los lugares para estacionar son pagos. La mayor\u00eda de las calles tienen una o dos m\u00e1quinas donde puedes pagar para parquear. (Mira este video para aprender c\u00f3mo usarlos) <a class=\"more-link\" href=\"https:\/\/enjoymiamibeach.com\/espanol\/parking\/\">Read More &#8230;<\/a><\/p>\n","protected":false},"author":1,"featured_media":0,"parent":0,"menu_order":0,"comment_status":"closed","ping_status":"closed","template":"","meta":[],"yoast_head":"<!-- This site is optimized with the Yoast SEO plugin v18.8 - https:\/\/yoast.com\/wordpress\/plugins\/seo\/ -->\n<title>Estacionamiento \/ Parqueo - ENJOY MIAMI BEACH<\/title>\n<meta name=\"robots\" content=\"index, follow, max-snippet:-1, max-image-preview:large, max-video-preview:-1\" \/>\n<link rel=\"canonical\" href=\"https:\/\/enjoymiamibeach.com\/espanol\/parking\/\" \/>\n<meta property=\"og:locale\" content=\"es_ES\" \/>\n<meta property=\"og:type\" content=\"article\" \/>\n<meta property=\"og:title\" content=\"Estacionamiento \/ Parqueo - ENJOY MIAMI BEACH\" \/>\n<meta property=\"og:description\" content=\"[Ir a precios de los parkimetros.] Cosas que debes saber antes de estacionar en Miami Beach: Todos los lugares para estacionar son pagos. La mayor\u00eda de las calles tienen una o dos m\u00e1quinas donde puedes pagar para parquear. (Mira este video para aprender c\u00f3mo usarlos) Read More ...\" \/>\n<meta property=\"og:url\" content=\"https:\/\/enjoymiamibeach.com\/espanol\/parking\/\" \/>\n<meta property=\"og:site_name\" content=\"ENJOY MIAMI BEACH\" \/>\n<meta property=\"article:modified_time\" content=\"2019-12-26T18:40:34+00:00\" \/>\n<meta name=\"twitter:card\" content=\"summary\" \/>\n<meta name=\"twitter:label1\" content=\"Tiempo de lectura\" \/>\n\t<meta name=\"twitter:data1\" content=\"2 minutos\" \/>\n<script type=\"application\/ld+json\" class=\"yoast-schema-graph\">{\"@context\":\"https:\/\/schema.org\",\"@graph\":[{\"@type\":\"WebSite\",\"@id\":\"https:\/\/enjoymiamibeach.com\/espanol\/#website\",\"url\":\"https:\/\/enjoymiamibeach.com\/espanol\/\",\"name\":\"ENJOY MIAMI BEACH\",\"description\":\"Miami Beach informaci\u00f3n para el turista - precios de taxi - Ocean DR - Lincoln RD\",\"potentialAction\":[{\"@type\":\"SearchAction\",\"target\":{\"@type\":\"EntryPoint\",\"urlTemplate\":\"https:\/\/enjoymiamibeach.com\/espanol\/?s={search_term_string}\"},\"query-input\":\"required name=search_term_string\"}],\"inLanguage\":\"es\"},{\"@type\":\"WebPage\",\"@id\":\"https:\/\/enjoymiamibeach.com\/espanol\/parking\/#webpage\",\"url\":\"https:\/\/enjoymiamibeach.com\/espanol\/parking\/\",\"name\":\"Estacionamiento \/ Parqueo - ENJOY MIAMI BEACH\",\"isPartOf\":{\"@id\":\"https:\/\/enjoymiamibeach.com\/espanol\/#website\"},\"datePublished\":\"2016-03-03T20:16:41+00:00\",\"dateModified\":\"2019-12-26T18:40:34+00:00\",\"breadcrumb\":{\"@id\":\"https:\/\/enjoymiamibeach.com\/espanol\/parking\/#breadcrumb\"},\"inLanguage\":\"es\",\"potentialAction\":[{\"@type\":\"ReadAction\",\"target\":[\"https:\/\/enjoymiamibeach.com\/espanol\/parking\/\"]}]},{\"@type\":\"BreadcrumbList\",\"@id\":\"https:\/\/enjoymiamibeach.com\/espanol\/parking\/#breadcrumb\",\"itemListElement\":[{\"@type\":\"ListItem\",\"position\":1,\"name\":\"Home\",\"item\":\"https:\/\/enjoymiamibeach.com\/espanol\/\"},{\"@type\":\"ListItem\",\"position\":2,\"name\":\"Estacionamiento \/ Parqueo\"}]}]}<\/script>\n<!-- \/ Yoast SEO plugin. -->","yoast_head_json":{"title":"Estacionamiento \/ Parqueo - ENJOY MIAMI BEACH","robots":{"index":"index","follow":"follow","max-snippet":"max-snippet:-1","max-image-preview":"max-image-preview:large","max-video-preview":"max-video-preview:-1"},"canonical":"https:\/\/enjoymiamibeach.com\/espanol\/parking\/","og_locale":"es_ES","og_type":"article","og_title":"Estacionamiento \/ Parqueo - ENJOY MIAMI BEACH","og_description":"[Ir a precios de los parkimetros.] Cosas que debes saber antes de estacionar en Miami Beach: Todos los lugares para estacionar son pagos. La mayor\u00eda de las calles tienen una o dos m\u00e1quinas donde puedes pagar para parquear. (Mira este video para aprender c\u00f3mo usarlos) Read More ...","og_url":"https:\/\/enjoymiamibeach.com\/espanol\/parking\/","og_site_name":"ENJOY MIAMI BEACH","article_modified_time":"2019-12-26T18:40:34+00:00","twitter_card":"summary","twitter_misc":{"Tiempo de lectura":"2 minutos"},"schema":{"@context":"https:\/\/schema.org","@graph":[{"@type":"WebSite","@id":"https:\/\/enjoymiamibeach.com\/espanol\/#website","url":"https:\/\/enjoymiamibeach.com\/espanol\/","name":"ENJOY MIAMI BEACH","description":"Miami Beach informaci\u00f3n para el turista - precios de taxi - Ocean DR - Lincoln RD","potentialAction":[{"@type":"SearchAction","target":{"@type":"EntryPoint","urlTemplate":"https:\/\/enjoymiamibeach.com\/espanol\/?s={search_term_string}"},"query-input":"required name=search_term_string"}],"inLanguage":"es"},{"@type":"WebPage","@id":"https:\/\/enjoymiamibeach.com\/espanol\/parking\/#webpage","url":"https:\/\/enjoymiamibeach.com\/espanol\/parking\/","name":"Estacionamiento \/ Parqueo - ENJOY MIAMI BEACH","isPartOf":{"@id":"https:\/\/enjoymiamibeach.com\/espanol\/#website"},"datePublished":"2016-03-03T20:16:41+00:00","dateModified":"2019-12-26T18:40:34+00:00","breadcrumb":{"@id":"https:\/\/enjoymiamibeach.com\/espanol\/parking\/#breadcrumb"},"inLanguage":"es","potentialAction":[{"@type":"ReadAction","target":["https:\/\/enjoymiamibeach.com\/espanol\/parking\/"]}]},{"@type":"BreadcrumbList","@id":"https:\/\/enjoymiamibeach.com\/espanol\/parking\/#breadcrumb","itemListElement":[{"@type":"ListItem","position":1,"name":"Home","item":"https:\/\/enjoymiamibeach.com\/espanol\/"},{"@type":"ListItem","position":2,"name":"Estacionamiento \/ Parqueo"}]}]}},"_links":{"self":[{"href":"https:\/\/enjoymiamibeach.com\/espanol\/wp-json\/wp\/v2\/pages\/17"}],"collection":[{"href":"https:\/\/enjoymiamibeach.com\/espanol\/wp-json\/wp\/v2\/pages"}],"about":[{"href":"https:\/\/enjoymiamibeach.com\/espanol\/wp-json\/wp\/v2\/types\/page"}],"author":[{"embeddable":true,"href":"https:\/\/enjoymiamibeach.com\/espanol\/wp-json\/wp\/v2\/users\/1"}],"replies":[{"embeddable":true,"href":"https:\/\/enjoymiamibeach.com\/espanol\/wp-json\/wp\/v2\/comments?post=17"}],"version-history":[{"count":17,"href":"https:\/\/enjoymiamibeach.com\/espanol\/wp-json\/wp\/v2\/pages\/17\/revisions"}],"predecessor-version":[{"id":1396,"href":"https:\/\/enjoymiamibeach.com\/espanol\/wp-json\/wp\/v2\/pages\/17\/revisions\/1396"}],"wp:attachment":[{"href":"https:\/\/enjoymiamibeach.com\/espanol\/wp-json\/wp\/v2\/media?parent=17"}],"curies":[{"name":"wp","href":"https:\/\/api.w.org\/{rel}","templated":true}]}}