{"id":14,"date":"2016-03-03T20:02:47","date_gmt":"2016-03-03T20:02:47","guid":{"rendered":"https:\/\/enjoymiamibeach.com\/espanol\/?page_id=14"},"modified":"2020-01-19T08:12:05","modified_gmt":"2020-01-19T13:12:05","slug":"outdoors","status":"publish","type":"page","link":"https:\/\/enjoymiamibeach.com\/espanol\/outdoors\/","title":{"rendered":"Parques\/Gimnasios"},"content":{"rendered":"<h4>Con nuestro clima incre\u00edble, \u00bfqui\u00e9n no querr\u00eda pasar todo el d\u00eda al aire libre? Aqu\u00ed hay una lista de nuestros parques, playas y espacios abiertos.<\/h4>\n<h6>* \u00bfInteresado en hacer ejercicio? Tambi\u00e9n hicimos una lista de nuestros gimnasios favoritos (haz <a href=\"https:\/\/enjoymiamibeach.com\/espanol\/outdoors\/#gyms\">click aqu\u00ed<\/a>&nbsp;para saltar directamente a la lista)<\/h6>\n<h5>Parques en South Beach:<\/h5>\n<ul>\n<li>Lummus Park: este parque se extiende desde las calles 5 a 15 a lo largo de Ocean Drive. Es un gran lugar para hacer ejercicio (tiene equipos de entrenamiento), trotar, andar en bicicleta o patines, o simplemente pasear. Adem\u00e1s, cuenta con canchas de voleibol de playa y un \u00e1rea de juegos para los ni\u00f1os.<\/li>\n<li>South Pointe Park: ve hasta el final de South Beach (1 Washington Ave) y lo encontrar\u00e1s. Este parque es hermoso. Renovado en 2009, tiene una atm\u00f3sfera relajada. Rec\u00f3rrelo o acu\u00e9state a tomar sol en el c\u00e9sped. Trae bocadillos para hacer un picnic. Contempla las vistas de la Bah\u00eda Biscayne, la Isla Fisher y el Downton. Mira los cruceros partir desde el puerto de Miami. Si tienes ni\u00f1os, les encantar\u00e1: el parque tiene una peque\u00f1a \u00e1rea con juegos (incluidos chorritos de agua) donde podr\u00e1n divertirse.<\/li>\n<li><a href=\"https:\/\/enjoymiamibeach.com\/espanol\/outdoors\/flamingo-park\/\" target=\"_blank\" rel=\"noopener noreferrer\">Flamingo Park<\/a>: (1200 Michigan Avenue) Este parque es utilizado principalmente por los vecinos del \u00e1rea. Sin embargo, creemos que tiene un poco para todos. <a href=\"https:\/\/enjoymiamibeach.com\/espanol\/outdoors\/flamingo-park\/\" target=\"_blank\" rel=\"noopener noreferrer\">Aqu\u00ed hay m\u00e1s informaci\u00f3n<\/a>.<\/li>\n<li>Maurice Gibb Memorial Park: (18th St y Purdy Avenue) Este parquecito es un buen lugar para pasar un rato tranquilo o llevar a tus hijos a los juegos. Est\u00e1 justo en la bah\u00eda, por lo que puedes sentarte junto al agua para leer o comer en una de las mesas de picnic. Adem\u00e1s, este es un buen lugar para ver la puesta de sol (despu\u00e9s, puedes salir a Purdy Ave y tomar algo o cenar)<\/li>\n<\/ul>\n<p><iframe loading=\"lazy\" src=\"https:\/\/www.google.com\/maps\/d\/embed?mid=1gZZZ6ftSUJMK1EQS76ukzlCRIko\" width=\"640\" height=\"480\"><\/iframe><\/p>\n<hr>\n<h5><\/h5>\n<h5 id=\"gyms\">Gimnasios en South Beach:<\/h5>\n<ul>\n<li>Crunch &#8211; Washington Ave: <span class=\"_Xbe\">1259 Washington Ave, Miami Beach, FL 33139<\/span> &#8211; <span class=\"_Xbe kno-fv\"><a class=\"fl r-iHM49WJD0p9k\" title=\"Call via Hangouts\" data-number=\"+13056748222\" data-pstn-out-call-url=\"\" data-rtid=\"iHM49WJD0p9k\" data-ved=\"0ahUKEwj98qjt0N3NAhVExWMKHS5AAXoQkAgIFTAE\">(305) 674-8222<\/a><\/span><\/li>\n<li>Crunch &#8211; Alton Rd: <span class=\"_Xbe\">1676 Alton Rd, Miami Beach, FL 33139<\/span> &#8211; <span class=\"_Xbe kno-fv\"><a class=\"fl r-iNViROQv2l2A\" title=\"Call via Hangouts\" data-number=\"+13055314743\" data-pstn-out-call-url=\"\" data-rtid=\"iNViROQv2l2A\" data-ved=\"0ahUKEwjB4MKV0d3NAhVV7mMKHd56CzYQkAgIFTAE\">(305) 531-4743<\/a><\/span><\/li>\n<li>Equinox South Beach: <span class=\"_Xbe\">520 Collins Ave, Miami Beach, FL 33139<\/span> &#8211; <span class=\"_Xbe kno-fv\"><a class=\"fl r-ivEmuCBN7OJM\" title=\"Call via Hangouts\" data-number=\"+13056731172\" data-pstn-out-call-url=\"\" data-rtid=\"ivEmuCBN7OJM\" data-ved=\"0ahUKEwi3qKa10d3NAhUEx2MKHZypACQQkAgIFTAE\">(305) 673-1172<\/a><\/span><\/li>\n<li>PAL GYM Miami Beach: <span class=\"_Xbe\">999 11th St, Miami Beach, FL 33139<\/span> &#8211; <span class=\"_Xbe kno-fv\"><a class=\"fl r-i7KlrIFiSXVo\" title=\"Call via Hangouts\" data-number=\"+13055315636\" data-pstn-out-call-url=\"\" data-rtid=\"i7KlrIFiSXVo\" data-ved=\"0ahUKEwjA08LX0d3NAhUNxmMKHfKoAiMQkAgIFTAE\">(305) 531-5636 ext. 22<\/a><\/span><\/li>\n<li>Anatomy at 1220: <span class=\"_Xbe\">1220 20th St, Miami Beach, FL 33139 &#8211; <span class=\"_Xbe kno-fv\"><a class=\"fl r-igG9t9R_7j_Y\" title=\"Call via Hangouts\" data-number=\"+17862131220\" data-pstn-out-call-url=\"\" data-rtid=\"igG9t9R_7j_Y\" data-ved=\"0ahUKEwjs0Pj90d3NAhVMyWMKHRH7D4EQkAgIFTAE\">(786) 213-1220<\/a><\/span><\/span><\/li>\n<li>Barry&#8217;s Bootcamp:&nbsp;<span class=\"_Xbe\">1835 Purdy Ave, Miami Beach, FL 33139<\/span> &#8211; <span class=\"_Xbe kno-fv\"><a class=\"fl r-i7BoReiDaM_k\" title=\"Call via Hangouts\" data-number=\"+17868881699\" data-pstn-out-call-url=\"\" data-rtid=\"i7BoReiDaM_k\" data-ved=\"0ahUKEwiSxMCW0t3NAhVM6mMKHbzcBZkQkAgIDjAD\">(786) 888-1699<\/a><\/span><\/li>\n<\/ul>\n<p><iframe loading=\"lazy\" src=\"https:\/\/www.google.com\/maps\/d\/embed?mid=1DxTuwL3Tig_DJ-RIDd_0pi5sJho\" width=\"640\" height=\"480\"><\/iframe><\/p>\n","protected":false},"excerpt":{"rendered":"<p>Con nuestro clima incre\u00edble, \u00bfqui\u00e9n no querr\u00eda pasar todo el d\u00eda al aire libre? Aqu\u00ed hay una lista de nuestros parques, playas y espacios abiertos. * \u00bfInteresado en hacer ejercicio? Tambi\u00e9n hicimos una lista de nuestros gimnasios favoritos (haz click aqu\u00ed&nbsp;para saltar directamente a la <a class=\"more-link\" href=\"https:\/\/enjoymiamibeach.com\/espanol\/outdoors\/\">Read More &#8230;<\/a><\/p>\n","protected":false},"author":1,"featured_media":0,"parent":0,"menu_order":0,"comment_status":"closed","ping_status":"closed","template":"","meta":[],"yoast_head":"<!-- This site is optimized with the Yoast SEO plugin v18.8 - https:\/\/yoast.com\/wordpress\/plugins\/seo\/ -->\n<title>Parques\/Gimnasios - ENJOY MIAMI BEACH<\/title>\n<meta name=\"robots\" content=\"index, follow, max-snippet:-1, max-image-preview:large, max-video-preview:-1\" \/>\n<link rel=\"canonical\" href=\"https:\/\/enjoymiamibeach.com\/espanol\/outdoors\/\" \/>\n<meta property=\"og:locale\" content=\"es_ES\" \/>\n<meta property=\"og:type\" content=\"article\" \/>\n<meta property=\"og:title\" content=\"Parques\/Gimnasios - ENJOY MIAMI BEACH\" \/>\n<meta property=\"og:description\" content=\"Con nuestro clima incre\u00edble, \u00bfqui\u00e9n no querr\u00eda pasar todo el d\u00eda al aire libre? Aqu\u00ed hay una lista de nuestros parques, playas y espacios abiertos. * \u00bfInteresado en hacer ejercicio? Tambi\u00e9n hicimos una lista de nuestros gimnasios favoritos (haz click aqu\u00ed&nbsp;para saltar directamente a la Read More ...\" \/>\n<meta property=\"og:url\" content=\"https:\/\/enjoymiamibeach.com\/espanol\/outdoors\/\" \/>\n<meta property=\"og:site_name\" content=\"ENJOY MIAMI BEACH\" \/>\n<meta property=\"article:modified_time\" content=\"2020-01-19T13:12:05+00:00\" \/>\n<meta name=\"twitter:card\" content=\"summary\" \/>\n<meta name=\"twitter:label1\" content=\"Tiempo de lectura\" \/>\n\t<meta name=\"twitter:data1\" content=\"2 minutos\" \/>\n<script type=\"application\/ld+json\" class=\"yoast-schema-graph\">{\"@context\":\"https:\/\/schema.org\",\"@graph\":[{\"@type\":\"WebSite\",\"@id\":\"https:\/\/enjoymiamibeach.com\/espanol\/#website\",\"url\":\"https:\/\/enjoymiamibeach.com\/espanol\/\",\"name\":\"ENJOY MIAMI BEACH\",\"description\":\"Miami Beach informaci\u00f3n para el turista - precios de taxi - Ocean DR - Lincoln RD\",\"potentialAction\":[{\"@type\":\"SearchAction\",\"target\":{\"@type\":\"EntryPoint\",\"urlTemplate\":\"https:\/\/enjoymiamibeach.com\/espanol\/?s={search_term_string}\"},\"query-input\":\"required name=search_term_string\"}],\"inLanguage\":\"es\"},{\"@type\":\"WebPage\",\"@id\":\"https:\/\/enjoymiamibeach.com\/espanol\/outdoors\/#webpage\",\"url\":\"https:\/\/enjoymiamibeach.com\/espanol\/outdoors\/\",\"name\":\"Parques\/Gimnasios - ENJOY MIAMI BEACH\",\"isPartOf\":{\"@id\":\"https:\/\/enjoymiamibeach.com\/espanol\/#website\"},\"datePublished\":\"2016-03-03T20:02:47+00:00\",\"dateModified\":\"2020-01-19T13:12:05+00:00\",\"breadcrumb\":{\"@id\":\"https:\/\/enjoymiamibeach.com\/espanol\/outdoors\/#breadcrumb\"},\"inLanguage\":\"es\",\"potentialAction\":[{\"@type\":\"ReadAction\",\"target\":[\"https:\/\/enjoymiamibeach.com\/espanol\/outdoors\/\"]}]},{\"@type\":\"BreadcrumbList\",\"@id\":\"https:\/\/enjoymiamibeach.com\/espanol\/outdoors\/#breadcrumb\",\"itemListElement\":[{\"@type\":\"ListItem\",\"position\":1,\"name\":\"Home\",\"item\":\"https:\/\/enjoymiamibeach.com\/espanol\/\"},{\"@type\":\"ListItem\",\"position\":2,\"name\":\"Parques\/Gimnasios\"}]}]}<\/script>\n<!-- \/ Yoast SEO plugin. -->","yoast_head_json":{"title":"Parques\/Gimnasios - ENJOY MIAMI BEACH","robots":{"index":"index","follow":"follow","max-snippet":"max-snippet:-1","max-image-preview":"max-image-preview:large","max-video-preview":"max-video-preview:-1"},"canonical":"https:\/\/enjoymiamibeach.com\/espanol\/outdoors\/","og_locale":"es_ES","og_type":"article","og_title":"Parques\/Gimnasios - ENJOY MIAMI BEACH","og_description":"Con nuestro clima incre\u00edble, \u00bfqui\u00e9n no querr\u00eda pasar todo el d\u00eda al aire libre? Aqu\u00ed hay una lista de nuestros parques, playas y espacios abiertos. * \u00bfInteresado en hacer ejercicio? Tambi\u00e9n hicimos una lista de nuestros gimnasios favoritos (haz click aqu\u00ed&nbsp;para saltar directamente a la Read More ...","og_url":"https:\/\/enjoymiamibeach.com\/espanol\/outdoors\/","og_site_name":"ENJOY MIAMI BEACH","article_modified_time":"2020-01-19T13:12:05+00:00","twitter_card":"summary","twitter_misc":{"Tiempo de lectura":"2 minutos"},"schema":{"@context":"https:\/\/schema.org","@graph":[{"@type":"WebSite","@id":"https:\/\/enjoymiamibeach.com\/espanol\/#website","url":"https:\/\/enjoymiamibeach.com\/espanol\/","name":"ENJOY MIAMI BEACH","description":"Miami Beach informaci\u00f3n para el turista - precios de taxi - Ocean DR - Lincoln RD","potentialAction":[{"@type":"SearchAction","target":{"@type":"EntryPoint","urlTemplate":"https:\/\/enjoymiamibeach.com\/espanol\/?s={search_term_string}"},"query-input":"required name=search_term_string"}],"inLanguage":"es"},{"@type":"WebPage","@id":"https:\/\/enjoymiamibeach.com\/espanol\/outdoors\/#webpage","url":"https:\/\/enjoymiamibeach.com\/espanol\/outdoors\/","name":"Parques\/Gimnasios - ENJOY MIAMI BEACH","isPartOf":{"@id":"https:\/\/enjoymiamibeach.com\/espanol\/#website"},"datePublished":"2016-03-03T20:02:47+00:00","dateModified":"2020-01-19T13:12:05+00:00","breadcrumb":{"@id":"https:\/\/enjoymiamibeach.com\/espanol\/outdoors\/#breadcrumb"},"inLanguage":"es","potentialAction":[{"@type":"ReadAction","target":["https:\/\/enjoymiamibeach.com\/espanol\/outdoors\/"]}]},{"@type":"BreadcrumbList","@id":"https:\/\/enjoymiamibeach.com\/espanol\/outdoors\/#breadcrumb","itemListElement":[{"@type":"ListItem","position":1,"name":"Home","item":"https:\/\/enjoymiamibeach.com\/espanol\/"},{"@type":"ListItem","position":2,"name":"Parques\/Gimnasios"}]}]}},"_links":{"self":[{"href":"https:\/\/enjoymiamibeach.com\/espanol\/wp-json\/wp\/v2\/pages\/14"}],"collection":[{"href":"https:\/\/enjoymiamibeach.com\/espanol\/wp-json\/wp\/v2\/pages"}],"about":[{"href":"https:\/\/enjoymiamibeach.com\/espanol\/wp-json\/wp\/v2\/types\/page"}],"author":[{"embeddable":true,"href":"https:\/\/enjoymiamibeach.com\/espanol\/wp-json\/wp\/v2\/users\/1"}],"replies":[{"embeddable":true,"href":"https:\/\/enjoymiamibeach.com\/espanol\/wp-json\/wp\/v2\/comments?post=14"}],"version-history":[{"count":26,"href":"https:\/\/enjoymiamibeach.com\/espanol\/wp-json\/wp\/v2\/pages\/14\/revisions"}],"predecessor-version":[{"id":1424,"href":"https:\/\/enjoymiamibeach.com\/espanol\/wp-json\/wp\/v2\/pages\/14\/revisions\/1424"}],"wp:attachment":[{"href":"https:\/\/enjoymiamibeach.com\/espanol\/wp-json\/wp\/v2\/media?parent=14"}],"curies":[{"name":"wp","href":"https:\/\/api.w.org\/{rel}","templated":true}]}}