{"id":12,"date":"2016-03-03T20:02:34","date_gmt":"2016-03-03T20:02:34","guid":{"rendered":"https:\/\/enjoymiamibeach.com\/espanol\/?page_id=12"},"modified":"2019-11-02T10:34:00","modified_gmt":"2019-11-02T15:34:00","slug":"miami-beach-tours","status":"publish","type":"page","link":"https:\/\/enjoymiamibeach.com\/espanol\/miami-beach-tours\/","title":{"rendered":"Tours"},"content":{"rendered":"<p>Esta lista incluye la mayor\u00eda de las excursiones disponibles en Miami. \u00bfHay alg\u00fan otro tour o actividad que no hayamos incluido del que quieras informaci\u00f3n? <a href=\"https:\/\/enjoymiamibeach.com\/espanol\/contact-us\/\" target=\"_blank\" rel=\"noopener noreferrer\">Env\u00edanos un mensaje<\/a>.<\/p>\n<ul>\n<li><a href=\"https:\/\/enjoymiamibeach.com\/espanol\/tours\/hop-on-hop-off-bus-miami\/\">Hop-On, Hop-Off Bus<\/a><\/li>\n<li><a href=\"https:\/\/enjoymiamibeach.com\/espanol\/miami-city-tour\/\">City Tour \/ Tour de la Ciudad<\/a><\/li>\n<li><a href=\"https:\/\/enjoymiamibeach.com\/espanol\/tours\/miami-boat-tour\/\">Tour en Bote \/ Tour de la Bahia<\/a><\/li>\n<li><a href=\"https:\/\/enjoymiamibeach.com\/espanol\/tours\/city-and-boat-tour\/\">Tour de la Ciudad y en Bote<\/a><\/li>\n<li><a href=\"https:\/\/enjoymiamibeach.com\/espanol\/tours\/everglades-tour\/\">Tour de los Everglades<\/a><\/li>\n<li><a href=\"https:\/\/enjoymiamibeach.com\/espanol\/tours\/segway-tours\/\">Tours en Segway<\/a><\/li>\n<li><a href=\"https:\/\/enjoymiamibeach.com\/espanol\/tours\/sunset-cruise-tour\/\">Tour en Bote durante el Atardecer<\/a><\/li>\n<li><a href=\"https:\/\/enjoymiamibeach.com\/espanol\/tours\/miami-to-key-west-tour\/\">Tour de Miami a Key West<\/a><\/li>\n<li><a href=\"https:\/\/enjoymiamibeach.com\/espanol\/tours\/miami-to-orlando-tour\/\">Tour de Miami a Orlando<\/a><\/li>\n<li><a href=\"https:\/\/enjoymiamibeach.com\/espanol\/tours\/miami-to-bahamas-tour\/\">Tour de Miami a Bahamas<\/a><\/li>\n<li><a href=\"https:\/\/enjoymiamibeach.com\/espanol\/tours\/duck-tours\/\">Duck Tours (veh\u00edculo anfibio)<\/a><\/li>\n<li><a href=\"https:\/\/enjoymiamibeach.com\/espanol\/tours\/speedboat-tour\/\">Tour en Lancha R\u00e1pida\u00a0<\/a><\/li>\n<li><a href=\"https:\/\/enjoymiamibeach.com\/espanol\/tours\/art-deco-walking-tour\/\">Tour a Pie por el Distrito Art Deco<\/a><\/li>\n<li><a href=\"https:\/\/enjoymiamibeach.com\/espanol\/tours\/miami-helicopter-tour\/\">Tour de Miami en Helic\u00f3ptero<\/a><\/li>\n<li><a href=\"https:\/\/enjoymiamibeach.com\/espanol\/tours\/fishing-tours\/\">Tours de Pesca<\/a><\/li>\n<\/ul>\n","protected":false},"excerpt":{"rendered":"<p>Esta lista incluye la mayor\u00eda de las excursiones disponibles en Miami. \u00bfHay alg\u00fan otro tour o actividad que no hayamos incluido del que quieras informaci\u00f3n? Env\u00edanos un mensaje. Hop-On, Hop-Off Bus City Tour \/ Tour de la Ciudad Tour en Bote \/ Tour de la <a class=\"more-link\" href=\"https:\/\/enjoymiamibeach.com\/espanol\/miami-beach-tours\/\">Read More &#8230;<\/a><\/p>\n","protected":false},"author":1,"featured_media":1037,"parent":0,"menu_order":0,"comment_status":"closed","ping_status":"closed","template":"","meta":[],"yoast_head":"<!-- This site is optimized with the Yoast SEO plugin v18.8 - https:\/\/yoast.com\/wordpress\/plugins\/seo\/ -->\n<title>Tours - ENJOY MIAMI BEACH<\/title>\n<meta name=\"robots\" content=\"index, follow, max-snippet:-1, max-image-preview:large, max-video-preview:-1\" \/>\n<link rel=\"canonical\" href=\"https:\/\/enjoymiamibeach.com\/espanol\/miami-beach-tours\/\" \/>\n<meta property=\"og:locale\" content=\"es_ES\" \/>\n<meta property=\"og:type\" content=\"article\" \/>\n<meta property=\"og:title\" content=\"Tours - ENJOY MIAMI BEACH\" \/>\n<meta property=\"og:description\" content=\"Esta lista incluye la mayor\u00eda de las excursiones disponibles en Miami. \u00bfHay alg\u00fan otro tour o actividad que no hayamos incluido del que quieras informaci\u00f3n? Env\u00edanos un mensaje. Hop-On, Hop-Off Bus City Tour \/ Tour de la Ciudad Tour en Bote \/ Tour de la Read More ...\" \/>\n<meta property=\"og:url\" content=\"https:\/\/enjoymiamibeach.com\/espanol\/miami-beach-tours\/\" \/>\n<meta property=\"og:site_name\" content=\"ENJOY MIAMI BEACH\" \/>\n<meta property=\"article:modified_time\" content=\"2019-11-02T15:34:00+00:00\" \/>\n<meta property=\"og:image\" content=\"https:\/\/enjoymiamibeach.com\/espanol\/wp-content\/uploads\/2016\/03\/miami-beach-tours.jpg\" \/>\n\t<meta property=\"og:image:width\" content=\"2000\" \/>\n\t<meta property=\"og:image:height\" content=\"1237\" \/>\n\t<meta property=\"og:image:type\" content=\"image\/jpeg\" \/>\n<meta name=\"twitter:card\" content=\"summary\" \/>\n<meta name=\"twitter:label1\" content=\"Tiempo de lectura\" \/>\n\t<meta name=\"twitter:data1\" content=\"1 minuto\" \/>\n<script type=\"application\/ld+json\" class=\"yoast-schema-graph\">{\"@context\":\"https:\/\/schema.org\",\"@graph\":[{\"@type\":\"WebSite\",\"@id\":\"https:\/\/enjoymiamibeach.com\/espanol\/#website\",\"url\":\"https:\/\/enjoymiamibeach.com\/espanol\/\",\"name\":\"ENJOY MIAMI BEACH\",\"description\":\"Miami Beach informaci\u00f3n para el turista - precios de taxi - Ocean DR - Lincoln RD\",\"potentialAction\":[{\"@type\":\"SearchAction\",\"target\":{\"@type\":\"EntryPoint\",\"urlTemplate\":\"https:\/\/enjoymiamibeach.com\/espanol\/?s={search_term_string}\"},\"query-input\":\"required name=search_term_string\"}],\"inLanguage\":\"es\"},{\"@type\":\"ImageObject\",\"inLanguage\":\"es\",\"@id\":\"https:\/\/enjoymiamibeach.com\/espanol\/miami-beach-tours\/#primaryimage\",\"url\":\"https:\/\/enjoymiamibeach.com\/espanol\/wp-content\/uploads\/2016\/03\/miami-beach-tours.jpg\",\"contentUrl\":\"https:\/\/enjoymiamibeach.com\/espanol\/wp-content\/uploads\/2016\/03\/miami-beach-tours.jpg\",\"width\":2000,\"height\":1237,\"caption\":\"Miami Beach Tours\"},{\"@type\":\"WebPage\",\"@id\":\"https:\/\/enjoymiamibeach.com\/espanol\/miami-beach-tours\/#webpage\",\"url\":\"https:\/\/enjoymiamibeach.com\/espanol\/miami-beach-tours\/\",\"name\":\"Tours - ENJOY MIAMI BEACH\",\"isPartOf\":{\"@id\":\"https:\/\/enjoymiamibeach.com\/espanol\/#website\"},\"primaryImageOfPage\":{\"@id\":\"https:\/\/enjoymiamibeach.com\/espanol\/miami-beach-tours\/#primaryimage\"},\"datePublished\":\"2016-03-03T20:02:34+00:00\",\"dateModified\":\"2019-11-02T15:34:00+00:00\",\"breadcrumb\":{\"@id\":\"https:\/\/enjoymiamibeach.com\/espanol\/miami-beach-tours\/#breadcrumb\"},\"inLanguage\":\"es\",\"potentialAction\":[{\"@type\":\"ReadAction\",\"target\":[\"https:\/\/enjoymiamibeach.com\/espanol\/miami-beach-tours\/\"]}]},{\"@type\":\"BreadcrumbList\",\"@id\":\"https:\/\/enjoymiamibeach.com\/espanol\/miami-beach-tours\/#breadcrumb\",\"itemListElement\":[{\"@type\":\"ListItem\",\"position\":1,\"name\":\"Home\",\"item\":\"https:\/\/enjoymiamibeach.com\/espanol\/\"},{\"@type\":\"ListItem\",\"position\":2,\"name\":\"Tours\"}]}]}<\/script>\n<!-- \/ Yoast SEO plugin. -->","yoast_head_json":{"title":"Tours - ENJOY MIAMI BEACH","robots":{"index":"index","follow":"follow","max-snippet":"max-snippet:-1","max-image-preview":"max-image-preview:large","max-video-preview":"max-video-preview:-1"},"canonical":"https:\/\/enjoymiamibeach.com\/espanol\/miami-beach-tours\/","og_locale":"es_ES","og_type":"article","og_title":"Tours - ENJOY MIAMI BEACH","og_description":"Esta lista incluye la mayor\u00eda de las excursiones disponibles en Miami. \u00bfHay alg\u00fan otro tour o actividad que no hayamos incluido del que quieras informaci\u00f3n? Env\u00edanos un mensaje. Hop-On, Hop-Off Bus City Tour \/ Tour de la Ciudad Tour en Bote \/ Tour de la Read More ...","og_url":"https:\/\/enjoymiamibeach.com\/espanol\/miami-beach-tours\/","og_site_name":"ENJOY MIAMI BEACH","article_modified_time":"2019-11-02T15:34:00+00:00","og_image":[{"width":2000,"height":1237,"url":"https:\/\/enjoymiamibeach.com\/espanol\/wp-content\/uploads\/2016\/03\/miami-beach-tours.jpg","type":"image\/jpeg"}],"twitter_card":"summary","twitter_misc":{"Tiempo de lectura":"1 minuto"},"schema":{"@context":"https:\/\/schema.org","@graph":[{"@type":"WebSite","@id":"https:\/\/enjoymiamibeach.com\/espanol\/#website","url":"https:\/\/enjoymiamibeach.com\/espanol\/","name":"ENJOY MIAMI BEACH","description":"Miami Beach informaci\u00f3n para el turista - precios de taxi - Ocean DR - Lincoln RD","potentialAction":[{"@type":"SearchAction","target":{"@type":"EntryPoint","urlTemplate":"https:\/\/enjoymiamibeach.com\/espanol\/?s={search_term_string}"},"query-input":"required name=search_term_string"}],"inLanguage":"es"},{"@type":"ImageObject","inLanguage":"es","@id":"https:\/\/enjoymiamibeach.com\/espanol\/miami-beach-tours\/#primaryimage","url":"https:\/\/enjoymiamibeach.com\/espanol\/wp-content\/uploads\/2016\/03\/miami-beach-tours.jpg","contentUrl":"https:\/\/enjoymiamibeach.com\/espanol\/wp-content\/uploads\/2016\/03\/miami-beach-tours.jpg","width":2000,"height":1237,"caption":"Miami Beach Tours"},{"@type":"WebPage","@id":"https:\/\/enjoymiamibeach.com\/espanol\/miami-beach-tours\/#webpage","url":"https:\/\/enjoymiamibeach.com\/espanol\/miami-beach-tours\/","name":"Tours - ENJOY MIAMI BEACH","isPartOf":{"@id":"https:\/\/enjoymiamibeach.com\/espanol\/#website"},"primaryImageOfPage":{"@id":"https:\/\/enjoymiamibeach.com\/espanol\/miami-beach-tours\/#primaryimage"},"datePublished":"2016-03-03T20:02:34+00:00","dateModified":"2019-11-02T15:34:00+00:00","breadcrumb":{"@id":"https:\/\/enjoymiamibeach.com\/espanol\/miami-beach-tours\/#breadcrumb"},"inLanguage":"es","potentialAction":[{"@type":"ReadAction","target":["https:\/\/enjoymiamibeach.com\/espanol\/miami-beach-tours\/"]}]},{"@type":"BreadcrumbList","@id":"https:\/\/enjoymiamibeach.com\/espanol\/miami-beach-tours\/#breadcrumb","itemListElement":[{"@type":"ListItem","position":1,"name":"Home","item":"https:\/\/enjoymiamibeach.com\/espanol\/"},{"@type":"ListItem","position":2,"name":"Tours"}]}]}},"_links":{"self":[{"href":"https:\/\/enjoymiamibeach.com\/espanol\/wp-json\/wp\/v2\/pages\/12"}],"collection":[{"href":"https:\/\/enjoymiamibeach.com\/espanol\/wp-json\/wp\/v2\/pages"}],"about":[{"href":"https:\/\/enjoymiamibeach.com\/espanol\/wp-json\/wp\/v2\/types\/page"}],"author":[{"embeddable":true,"href":"https:\/\/enjoymiamibeach.com\/espanol\/wp-json\/wp\/v2\/users\/1"}],"replies":[{"embeddable":true,"href":"https:\/\/enjoymiamibeach.com\/espanol\/wp-json\/wp\/v2\/comments?post=12"}],"version-history":[{"count":24,"href":"https:\/\/enjoymiamibeach.com\/espanol\/wp-json\/wp\/v2\/pages\/12\/revisions"}],"predecessor-version":[{"id":1324,"href":"https:\/\/enjoymiamibeach.com\/espanol\/wp-json\/wp\/v2\/pages\/12\/revisions\/1324"}],"wp:featuredmedia":[{"embeddable":true,"href":"https:\/\/enjoymiamibeach.com\/espanol\/wp-json\/wp\/v2\/media\/1037"}],"wp:attachment":[{"href":"https:\/\/enjoymiamibeach.com\/espanol\/wp-json\/wp\/v2\/media?parent=12"}],"curies":[{"name":"wp","href":"https:\/\/api.w.org\/{rel}","templated":true}]}}